{"id":96,"date":"2014-07-31T20:45:44","date_gmt":"2014-07-31T18:45:44","guid":{"rendered":"http:\/\/www.desercik.pl\/tribal-wars-2\/?page_id=96"},"modified":"2014-07-31T21:19:02","modified_gmt":"2014-07-31T19:19:02","slug":"wlocznik","status":"publish","type":"page","link":"https:\/\/www.desercik.pl\/tribal-wars-2\/jednostki-w-grze\/wlocznik\/","title":{"rendered":"W\u0142\u00f3cznik"},"content":{"rendered":"<p>W\u0142\u00f3cznicy to idealna jednostka na starcie zabawy, ale r\u00f3wnie\u017c niezwykle przydatna w wiekszych ilo\u015bciach podczas obrony przed kawaleri\u0105. Na pocz\u0105tku gry ju\u017c jest dost\u0119pna i nie wymaga od nas dodatkowych dzia\u0142a\u0144 opr\u00f3cz rekrutacji. Idealnie nadaje si\u0119 do pl\u0105drowania wiosek barbarzy\u0144skich, gdy\u017c w\u0142\u00f3cznik przenosi spore ilo\u015bci surowc\u00f3w, wi\u0119c ich produkcja w pierwszych dnia rozgrywki jest idealnym rozwi\u0105zaniem zanim rozwiniemy skrzyd\u0142a.<\/p>\n<table class=\"tabela\">\n<tbody>\n<tr>\n<td colspan=\"6\">\n<p><div id=\"attachment_97\" style=\"width: 318px\" class=\"wp-caption aligncenter\"><a href=\"https:\/\/www.desercik.pl\/tribal-wars-2\/wp-content\/uploads\/2014\/07\/Spearman_big.png\"><img loading=\"lazy\" decoding=\"async\" aria-describedby=\"caption-attachment-97\" class=\"wp-image-97 size-full\" title=\"W\u0142\u00f3cznik\" src=\"https:\/\/www.desercik.pl\/tribal-wars-2\/wp-content\/uploads\/2014\/07\/Spearman_big.png\" alt=\"W\u0142\u00f3cznik\" width=\"308\" height=\"400\" srcset=\"https:\/\/www.desercik.pl\/tribal-wars-2\/wp-content\/uploads\/2014\/07\/Spearman_big.png 308w, https:\/\/www.desercik.pl\/tribal-wars-2\/wp-content\/uploads\/2014\/07\/Spearman_big-231x300.png 231w\" sizes=\"auto, (max-width: 308px) 100vw, 308px\" \/><\/a><p id=\"caption-attachment-97\" class=\"wp-caption-text\">Idealny do grabie\u017cy i obrony przed kawaleri\u0105.<\/p><\/div><\/td>\n<\/tr>\n<tr>\n<th>Wymagania<\/th>\n<td colspan=\"6\">Brak<\/td>\n<\/tr>\n<tr>\n<th>Specjalne umiej\u0119tno\u015bci<\/th>\n<td colspan=\"6\">Brak<\/td>\n<\/tr>\n<tr>\n<th>Cena<\/th>\n<td><img loading=\"lazy\" decoding=\"async\" src=\"https:\/\/www.desercik.pl\/tribal-wars-2\/wp-content\/uploads\/2014\/07\/Wood.png\" alt=\"\" width=\"44\" height=\"44\" \/>\u00a050<\/td>\n<td><img loading=\"lazy\" decoding=\"async\" src=\"https:\/\/www.desercik.pl\/tribal-wars-2\/wp-content\/uploads\/2014\/07\/Clay.png\" alt=\"\" width=\"44\" height=\"44\" \/>\u00a030<\/td>\n<td><img loading=\"lazy\" decoding=\"async\" src=\"https:\/\/www.desercik.pl\/tribal-wars-2\/wp-content\/uploads\/2014\/07\/Iron.png\" alt=\"\" width=\"44\" height=\"44\" \/>\u00a020<\/td>\n<td colspan=\"2\"><img loading=\"lazy\" decoding=\"async\" src=\"https:\/\/www.desercik.pl\/tribal-wars-2\/wp-content\/uploads\/2014\/07\/Provisions.png\" alt=\"\" width=\"44\" height=\"44\" \/>\u00a01<\/td>\n<\/tr>\n<tr>\n<th>Statystyki<\/th>\n<td><img loading=\"lazy\" decoding=\"async\" src=\"https:\/\/www.desercik.pl\/tribal-wars-2\/wp-content\/uploads\/2014\/07\/Attack.png\" alt=\"\" width=\"44\" height=\"44\" \/>\u00a010<\/td>\n<td><img loading=\"lazy\" decoding=\"async\" src=\"https:\/\/www.desercik.pl\/tribal-wars-2\/wp-content\/uploads\/2014\/07\/Defense.png\" alt=\"\" width=\"44\" height=\"44\" \/>\u00a025<\/td>\n<td><img loading=\"lazy\" decoding=\"async\" src=\"https:\/\/www.desercik.pl\/tribal-wars-2\/wp-content\/uploads\/2014\/07\/Cavalry_defense.png\" alt=\"\" width=\"44\" height=\"44\" \/>\u00a045<\/td>\n<td><img loading=\"lazy\" decoding=\"async\" src=\"https:\/\/www.desercik.pl\/tribal-wars-2\/wp-content\/uploads\/2014\/07\/Archer_defense.png\" alt=\"\" width=\"44\" height=\"44\" \/>\u00a010<\/td>\n<td><img loading=\"lazy\" decoding=\"async\" src=\"https:\/\/www.desercik.pl\/tribal-wars-2\/wp-content\/uploads\/2014\/07\/Load_capacity.png\" alt=\"\" width=\"44\" height=\"44\" \/>\u00a025<\/td>\n<\/tr>\n<\/tbody>\n<\/table>\n","protected":false},"excerpt":{"rendered":"<p>W\u0142\u00f3cznicy to idealna jednostka na starcie zabawy, ale r\u00f3wnie\u017c niezwykle przydatna w wiekszych ilo\u015bciach podczas obrony przed kawaleri\u0105. Na pocz\u0105tku gry ju\u017c jest dost\u0119pna i nie wymaga od nas dodatkowych dzia\u0142a\u0144 opr\u00f3cz rekrutacji. Idealnie nadaje si\u0119 do pl\u0105drowania wiosek barbarzy\u0144skich,&hellip; <a href=\"https:\/\/www.desercik.pl\/tribal-wars-2\/jednostki-w-grze\/wlocznik\/\" class=\"more-link\">Continue Reading <span class=\"meta-nav\">&rarr;<\/span><\/a><\/p>\n","protected":false},"author":1,"featured_media":0,"parent":30,"menu_order":0,"comment_status":"open","ping_status":"open","template":"","meta":{"footnotes":""},"class_list":["post-96","page","type-page","status-publish","hentry"],"yoast_head":"<!-- This site is optimized with the Yoast SEO plugin v27.3 - https:\/\/yoast.com\/product\/yoast-seo-wordpress\/ -->\n<title>W\u0142\u00f3cznik - Plemiona 2 - Tribal Wars 2<\/title>\n<meta name=\"description\" content=\"W\u0142\u00f3cznik w Tribal Wars 2 nadaje si\u0119 idealnie do grabie\u017cy wiosk barbarzy\u0144skich jak i do obrony przed kawaleri\u0105\" \/>\n<meta name=\"robots\" content=\"index, follow, max-snippet:-1, max-image-preview:large, max-video-preview:-1\" \/>\n<link rel=\"canonical\" href=\"https:\/\/www.desercik.pl\/tribal-wars-2\/jednostki-w-grze\/wlocznik\/\" \/>\n<meta property=\"og:locale\" content=\"pl_PL\" \/>\n<meta property=\"og:type\" content=\"article\" \/>\n<meta property=\"og:title\" content=\"W\u0142\u00f3cznik - Plemiona 2 - Tribal Wars 2\" \/>\n<meta property=\"og:description\" content=\"W\u0142\u00f3cznik w Tribal Wars 2 nadaje si\u0119 idealnie do grabie\u017cy wiosk barbarzy\u0144skich jak i do obrony przed kawaleri\u0105\" \/>\n<meta property=\"og:url\" content=\"https:\/\/www.desercik.pl\/tribal-wars-2\/jednostki-w-grze\/wlocznik\/\" \/>\n<meta property=\"og:site_name\" content=\"Plemiona 2\" \/>\n<meta property=\"article:modified_time\" content=\"2014-07-31T19:19:02+00:00\" \/>\n<meta property=\"og:image\" content=\"https:\/\/www.desercik.pl\/tribal-wars-2\/wp-content\/uploads\/2014\/07\/Spearman_big.png\" \/>\n\t<meta property=\"og:image:width\" content=\"308\" \/>\n\t<meta property=\"og:image:height\" content=\"400\" \/>\n\t<meta property=\"og:image:type\" content=\"image\/png\" \/>\n<script type=\"application\/ld+json\" class=\"yoast-schema-graph\">{\"@context\":\"https:\\\/\\\/schema.org\",\"@graph\":[{\"@type\":\"WebPage\",\"@id\":\"https:\\\/\\\/www.desercik.pl\\\/tribal-wars-2\\\/jednostki-w-grze\\\/wlocznik\\\/\",\"url\":\"https:\\\/\\\/www.desercik.pl\\\/tribal-wars-2\\\/jednostki-w-grze\\\/wlocznik\\\/\",\"name\":\"W\u0142\u00f3cznik - Plemiona 2 - Tribal Wars 2\",\"isPartOf\":{\"@id\":\"https:\\\/\\\/www.desercik.pl\\\/tribal-wars-2\\\/#website\"},\"primaryImageOfPage\":{\"@id\":\"https:\\\/\\\/www.desercik.pl\\\/tribal-wars-2\\\/jednostki-w-grze\\\/wlocznik\\\/#primaryimage\"},\"image\":{\"@id\":\"https:\\\/\\\/www.desercik.pl\\\/tribal-wars-2\\\/jednostki-w-grze\\\/wlocznik\\\/#primaryimage\"},\"thumbnailUrl\":\"https:\\\/\\\/www.desercik.pl\\\/tribal-wars-2\\\/wp-content\\\/uploads\\\/2014\\\/07\\\/Spearman_big.png\",\"datePublished\":\"2014-07-31T18:45:44+00:00\",\"dateModified\":\"2014-07-31T19:19:02+00:00\",\"description\":\"W\u0142\u00f3cznik w Tribal Wars 2 nadaje si\u0119 idealnie do grabie\u017cy wiosk barbarzy\u0144skich jak i do obrony przed kawaleri\u0105\",\"breadcrumb\":{\"@id\":\"https:\\\/\\\/www.desercik.pl\\\/tribal-wars-2\\\/jednostki-w-grze\\\/wlocznik\\\/#breadcrumb\"},\"inLanguage\":\"pl-PL\",\"potentialAction\":[{\"@type\":\"ReadAction\",\"target\":[\"https:\\\/\\\/www.desercik.pl\\\/tribal-wars-2\\\/jednostki-w-grze\\\/wlocznik\\\/\"]}]},{\"@type\":\"ImageObject\",\"inLanguage\":\"pl-PL\",\"@id\":\"https:\\\/\\\/www.desercik.pl\\\/tribal-wars-2\\\/jednostki-w-grze\\\/wlocznik\\\/#primaryimage\",\"url\":\"https:\\\/\\\/www.desercik.pl\\\/tribal-wars-2\\\/wp-content\\\/uploads\\\/2014\\\/07\\\/Spearman_big.png\",\"contentUrl\":\"https:\\\/\\\/www.desercik.pl\\\/tribal-wars-2\\\/wp-content\\\/uploads\\\/2014\\\/07\\\/Spearman_big.png\",\"width\":308,\"height\":400},{\"@type\":\"BreadcrumbList\",\"@id\":\"https:\\\/\\\/www.desercik.pl\\\/tribal-wars-2\\\/jednostki-w-grze\\\/wlocznik\\\/#breadcrumb\",\"itemListElement\":[{\"@type\":\"ListItem\",\"position\":1,\"name\":\"Strona g\u0142\u00f3wna\",\"item\":\"https:\\\/\\\/www.desercik.pl\\\/tribal-wars-2\\\/\"},{\"@type\":\"ListItem\",\"position\":2,\"name\":\"Jednostki w grze\",\"item\":\"https:\\\/\\\/www.desercik.pl\\\/tribal-wars-2\\\/jednostki-w-grze\\\/\"},{\"@type\":\"ListItem\",\"position\":3,\"name\":\"W\u0142\u00f3cznik\"}]},{\"@type\":\"WebSite\",\"@id\":\"https:\\\/\\\/www.desercik.pl\\\/tribal-wars-2\\\/#website\",\"url\":\"https:\\\/\\\/www.desercik.pl\\\/tribal-wars-2\\\/\",\"name\":\"Plemiona 2\",\"description\":\"\",\"potentialAction\":[{\"@type\":\"SearchAction\",\"target\":{\"@type\":\"EntryPoint\",\"urlTemplate\":\"https:\\\/\\\/www.desercik.pl\\\/tribal-wars-2\\\/?s={search_term_string}\"},\"query-input\":{\"@type\":\"PropertyValueSpecification\",\"valueRequired\":true,\"valueName\":\"search_term_string\"}}],\"inLanguage\":\"pl-PL\"}]}<\/script>\n<!-- \/ Yoast SEO plugin. -->","yoast_head_json":{"title":"W\u0142\u00f3cznik - Plemiona 2 - Tribal Wars 2","description":"W\u0142\u00f3cznik w Tribal Wars 2 nadaje si\u0119 idealnie do grabie\u017cy wiosk barbarzy\u0144skich jak i do obrony przed kawaleri\u0105","robots":{"index":"index","follow":"follow","max-snippet":"max-snippet:-1","max-image-preview":"max-image-preview:large","max-video-preview":"max-video-preview:-1"},"canonical":"https:\/\/www.desercik.pl\/tribal-wars-2\/jednostki-w-grze\/wlocznik\/","og_locale":"pl_PL","og_type":"article","og_title":"W\u0142\u00f3cznik - Plemiona 2 - Tribal Wars 2","og_description":"W\u0142\u00f3cznik w Tribal Wars 2 nadaje si\u0119 idealnie do grabie\u017cy wiosk barbarzy\u0144skich jak i do obrony przed kawaleri\u0105","og_url":"https:\/\/www.desercik.pl\/tribal-wars-2\/jednostki-w-grze\/wlocznik\/","og_site_name":"Plemiona 2","article_modified_time":"2014-07-31T19:19:02+00:00","og_image":[{"width":308,"height":400,"url":"https:\/\/www.desercik.pl\/tribal-wars-2\/wp-content\/uploads\/2014\/07\/Spearman_big.png","type":"image\/png"}],"schema":{"@context":"https:\/\/schema.org","@graph":[{"@type":"WebPage","@id":"https:\/\/www.desercik.pl\/tribal-wars-2\/jednostki-w-grze\/wlocznik\/","url":"https:\/\/www.desercik.pl\/tribal-wars-2\/jednostki-w-grze\/wlocznik\/","name":"W\u0142\u00f3cznik - Plemiona 2 - Tribal Wars 2","isPartOf":{"@id":"https:\/\/www.desercik.pl\/tribal-wars-2\/#website"},"primaryImageOfPage":{"@id":"https:\/\/www.desercik.pl\/tribal-wars-2\/jednostki-w-grze\/wlocznik\/#primaryimage"},"image":{"@id":"https:\/\/www.desercik.pl\/tribal-wars-2\/jednostki-w-grze\/wlocznik\/#primaryimage"},"thumbnailUrl":"https:\/\/www.desercik.pl\/tribal-wars-2\/wp-content\/uploads\/2014\/07\/Spearman_big.png","datePublished":"2014-07-31T18:45:44+00:00","dateModified":"2014-07-31T19:19:02+00:00","description":"W\u0142\u00f3cznik w Tribal Wars 2 nadaje si\u0119 idealnie do grabie\u017cy wiosk barbarzy\u0144skich jak i do obrony przed kawaleri\u0105","breadcrumb":{"@id":"https:\/\/www.desercik.pl\/tribal-wars-2\/jednostki-w-grze\/wlocznik\/#breadcrumb"},"inLanguage":"pl-PL","potentialAction":[{"@type":"ReadAction","target":["https:\/\/www.desercik.pl\/tribal-wars-2\/jednostki-w-grze\/wlocznik\/"]}]},{"@type":"ImageObject","inLanguage":"pl-PL","@id":"https:\/\/www.desercik.pl\/tribal-wars-2\/jednostki-w-grze\/wlocznik\/#primaryimage","url":"https:\/\/www.desercik.pl\/tribal-wars-2\/wp-content\/uploads\/2014\/07\/Spearman_big.png","contentUrl":"https:\/\/www.desercik.pl\/tribal-wars-2\/wp-content\/uploads\/2014\/07\/Spearman_big.png","width":308,"height":400},{"@type":"BreadcrumbList","@id":"https:\/\/www.desercik.pl\/tribal-wars-2\/jednostki-w-grze\/wlocznik\/#breadcrumb","itemListElement":[{"@type":"ListItem","position":1,"name":"Strona g\u0142\u00f3wna","item":"https:\/\/www.desercik.pl\/tribal-wars-2\/"},{"@type":"ListItem","position":2,"name":"Jednostki w grze","item":"https:\/\/www.desercik.pl\/tribal-wars-2\/jednostki-w-grze\/"},{"@type":"ListItem","position":3,"name":"W\u0142\u00f3cznik"}]},{"@type":"WebSite","@id":"https:\/\/www.desercik.pl\/tribal-wars-2\/#website","url":"https:\/\/www.desercik.pl\/tribal-wars-2\/","name":"Plemiona 2","description":"","potentialAction":[{"@type":"SearchAction","target":{"@type":"EntryPoint","urlTemplate":"https:\/\/www.desercik.pl\/tribal-wars-2\/?s={search_term_string}"},"query-input":{"@type":"PropertyValueSpecification","valueRequired":true,"valueName":"search_term_string"}}],"inLanguage":"pl-PL"}]}},"_links":{"self":[{"href":"https:\/\/www.desercik.pl\/tribal-wars-2\/wp-json\/wp\/v2\/pages\/96","targetHints":{"allow":["GET"]}}],"collection":[{"href":"https:\/\/www.desercik.pl\/tribal-wars-2\/wp-json\/wp\/v2\/pages"}],"about":[{"href":"https:\/\/www.desercik.pl\/tribal-wars-2\/wp-json\/wp\/v2\/types\/page"}],"author":[{"embeddable":true,"href":"https:\/\/www.desercik.pl\/tribal-wars-2\/wp-json\/wp\/v2\/users\/1"}],"replies":[{"embeddable":true,"href":"https:\/\/www.desercik.pl\/tribal-wars-2\/wp-json\/wp\/v2\/comments?post=96"}],"version-history":[{"count":0,"href":"https:\/\/www.desercik.pl\/tribal-wars-2\/wp-json\/wp\/v2\/pages\/96\/revisions"}],"up":[{"embeddable":true,"href":"https:\/\/www.desercik.pl\/tribal-wars-2\/wp-json\/wp\/v2\/pages\/30"}],"wp:attachment":[{"href":"https:\/\/www.desercik.pl\/tribal-wars-2\/wp-json\/wp\/v2\/media?parent=96"}],"curies":[{"name":"wp","href":"https:\/\/api.w.org\/{rel}","templated":true}]}}