{"id":429,"date":"2014-08-05T00:13:58","date_gmt":"2014-08-04T22:13:58","guid":{"rendered":"http:\/\/www.desercik.pl\/tribal-wars-2\/?page_id=429"},"modified":"2014-08-05T00:13:58","modified_gmt":"2014-08-04T22:13:58","slug":"faq-najczestsze-pytania-graczy","status":"publish","type":"page","link":"https:\/\/www.desercik.pl\/tribal-wars-2\/faq-najczestsze-pytania-graczy\/","title":{"rendered":"FAQ: Najcz\u0119stsze pytania graczy"},"content":{"rendered":"<p>Postanowi\u0142em zebra\u0107 najcz\u0119\u015bciej zadawane pytanie do gry <a title=\"Plemiona 2\" href=\"http:\/\/www.desercik.pl\/index.php\/2014\/06\/03\/plemiona-2\/\"><em>Plemiona 2<\/em><\/a> i spisa\u0107 je w jednym miejscu. Mam nadzieje, \u017ce pomog\u0105 wam odnale\u017a\u0107 odpowiedzi na nurtuj\u0105ce was tematy i u\u0142atwi\u0105 zabaw\u0119. <!--more-->Poradnik potraktujcie jako typowy FAQ i \u015bmia\u0142o zadawajcie nowe pytania w komentarza poni\u017cej artyku\u0142u, a postaram si\u0119 uzupe\u0142ni\u0107 spis o dodatkowe informacje. Pom\u00f3\u017ccie nam udoskonala\u0107 poradniki i stworzy\u0107 najwi\u0119ksz\u0105 baz\u0119 wiedzy o grze.<\/p>\n<ol>\n<li><a title=\"Jak opu\u015bci\u0107 sojusz?\" href=\"#opuszczanie-sojuszu\">Jak opu\u015bci\u0107 sojusz?<\/a><\/li>\n<li><a title=\"kolejka budynk\u00f3w\" href=\"#2\">Ile mo\u017cna zleci\u0107 budynk\u00f3w do budowy?<\/a><\/li>\n<li><a title=\"ochrona pocz\u0105tkuj\u0105cych\" href=\"#3\">Ile trwa ochrona nowych graczy?<\/a><\/li>\n<li><a title=\"zmiana nazwy wioski\" href=\"#4\">Jak zmieni\u0107 nazw\u0119 wioski w Plemionach 2?<\/a><\/li>\n<li><a title=\"po\u0142o\u017cenie wioski na mapie \u015bwiata\" href=\"#5\">Jak sprawdzi\u0107 po\u0142o\u017cenie (koordynaty) swojej wioski?<\/a><\/li>\n<li><a title=\"przeznaczenie kaplicy\" href=\"#6\">Po co jest kaplica (Chapel)?<\/a><\/li>\n<li><a title=\"rozbudowa kwatery g\u0142\u00f3wnej\" href=\"#7\">Co daje rozbudowanie Kwatery G\u0142\u00f3wnej?<\/a><\/li>\n<li><a title=\"za co dostajemy punkty w plemionach 2\" href=\"#8\">Za co otrzymuje punkty w grze?<\/a><\/li>\n<li><a title=\"liczba punkt\u00f3w za dany budynek \" href=\"#9\">Gdzie zobacz\u0119 ile punkt\u00f3w mam za dany budynek?<\/a><\/li>\n<li><a title=\"ilo\u015b\u0107 punkt\u00f3w po ulepszeniu budynku\" href=\"#10\">Ile punkt\u00f3w dostan\u0119 za podniesienie poziomu budynku?<\/a><\/li>\n<li><a title=\"zmniejszanie zapotrzebowania na surowce podczas budowy\" href=\"#11\">Czy mog\u0119 zmniejszy\u0107 koszt budowy\/rozbudowy budynku?<\/a><\/li>\n<li><a title=\"przedmiot zmniejszaj\u0105cy koszty budowy\" href=\"#12\">Jak u\u017cy\u0107 przedmiotu zmniejszaj\u0105cego koszty budowy?<\/a><\/li>\n<li><a title=\"z\u0142oty m\u0142ot nie dzia\u0142a\" href=\"#13\">Dlaczego nie mog\u0119 u\u017cy\u0107 z\u0142otego m\u0142ota?<\/a><\/li>\n<li><a title=\"skr\u00f3cenie czasu budowy\" href=\"#14\">Czy mo\u017cna skr\u00f3ci\u0107 budow\u0119?<\/a><\/li>\n<li><a title=\"jak bada\u0107 nowe technologie\" href=\"#15\">Jak wykonywa\u0107 badania?<\/a><\/li>\n<li><a title=\"przy\u015bpieszanie bada\u0144\" href=\"#16\">Czy mo\u017cna przy\u015bpieszy\u0107 badania?<\/a><\/li>\n<li><a title=\"ochrona surowc\u00f3w przed grabie\u017c\u0105\" href=\"#17\">Jak chroni\u0107 swoje surowce przed grabie\u017c\u0105?<\/a><\/li>\n<li><a title=\"co leczy szpital?\" href=\"#18\">Jakie jednostki mog\u0105 zosta\u0107 leczone w szpitalu?<\/a><\/li>\n<li><a title=\"czy w szpitalu leczy si\u0119 kawaleri\u0119\" href=\"#19\">Od kt\u00f3rego poziomu szpital leczy kawaleri\u0119?<\/a><\/li>\n<li><a title=\"czym jest szpital?\" href=\"#20\">Po co jest szpital?<\/a><\/li>\n<\/ol>\n<h3><a name=\"opuszczanie-sojuszu\"><\/a>Jak opu\u015bci\u0107 sojusz?<\/h3>\n<p>W dolnym menu klikamy ikon\u0119 sojuszu\u00a0<a href=\"http:\/\/www.desercik.pl\/wp-content\/uploads\/2014\/06\/ikona-sojuszu.jpg\"><img loading=\"lazy\" decoding=\"async\" src=\"http:\/\/www.desercik.pl\/wp-content\/uploads\/2014\/06\/ikona-sojuszu.jpg\" alt=\"ikona sojuszu\" width=\"46\" height=\"34\" \/><\/a>, a nast\u0119pnie przechodzimy do drugiej zak\u0142adki &#8222;Profil&#8221;. W otwartym okienku na dole ekranu mamy button &#8222;Opu\u015b\u0107 sojusz&#8221; jak na obrazku poni\u017cej:<\/p>\n<p style=\"text-align: center;\"><img loading=\"lazy\" decoding=\"async\" class=\"aligncenter\" title=\"opuszczanie sojuszu\" src=\"http:\/\/www.desercik.pl\/wp-content\/uploads\/2014\/06\/opuszczanie-sojuszu.jpg\" alt=\"opuszczanie sojuszu\" width=\"480\" height=\"287\" \/><\/p>\n<h3 style=\"text-align: left;\"><a name=\"2\"><\/a>Ile mo\u017cna zleci\u0107 budynk\u00f3w do budowy?<\/h3>\n<p style=\"text-align: left;\">Od pocz\u0105tku gry mamy mo\u017cliwo\u015b\u0107 zlecenia jednego budynku do budowy, a drugi mo\u017cna doda\u0107 do kolejki. Trzeci slot kolejki mo\u017cna odblokowa\u0107 za 70 Koron (waluta premium). Kolejk\u0119 budowy widzimy z prawej strony ekranu.<\/p>\n<p style=\"text-align: center;\"><img loading=\"lazy\" decoding=\"async\" class=\"aligncenter\" title=\"kolejka budowy\" src=\"http:\/\/www.desercik.pl\/wp-content\/uploads\/2014\/06\/kolejka-budowy.jpg\" alt=\"kolejka budowy\" width=\"76\" height=\"210\" \/><\/p>\n<h3 style=\"text-align: left;\"><a name=\"3\"><\/a>Ile trwa ochrona nowych graczy?<\/h3>\n<p>W Plemionach 2 ochrona nowych graczy trwa 96 godzin, czyli 4 dni. Dodatkowe 3 dni spokoju mo\u017cna zakupi\u0107 za 100 Koron.<\/p>\n<p><img loading=\"lazy\" decoding=\"async\" class=\"aligncenter\" src=\"http:\/\/www.desercik.pl\/wp-content\/uploads\/2014\/06\/ochrona-pocz\u0105tkuj\u0105cyc-480x245.jpg\" alt=\"ochrona pocz\u0105tkuj\u0105cyc\" width=\"480\" height=\"245\" \/><\/p>\n<h3><a name=\"4\"><\/a>Jak zmieni\u0107 nazw\u0119 wioski w Plemionach 2?<\/h3>\n<p>Kliknij na swoj\u0105 aktualn\u0105 nazw\u0105 wioski w lewym, g\u00f3rnym rogu ekranu. Jak na obrazku poni\u017cej, pole zaznaczone na czerwono:<\/p>\n<p><img loading=\"lazy\" decoding=\"async\" class=\"aligncenter\" src=\"http:\/\/www.desercik.pl\/wp-content\/uploads\/2014\/06\/zmiana-nazwy-wioski.jpg\" alt=\"zmiana nazwy wioski\" width=\"463\" height=\"69\" \/><\/p>\n<p>Nast\u0119pnie otwiera si\u0119 nam nowe okno dialogowe, gdzie trzeba klikn\u0105\u0107 w pole zaznaczone na obrazku poni\u017cej na czerwono:<\/p>\n<p><img loading=\"lazy\" decoding=\"async\" class=\"aligncenter\" src=\"http:\/\/www.desercik.pl\/wp-content\/uploads\/2014\/06\/zmiana-nazwy-2-480x287.jpg\" alt=\"zmiana nazwy 2\" width=\"480\" height=\"287\" \/><\/p>\n<p>W kolejne okienko wpisujemy nazw\u0119 wioski i zatwierdzamy. Gotowe!<\/p>\n<h3><a name=\"5\"><\/a>Jak sprawdzi\u0107 po\u0142o\u017cenie (koordynaty) swojej wioski?<\/h3>\n<p>Jak wida\u0107 na obrazie poni\u017cej znajduj\u0105 si\u0119 one obok nazwy naszej wioski. W moim przypadku to 486 511.<\/p>\n<p><img loading=\"lazy\" decoding=\"async\" class=\"aligncenter\" title=\"po\u0142o\u017cenie (koordynaty) swojej wioski\" src=\"http:\/\/www.desercik.pl\/wp-content\/uploads\/2014\/06\/zmiana-nazwy-wioski.jpg\" alt=\"po\u0142o\u017cenie (koordynaty) swojej wioski\" width=\"463\" height=\"69\" \/><\/p>\n<h3><a name=\"6\"><\/a>Po co jest kaplica (Chapel)?<\/h3>\n<p>Kaplica jest budynkiem, kt\u00f3ry od razu jest w naszych wioskach od pierwszych chwil w grze. Odpowiada ona za lojalno\u015b\u0107 mieszka\u0144c\u00f3w, kt\u00f3r\u0105 mo\u017ce zbi\u0107 przeciwnik wysy\u0142aj\u0105 na nasz\u0105 wiosk\u0119 atak wraz ze Szlachcicem. Kaplica domy\u015blnie daje nam 100% lojalno\u015bci, a gdy zostanie ona obni\u017cona to co godzin\u0119 zwi\u0119ksza j\u0105 dop\u00f3ki nie osi\u0105gnie maksymalnego poziomu.<\/p>\n<h3><a name=\"7\"><\/a>Co daje rozbudowanie Kwatery G\u0142\u00f3wnej?<\/h3>\n<p>Nowe poziomy Kwatery:<\/p>\n<ul>\n<li>odblokowuj\u0105 nam kolejne budynki<\/li>\n<li>odblokowuj\u0105 nam badania<\/li>\n<li>zmniejszaj\u0105 czas budowy innych budynk\u00f3w<\/li>\n<\/ul>\n<h3><a name=\"8\"><\/a>Za co otrzymuje punkty w grze?<\/h3>\n<p>Za budow\u0119 nowych budynk\u00f3w, a tak\u017ce za ich rozbudow\u0119 na kolejne poziomy.<\/p>\n<h3><a name=\"9\"><\/a>Gdzie zobacz\u0119 ile punkt\u00f3w mam za dany budynek?<\/h3>\n<p>Kliknij na interesuj\u0105cy Ci\u0119 budynek lewym przyciskiem myszy. P\u00f3\u017aniej w menu dialogowym kliknij na ikon\u0119\u00a0<img loading=\"lazy\" decoding=\"async\" src=\"http:\/\/www.desercik.pl\/wp-content\/uploads\/2014\/06\/informacja.jpg\" alt=\"informacja\" width=\"42\" height=\"41\" \/>. Otworzy si\u0119 kolejne okno gdzie masz dok\u0142adnie napisane ile punkt\u00f3w (ca\u0142o\u015bciowo) masz za dany budynek, a tak\u017ce znajdziesz tam inne informacje o nim w zale\u017cno\u015bci od tego jakie jest jego przeznaczenie w grze.<\/p>\n<h3><a name=\"10\"><\/a>Ile punkt\u00f3w dostan\u0119 za podniesienie poziomu budynku?<\/h3>\n<p>Ilo\u015b\u0107 zdobywanych punkt\u00f3w zale\u017cy od rodzaju budynku. Aby sprawdzi\u0107 ile zyskamy punkt\u00f3w na nowym poziomie kliknij lewym przyciskiem myszy na budynek, a nast\u0119pnie najed\u017a kursorem na ikon\u0119\u00a0<img loading=\"lazy\" decoding=\"async\" src=\"http:\/\/www.desercik.pl\/wp-content\/uploads\/2014\/06\/nowy-poziom.jpg\" alt=\"nowy poziom\" width=\"75\" height=\"65\" \/>. Pojawi si\u0119 okno jak poni\u017cej, ilo\u015b\u0107 nowych punkt\u00f3w zaznaczy\u0142em na czerwono:<\/p>\n<p style=\"text-align: center;\"><img loading=\"lazy\" decoding=\"async\" class=\"aligncenter\" title=\"nowe punkty za rozbudow\u0119\" src=\"http:\/\/www.desercik.pl\/wp-content\/uploads\/2014\/06\/nowe-punkty-za-rozbudow\u0119-480x232.jpg\" alt=\"nowe punkty za rozbudow\u0119\" width=\"480\" height=\"232\" \/><\/p>\n<p>&nbsp;<\/p>\n<h3><a name=\"11\"><\/a>Czy mog\u0119 zmniejszy\u0107 koszt budowy\/rozbudowy budynku?<\/h3>\n<p>Tak, mo\u017cna go zmniejszy\u0107 o 20% na dwa sposoby. Jednym jest ten niemi\u0142y, czyli przy u\u017cyciu Koron (waluty p\u0142atnej) i przy rozbudowie klikamy ikonk\u0119 <img loading=\"lazy\" decoding=\"async\" src=\"http:\/\/www.desercik.pl\/wp-content\/uploads\/2014\/06\/rozbudowa-za-korony.jpg\" alt=\"rozbudowa za korony\" width=\"41\" height=\"36\" \/>\u00a0zamiast\u00a0<img loading=\"lazy\" decoding=\"async\" src=\"http:\/\/www.desercik.pl\/wp-content\/uploads\/2014\/06\/nowy-poziom.jpg\" alt=\"nowy poziom\" width=\"45\" height=\"39\" \/>. Drugim sposobem jest u\u017cycie itemu Build Cost Reduction (Redukcja koszt\u00f3w budowy), kt\u00f3ry otrzymamy z wykonanych zada\u0144.<\/p>\n<h3><a name=\"12\"><\/a>Jak u\u017cy\u0107 przedmiotu zmniejszaj\u0105cego koszty budowy?<\/h3>\n<p>Aby go u\u017cy\u0107 przejd\u017a do Kwatery G\u0142\u00f3wnej. Kliknij na z\u0142oty m\u0142ot <img loading=\"lazy\" decoding=\"async\" src=\"http:\/\/www.desercik.pl\/wp-content\/uploads\/2014\/06\/z\u0142oty-top\u00f3r.jpg\" alt=\"z\u0142oty top\u00f3r\" width=\"36\" height=\"25\" \/>\u00a0przy interesuj\u0105cym ci\u0119 budynku i rozpocznie si\u0119 budowa.<\/p>\n<h3><a name=\"13\"><\/a>Dlaczego nie mog\u0119 u\u017cy\u0107 z\u0142otego m\u0142ota?<\/h3>\n<p>Zapewne nie masz tego przedmiotu w <a href=\"http:\/\/www.desercik.pl\/index.php\/2014\/06\/24\/plemiona-2-poradnik-dla-poczatkujacych\/#inwentarz\">inwentarzu<\/a>, albo nie masz wystarczaj\u0105cej ilo\u015bci surowc\u00f3w (nawet po redukcji koszt\u00f3w o 20%).<\/p>\n<h3><a name=\"14\"><\/a>Czy mo\u017cna skr\u00f3ci\u0107 budow\u0119?<\/h3>\n<p>Tak, albo rozbudowuj\u0105c kwater\u0119 g\u0142\u00f3wn\u0105 na wy\u017csze poziomy, albo przy u\u017cyciu Koron (budowa zostaje zako\u0144czona od razu o ile mamy korony na koncie).<\/p>\n<h3><a name=\"15\"><\/a>Jak wykonywa\u0107 badania?<\/h3>\n<p>Klikaj\u0105c lewym przyciskiem na dany budynek dwukrotnie otworzymy jego menu dialogowe. Na samym dole znajdziemy mo\u017cliwe badania i je\u015bli mamy spe\u0142nione co do niego wymagania to zrobimy je za surowce czekaj\u0105c odpowiednio d\u0142ugo. Jednak wymagania jak i surowce mo\u017cna omin\u0105\u0107 i wykona\u0107 badanie wcze\u015bniej u\u017cywaj\u0105c do tego Koron.<\/p>\n<h3><a name=\"16\"><\/a>Czy mo\u017cna przy\u015bpieszy\u0107 badania?<\/h3>\n<p>Tak, za pomoc\u0105 koron.<\/p>\n<h3><a name=\"17\"><\/a>Jak chroni\u0107 swoje surowce przed grabie\u017c\u0105?<\/h3>\n<p>Mo\u017cemy je regularnie wydawa\u0107, albo w Magazynie wykona\u0107 badania Strych, Piwnica i Bunkier. Pomo\u017ce tak\u017ce rozbudowanie Magazynku na kolejne poziomy, albo wykupienie na 7 dni dodatkowego boosta chroni\u0105cego o 50% surowc\u00f3w wi\u0119cej ni\u017c normalnie.<\/p>\n<h3><a name=\"18\"><\/a>Jakie jednostki mog\u0105 zosta\u0107 leczone w szpitalu?<\/h3>\n<p>Normalnie tylko piechota, ale po zbadaniu Weterynarii leczone b\u0119d\u0105 r\u00f3wnie\u017c jednostki kawalerii.<\/p>\n<h3><a name=\"19\"><\/a>Od kt\u00f3rego poziomu szpital leczy kawaleri\u0119?<\/h3>\n<p>Poniek\u0105d zale\u017cy to od poziomu szpitala bo, aby zbada\u0107 Weterynari\u0119 musimy go rozbudowa\u0107 na 10 poziom.<\/p>\n<h3><a name=\"20\"><\/a>Po co jest szpital?<\/h3>\n<p>Aby leczy\u0107\/wskrzesza\u0107 nasze jednostki.<\/p>\n<h3><a name=\"21\"><\/a>Dlaczego nie mog\u0119 wskrzesi\u0107 wi\u0119cej ni\u017c 100 jednostek?<\/h3>\n<p>Poniewa\u017c nie rozbudowa\u0142e\u015b szpitala. Podnie\u015b go na wy\u017cszy poziom i zwi\u0119kszy si\u0119 ilo\u015b\u0107 \u0142\u00f3\u017cek.<\/p>\n","protected":false},"excerpt":{"rendered":"<p>Postanowi\u0142em zebra\u0107 najcz\u0119\u015bciej zadawane pytanie do gry Plemiona 2 i spisa\u0107 je w jednym miejscu. Mam nadzieje, \u017ce pomog\u0105 wam odnale\u017a\u0107 odpowiedzi na nurtuj\u0105ce was tematy i u\u0142atwi\u0105 zabaw\u0119.<\/p>\n","protected":false},"author":1,"featured_media":0,"parent":0,"menu_order":0,"comment_status":"open","ping_status":"open","template":"","meta":{"footnotes":""},"class_list":["post-429","page","type-page","status-publish","hentry"],"yoast_head":"<!-- This site is optimized with the Yoast SEO plugin v27.3 - https:\/\/yoast.com\/product\/yoast-seo-wordpress\/ -->\n<title>FAQ: Najcz\u0119stsze pytania graczy - Plemiona 2 - Tribal Wars 2<\/title>\n<meta name=\"robots\" content=\"index, follow, max-snippet:-1, max-image-preview:large, max-video-preview:-1\" \/>\n<link rel=\"canonical\" href=\"https:\/\/www.desercik.pl\/tribal-wars-2\/faq-najczestsze-pytania-graczy\/\" \/>\n<meta property=\"og:locale\" content=\"pl_PL\" \/>\n<meta property=\"og:type\" content=\"article\" \/>\n<meta property=\"og:title\" content=\"FAQ: Najcz\u0119stsze pytania graczy - Plemiona 2 - Tribal Wars 2\" \/>\n<meta property=\"og:description\" content=\"Postanowi\u0142em zebra\u0107 najcz\u0119\u015bciej zadawane pytanie do gry Plemiona 2 i spisa\u0107 je w jednym miejscu. Mam nadzieje, \u017ce pomog\u0105 wam odnale\u017a\u0107 odpowiedzi na nurtuj\u0105ce was tematy i u\u0142atwi\u0105 zabaw\u0119.\" \/>\n<meta property=\"og:url\" content=\"https:\/\/www.desercik.pl\/tribal-wars-2\/faq-najczestsze-pytania-graczy\/\" \/>\n<meta property=\"og:site_name\" content=\"Plemiona 2\" \/>\n<meta property=\"og:image\" content=\"http:\/\/www.desercik.pl\/wp-content\/uploads\/2014\/06\/ikona-sojuszu.jpg\" \/>\n<meta name=\"twitter:label1\" content=\"Szacowany czas czytania\" \/>\n\t<meta name=\"twitter:data1\" content=\"5 minut\" \/>\n<script type=\"application\/ld+json\" class=\"yoast-schema-graph\">{\"@context\":\"https:\\\/\\\/schema.org\",\"@graph\":[{\"@type\":\"WebPage\",\"@id\":\"https:\\\/\\\/www.desercik.pl\\\/tribal-wars-2\\\/faq-najczestsze-pytania-graczy\\\/\",\"url\":\"https:\\\/\\\/www.desercik.pl\\\/tribal-wars-2\\\/faq-najczestsze-pytania-graczy\\\/\",\"name\":\"FAQ: Najcz\u0119stsze pytania graczy - Plemiona 2 - Tribal Wars 2\",\"isPartOf\":{\"@id\":\"https:\\\/\\\/www.desercik.pl\\\/tribal-wars-2\\\/#website\"},\"primaryImageOfPage\":{\"@id\":\"https:\\\/\\\/www.desercik.pl\\\/tribal-wars-2\\\/faq-najczestsze-pytania-graczy\\\/#primaryimage\"},\"image\":{\"@id\":\"https:\\\/\\\/www.desercik.pl\\\/tribal-wars-2\\\/faq-najczestsze-pytania-graczy\\\/#primaryimage\"},\"thumbnailUrl\":\"http:\\\/\\\/www.desercik.pl\\\/wp-content\\\/uploads\\\/2014\\\/06\\\/ikona-sojuszu.jpg\",\"datePublished\":\"2014-08-04T22:13:58+00:00\",\"breadcrumb\":{\"@id\":\"https:\\\/\\\/www.desercik.pl\\\/tribal-wars-2\\\/faq-najczestsze-pytania-graczy\\\/#breadcrumb\"},\"inLanguage\":\"pl-PL\",\"potentialAction\":[{\"@type\":\"ReadAction\",\"target\":[\"https:\\\/\\\/www.desercik.pl\\\/tribal-wars-2\\\/faq-najczestsze-pytania-graczy\\\/\"]}]},{\"@type\":\"ImageObject\",\"inLanguage\":\"pl-PL\",\"@id\":\"https:\\\/\\\/www.desercik.pl\\\/tribal-wars-2\\\/faq-najczestsze-pytania-graczy\\\/#primaryimage\",\"url\":\"http:\\\/\\\/www.desercik.pl\\\/wp-content\\\/uploads\\\/2014\\\/06\\\/ikona-sojuszu.jpg\",\"contentUrl\":\"http:\\\/\\\/www.desercik.pl\\\/wp-content\\\/uploads\\\/2014\\\/06\\\/ikona-sojuszu.jpg\"},{\"@type\":\"BreadcrumbList\",\"@id\":\"https:\\\/\\\/www.desercik.pl\\\/tribal-wars-2\\\/faq-najczestsze-pytania-graczy\\\/#breadcrumb\",\"itemListElement\":[{\"@type\":\"ListItem\",\"position\":1,\"name\":\"Strona g\u0142\u00f3wna\",\"item\":\"https:\\\/\\\/www.desercik.pl\\\/tribal-wars-2\\\/\"},{\"@type\":\"ListItem\",\"position\":2,\"name\":\"FAQ: Najcz\u0119stsze pytania graczy\"}]},{\"@type\":\"WebSite\",\"@id\":\"https:\\\/\\\/www.desercik.pl\\\/tribal-wars-2\\\/#website\",\"url\":\"https:\\\/\\\/www.desercik.pl\\\/tribal-wars-2\\\/\",\"name\":\"Plemiona 2\",\"description\":\"\",\"potentialAction\":[{\"@type\":\"SearchAction\",\"target\":{\"@type\":\"EntryPoint\",\"urlTemplate\":\"https:\\\/\\\/www.desercik.pl\\\/tribal-wars-2\\\/?s={search_term_string}\"},\"query-input\":{\"@type\":\"PropertyValueSpecification\",\"valueRequired\":true,\"valueName\":\"search_term_string\"}}],\"inLanguage\":\"pl-PL\"}]}<\/script>\n<!-- \/ Yoast SEO plugin. -->","yoast_head_json":{"title":"FAQ: Najcz\u0119stsze pytania graczy - Plemiona 2 - Tribal Wars 2","robots":{"index":"index","follow":"follow","max-snippet":"max-snippet:-1","max-image-preview":"max-image-preview:large","max-video-preview":"max-video-preview:-1"},"canonical":"https:\/\/www.desercik.pl\/tribal-wars-2\/faq-najczestsze-pytania-graczy\/","og_locale":"pl_PL","og_type":"article","og_title":"FAQ: Najcz\u0119stsze pytania graczy - Plemiona 2 - Tribal Wars 2","og_description":"Postanowi\u0142em zebra\u0107 najcz\u0119\u015bciej zadawane pytanie do gry Plemiona 2 i spisa\u0107 je w jednym miejscu. Mam nadzieje, \u017ce pomog\u0105 wam odnale\u017a\u0107 odpowiedzi na nurtuj\u0105ce was tematy i u\u0142atwi\u0105 zabaw\u0119.","og_url":"https:\/\/www.desercik.pl\/tribal-wars-2\/faq-najczestsze-pytania-graczy\/","og_site_name":"Plemiona 2","og_image":[{"url":"http:\/\/www.desercik.pl\/wp-content\/uploads\/2014\/06\/ikona-sojuszu.jpg","type":"","width":"","height":""}],"twitter_misc":{"Szacowany czas czytania":"5 minut"},"schema":{"@context":"https:\/\/schema.org","@graph":[{"@type":"WebPage","@id":"https:\/\/www.desercik.pl\/tribal-wars-2\/faq-najczestsze-pytania-graczy\/","url":"https:\/\/www.desercik.pl\/tribal-wars-2\/faq-najczestsze-pytania-graczy\/","name":"FAQ: Najcz\u0119stsze pytania graczy - Plemiona 2 - Tribal Wars 2","isPartOf":{"@id":"https:\/\/www.desercik.pl\/tribal-wars-2\/#website"},"primaryImageOfPage":{"@id":"https:\/\/www.desercik.pl\/tribal-wars-2\/faq-najczestsze-pytania-graczy\/#primaryimage"},"image":{"@id":"https:\/\/www.desercik.pl\/tribal-wars-2\/faq-najczestsze-pytania-graczy\/#primaryimage"},"thumbnailUrl":"http:\/\/www.desercik.pl\/wp-content\/uploads\/2014\/06\/ikona-sojuszu.jpg","datePublished":"2014-08-04T22:13:58+00:00","breadcrumb":{"@id":"https:\/\/www.desercik.pl\/tribal-wars-2\/faq-najczestsze-pytania-graczy\/#breadcrumb"},"inLanguage":"pl-PL","potentialAction":[{"@type":"ReadAction","target":["https:\/\/www.desercik.pl\/tribal-wars-2\/faq-najczestsze-pytania-graczy\/"]}]},{"@type":"ImageObject","inLanguage":"pl-PL","@id":"https:\/\/www.desercik.pl\/tribal-wars-2\/faq-najczestsze-pytania-graczy\/#primaryimage","url":"http:\/\/www.desercik.pl\/wp-content\/uploads\/2014\/06\/ikona-sojuszu.jpg","contentUrl":"http:\/\/www.desercik.pl\/wp-content\/uploads\/2014\/06\/ikona-sojuszu.jpg"},{"@type":"BreadcrumbList","@id":"https:\/\/www.desercik.pl\/tribal-wars-2\/faq-najczestsze-pytania-graczy\/#breadcrumb","itemListElement":[{"@type":"ListItem","position":1,"name":"Strona g\u0142\u00f3wna","item":"https:\/\/www.desercik.pl\/tribal-wars-2\/"},{"@type":"ListItem","position":2,"name":"FAQ: Najcz\u0119stsze pytania graczy"}]},{"@type":"WebSite","@id":"https:\/\/www.desercik.pl\/tribal-wars-2\/#website","url":"https:\/\/www.desercik.pl\/tribal-wars-2\/","name":"Plemiona 2","description":"","potentialAction":[{"@type":"SearchAction","target":{"@type":"EntryPoint","urlTemplate":"https:\/\/www.desercik.pl\/tribal-wars-2\/?s={search_term_string}"},"query-input":{"@type":"PropertyValueSpecification","valueRequired":true,"valueName":"search_term_string"}}],"inLanguage":"pl-PL"}]}},"_links":{"self":[{"href":"https:\/\/www.desercik.pl\/tribal-wars-2\/wp-json\/wp\/v2\/pages\/429","targetHints":{"allow":["GET"]}}],"collection":[{"href":"https:\/\/www.desercik.pl\/tribal-wars-2\/wp-json\/wp\/v2\/pages"}],"about":[{"href":"https:\/\/www.desercik.pl\/tribal-wars-2\/wp-json\/wp\/v2\/types\/page"}],"author":[{"embeddable":true,"href":"https:\/\/www.desercik.pl\/tribal-wars-2\/wp-json\/wp\/v2\/users\/1"}],"replies":[{"embeddable":true,"href":"https:\/\/www.desercik.pl\/tribal-wars-2\/wp-json\/wp\/v2\/comments?post=429"}],"version-history":[{"count":0,"href":"https:\/\/www.desercik.pl\/tribal-wars-2\/wp-json\/wp\/v2\/pages\/429\/revisions"}],"wp:attachment":[{"href":"https:\/\/www.desercik.pl\/tribal-wars-2\/wp-json\/wp\/v2\/media?parent=429"}],"curies":[{"name":"wp","href":"https:\/\/api.w.org\/{rel}","templated":true}]}}