{"id":423,"date":"2014-08-04T23:52:13","date_gmt":"2014-08-04T21:52:13","guid":{"rendered":"http:\/\/www.desercik.pl\/tribal-wars-2\/?page_id=423"},"modified":"2014-08-04T23:54:57","modified_gmt":"2014-08-04T21:54:57","slug":"krol-forteca-twierdza","status":"publish","type":"page","link":"https:\/\/www.desercik.pl\/tribal-wars-2\/krol-forteca-twierdza\/","title":{"rendered":"Kr\u00f3l i Forteca (Twierdza)"},"content":{"rendered":"<p>Czy kiedykolwiek marzyli\u015bcie, aby <span style=\"color: #008000;\"><strong>zosta\u0107 Kr\u00f3lem<\/strong><\/span>? To mo\u017cliwe w grze <a title=\"Plemiona 2\" href=\"http:\/\/www.desercik.pl\/index.php\/2014\/06\/03\/plemiona-2\/\"><em>Plemiona 2<\/em><\/a>. Jak wiecie ju\u017c z poprzedniego poradnika \u015bwiat gry podzielony jest na kilka kr\u00f3lestw. W pewnym momencie gry, kiedy dany \u015bwiat osi\u0105gnie pewien wiek, a suma punkt\u00f3w wszystkich graczy osi\u0105gnie konkretny pu\u0142ap to rozpoczyna si\u0119 specjalne wydarzenie zwane <em>\u201eendgame\u201d<\/em>. <!--more-->O jego rozpocz\u0119ciu zostaniemy poinformowani w wyprzedzeniem 14-dniowym o ile posiadamy cho\u0107by jedn\u0105 wiosk\u0119 w kr\u00f3lestwie, w kt\u00f3rym on si\u0119 odb\u0119dzie.<\/p>\n<ol>\n<li><a title=\"Wszystko co musimy wiedzie\u0107 o Twierzy w TW2\" href=\"#twierdza\">Twierdza (Forteca)<\/a><\/li>\n<li><a title=\"Jak zosta\u0107 kr\u00f3lem?\" href=\"#krol\">Kr\u00f3l ca\u0142ego kr\u00f3lestwa<\/a><\/li>\n<li><a title=\"Tabela dost\u0119pnych oficer\u00f3w w grze\" href=\"#oficerowie\">Oficerowie<\/a><\/li>\n<li><a title=\"Jak zosta\u0107 kr\u00f3lem na zawsze?\" href=\"#wieczny\">Wieczny Kr\u00f3l<\/a><\/li>\n<\/ol>\n<h3><a name=\"twierdza\"><\/a>Twierdza (Forteca) &#8211; co on niej wiemy?<\/h3>\n<p>Gdy event si\u0119 rozpocznie pojawi\u0105 si\u0119 dodatkowa opcja w Kwaterze G\u0142\u00f3wnej ka\u017cdej wioski w kr\u00f3lestwie: <span style=\"color: #008000;\"><strong>Twierdza<\/strong><\/span>. Je\u015bli budynek g\u0142\u00f3wny ma ju\u017c maksymalny poziom to mo\u017cemy go ulepszy\u0107 w fortece. Mo\u017cna j\u0105 p\u00f3\u017aniej rozbudowywa\u0107 o 30 poziom\u00f3w, ale to kosztowne przedsi\u0119wzi\u0119cie. Do <span style=\"color: #008000;\"><strong>rozbudowy potrzeba tak wiele surowc\u00f3w<\/strong><\/span>, \u017ce b\u0119dziemy je musieli trzyma\u0107 w Twierdzy, gdy\u017c magazyny nie dadz\u0105 rady. Pojemno\u015b\u0107 fortecy dopasowuje si\u0119 do wymaganej ilo\u015bci surowc\u00f3w do jej rozbudowy. Musimy do niej przewozi\u0107 surowce z innych wiosek.<\/p>\n<p>Je\u015bli dana wioska posiada fortece (twierdz\u0119) to ka\u017cdy cz\u0142onek naszego klanu mo\u017ce do niej bezpo\u015brednio przesy\u0142a\u0107 surowce bez \u017cadnych ogranicze\u0144.<\/p>\n<p><strong><span style=\"color: #ff0000;\">Uwaga:<\/span><\/strong> Nie mo\u017cna tutaj u\u017cywa\u0107 funkcji premium zmniejszaj\u0105cych koszty czy pozwalaj\u0105cych zako\u0144czy\u0107 wcze\u015bniej jej budow\u0119.<\/p>\n<h3><a name=\"krol\"><\/a>Kr\u00f3l ca\u0142ego kr\u00f3lestwa<\/h3>\n<p><span style=\"color: #008000;\"><strong>A teraz jak zosta\u0107 kr\u00f3lem?<\/strong><\/span> To bardzo proste, cho\u0107 jedynie w teorii. Musimy zosta\u0107 pierwszym w\u0142adc\u0105 w kr\u00f3lestwie, kt\u00f3ry rozbudowuje w jednej ze swoich wiosek <strong><span style=\"color: #008000;\">fortece na 10 poziom<\/span><\/strong>. Jednak utrzymanie tytu\u0142u jest r\u00f3wnie\u017c bardzo trudne bo zawsze to my musimy posiada\u0107 najbardziej rozbudowan\u0105 fortec\u0119 w ca\u0142ym kr\u00f3lestwie.<\/p>\n<p>Dodatkowo nie wolno zapomina\u0107 nam to tym, \u017ce wioska z fortec\u0105 musi by\u0107 pilnie strze\u017cona i wymaga to ci\u0105g\u0142ej wsp\u00f3\u0142pracy ca\u0142ego sojuszu. R\u00f3wnie\u017c nale\u017cy uwa\u017ca\u0107 na wrogich szpieg\u00f3w, kt\u00f3rzy zechc\u0105 u\u017cy\u0107 sabota\u017cu, aby zniszczy\u0107 nam wiosk\u0119.<\/p>\n<p>Innym sposobem na zachowaniu tytu\u0142u jest zniszczenie wrogiej fortecy, wi\u0119c nie skupiajcie si\u0119 jedynie na sobie i swoich wioskach.<\/p>\n<p><strong>Jakie przywileje\/korzy\u015bci nabywa kr\u00f3l?<\/strong><\/p>\n<p>Mo\u017cemy mianowa\u0107 cz\u0142onk\u00f3w swojego plemienia na oficer\u00f3w. Ci, kt\u00f3rzy nimi zostan\u0105 otrzymaj\u0105 znaczne korzy\u015bci, o czym mowa w poni\u017cszej tabeli:<\/p>\n<table class=\"tabela\">\n<tbody>\n<tr>\n<th style=\"text-align: center;\" colspan=\"2\"><a name=\"oficerowie\"><\/a>Dost\u0119pni oficerowie w Tribal Wars 2<\/th>\n<\/tr>\n<tr>\n<th style=\"text-align: center;\">Oficer<\/th>\n<th style=\"text-align: center;\">Opis (co daje?)<\/th>\n<\/tr>\n<tr>\n<td width=\"160px;\"><a href=\"http:\/\/www.desercik.pl\/wp-content\/uploads\/2014\/06\/Treasurer.png\"><img loading=\"lazy\" decoding=\"async\" src=\"http:\/\/www.desercik.pl\/wp-content\/uploads\/2014\/06\/Treasurer-150x150.png\" alt=\"Treasurer\" width=\"150\" height=\"150\" \/><\/a><\/td>\n<td>Skarbnik (Treasurer) mo\u017ce o 20% taniej wybija\u0107 z\u0142ote monety.<\/td>\n<\/tr>\n<tr>\n<td><a href=\"http:\/\/www.desercik.pl\/wp-content\/uploads\/2014\/06\/Marshall.png\"><img loading=\"lazy\" decoding=\"async\" src=\"http:\/\/www.desercik.pl\/wp-content\/uploads\/2014\/06\/Marshall-150x150.png\" alt=\"Marshall\" width=\"150\" height=\"150\" \/><\/a><\/td>\n<td>Marsza\u0142ek (Marshal) &#8211;\u00a0Koszt treningu jednostek jest zmniejszony o 20%. Niestety wykluczone s\u0105 takie jednostki jak Szlachcic, Szpiedzy, Preceptory i maszyny obl\u0119\u017cnicze.<\/td>\n<\/tr>\n<tr>\n<td><a href=\"http:\/\/www.desercik.pl\/wp-content\/uploads\/2014\/06\/MasterBuilder.png\"><img loading=\"lazy\" decoding=\"async\" src=\"http:\/\/www.desercik.pl\/wp-content\/uploads\/2014\/06\/MasterBuilder-150x150.png\" alt=\"MasterBuilder\" width=\"150\" height=\"150\" \/><\/a><\/td>\n<td>Architekt (Architect) &#8211;\u00a0Koszt budynk\u00f3w zredukowany jest o 20%.<\/td>\n<\/tr>\n<tr>\n<td><a href=\"http:\/\/www.desercik.pl\/wp-content\/uploads\/2014\/06\/Inquisitor.png\"><img loading=\"lazy\" decoding=\"async\" src=\"http:\/\/www.desercik.pl\/wp-content\/uploads\/2014\/06\/Inquisitor-150x150.png\" alt=\"Inquisitor\" width=\"150\" height=\"150\" \/><\/a><\/td>\n<td>Inkwizytor (Inquisitor) &#8211;\u00a0Jego armi\u0119 ignoruj\u0105 kary za atak poza prowincj\u0105, r\u00f3wnie\u017c dotyczy to obrony.<\/td>\n<\/tr>\n<tr>\n<td><a href=\"http:\/\/www.desercik.pl\/wp-content\/uploads\/2014\/06\/SecretaryOfTrade.png\"><img loading=\"lazy\" decoding=\"async\" src=\"http:\/\/www.desercik.pl\/wp-content\/uploads\/2014\/06\/SecretaryOfTrade-150x150.png\" alt=\"SecretaryOfTrade\" width=\"150\" height=\"150\" \/><\/a><\/td>\n<td>Sekretarz Handlu (Secretary of Trade) &#8211;\u00a0Handlarze poruszaj\u0105 si\u0119 dwa razy szybciej i mog\u0105 przenosi\u0107 o 100% wi\u0119cej \u0142adunku. Pr\u0119dko\u015b\u0107 w handlu na rynku pozostaje niezmieniona. Mo\u017ce dostarcza\u0107 surowce do ka\u017cdej wioski bez ogranicze\u0144.<\/td>\n<\/tr>\n<tr>\n<td><a href=\"http:\/\/www.desercik.pl\/wp-content\/uploads\/2014\/06\/SpyMaster.png\"><img loading=\"lazy\" decoding=\"async\" src=\"http:\/\/www.desercik.pl\/wp-content\/uploads\/2014\/06\/SpyMaster-150x150.png\" alt=\"SpyMaster\" width=\"150\" height=\"150\" \/><\/a><\/td>\n<td>Spymaster &#8211;\u00a0Szpiedzy maj\u0105 o 50% wi\u0119ksze szanse na sukces w ka\u017cdej misji, nawet w obronie.<\/td>\n<\/tr>\n<\/tbody>\n<\/table>\n<h3><a name=\"wieczny\"><\/a>Wieczny Kr\u00f3l<\/h3>\n<p>Je\u015bli uda nam si\u0119 by\u0107 pierwszym graczem w kr\u00f3lestwie, kt\u00f3remu uda si\u0119 rozbudowa\u0107 fortec\u0119 na poziom 30 (maksymalny) to zostaniemy mianowani na <span style=\"color: #008000;\"><strong>Wiecznego Kr\u00f3la<\/strong><\/span>. Oznacza to jedno \u2013 nigdy nie utracimy tytu\u0142u i mo\u017cemy przej\u0105\u0107 rz\u0105dy na zawsze. Co ciekawsze \u2013 inne fortece w kr\u00f3lestwie stan\u0105 si\u0119 nieaktywne i \u017caden gracze nie b\u0119dzie m\u00f3g\u0142 ich ani budowa\u0107, ani rozbudowywa\u0107. Co wi\u0119cej, wioska z <span style=\"color: #008000;\"><strong>30-poziomow\u0105 fortec\u0105<\/strong><\/span> otrzyma specjaln\u0105 ochron\u0119 przed atakami. Wszystkie armie pr\u00f3buj\u0105ce szcz\u0119\u015bcia padn\u0105 na kolana przed swym w\u0142adc\u0105.<\/p>\n<p><strong><span style=\"color: #008000;\">Wskaz\u00f3wka:<\/span><\/strong> Je\u015bli nie widzicie szans dla swojego plemienia przej\u0119cia w\u0142adzy w danym kr\u00f3lestwie to skupcie si\u0119 na innym. W Plemionach 2 jest ich 100 w ca\u0142ym \u015bwiecie.<br \/>\n<strong><span style=\"color: #ff0000;\">Uwaga:<\/span><\/strong> Event zwi\u0105zany z kr\u00f3lem i rozbudow\u0105 twierdzy nie ko\u0144czy gry.<\/p>\n","protected":false},"excerpt":{"rendered":"<p>Czy kiedykolwiek marzyli\u015bcie, aby zosta\u0107 Kr\u00f3lem? To mo\u017cliwe w grze Plemiona 2. Jak wiecie ju\u017c z poprzedniego poradnika \u015bwiat gry podzielony jest na kilka kr\u00f3lestw. W pewnym momencie gry, kiedy dany \u015bwiat osi\u0105gnie pewien wiek, a suma punkt\u00f3w wszystkich graczy&hellip; <a href=\"https:\/\/www.desercik.pl\/tribal-wars-2\/krol-forteca-twierdza\/\" class=\"more-link\">Continue Reading <span class=\"meta-nav\">&rarr;<\/span><\/a><\/p>\n","protected":false},"author":1,"featured_media":0,"parent":0,"menu_order":0,"comment_status":"open","ping_status":"open","template":"","meta":{"footnotes":""},"class_list":["post-423","page","type-page","status-publish","hentry"],"yoast_head":"<!-- This site is optimized with the Yoast SEO plugin v27.3 - https:\/\/yoast.com\/product\/yoast-seo-wordpress\/ -->\n<title>Kr\u00f3l i Forteca (Twierdza) - Plemiona 2 - Tribal Wars 2<\/title>\n<meta name=\"robots\" content=\"index, follow, max-snippet:-1, max-image-preview:large, max-video-preview:-1\" \/>\n<link rel=\"canonical\" href=\"https:\/\/www.desercik.pl\/tribal-wars-2\/krol-forteca-twierdza\/\" \/>\n<meta property=\"og:locale\" content=\"pl_PL\" \/>\n<meta property=\"og:type\" content=\"article\" \/>\n<meta property=\"og:title\" content=\"Kr\u00f3l i Forteca (Twierdza) - Plemiona 2 - Tribal Wars 2\" \/>\n<meta property=\"og:description\" content=\"Czy kiedykolwiek marzyli\u015bcie, aby zosta\u0107 Kr\u00f3lem? To mo\u017cliwe w grze Plemiona 2. Jak wiecie ju\u017c z poprzedniego poradnika \u015bwiat gry podzielony jest na kilka kr\u00f3lestw. W pewnym momencie gry, kiedy dany \u015bwiat osi\u0105gnie pewien wiek, a suma punkt\u00f3w wszystkich graczy&hellip; Continue Reading &rarr;\" \/>\n<meta property=\"og:url\" content=\"https:\/\/www.desercik.pl\/tribal-wars-2\/krol-forteca-twierdza\/\" \/>\n<meta property=\"og:site_name\" content=\"Plemiona 2\" \/>\n<meta property=\"article:modified_time\" content=\"2014-08-04T21:54:57+00:00\" \/>\n<meta property=\"og:image\" content=\"http:\/\/www.desercik.pl\/wp-content\/uploads\/2014\/06\/Treasurer-150x150.png\" \/>\n<meta name=\"twitter:label1\" content=\"Szacowany czas czytania\" \/>\n\t<meta name=\"twitter:data1\" content=\"3 minuty\" \/>\n<script type=\"application\/ld+json\" class=\"yoast-schema-graph\">{\"@context\":\"https:\\\/\\\/schema.org\",\"@graph\":[{\"@type\":\"WebPage\",\"@id\":\"https:\\\/\\\/www.desercik.pl\\\/tribal-wars-2\\\/krol-forteca-twierdza\\\/\",\"url\":\"https:\\\/\\\/www.desercik.pl\\\/tribal-wars-2\\\/krol-forteca-twierdza\\\/\",\"name\":\"Kr\u00f3l i Forteca (Twierdza) - Plemiona 2 - Tribal Wars 2\",\"isPartOf\":{\"@id\":\"https:\\\/\\\/www.desercik.pl\\\/tribal-wars-2\\\/#website\"},\"primaryImageOfPage\":{\"@id\":\"https:\\\/\\\/www.desercik.pl\\\/tribal-wars-2\\\/krol-forteca-twierdza\\\/#primaryimage\"},\"image\":{\"@id\":\"https:\\\/\\\/www.desercik.pl\\\/tribal-wars-2\\\/krol-forteca-twierdza\\\/#primaryimage\"},\"thumbnailUrl\":\"http:\\\/\\\/www.desercik.pl\\\/wp-content\\\/uploads\\\/2014\\\/06\\\/Treasurer-150x150.png\",\"datePublished\":\"2014-08-04T21:52:13+00:00\",\"dateModified\":\"2014-08-04T21:54:57+00:00\",\"breadcrumb\":{\"@id\":\"https:\\\/\\\/www.desercik.pl\\\/tribal-wars-2\\\/krol-forteca-twierdza\\\/#breadcrumb\"},\"inLanguage\":\"pl-PL\",\"potentialAction\":[{\"@type\":\"ReadAction\",\"target\":[\"https:\\\/\\\/www.desercik.pl\\\/tribal-wars-2\\\/krol-forteca-twierdza\\\/\"]}]},{\"@type\":\"ImageObject\",\"inLanguage\":\"pl-PL\",\"@id\":\"https:\\\/\\\/www.desercik.pl\\\/tribal-wars-2\\\/krol-forteca-twierdza\\\/#primaryimage\",\"url\":\"http:\\\/\\\/www.desercik.pl\\\/wp-content\\\/uploads\\\/2014\\\/06\\\/Treasurer-150x150.png\",\"contentUrl\":\"http:\\\/\\\/www.desercik.pl\\\/wp-content\\\/uploads\\\/2014\\\/06\\\/Treasurer-150x150.png\"},{\"@type\":\"BreadcrumbList\",\"@id\":\"https:\\\/\\\/www.desercik.pl\\\/tribal-wars-2\\\/krol-forteca-twierdza\\\/#breadcrumb\",\"itemListElement\":[{\"@type\":\"ListItem\",\"position\":1,\"name\":\"Strona g\u0142\u00f3wna\",\"item\":\"https:\\\/\\\/www.desercik.pl\\\/tribal-wars-2\\\/\"},{\"@type\":\"ListItem\",\"position\":2,\"name\":\"Kr\u00f3l i Forteca (Twierdza)\"}]},{\"@type\":\"WebSite\",\"@id\":\"https:\\\/\\\/www.desercik.pl\\\/tribal-wars-2\\\/#website\",\"url\":\"https:\\\/\\\/www.desercik.pl\\\/tribal-wars-2\\\/\",\"name\":\"Plemiona 2\",\"description\":\"\",\"potentialAction\":[{\"@type\":\"SearchAction\",\"target\":{\"@type\":\"EntryPoint\",\"urlTemplate\":\"https:\\\/\\\/www.desercik.pl\\\/tribal-wars-2\\\/?s={search_term_string}\"},\"query-input\":{\"@type\":\"PropertyValueSpecification\",\"valueRequired\":true,\"valueName\":\"search_term_string\"}}],\"inLanguage\":\"pl-PL\"}]}<\/script>\n<!-- \/ Yoast SEO plugin. -->","yoast_head_json":{"title":"Kr\u00f3l i Forteca (Twierdza) - Plemiona 2 - Tribal Wars 2","robots":{"index":"index","follow":"follow","max-snippet":"max-snippet:-1","max-image-preview":"max-image-preview:large","max-video-preview":"max-video-preview:-1"},"canonical":"https:\/\/www.desercik.pl\/tribal-wars-2\/krol-forteca-twierdza\/","og_locale":"pl_PL","og_type":"article","og_title":"Kr\u00f3l i Forteca (Twierdza) - Plemiona 2 - Tribal Wars 2","og_description":"Czy kiedykolwiek marzyli\u015bcie, aby zosta\u0107 Kr\u00f3lem? To mo\u017cliwe w grze Plemiona 2. Jak wiecie ju\u017c z poprzedniego poradnika \u015bwiat gry podzielony jest na kilka kr\u00f3lestw. W pewnym momencie gry, kiedy dany \u015bwiat osi\u0105gnie pewien wiek, a suma punkt\u00f3w wszystkich graczy&hellip; Continue Reading &rarr;","og_url":"https:\/\/www.desercik.pl\/tribal-wars-2\/krol-forteca-twierdza\/","og_site_name":"Plemiona 2","article_modified_time":"2014-08-04T21:54:57+00:00","og_image":[{"url":"http:\/\/www.desercik.pl\/wp-content\/uploads\/2014\/06\/Treasurer-150x150.png","type":"","width":"","height":""}],"twitter_misc":{"Szacowany czas czytania":"3 minuty"},"schema":{"@context":"https:\/\/schema.org","@graph":[{"@type":"WebPage","@id":"https:\/\/www.desercik.pl\/tribal-wars-2\/krol-forteca-twierdza\/","url":"https:\/\/www.desercik.pl\/tribal-wars-2\/krol-forteca-twierdza\/","name":"Kr\u00f3l i Forteca (Twierdza) - Plemiona 2 - Tribal Wars 2","isPartOf":{"@id":"https:\/\/www.desercik.pl\/tribal-wars-2\/#website"},"primaryImageOfPage":{"@id":"https:\/\/www.desercik.pl\/tribal-wars-2\/krol-forteca-twierdza\/#primaryimage"},"image":{"@id":"https:\/\/www.desercik.pl\/tribal-wars-2\/krol-forteca-twierdza\/#primaryimage"},"thumbnailUrl":"http:\/\/www.desercik.pl\/wp-content\/uploads\/2014\/06\/Treasurer-150x150.png","datePublished":"2014-08-04T21:52:13+00:00","dateModified":"2014-08-04T21:54:57+00:00","breadcrumb":{"@id":"https:\/\/www.desercik.pl\/tribal-wars-2\/krol-forteca-twierdza\/#breadcrumb"},"inLanguage":"pl-PL","potentialAction":[{"@type":"ReadAction","target":["https:\/\/www.desercik.pl\/tribal-wars-2\/krol-forteca-twierdza\/"]}]},{"@type":"ImageObject","inLanguage":"pl-PL","@id":"https:\/\/www.desercik.pl\/tribal-wars-2\/krol-forteca-twierdza\/#primaryimage","url":"http:\/\/www.desercik.pl\/wp-content\/uploads\/2014\/06\/Treasurer-150x150.png","contentUrl":"http:\/\/www.desercik.pl\/wp-content\/uploads\/2014\/06\/Treasurer-150x150.png"},{"@type":"BreadcrumbList","@id":"https:\/\/www.desercik.pl\/tribal-wars-2\/krol-forteca-twierdza\/#breadcrumb","itemListElement":[{"@type":"ListItem","position":1,"name":"Strona g\u0142\u00f3wna","item":"https:\/\/www.desercik.pl\/tribal-wars-2\/"},{"@type":"ListItem","position":2,"name":"Kr\u00f3l i Forteca (Twierdza)"}]},{"@type":"WebSite","@id":"https:\/\/www.desercik.pl\/tribal-wars-2\/#website","url":"https:\/\/www.desercik.pl\/tribal-wars-2\/","name":"Plemiona 2","description":"","potentialAction":[{"@type":"SearchAction","target":{"@type":"EntryPoint","urlTemplate":"https:\/\/www.desercik.pl\/tribal-wars-2\/?s={search_term_string}"},"query-input":{"@type":"PropertyValueSpecification","valueRequired":true,"valueName":"search_term_string"}}],"inLanguage":"pl-PL"}]}},"_links":{"self":[{"href":"https:\/\/www.desercik.pl\/tribal-wars-2\/wp-json\/wp\/v2\/pages\/423","targetHints":{"allow":["GET"]}}],"collection":[{"href":"https:\/\/www.desercik.pl\/tribal-wars-2\/wp-json\/wp\/v2\/pages"}],"about":[{"href":"https:\/\/www.desercik.pl\/tribal-wars-2\/wp-json\/wp\/v2\/types\/page"}],"author":[{"embeddable":true,"href":"https:\/\/www.desercik.pl\/tribal-wars-2\/wp-json\/wp\/v2\/users\/1"}],"replies":[{"embeddable":true,"href":"https:\/\/www.desercik.pl\/tribal-wars-2\/wp-json\/wp\/v2\/comments?post=423"}],"version-history":[{"count":0,"href":"https:\/\/www.desercik.pl\/tribal-wars-2\/wp-json\/wp\/v2\/pages\/423\/revisions"}],"wp:attachment":[{"href":"https:\/\/www.desercik.pl\/tribal-wars-2\/wp-json\/wp\/v2\/media?parent=423"}],"curies":[{"name":"wp","href":"https:\/\/api.w.org\/{rel}","templated":true}]}}