{"id":372,"date":"2014-08-04T20:38:56","date_gmt":"2014-08-04T18:38:56","guid":{"rendered":"http:\/\/www.desercik.pl\/tribal-wars-2\/?page_id=372"},"modified":"2014-08-04T20:42:13","modified_gmt":"2014-08-04T18:42:13","slug":"poradniki-tribal-wars-2-plemiona-2","status":"publish","type":"page","link":"https:\/\/www.desercik.pl\/tribal-wars-2\/","title":{"rendered":"Poradniki do Tribal Wars 2"},"content":{"rendered":"<h2>Witajcie na stronie z poradnikami do Tribal Wars 2 (Plemiona 2)<\/h2>\n<p>Informacje zawarte na tej stronie maj\u0105 na celu pom\u00f3c graczom pozna\u0107 gr\u0119 <a href=\"https:\/\/www.desercik.pl\/tribal-wars-2\/wp-content\/uploads\/2014\/08\/Paladin_fp.png\"><img loading=\"lazy\" decoding=\"async\" class=\"alignright wp-image-375 size-full\" title=\"Wizerunek Paladyna (Rycerza)\" src=\"https:\/\/www.desercik.pl\/tribal-wars-2\/wp-content\/uploads\/2014\/08\/Paladin_fp.png\" alt=\"Wizerunek Paladyna (Rycerza)\" width=\"343\" height=\"600\" srcset=\"https:\/\/www.desercik.pl\/tribal-wars-2\/wp-content\/uploads\/2014\/08\/Paladin_fp.png 343w, https:\/\/www.desercik.pl\/tribal-wars-2\/wp-content\/uploads\/2014\/08\/Paladin_fp-171x300.png 171w\" sizes=\"auto, (max-width: 343px) 100vw, 343px\" \/><\/a>od samych podstaw i dlatego postaramy si\u0119 codziennie opisywa\u0107 szczeg\u00f3\u0142owo ka\u017cdy nowy element gry, kt\u00f3ry wp\u0142ywa na rozw\u00f3j waszych imperialistycznych zap\u0119d\u00f3w. Dzi\u0119ki poradnikom poznacie wszelkiego rodzaju jednostki, dzia\u0142ania kolejnych budynk\u00f3w jak i pojawi\u0105 si\u0119 tutaj wszelkie informacje i nowo\u015bci na temat samej gry.<\/p>\n<p>Gra Tribal Wars 2 przeniesie nas w czasy \u015bredniowiecza, gdzie ka\u017cdy gracz na pocz\u0105tku kontroluje niewielk\u0105 wiosk\u0119, kt\u00f3r\u0105 rozbudowuj\u0105c mo\u017ce podnie\u015b\u0107 do rangi imperium. Jednak\u017ce nasza wioska nie jest jedyn\u0105 w \u015bwiecie gry i trzeba liczy\u0107 si\u0119 z innymi w\u0142adcami, kt\u00f3rzy ch\u0119tnie przejm\u0105 nasze wioski, w kt\u00f3re w\u0142o\u017cyli\u015bmy tyle pracy, dlatego zar\u00f3wno strategia ofensywna jak i obronna s\u0105 klucze do zwyci\u0119stwa. Oczywi\u015bcie i my sami mo\u017cemy stworzy\u0107 armi\u0119 i ruszy\u0107 na podb\u00f3j nowych osad, ale wcze\u015bniej czy p\u00f3\u017aniej b\u0119dziemy potrzebowali sojuszu, tytu\u0142owego Plemienia, kt\u00f3re b\u0119dzie wspiera\u0142o nas w walce i obronie, b\u0119dzie z nami na dobre i z\u0142e.<\/p>\n<p>Czy jeste\u015b got\u00f3w, aby podbija\u0107 nowe wioski?<\/p>\n<p>Poznanie zasad panuj\u0105cych w grze Plemiona 2 to bardzo wa\u017cna sprawa, dlatego po\u015bwi\u0119cili\u015bmy na to ca\u0142y dzia\u0142 na Deserciku. W du\u017cej mierze korzystamy z angielskiej wiki, kt\u00f3ra pozwala nam pozyska\u0107 szybciej najwa\u017cniejsze informacje o samej rozgrywce i dzia\u0142aj\u0105cych w niej systemach.<\/p>\n","protected":false},"excerpt":{"rendered":"<p>Witajcie na stronie z poradnikami do Tribal Wars 2 (Plemiona 2) Informacje zawarte na tej stronie maj\u0105 na celu pom\u00f3c graczom pozna\u0107 gr\u0119 od samych podstaw i dlatego postaramy si\u0119 codziennie opisywa\u0107 szczeg\u00f3\u0142owo ka\u017cdy nowy element gry, kt\u00f3ry wp\u0142ywa na&hellip; <a href=\"https:\/\/www.desercik.pl\/tribal-wars-2\/\" class=\"more-link\">Continue Reading <span class=\"meta-nav\">&rarr;<\/span><\/a><\/p>\n","protected":false},"author":1,"featured_media":0,"parent":0,"menu_order":0,"comment_status":"open","ping_status":"open","template":"","meta":{"footnotes":""},"class_list":["post-372","page","type-page","status-publish","hentry"],"yoast_head":"<!-- This site is optimized with the Yoast SEO plugin v27.3 - https:\/\/yoast.com\/product\/yoast-seo-wordpress\/ -->\n<title>Poradniki do Tribal Wars 2 - Plemiona 2 - Tribal Wars 2<\/title>\n<meta name=\"robots\" content=\"index, follow, max-snippet:-1, max-image-preview:large, max-video-preview:-1\" \/>\n<link rel=\"canonical\" href=\"https:\/\/www.desercik.pl\/tribal-wars-2\/\" \/>\n<meta property=\"og:locale\" content=\"pl_PL\" \/>\n<meta property=\"og:type\" content=\"article\" \/>\n<meta property=\"og:title\" content=\"Poradniki do Tribal Wars 2 - Plemiona 2 - Tribal Wars 2\" \/>\n<meta property=\"og:description\" content=\"Witajcie na stronie z poradnikami do Tribal Wars 2 (Plemiona 2) Informacje zawarte na tej stronie maj\u0105 na celu pom\u00f3c graczom pozna\u0107 gr\u0119 od samych podstaw i dlatego postaramy si\u0119 codziennie opisywa\u0107 szczeg\u00f3\u0142owo ka\u017cdy nowy element gry, kt\u00f3ry wp\u0142ywa na&hellip; Continue Reading &rarr;\" \/>\n<meta property=\"og:url\" content=\"https:\/\/www.desercik.pl\/tribal-wars-2\/\" \/>\n<meta property=\"og:site_name\" content=\"Plemiona 2\" \/>\n<meta property=\"article:modified_time\" content=\"2014-08-04T18:42:13+00:00\" \/>\n<meta property=\"og:image\" content=\"https:\/\/www.desercik.pl\/tribal-wars-2\/wp-content\/uploads\/2014\/08\/Paladin_fp.png\" \/>\n\t<meta property=\"og:image:width\" content=\"343\" \/>\n\t<meta property=\"og:image:height\" content=\"600\" \/>\n\t<meta property=\"og:image:type\" content=\"image\/png\" \/>\n<meta name=\"twitter:label1\" content=\"Szacowany czas czytania\" \/>\n\t<meta name=\"twitter:data1\" content=\"1 minuta\" \/>\n<script type=\"application\/ld+json\" class=\"yoast-schema-graph\">{\"@context\":\"https:\\\/\\\/schema.org\",\"@graph\":[{\"@type\":\"WebPage\",\"@id\":\"https:\\\/\\\/www.desercik.pl\\\/tribal-wars-2\\\/\",\"url\":\"https:\\\/\\\/www.desercik.pl\\\/tribal-wars-2\\\/\",\"name\":\"Poradniki do Tribal Wars 2 - Plemiona 2 - Tribal Wars 2\",\"isPartOf\":{\"@id\":\"https:\\\/\\\/www.desercik.pl\\\/tribal-wars-2\\\/#website\"},\"primaryImageOfPage\":{\"@id\":\"https:\\\/\\\/www.desercik.pl\\\/tribal-wars-2\\\/#primaryimage\"},\"image\":{\"@id\":\"https:\\\/\\\/www.desercik.pl\\\/tribal-wars-2\\\/#primaryimage\"},\"thumbnailUrl\":\"https:\\\/\\\/www.desercik.pl\\\/tribal-wars-2\\\/wp-content\\\/uploads\\\/2014\\\/08\\\/Paladin_fp.png\",\"datePublished\":\"2014-08-04T18:38:56+00:00\",\"dateModified\":\"2014-08-04T18:42:13+00:00\",\"breadcrumb\":{\"@id\":\"https:\\\/\\\/www.desercik.pl\\\/tribal-wars-2\\\/#breadcrumb\"},\"inLanguage\":\"pl-PL\",\"potentialAction\":[{\"@type\":\"ReadAction\",\"target\":[\"https:\\\/\\\/www.desercik.pl\\\/tribal-wars-2\\\/\"]}]},{\"@type\":\"ImageObject\",\"inLanguage\":\"pl-PL\",\"@id\":\"https:\\\/\\\/www.desercik.pl\\\/tribal-wars-2\\\/#primaryimage\",\"url\":\"https:\\\/\\\/www.desercik.pl\\\/tribal-wars-2\\\/wp-content\\\/uploads\\\/2014\\\/08\\\/Paladin_fp.png\",\"contentUrl\":\"https:\\\/\\\/www.desercik.pl\\\/tribal-wars-2\\\/wp-content\\\/uploads\\\/2014\\\/08\\\/Paladin_fp.png\",\"width\":343,\"height\":600},{\"@type\":\"BreadcrumbList\",\"@id\":\"https:\\\/\\\/www.desercik.pl\\\/tribal-wars-2\\\/#breadcrumb\",\"itemListElement\":[{\"@type\":\"ListItem\",\"position\":1,\"name\":\"Strona g\u0142\u00f3wna\",\"item\":\"https:\\\/\\\/www.desercik.pl\\\/tribal-wars-2\\\/\"},{\"@type\":\"ListItem\",\"position\":2,\"name\":\"Poradniki do Tribal Wars 2\"}]},{\"@type\":\"WebSite\",\"@id\":\"https:\\\/\\\/www.desercik.pl\\\/tribal-wars-2\\\/#website\",\"url\":\"https:\\\/\\\/www.desercik.pl\\\/tribal-wars-2\\\/\",\"name\":\"Plemiona 2\",\"description\":\"\",\"potentialAction\":[{\"@type\":\"SearchAction\",\"target\":{\"@type\":\"EntryPoint\",\"urlTemplate\":\"https:\\\/\\\/www.desercik.pl\\\/tribal-wars-2\\\/?s={search_term_string}\"},\"query-input\":{\"@type\":\"PropertyValueSpecification\",\"valueRequired\":true,\"valueName\":\"search_term_string\"}}],\"inLanguage\":\"pl-PL\"}]}<\/script>\n<!-- \/ Yoast SEO plugin. -->","yoast_head_json":{"title":"Poradniki do Tribal Wars 2 - Plemiona 2 - Tribal Wars 2","robots":{"index":"index","follow":"follow","max-snippet":"max-snippet:-1","max-image-preview":"max-image-preview:large","max-video-preview":"max-video-preview:-1"},"canonical":"https:\/\/www.desercik.pl\/tribal-wars-2\/","og_locale":"pl_PL","og_type":"article","og_title":"Poradniki do Tribal Wars 2 - Plemiona 2 - Tribal Wars 2","og_description":"Witajcie na stronie z poradnikami do Tribal Wars 2 (Plemiona 2) Informacje zawarte na tej stronie maj\u0105 na celu pom\u00f3c graczom pozna\u0107 gr\u0119 od samych podstaw i dlatego postaramy si\u0119 codziennie opisywa\u0107 szczeg\u00f3\u0142owo ka\u017cdy nowy element gry, kt\u00f3ry wp\u0142ywa na&hellip; Continue Reading &rarr;","og_url":"https:\/\/www.desercik.pl\/tribal-wars-2\/","og_site_name":"Plemiona 2","article_modified_time":"2014-08-04T18:42:13+00:00","og_image":[{"width":343,"height":600,"url":"https:\/\/www.desercik.pl\/tribal-wars-2\/wp-content\/uploads\/2014\/08\/Paladin_fp.png","type":"image\/png"}],"twitter_misc":{"Szacowany czas czytania":"1 minuta"},"schema":{"@context":"https:\/\/schema.org","@graph":[{"@type":"WebPage","@id":"https:\/\/www.desercik.pl\/tribal-wars-2\/","url":"https:\/\/www.desercik.pl\/tribal-wars-2\/","name":"Poradniki do Tribal Wars 2 - Plemiona 2 - Tribal Wars 2","isPartOf":{"@id":"https:\/\/www.desercik.pl\/tribal-wars-2\/#website"},"primaryImageOfPage":{"@id":"https:\/\/www.desercik.pl\/tribal-wars-2\/#primaryimage"},"image":{"@id":"https:\/\/www.desercik.pl\/tribal-wars-2\/#primaryimage"},"thumbnailUrl":"https:\/\/www.desercik.pl\/tribal-wars-2\/wp-content\/uploads\/2014\/08\/Paladin_fp.png","datePublished":"2014-08-04T18:38:56+00:00","dateModified":"2014-08-04T18:42:13+00:00","breadcrumb":{"@id":"https:\/\/www.desercik.pl\/tribal-wars-2\/#breadcrumb"},"inLanguage":"pl-PL","potentialAction":[{"@type":"ReadAction","target":["https:\/\/www.desercik.pl\/tribal-wars-2\/"]}]},{"@type":"ImageObject","inLanguage":"pl-PL","@id":"https:\/\/www.desercik.pl\/tribal-wars-2\/#primaryimage","url":"https:\/\/www.desercik.pl\/tribal-wars-2\/wp-content\/uploads\/2014\/08\/Paladin_fp.png","contentUrl":"https:\/\/www.desercik.pl\/tribal-wars-2\/wp-content\/uploads\/2014\/08\/Paladin_fp.png","width":343,"height":600},{"@type":"BreadcrumbList","@id":"https:\/\/www.desercik.pl\/tribal-wars-2\/#breadcrumb","itemListElement":[{"@type":"ListItem","position":1,"name":"Strona g\u0142\u00f3wna","item":"https:\/\/www.desercik.pl\/tribal-wars-2\/"},{"@type":"ListItem","position":2,"name":"Poradniki do Tribal Wars 2"}]},{"@type":"WebSite","@id":"https:\/\/www.desercik.pl\/tribal-wars-2\/#website","url":"https:\/\/www.desercik.pl\/tribal-wars-2\/","name":"Plemiona 2","description":"","potentialAction":[{"@type":"SearchAction","target":{"@type":"EntryPoint","urlTemplate":"https:\/\/www.desercik.pl\/tribal-wars-2\/?s={search_term_string}"},"query-input":{"@type":"PropertyValueSpecification","valueRequired":true,"valueName":"search_term_string"}}],"inLanguage":"pl-PL"}]}},"_links":{"self":[{"href":"https:\/\/www.desercik.pl\/tribal-wars-2\/wp-json\/wp\/v2\/pages\/372","targetHints":{"allow":["GET"]}}],"collection":[{"href":"https:\/\/www.desercik.pl\/tribal-wars-2\/wp-json\/wp\/v2\/pages"}],"about":[{"href":"https:\/\/www.desercik.pl\/tribal-wars-2\/wp-json\/wp\/v2\/types\/page"}],"author":[{"embeddable":true,"href":"https:\/\/www.desercik.pl\/tribal-wars-2\/wp-json\/wp\/v2\/users\/1"}],"replies":[{"embeddable":true,"href":"https:\/\/www.desercik.pl\/tribal-wars-2\/wp-json\/wp\/v2\/comments?post=372"}],"version-history":[{"count":0,"href":"https:\/\/www.desercik.pl\/tribal-wars-2\/wp-json\/wp\/v2\/pages\/372\/revisions"}],"wp:attachment":[{"href":"https:\/\/www.desercik.pl\/tribal-wars-2\/wp-json\/wp\/v2\/media?parent=372"}],"curies":[{"name":"wp","href":"https:\/\/api.w.org\/{rel}","templated":true}]}}