{"id":359,"date":"2014-08-02T13:11:38","date_gmt":"2014-08-02T11:11:38","guid":{"rendered":"http:\/\/www.desercik.pl\/tribal-wars-2\/?page_id=359"},"modified":"2014-08-05T00:15:56","modified_gmt":"2014-08-04T22:15:56","slug":"inwentarz-gry","status":"publish","type":"page","link":"https:\/\/www.desercik.pl\/tribal-wars-2\/inwentarz-gry\/","title":{"rendered":"Inwentarz"},"content":{"rendered":"<h3><span id=\"What_is_the_Inventory.3F\">Czym jest inwentarz?<br \/>\n<\/span><\/h3>\n<p>Jest to miejsce, w kt\u00f3rych mo\u017cemy przechowywa\u0107 przedmioty i nagrody zdobyte podczas wykonywania zada\u0144, albo te jakie zakupimy w Sklepie Premium. The Inventory is a feature that allows you to store items and rewards which can be obtained from quests or by being bought in the shop.<\/p>\n<h3>Jak mog\u0119 dosta\u0107 si\u0119 do inwentarza?<\/h3>\n<p>W menu dolnym gry mamy ikon\u0119 jak ta zaznaczona poni\u017cej na czerwono, wystarczy j\u0105k klikn\u0105\u0107 lewym przyciskiem myszy.<\/p>\n<div>\n<div><img loading=\"lazy\" decoding=\"async\" src=\"https:\/\/www.desercik.pl\/tribal-wars-2\/wp-content\/uploads\/2014\/08\/Inventory_Shop.png\" alt=\"Inventory Shop.png\" width=\"679\" height=\"88\" \/><\/div>\n<\/div>\n<p>&nbsp;<\/p>\n<h3>Co jest w \u015brodku?<\/h3>\n<p>Poni\u017cej znajdziecie zawarto\u015b\u0107 inwentarza.<\/p>\n<div>\n<div><img loading=\"lazy\" decoding=\"async\" src=\"https:\/\/www.desercik.pl\/tribal-wars-2\/wp-content\/uploads\/2014\/08\/Inside_Inventory.png\" alt=\"Inside Inventory.png\" width=\"708\" height=\"593\" \/><\/div>\n<\/div>\n<p>Znajdziemy tu r\u00f3\u017cnego rodzaju przedmioty, kt\u00f3re maj\u0105 r\u00f3\u017cne przeznaczenie. Boostery mog\u0105 by\u0107 u\u017cywane bezpo\u015brednio z poziomu inwentarza i oznaczone s\u0105 wtedy przyciskiem\u00a0<img loading=\"lazy\" decoding=\"async\" src=\"https:\/\/www.desercik.pl\/tribal-wars-2\/wp-content\/uploads\/2014\/08\/Use_Item.png\" alt=\"Use Item.png\" width=\"318\" height=\"30\" \/>.<\/p>\n<p>S\u0105 jednak przedmioty, kt\u00f3rych nie da si\u0119 u\u017cy\u0107 z poziomu inwentarza i wtedy przy nich mamy nieaktywny button jak poni\u017cej:<\/p>\n<p><img loading=\"lazy\" decoding=\"async\" src=\"https:\/\/www.desercik.pl\/tribal-wars-2\/wp-content\/uploads\/2014\/08\/No_Use_Inventory.png\" alt=\"No Use Inventory.png\" width=\"322\" height=\"34\" \/>.<\/p>\n<p>Je\u015bli nie jeste\u015b pewien, gdzie dany przedmiot mo\u017ce zosta\u0107 u\u017cyty, albo do czego s\u0142u\u017cy to zawsze mo\u017cna klikn\u0105\u0107 na znak zapytania (jak na obrazku wy\u017cej).<\/p>\n","protected":false},"excerpt":{"rendered":"<p>Czym jest inwentarz? Jest to miejsce, w kt\u00f3rych mo\u017cemy przechowywa\u0107 przedmioty i nagrody zdobyte podczas wykonywania zada\u0144, albo te jakie zakupimy w Sklepie Premium. The Inventory is a feature that allows you to store items and rewards which can be&hellip; <a href=\"https:\/\/www.desercik.pl\/tribal-wars-2\/inwentarz-gry\/\" class=\"more-link\">Continue Reading <span class=\"meta-nav\">&rarr;<\/span><\/a><\/p>\n","protected":false},"author":1,"featured_media":0,"parent":0,"menu_order":0,"comment_status":"open","ping_status":"open","template":"","meta":{"footnotes":""},"class_list":["post-359","page","type-page","status-publish","hentry"],"yoast_head":"<!-- This site is optimized with the Yoast SEO plugin v27.3 - https:\/\/yoast.com\/product\/yoast-seo-wordpress\/ -->\n<title>Inwentarz - Plemiona 2 - Tribal Wars 2<\/title>\n<meta name=\"robots\" content=\"index, follow, max-snippet:-1, max-image-preview:large, max-video-preview:-1\" \/>\n<link rel=\"canonical\" href=\"https:\/\/www.desercik.pl\/tribal-wars-2\/inwentarz-gry\/\" \/>\n<meta property=\"og:locale\" content=\"pl_PL\" \/>\n<meta property=\"og:type\" content=\"article\" \/>\n<meta property=\"og:title\" content=\"Inwentarz - Plemiona 2 - Tribal Wars 2\" \/>\n<meta property=\"og:description\" content=\"Czym jest inwentarz? Jest to miejsce, w kt\u00f3rych mo\u017cemy przechowywa\u0107 przedmioty i nagrody zdobyte podczas wykonywania zada\u0144, albo te jakie zakupimy w Sklepie Premium. The Inventory is a feature that allows you to store items and rewards which can be&hellip; Continue Reading &rarr;\" \/>\n<meta property=\"og:url\" content=\"https:\/\/www.desercik.pl\/tribal-wars-2\/inwentarz-gry\/\" \/>\n<meta property=\"og:site_name\" content=\"Plemiona 2\" \/>\n<meta property=\"article:modified_time\" content=\"2014-08-04T22:15:56+00:00\" \/>\n<meta property=\"og:image\" content=\"https:\/\/www.desercik.pl\/tribal-wars-2\/wp-content\/uploads\/2014\/08\/Inventory_Shop.png\" \/>\n<meta name=\"twitter:label1\" content=\"Szacowany czas czytania\" \/>\n\t<meta name=\"twitter:data1\" content=\"1 minuta\" \/>\n<script type=\"application\/ld+json\" class=\"yoast-schema-graph\">{\"@context\":\"https:\\\/\\\/schema.org\",\"@graph\":[{\"@type\":\"WebPage\",\"@id\":\"https:\\\/\\\/www.desercik.pl\\\/tribal-wars-2\\\/inwentarz-gry\\\/\",\"url\":\"https:\\\/\\\/www.desercik.pl\\\/tribal-wars-2\\\/inwentarz-gry\\\/\",\"name\":\"Inwentarz - Plemiona 2 - Tribal Wars 2\",\"isPartOf\":{\"@id\":\"https:\\\/\\\/www.desercik.pl\\\/tribal-wars-2\\\/#website\"},\"primaryImageOfPage\":{\"@id\":\"https:\\\/\\\/www.desercik.pl\\\/tribal-wars-2\\\/inwentarz-gry\\\/#primaryimage\"},\"image\":{\"@id\":\"https:\\\/\\\/www.desercik.pl\\\/tribal-wars-2\\\/inwentarz-gry\\\/#primaryimage\"},\"thumbnailUrl\":\"https:\\\/\\\/www.desercik.pl\\\/tribal-wars-2\\\/wp-content\\\/uploads\\\/2014\\\/08\\\/Inventory_Shop.png\",\"datePublished\":\"2014-08-02T11:11:38+00:00\",\"dateModified\":\"2014-08-04T22:15:56+00:00\",\"breadcrumb\":{\"@id\":\"https:\\\/\\\/www.desercik.pl\\\/tribal-wars-2\\\/inwentarz-gry\\\/#breadcrumb\"},\"inLanguage\":\"pl-PL\",\"potentialAction\":[{\"@type\":\"ReadAction\",\"target\":[\"https:\\\/\\\/www.desercik.pl\\\/tribal-wars-2\\\/inwentarz-gry\\\/\"]}]},{\"@type\":\"ImageObject\",\"inLanguage\":\"pl-PL\",\"@id\":\"https:\\\/\\\/www.desercik.pl\\\/tribal-wars-2\\\/inwentarz-gry\\\/#primaryimage\",\"url\":\"https:\\\/\\\/www.desercik.pl\\\/tribal-wars-2\\\/wp-content\\\/uploads\\\/2014\\\/08\\\/Inventory_Shop.png\",\"contentUrl\":\"https:\\\/\\\/www.desercik.pl\\\/tribal-wars-2\\\/wp-content\\\/uploads\\\/2014\\\/08\\\/Inventory_Shop.png\",\"width\":679,\"height\":88},{\"@type\":\"BreadcrumbList\",\"@id\":\"https:\\\/\\\/www.desercik.pl\\\/tribal-wars-2\\\/inwentarz-gry\\\/#breadcrumb\",\"itemListElement\":[{\"@type\":\"ListItem\",\"position\":1,\"name\":\"Strona g\u0142\u00f3wna\",\"item\":\"https:\\\/\\\/www.desercik.pl\\\/tribal-wars-2\\\/\"},{\"@type\":\"ListItem\",\"position\":2,\"name\":\"Inwentarz\"}]},{\"@type\":\"WebSite\",\"@id\":\"https:\\\/\\\/www.desercik.pl\\\/tribal-wars-2\\\/#website\",\"url\":\"https:\\\/\\\/www.desercik.pl\\\/tribal-wars-2\\\/\",\"name\":\"Plemiona 2\",\"description\":\"\",\"potentialAction\":[{\"@type\":\"SearchAction\",\"target\":{\"@type\":\"EntryPoint\",\"urlTemplate\":\"https:\\\/\\\/www.desercik.pl\\\/tribal-wars-2\\\/?s={search_term_string}\"},\"query-input\":{\"@type\":\"PropertyValueSpecification\",\"valueRequired\":true,\"valueName\":\"search_term_string\"}}],\"inLanguage\":\"pl-PL\"}]}<\/script>\n<!-- \/ Yoast SEO plugin. -->","yoast_head_json":{"title":"Inwentarz - Plemiona 2 - Tribal Wars 2","robots":{"index":"index","follow":"follow","max-snippet":"max-snippet:-1","max-image-preview":"max-image-preview:large","max-video-preview":"max-video-preview:-1"},"canonical":"https:\/\/www.desercik.pl\/tribal-wars-2\/inwentarz-gry\/","og_locale":"pl_PL","og_type":"article","og_title":"Inwentarz - Plemiona 2 - Tribal Wars 2","og_description":"Czym jest inwentarz? Jest to miejsce, w kt\u00f3rych mo\u017cemy przechowywa\u0107 przedmioty i nagrody zdobyte podczas wykonywania zada\u0144, albo te jakie zakupimy w Sklepie Premium. The Inventory is a feature that allows you to store items and rewards which can be&hellip; Continue Reading &rarr;","og_url":"https:\/\/www.desercik.pl\/tribal-wars-2\/inwentarz-gry\/","og_site_name":"Plemiona 2","article_modified_time":"2014-08-04T22:15:56+00:00","og_image":[{"url":"https:\/\/www.desercik.pl\/tribal-wars-2\/wp-content\/uploads\/2014\/08\/Inventory_Shop.png","type":"","width":"","height":""}],"twitter_misc":{"Szacowany czas czytania":"1 minuta"},"schema":{"@context":"https:\/\/schema.org","@graph":[{"@type":"WebPage","@id":"https:\/\/www.desercik.pl\/tribal-wars-2\/inwentarz-gry\/","url":"https:\/\/www.desercik.pl\/tribal-wars-2\/inwentarz-gry\/","name":"Inwentarz - Plemiona 2 - Tribal Wars 2","isPartOf":{"@id":"https:\/\/www.desercik.pl\/tribal-wars-2\/#website"},"primaryImageOfPage":{"@id":"https:\/\/www.desercik.pl\/tribal-wars-2\/inwentarz-gry\/#primaryimage"},"image":{"@id":"https:\/\/www.desercik.pl\/tribal-wars-2\/inwentarz-gry\/#primaryimage"},"thumbnailUrl":"https:\/\/www.desercik.pl\/tribal-wars-2\/wp-content\/uploads\/2014\/08\/Inventory_Shop.png","datePublished":"2014-08-02T11:11:38+00:00","dateModified":"2014-08-04T22:15:56+00:00","breadcrumb":{"@id":"https:\/\/www.desercik.pl\/tribal-wars-2\/inwentarz-gry\/#breadcrumb"},"inLanguage":"pl-PL","potentialAction":[{"@type":"ReadAction","target":["https:\/\/www.desercik.pl\/tribal-wars-2\/inwentarz-gry\/"]}]},{"@type":"ImageObject","inLanguage":"pl-PL","@id":"https:\/\/www.desercik.pl\/tribal-wars-2\/inwentarz-gry\/#primaryimage","url":"https:\/\/www.desercik.pl\/tribal-wars-2\/wp-content\/uploads\/2014\/08\/Inventory_Shop.png","contentUrl":"https:\/\/www.desercik.pl\/tribal-wars-2\/wp-content\/uploads\/2014\/08\/Inventory_Shop.png","width":679,"height":88},{"@type":"BreadcrumbList","@id":"https:\/\/www.desercik.pl\/tribal-wars-2\/inwentarz-gry\/#breadcrumb","itemListElement":[{"@type":"ListItem","position":1,"name":"Strona g\u0142\u00f3wna","item":"https:\/\/www.desercik.pl\/tribal-wars-2\/"},{"@type":"ListItem","position":2,"name":"Inwentarz"}]},{"@type":"WebSite","@id":"https:\/\/www.desercik.pl\/tribal-wars-2\/#website","url":"https:\/\/www.desercik.pl\/tribal-wars-2\/","name":"Plemiona 2","description":"","potentialAction":[{"@type":"SearchAction","target":{"@type":"EntryPoint","urlTemplate":"https:\/\/www.desercik.pl\/tribal-wars-2\/?s={search_term_string}"},"query-input":{"@type":"PropertyValueSpecification","valueRequired":true,"valueName":"search_term_string"}}],"inLanguage":"pl-PL"}]}},"_links":{"self":[{"href":"https:\/\/www.desercik.pl\/tribal-wars-2\/wp-json\/wp\/v2\/pages\/359","targetHints":{"allow":["GET"]}}],"collection":[{"href":"https:\/\/www.desercik.pl\/tribal-wars-2\/wp-json\/wp\/v2\/pages"}],"about":[{"href":"https:\/\/www.desercik.pl\/tribal-wars-2\/wp-json\/wp\/v2\/types\/page"}],"author":[{"embeddable":true,"href":"https:\/\/www.desercik.pl\/tribal-wars-2\/wp-json\/wp\/v2\/users\/1"}],"replies":[{"embeddable":true,"href":"https:\/\/www.desercik.pl\/tribal-wars-2\/wp-json\/wp\/v2\/comments?post=359"}],"version-history":[{"count":0,"href":"https:\/\/www.desercik.pl\/tribal-wars-2\/wp-json\/wp\/v2\/pages\/359\/revisions"}],"wp:attachment":[{"href":"https:\/\/www.desercik.pl\/tribal-wars-2\/wp-json\/wp\/v2\/media?parent=359"}],"curies":[{"name":"wp","href":"https:\/\/api.w.org\/{rel}","templated":true}]}}