{"id":338,"date":"2014-08-02T12:38:29","date_gmt":"2014-08-02T10:38:29","guid":{"rendered":"http:\/\/www.desercik.pl\/tribal-wars-2\/?page_id=338"},"modified":"2014-08-02T13:01:32","modified_gmt":"2014-08-02T11:01:32","slug":"handel-rynku","status":"publish","type":"page","link":"https:\/\/www.desercik.pl\/tribal-wars-2\/handel-rynku\/","title":{"rendered":"Handel na rynku"},"content":{"rendered":"<h2><span id=\"Trade\">Jak rozpocz\u0105\u0107 handel?<br \/>\n<\/span><\/h2>\n<p><a title=\"Rynek\" href=\"https:\/\/www.desercik.pl\/tribal-wars-2\/budynki\/rynek\/\">Rynek<\/a> pozwala nam handlowa\u0107 trzema podstawowywmi surowcami w grze: drewno, glina i \u017celazo. Do handlu u\u017cywamy handlarzy albo Koron.<\/p>\n<h2>Jak wystawi\u0107 ofert\u0119 na rynku?<\/h2>\n<p>Je\u015bli nie znajdziemy odpowiedniej oferty na rynku to mo\u017cemy stworzy\u0107 w\u0142asn\u0105. Na obecn\u0105 chwil\u0119 na handlu wymiana jest 1:1 czyli za 100 sztuk gliny mo\u017cemy dosta\u0107 w zamian 100 sztuk \u017celazaalbo drewna.<\/p>\n<p>Aby wystawi\u0107 ofert\u0119 wybieramy zak\u0142adk\u0119 na rynku <em>&#8222;Moje oferty&#8221;<\/em>, a nast\u0119pnie wybieramy co chcemy sprzeda\u0107 i co chcemy otrzyma\u0107 w zamian.<\/p>\n<p><a href=\"https:\/\/www.desercik.pl\/tribal-wars-2\/wp-content\/uploads\/2014\/08\/wystawienie-oferty-na-rynku.jpg\"><img loading=\"lazy\" decoding=\"async\" class=\"wp-image-339 size-large aligncenter\" src=\"https:\/\/www.desercik.pl\/tribal-wars-2\/wp-content\/uploads\/2014\/08\/wystawienie-oferty-na-rynku-1024x121.jpg\" alt=\"wystawienie oferty na rynku\" width=\"625\" height=\"73\" srcset=\"https:\/\/www.desercik.pl\/tribal-wars-2\/wp-content\/uploads\/2014\/08\/wystawienie-oferty-na-rynku-1024x121.jpg 1024w, https:\/\/www.desercik.pl\/tribal-wars-2\/wp-content\/uploads\/2014\/08\/wystawienie-oferty-na-rynku-300x35.jpg 300w, https:\/\/www.desercik.pl\/tribal-wars-2\/wp-content\/uploads\/2014\/08\/wystawienie-oferty-na-rynku-625x74.jpg 625w, https:\/\/www.desercik.pl\/tribal-wars-2\/wp-content\/uploads\/2014\/08\/wystawienie-oferty-na-rynku.jpg 1330w\" sizes=\"auto, (max-width: 625px) 100vw, 625px\" \/><\/a><\/p>\n<p>&nbsp;<\/p>\n<p>Wy\u017csza pozycja oznacza to co chcemy sprzeda\u0107, a poni\u017cej wybieramy co chcemy dosta\u0107 w zamian. Id\u0105c w prawo, po\u0142o\u017cony wy\u017cej suwak pozwala nam wybra\u0107 ilo\u015b\u0107 surowc\u00f3w do handlu. Mo\u017cemy wpisa\u0107 j\u0105 r\u00f3wnie\u017c r\u0119cznie.<\/p>\n<p>Ni\u017cej mamy dodatkowe dwa suwaki. Ten z lewej oznacza ile chcemy wystawi\u0107 podobnych ofert, a po prawej jaki przyjmujemy maksymalny czas podr\u00f3\u017cy handlarza.<\/p>\n<p><strong><span style=\"color: #ff0000;\">Pami\u0119tajcie, \u017ce jeden handlarz<\/span> <\/strong>przenosi jedynie 1000 sztuk surowc\u00f3w.<\/p>\n<p>Co ciekawsze, p\u00f3ki nie zbadacie technologii Cart to nie b\u0119dzie mo\u017cliwo\u015bci przesy\u0142ania\/odbierania towar\u00f3w, gdzie czas dostawy przekracza 5 godzin.<\/p>\n<p><img loading=\"lazy\" decoding=\"async\" class=\"aligncenter\" src=\"https:\/\/www.desercik.pl\/tribal-wars-2\/wp-content\/uploads\/2014\/08\/Market5.png\" alt=\"Market5.png\" width=\"400\" height=\"189\" \/><\/p>\n<p>Aby zatwierdzi\u0107 dzia\u0142ania klikamy <em>&#8222;Utw\u00f3rz ofert\u0119&#8221;.<\/em><\/p>\n<p><img loading=\"lazy\" decoding=\"async\" class=\"aligncenter\" src=\"https:\/\/www.desercik.pl\/tribal-wars-2\/wp-content\/uploads\/2014\/08\/Market6.png\" alt=\"Market6.png\" width=\"720\" height=\"31\" \/><\/p>\n<p>&nbsp;<\/p>\n<h2>Poszukiwanie odpowiedniej oferty<\/h2>\n<p>Je\u015bli nie chcemy bawi\u0107 si\u0119 w wystawianie w\u0142asnych ofert to mo\u017cemy poszuka\u0107 odpowiedniej r\u00f3wnie\u017c na rynku w zak\u0142adce &#8222;Market&#8221;. Tam zaznaczamy rodzaj surowca, kt\u00f3ry chcemy otrzyma\u0107 i kt\u00f3ry chcemy zamieni\u0107, dzia\u0142a to podobnie jak przy wystawianiu w\u0142asnych ofert.<\/p>\n<p><img loading=\"lazy\" decoding=\"async\" src=\"https:\/\/www.desercik.pl\/tribal-wars-2\/wp-content\/uploads\/2014\/08\/Market_give.png\" alt=\"Market give.png\" width=\"720\" height=\"38\" \/><img loading=\"lazy\" decoding=\"async\" src=\"https:\/\/www.desercik.pl\/tribal-wars-2\/wp-content\/uploads\/2014\/08\/Market_get.png\" alt=\"Market get.png\" width=\"720\" height=\"38\" \/><\/p>\n<p>P\u00f3\u017aniej wybieramy maksymalny czas dostawy<\/p>\n<p><img loading=\"lazy\" decoding=\"async\" src=\"https:\/\/www.desercik.pl\/tribal-wars-2\/wp-content\/uploads\/2014\/08\/Market_time.png\" alt=\"Market time.png\" width=\"720\" height=\"19\" \/><\/p>\n<p>Klikamy przycisk do wyszukiwania i gotowe<\/p>\n<p><img loading=\"lazy\" decoding=\"async\" src=\"https:\/\/www.desercik.pl\/tribal-wars-2\/wp-content\/uploads\/2014\/08\/Results.png\" alt=\"Results.png\" width=\"720\" height=\"33\" \/><\/p>\n<p>Ni\u017cej pojawi\u0105 nam si\u0119 oferty spe\u0142niaj\u0105ce nasze wymagania:<\/p>\n<p><img loading=\"lazy\" decoding=\"async\" src=\"https:\/\/www.desercik.pl\/tribal-wars-2\/wp-content\/uploads\/2014\/08\/Market_offers.png\" alt=\"Market offers.png\" width=\"720\" height=\"76\" \/><\/p>\n<h2>Wymiana surowc\u00f3w przy u\u017cyciu koron<\/h2>\n<p>Tutaj podobnie wybieramy jakie surowce chcemy zamieni\u0107 i jakie dosta\u0107.<\/p>\n<p><img loading=\"lazy\" decoding=\"async\" src=\"https:\/\/www.desercik.pl\/tribal-wars-2\/wp-content\/uploads\/2014\/08\/Get_give.png\" alt=\"Get give.png\" width=\"434\" height=\"93\" \/><\/p>\n<p>Wybieramy nast\u0119pnie ilo\u015b\u0107 surowc\u00f3w do wymiany<\/p>\n<p><img loading=\"lazy\" decoding=\"async\" src=\"https:\/\/www.desercik.pl\/tribal-wars-2\/wp-content\/uploads\/2014\/08\/Amount.png\" alt=\"Amount.png\" width=\"720\" height=\"21\" \/><\/p>\n<p>Zatwierdzamy wyb\u00f3r \u017c\u00f3\u0142tym przyciskiem i gotowe<\/p>\n<p><img loading=\"lazy\" decoding=\"async\" src=\"https:\/\/www.desercik.pl\/tribal-wars-2\/wp-content\/uploads\/2014\/08\/Instant.png\" alt=\"Instant.png\" width=\"720\" height=\"31\" \/><\/p>\n<h2>Wysy\u0142anie surowc\u00f3w<\/h2>\n<p>Aby przesy\u0142a\u0107 surowce mi\u0119dzy w\u0142asnymi wioskami nale\u017cy wej\u015b\u0107 w podgl\u0105d mapy, znale\u017a\u0107 wiosk\u0119 do kt\u00f3rej chcemy przes\u0142a\u0107 surowce i klikn\u0105\u0107 na ni\u0105 lewym przyciskiem myszy. Pojawi nam si\u0119 w menu kontekstowym w\u015br\u00f3d innych ikon ikona jak ponizej:<\/p>\n<p><img loading=\"lazy\" decoding=\"async\" src=\"https:\/\/www.desercik.pl\/tribal-wars-2\/wp-content\/uploads\/2014\/08\/Sending.png\" alt=\"Sending.png\" width=\"84\" height=\"71\" \/><\/p>\n<p>Wybieramy nast\u0119pnie jakie i ile surowc\u00f3w chcemy wys\u0142a\u0107 (ich maksymalna ilo\u015b\u0107 zale\u017cy od tego ilu handlarzy posiadamy w wiosce, z kt\u00f3rej wysy\u0142amy surowce).<\/p>\n<p><img loading=\"lazy\" decoding=\"async\" src=\"https:\/\/www.desercik.pl\/tribal-wars-2\/wp-content\/uploads\/2014\/08\/Send_resources.png\" alt=\"Send resources.png\" width=\"550\" height=\"383\" \/><\/p>\n","protected":false},"excerpt":{"rendered":"<p>Jak rozpocz\u0105\u0107 handel? Rynek pozwala nam handlowa\u0107 trzema podstawowywmi surowcami w grze: drewno, glina i \u017celazo. Do handlu u\u017cywamy handlarzy albo Koron. Jak wystawi\u0107 ofert\u0119 na rynku? Je\u015bli nie znajdziemy odpowiedniej oferty na rynku to mo\u017cemy stworzy\u0107 w\u0142asn\u0105. Na obecn\u0105&hellip; <a href=\"https:\/\/www.desercik.pl\/tribal-wars-2\/handel-rynku\/\" class=\"more-link\">Continue Reading <span class=\"meta-nav\">&rarr;<\/span><\/a><\/p>\n","protected":false},"author":1,"featured_media":0,"parent":0,"menu_order":0,"comment_status":"open","ping_status":"open","template":"","meta":{"footnotes":""},"class_list":["post-338","page","type-page","status-publish","hentry"],"yoast_head":"<!-- This site is optimized with the Yoast SEO plugin v27.3 - https:\/\/yoast.com\/product\/yoast-seo-wordpress\/ -->\n<title>Handel na rynku - Plemiona 2 - Tribal Wars 2<\/title>\n<meta name=\"robots\" content=\"index, follow, max-snippet:-1, max-image-preview:large, max-video-preview:-1\" \/>\n<link rel=\"canonical\" href=\"https:\/\/www.desercik.pl\/tribal-wars-2\/handel-rynku\/\" \/>\n<meta property=\"og:locale\" content=\"pl_PL\" \/>\n<meta property=\"og:type\" content=\"article\" \/>\n<meta property=\"og:title\" content=\"Handel na rynku - Plemiona 2 - Tribal Wars 2\" \/>\n<meta property=\"og:description\" content=\"Jak rozpocz\u0105\u0107 handel? Rynek pozwala nam handlowa\u0107 trzema podstawowywmi surowcami w grze: drewno, glina i \u017celazo. Do handlu u\u017cywamy handlarzy albo Koron. Jak wystawi\u0107 ofert\u0119 na rynku? Je\u015bli nie znajdziemy odpowiedniej oferty na rynku to mo\u017cemy stworzy\u0107 w\u0142asn\u0105. Na obecn\u0105&hellip; Continue Reading &rarr;\" \/>\n<meta property=\"og:url\" content=\"https:\/\/www.desercik.pl\/tribal-wars-2\/handel-rynku\/\" \/>\n<meta property=\"og:site_name\" content=\"Plemiona 2\" \/>\n<meta property=\"article:modified_time\" content=\"2014-08-02T11:01:32+00:00\" \/>\n<meta property=\"og:image\" content=\"https:\/\/www.desercik.pl\/tribal-wars-2\/wp-content\/uploads\/2014\/08\/wystawienie-oferty-na-rynku.jpg\" \/>\n\t<meta property=\"og:image:width\" content=\"1330\" \/>\n\t<meta property=\"og:image:height\" content=\"158\" \/>\n\t<meta property=\"og:image:type\" content=\"image\/jpeg\" \/>\n<meta name=\"twitter:label1\" content=\"Szacowany czas czytania\" \/>\n\t<meta name=\"twitter:data1\" content=\"2 minuty\" \/>\n<script type=\"application\/ld+json\" class=\"yoast-schema-graph\">{\"@context\":\"https:\\\/\\\/schema.org\",\"@graph\":[{\"@type\":\"WebPage\",\"@id\":\"https:\\\/\\\/www.desercik.pl\\\/tribal-wars-2\\\/handel-rynku\\\/\",\"url\":\"https:\\\/\\\/www.desercik.pl\\\/tribal-wars-2\\\/handel-rynku\\\/\",\"name\":\"Handel na rynku - Plemiona 2 - Tribal Wars 2\",\"isPartOf\":{\"@id\":\"https:\\\/\\\/www.desercik.pl\\\/tribal-wars-2\\\/#website\"},\"primaryImageOfPage\":{\"@id\":\"https:\\\/\\\/www.desercik.pl\\\/tribal-wars-2\\\/handel-rynku\\\/#primaryimage\"},\"image\":{\"@id\":\"https:\\\/\\\/www.desercik.pl\\\/tribal-wars-2\\\/handel-rynku\\\/#primaryimage\"},\"thumbnailUrl\":\"https:\\\/\\\/www.desercik.pl\\\/tribal-wars-2\\\/wp-content\\\/uploads\\\/2014\\\/08\\\/wystawienie-oferty-na-rynku-1024x121.jpg\",\"datePublished\":\"2014-08-02T10:38:29+00:00\",\"dateModified\":\"2014-08-02T11:01:32+00:00\",\"breadcrumb\":{\"@id\":\"https:\\\/\\\/www.desercik.pl\\\/tribal-wars-2\\\/handel-rynku\\\/#breadcrumb\"},\"inLanguage\":\"pl-PL\",\"potentialAction\":[{\"@type\":\"ReadAction\",\"target\":[\"https:\\\/\\\/www.desercik.pl\\\/tribal-wars-2\\\/handel-rynku\\\/\"]}]},{\"@type\":\"ImageObject\",\"inLanguage\":\"pl-PL\",\"@id\":\"https:\\\/\\\/www.desercik.pl\\\/tribal-wars-2\\\/handel-rynku\\\/#primaryimage\",\"url\":\"https:\\\/\\\/www.desercik.pl\\\/tribal-wars-2\\\/wp-content\\\/uploads\\\/2014\\\/08\\\/wystawienie-oferty-na-rynku.jpg\",\"contentUrl\":\"https:\\\/\\\/www.desercik.pl\\\/tribal-wars-2\\\/wp-content\\\/uploads\\\/2014\\\/08\\\/wystawienie-oferty-na-rynku.jpg\",\"width\":1330,\"height\":158},{\"@type\":\"BreadcrumbList\",\"@id\":\"https:\\\/\\\/www.desercik.pl\\\/tribal-wars-2\\\/handel-rynku\\\/#breadcrumb\",\"itemListElement\":[{\"@type\":\"ListItem\",\"position\":1,\"name\":\"Strona g\u0142\u00f3wna\",\"item\":\"https:\\\/\\\/www.desercik.pl\\\/tribal-wars-2\\\/\"},{\"@type\":\"ListItem\",\"position\":2,\"name\":\"Handel na rynku\"}]},{\"@type\":\"WebSite\",\"@id\":\"https:\\\/\\\/www.desercik.pl\\\/tribal-wars-2\\\/#website\",\"url\":\"https:\\\/\\\/www.desercik.pl\\\/tribal-wars-2\\\/\",\"name\":\"Plemiona 2\",\"description\":\"\",\"potentialAction\":[{\"@type\":\"SearchAction\",\"target\":{\"@type\":\"EntryPoint\",\"urlTemplate\":\"https:\\\/\\\/www.desercik.pl\\\/tribal-wars-2\\\/?s={search_term_string}\"},\"query-input\":{\"@type\":\"PropertyValueSpecification\",\"valueRequired\":true,\"valueName\":\"search_term_string\"}}],\"inLanguage\":\"pl-PL\"}]}<\/script>\n<!-- \/ Yoast SEO plugin. -->","yoast_head_json":{"title":"Handel na rynku - Plemiona 2 - Tribal Wars 2","robots":{"index":"index","follow":"follow","max-snippet":"max-snippet:-1","max-image-preview":"max-image-preview:large","max-video-preview":"max-video-preview:-1"},"canonical":"https:\/\/www.desercik.pl\/tribal-wars-2\/handel-rynku\/","og_locale":"pl_PL","og_type":"article","og_title":"Handel na rynku - Plemiona 2 - Tribal Wars 2","og_description":"Jak rozpocz\u0105\u0107 handel? Rynek pozwala nam handlowa\u0107 trzema podstawowywmi surowcami w grze: drewno, glina i \u017celazo. Do handlu u\u017cywamy handlarzy albo Koron. Jak wystawi\u0107 ofert\u0119 na rynku? Je\u015bli nie znajdziemy odpowiedniej oferty na rynku to mo\u017cemy stworzy\u0107 w\u0142asn\u0105. Na obecn\u0105&hellip; Continue Reading &rarr;","og_url":"https:\/\/www.desercik.pl\/tribal-wars-2\/handel-rynku\/","og_site_name":"Plemiona 2","article_modified_time":"2014-08-02T11:01:32+00:00","og_image":[{"width":1330,"height":158,"url":"https:\/\/www.desercik.pl\/tribal-wars-2\/wp-content\/uploads\/2014\/08\/wystawienie-oferty-na-rynku.jpg","type":"image\/jpeg"}],"twitter_misc":{"Szacowany czas czytania":"2 minuty"},"schema":{"@context":"https:\/\/schema.org","@graph":[{"@type":"WebPage","@id":"https:\/\/www.desercik.pl\/tribal-wars-2\/handel-rynku\/","url":"https:\/\/www.desercik.pl\/tribal-wars-2\/handel-rynku\/","name":"Handel na rynku - Plemiona 2 - Tribal Wars 2","isPartOf":{"@id":"https:\/\/www.desercik.pl\/tribal-wars-2\/#website"},"primaryImageOfPage":{"@id":"https:\/\/www.desercik.pl\/tribal-wars-2\/handel-rynku\/#primaryimage"},"image":{"@id":"https:\/\/www.desercik.pl\/tribal-wars-2\/handel-rynku\/#primaryimage"},"thumbnailUrl":"https:\/\/www.desercik.pl\/tribal-wars-2\/wp-content\/uploads\/2014\/08\/wystawienie-oferty-na-rynku-1024x121.jpg","datePublished":"2014-08-02T10:38:29+00:00","dateModified":"2014-08-02T11:01:32+00:00","breadcrumb":{"@id":"https:\/\/www.desercik.pl\/tribal-wars-2\/handel-rynku\/#breadcrumb"},"inLanguage":"pl-PL","potentialAction":[{"@type":"ReadAction","target":["https:\/\/www.desercik.pl\/tribal-wars-2\/handel-rynku\/"]}]},{"@type":"ImageObject","inLanguage":"pl-PL","@id":"https:\/\/www.desercik.pl\/tribal-wars-2\/handel-rynku\/#primaryimage","url":"https:\/\/www.desercik.pl\/tribal-wars-2\/wp-content\/uploads\/2014\/08\/wystawienie-oferty-na-rynku.jpg","contentUrl":"https:\/\/www.desercik.pl\/tribal-wars-2\/wp-content\/uploads\/2014\/08\/wystawienie-oferty-na-rynku.jpg","width":1330,"height":158},{"@type":"BreadcrumbList","@id":"https:\/\/www.desercik.pl\/tribal-wars-2\/handel-rynku\/#breadcrumb","itemListElement":[{"@type":"ListItem","position":1,"name":"Strona g\u0142\u00f3wna","item":"https:\/\/www.desercik.pl\/tribal-wars-2\/"},{"@type":"ListItem","position":2,"name":"Handel na rynku"}]},{"@type":"WebSite","@id":"https:\/\/www.desercik.pl\/tribal-wars-2\/#website","url":"https:\/\/www.desercik.pl\/tribal-wars-2\/","name":"Plemiona 2","description":"","potentialAction":[{"@type":"SearchAction","target":{"@type":"EntryPoint","urlTemplate":"https:\/\/www.desercik.pl\/tribal-wars-2\/?s={search_term_string}"},"query-input":{"@type":"PropertyValueSpecification","valueRequired":true,"valueName":"search_term_string"}}],"inLanguage":"pl-PL"}]}},"_links":{"self":[{"href":"https:\/\/www.desercik.pl\/tribal-wars-2\/wp-json\/wp\/v2\/pages\/338","targetHints":{"allow":["GET"]}}],"collection":[{"href":"https:\/\/www.desercik.pl\/tribal-wars-2\/wp-json\/wp\/v2\/pages"}],"about":[{"href":"https:\/\/www.desercik.pl\/tribal-wars-2\/wp-json\/wp\/v2\/types\/page"}],"author":[{"embeddable":true,"href":"https:\/\/www.desercik.pl\/tribal-wars-2\/wp-json\/wp\/v2\/users\/1"}],"replies":[{"embeddable":true,"href":"https:\/\/www.desercik.pl\/tribal-wars-2\/wp-json\/wp\/v2\/comments?post=338"}],"version-history":[{"count":0,"href":"https:\/\/www.desercik.pl\/tribal-wars-2\/wp-json\/wp\/v2\/pages\/338\/revisions"}],"wp:attachment":[{"href":"https:\/\/www.desercik.pl\/tribal-wars-2\/wp-json\/wp\/v2\/media?parent=338"}],"curies":[{"name":"wp","href":"https:\/\/api.w.org\/{rel}","templated":true}]}}