{"id":294,"date":"2014-08-01T09:52:14","date_gmt":"2014-08-01T07:52:14","guid":{"rendered":"http:\/\/www.desercik.pl\/tribal-wars-2\/?page_id=294"},"modified":"2014-08-05T00:11:20","modified_gmt":"2014-08-04T22:11:20","slug":"mapa-w-grze","status":"publish","type":"page","link":"https:\/\/www.desercik.pl\/tribal-wars-2\/mapa-w-grze\/","title":{"rendered":"Mapa gry"},"content":{"rendered":"<p>Mapa to graficzna reprezentacja \u015bwiata gry, to klucz do nawigacji po ca\u0142ej grze. Obecnie mamy dwie r\u00f3\u017cne mapy, normaln\u0105, kt\u00f3r\u0105 mo\u017cemy powi\u0119ksza\u0107 dowolnie i zmniejsza\u0107, gdzie widzimy otaczaj\u0105ce nas wioski, prowincje itp. Na kt\u00f3rej mo\u017cemy sprawdzi\u0107 informacje o ka\u017cdej wiosce po prostu na ni\u0105 klikaj\u0105c jak i dost\u0119pne s\u0105 z tego poziomu opcje handlowe, ataku i wsparcia.<\/p>\n<p>Jest jeszcze mapa \u015bwiata, ale obecnie nie wiem o niej za wiele, gdy\u017c nie zosta\u0142a aktywowana.<\/p>\n<h2>Kr\u00f3lestwa<\/h2>\n<p>Mapa \u015bwiata podzielona jest na 100 kr\u00f3lestw ka\u017cde o powierzchni 100 metr\u00f3w kwadratowych, w rzeczywisto\u015bci chodzi o 100&#215;100 p\u00f3l. Ka\u017cde kr\u00f3lestwo posiada swoj\u0105 nazw\u0119 i w\u0142asny odr\u0119bny ranking. Wszystkie oddzielone s\u0105 rzekami, wi\u0119c \u0142atwo je rozpoznacie zwiedzaj\u0105c map\u0119.<\/p>\n<h2>Prowincje<\/h2>\n<p>Ka\u017cde kr\u00f3lestwo podzielone jest na prowincje. Ich liczba jest r\u00f3\u017cna na ka\u017cdym \u015bwiecie. R\u00f3wnie\u017c rozmiar prowincji jest r\u00f3\u017cny dla ka\u017cdego \u015bwiata.<\/p>\n<p>Granice prowincji wyznaczaj\u0105 linie u\u0142o\u017conych kamieni:<\/p>\n<p><img loading=\"lazy\" decoding=\"async\" src=\"https:\/\/www.desercik.pl\/tribal-wars-2\/wp-content\/uploads\/2014\/08\/Prov.png\" alt=\"Prov.png\" width=\"627\" height=\"130\" \/><\/p>\n<p>Ka\u017cda prowincja ma r\u00f3wnie\u017c jeden punkt, dzi\u0119ki kt\u00f3remu mamy dost\u0119p do jej rankingu.<\/p>\n<p>Tutaj macie kilka przyk\u0142ad\u00f3w:<\/p>\n<p><img loading=\"lazy\" decoding=\"async\" src=\"https:\/\/www.desercik.pl\/tribal-wars-2\/wp-content\/uploads\/2014\/08\/Landmark01.png\" alt=\"Landmark01.png\" width=\"136\" height=\"98\" \/><img loading=\"lazy\" decoding=\"async\" src=\"https:\/\/www.desercik.pl\/tribal-wars-2\/wp-content\/uploads\/2014\/08\/Landmark02.png\" alt=\"Landmark02.png\" width=\"136\" height=\"98\" \/><img loading=\"lazy\" decoding=\"async\" src=\"https:\/\/www.desercik.pl\/tribal-wars-2\/wp-content\/uploads\/2014\/08\/Landmark03.png\" alt=\"Landmark03.png\" width=\"136\" height=\"98\" \/><\/p>\n<h2>Typy wiosek<\/h2>\n<table>\n<tbody>\n<tr>\n<th>Zakres punktowy<\/th>\n<th>Wioska gracza<\/th>\n<th>Barbarzy\u0144ska<\/th>\n<\/tr>\n<tr>\n<td>0 &#8211; 299<\/td>\n<td><img loading=\"lazy\" decoding=\"async\" src=\"https:\/\/www.desercik.pl\/tribal-wars-2\/wp-content\/uploads\/2014\/08\/Town01.png\" alt=\"Town01.png\" width=\"136\" height=\"98\" \/><\/td>\n<td><img loading=\"lazy\" decoding=\"async\" src=\"https:\/\/www.desercik.pl\/tribal-wars-2\/wp-content\/uploads\/2014\/08\/Btown01.png\" alt=\"Btown01.png\" width=\"136\" height=\"98\" \/><\/td>\n<\/tr>\n<tr>\n<td>300 &#8211; 999<\/td>\n<td><img loading=\"lazy\" decoding=\"async\" src=\"https:\/\/www.desercik.pl\/tribal-wars-2\/wp-content\/uploads\/2014\/08\/Town02.png\" alt=\"Town02.png\" width=\"136\" height=\"98\" \/><\/td>\n<td><img loading=\"lazy\" decoding=\"async\" src=\"https:\/\/www.desercik.pl\/tribal-wars-2\/wp-content\/uploads\/2014\/08\/Btown02.png\" alt=\"Btown02.png\" width=\"136\" height=\"98\" \/><\/td>\n<\/tr>\n<tr>\n<td>1000 &#8211; 2999<\/td>\n<td><img loading=\"lazy\" decoding=\"async\" src=\"https:\/\/www.desercik.pl\/tribal-wars-2\/wp-content\/uploads\/2014\/08\/Town03.png\" alt=\"Town03.png\" width=\"136\" height=\"98\" \/><\/td>\n<td><img loading=\"lazy\" decoding=\"async\" src=\"https:\/\/www.desercik.pl\/tribal-wars-2\/wp-content\/uploads\/2014\/08\/Btown03.png\" alt=\"Btown03.png\" width=\"136\" height=\"98\" \/><\/td>\n<\/tr>\n<tr>\n<td>3000 &#8211; 8999<\/td>\n<td><img loading=\"lazy\" decoding=\"async\" src=\"https:\/\/www.desercik.pl\/tribal-wars-2\/wp-content\/uploads\/2014\/08\/Town04.png\" alt=\"Town04.png\" width=\"136\" height=\"98\" \/><\/td>\n<td><img loading=\"lazy\" decoding=\"async\" src=\"https:\/\/www.desercik.pl\/tribal-wars-2\/wp-content\/uploads\/2014\/08\/Btown04.png\" alt=\"Btown04.png\" width=\"136\" height=\"98\" \/><\/td>\n<\/tr>\n<tr>\n<td>9000 &#8211; 10999<\/td>\n<td><img loading=\"lazy\" decoding=\"async\" src=\"https:\/\/www.desercik.pl\/tribal-wars-2\/wp-content\/uploads\/2014\/08\/Town05.png\" alt=\"Town05.png\" width=\"136\" height=\"98\" \/><\/td>\n<td><img loading=\"lazy\" decoding=\"async\" src=\"https:\/\/www.desercik.pl\/tribal-wars-2\/wp-content\/uploads\/2014\/08\/Btown05.png\" alt=\"Btown05.png\" width=\"136\" height=\"98\" \/><\/td>\n<\/tr>\n<tr>\n<td>Over 11000<\/td>\n<td><img loading=\"lazy\" decoding=\"async\" src=\"https:\/\/www.desercik.pl\/tribal-wars-2\/wp-content\/uploads\/2014\/08\/Town06.png\" alt=\"Town06.png\" width=\"136\" height=\"98\" \/><\/td>\n<td><img loading=\"lazy\" decoding=\"async\" src=\"https:\/\/www.desercik.pl\/tribal-wars-2\/wp-content\/uploads\/2014\/08\/Btown06.png\" alt=\"Btown06.png\" width=\"136\" height=\"98\" \/><\/td>\n<\/tr>\n<tr>\n<td>Village containing Fortress<\/td>\n<td><img loading=\"lazy\" decoding=\"async\" src=\"https:\/\/www.desercik.pl\/tribal-wars-2\/wp-content\/uploads\/2014\/08\/Town07.png\" alt=\"Town07.png\" width=\"136\" height=\"98\" \/><\/td>\n<td><img loading=\"lazy\" decoding=\"async\" src=\"https:\/\/www.desercik.pl\/tribal-wars-2\/wp-content\/uploads\/2014\/08\/Btown07.png\" alt=\"Btown07.png\" width=\"136\" height=\"98\" \/><\/td>\n<\/tr>\n<\/tbody>\n<\/table>\n<p>Je\u015bli pl\u0105drujemy wiosk\u0119 to pozostaje na niej przez pewien czas efekt p\u0142omieni. Je\u015bli jest ich kilka to w wiosce pozosta\u0142y jeszcze surowce do zgrabienia. Je\u015bli ogie\u0144 jest du\u017cy to ju\u017c nie macie po co tam wraca\u0107.<\/p>\n<p>Ogie\u0144 wygasa po sze\u015bciu godzinach.<\/p>\n","protected":false},"excerpt":{"rendered":"<p>Mapa to graficzna reprezentacja \u015bwiata gry, to klucz do nawigacji po ca\u0142ej grze. Obecnie mamy dwie r\u00f3\u017cne mapy, normaln\u0105, kt\u00f3r\u0105 mo\u017cemy powi\u0119ksza\u0107 dowolnie i zmniejsza\u0107, gdzie widzimy otaczaj\u0105ce nas wioski, prowincje itp. Na kt\u00f3rej mo\u017cemy sprawdzi\u0107 informacje o ka\u017cdej wiosce&hellip; <a href=\"https:\/\/www.desercik.pl\/tribal-wars-2\/mapa-w-grze\/\" class=\"more-link\">Continue Reading <span class=\"meta-nav\">&rarr;<\/span><\/a><\/p>\n","protected":false},"author":1,"featured_media":0,"parent":0,"menu_order":0,"comment_status":"open","ping_status":"open","template":"","meta":{"footnotes":""},"class_list":["post-294","page","type-page","status-publish","hentry"],"yoast_head":"<!-- This site is optimized with the Yoast SEO plugin v27.3 - https:\/\/yoast.com\/product\/yoast-seo-wordpress\/ -->\n<title>Mapa gry - Plemiona 2 - Tribal Wars 2<\/title>\n<meta name=\"robots\" content=\"index, follow, max-snippet:-1, max-image-preview:large, max-video-preview:-1\" \/>\n<link rel=\"canonical\" href=\"https:\/\/www.desercik.pl\/tribal-wars-2\/mapa-w-grze\/\" \/>\n<meta property=\"og:locale\" content=\"pl_PL\" \/>\n<meta property=\"og:type\" content=\"article\" \/>\n<meta property=\"og:title\" content=\"Mapa gry - Plemiona 2 - Tribal Wars 2\" \/>\n<meta property=\"og:description\" content=\"Mapa to graficzna reprezentacja \u015bwiata gry, to klucz do nawigacji po ca\u0142ej grze. Obecnie mamy dwie r\u00f3\u017cne mapy, normaln\u0105, kt\u00f3r\u0105 mo\u017cemy powi\u0119ksza\u0107 dowolnie i zmniejsza\u0107, gdzie widzimy otaczaj\u0105ce nas wioski, prowincje itp. Na kt\u00f3rej mo\u017cemy sprawdzi\u0107 informacje o ka\u017cdej wiosce&hellip; Continue Reading &rarr;\" \/>\n<meta property=\"og:url\" content=\"https:\/\/www.desercik.pl\/tribal-wars-2\/mapa-w-grze\/\" \/>\n<meta property=\"og:site_name\" content=\"Plemiona 2\" \/>\n<meta property=\"article:modified_time\" content=\"2014-08-04T22:11:20+00:00\" \/>\n<meta property=\"og:image\" content=\"https:\/\/www.desercik.pl\/tribal-wars-2\/wp-content\/uploads\/2014\/08\/Prov.png\" \/>\n<meta name=\"twitter:label1\" content=\"Szacowany czas czytania\" \/>\n\t<meta name=\"twitter:data1\" content=\"1 minuta\" \/>\n<script type=\"application\/ld+json\" class=\"yoast-schema-graph\">{\"@context\":\"https:\\\/\\\/schema.org\",\"@graph\":[{\"@type\":\"WebPage\",\"@id\":\"https:\\\/\\\/www.desercik.pl\\\/tribal-wars-2\\\/mapa-w-grze\\\/\",\"url\":\"https:\\\/\\\/www.desercik.pl\\\/tribal-wars-2\\\/mapa-w-grze\\\/\",\"name\":\"Mapa gry - Plemiona 2 - Tribal Wars 2\",\"isPartOf\":{\"@id\":\"https:\\\/\\\/www.desercik.pl\\\/tribal-wars-2\\\/#website\"},\"primaryImageOfPage\":{\"@id\":\"https:\\\/\\\/www.desercik.pl\\\/tribal-wars-2\\\/mapa-w-grze\\\/#primaryimage\"},\"image\":{\"@id\":\"https:\\\/\\\/www.desercik.pl\\\/tribal-wars-2\\\/mapa-w-grze\\\/#primaryimage\"},\"thumbnailUrl\":\"https:\\\/\\\/www.desercik.pl\\\/tribal-wars-2\\\/wp-content\\\/uploads\\\/2014\\\/08\\\/Prov.png\",\"datePublished\":\"2014-08-01T07:52:14+00:00\",\"dateModified\":\"2014-08-04T22:11:20+00:00\",\"breadcrumb\":{\"@id\":\"https:\\\/\\\/www.desercik.pl\\\/tribal-wars-2\\\/mapa-w-grze\\\/#breadcrumb\"},\"inLanguage\":\"pl-PL\",\"potentialAction\":[{\"@type\":\"ReadAction\",\"target\":[\"https:\\\/\\\/www.desercik.pl\\\/tribal-wars-2\\\/mapa-w-grze\\\/\"]}]},{\"@type\":\"ImageObject\",\"inLanguage\":\"pl-PL\",\"@id\":\"https:\\\/\\\/www.desercik.pl\\\/tribal-wars-2\\\/mapa-w-grze\\\/#primaryimage\",\"url\":\"https:\\\/\\\/www.desercik.pl\\\/tribal-wars-2\\\/wp-content\\\/uploads\\\/2014\\\/08\\\/Prov.png\",\"contentUrl\":\"https:\\\/\\\/www.desercik.pl\\\/tribal-wars-2\\\/wp-content\\\/uploads\\\/2014\\\/08\\\/Prov.png\",\"width\":627,\"height\":130},{\"@type\":\"BreadcrumbList\",\"@id\":\"https:\\\/\\\/www.desercik.pl\\\/tribal-wars-2\\\/mapa-w-grze\\\/#breadcrumb\",\"itemListElement\":[{\"@type\":\"ListItem\",\"position\":1,\"name\":\"Strona g\u0142\u00f3wna\",\"item\":\"https:\\\/\\\/www.desercik.pl\\\/tribal-wars-2\\\/\"},{\"@type\":\"ListItem\",\"position\":2,\"name\":\"Mapa gry\"}]},{\"@type\":\"WebSite\",\"@id\":\"https:\\\/\\\/www.desercik.pl\\\/tribal-wars-2\\\/#website\",\"url\":\"https:\\\/\\\/www.desercik.pl\\\/tribal-wars-2\\\/\",\"name\":\"Plemiona 2\",\"description\":\"\",\"potentialAction\":[{\"@type\":\"SearchAction\",\"target\":{\"@type\":\"EntryPoint\",\"urlTemplate\":\"https:\\\/\\\/www.desercik.pl\\\/tribal-wars-2\\\/?s={search_term_string}\"},\"query-input\":{\"@type\":\"PropertyValueSpecification\",\"valueRequired\":true,\"valueName\":\"search_term_string\"}}],\"inLanguage\":\"pl-PL\"}]}<\/script>\n<!-- \/ Yoast SEO plugin. -->","yoast_head_json":{"title":"Mapa gry - Plemiona 2 - Tribal Wars 2","robots":{"index":"index","follow":"follow","max-snippet":"max-snippet:-1","max-image-preview":"max-image-preview:large","max-video-preview":"max-video-preview:-1"},"canonical":"https:\/\/www.desercik.pl\/tribal-wars-2\/mapa-w-grze\/","og_locale":"pl_PL","og_type":"article","og_title":"Mapa gry - Plemiona 2 - Tribal Wars 2","og_description":"Mapa to graficzna reprezentacja \u015bwiata gry, to klucz do nawigacji po ca\u0142ej grze. Obecnie mamy dwie r\u00f3\u017cne mapy, normaln\u0105, kt\u00f3r\u0105 mo\u017cemy powi\u0119ksza\u0107 dowolnie i zmniejsza\u0107, gdzie widzimy otaczaj\u0105ce nas wioski, prowincje itp. Na kt\u00f3rej mo\u017cemy sprawdzi\u0107 informacje o ka\u017cdej wiosce&hellip; Continue Reading &rarr;","og_url":"https:\/\/www.desercik.pl\/tribal-wars-2\/mapa-w-grze\/","og_site_name":"Plemiona 2","article_modified_time":"2014-08-04T22:11:20+00:00","og_image":[{"url":"https:\/\/www.desercik.pl\/tribal-wars-2\/wp-content\/uploads\/2014\/08\/Prov.png","type":"","width":"","height":""}],"twitter_misc":{"Szacowany czas czytania":"1 minuta"},"schema":{"@context":"https:\/\/schema.org","@graph":[{"@type":"WebPage","@id":"https:\/\/www.desercik.pl\/tribal-wars-2\/mapa-w-grze\/","url":"https:\/\/www.desercik.pl\/tribal-wars-2\/mapa-w-grze\/","name":"Mapa gry - Plemiona 2 - Tribal Wars 2","isPartOf":{"@id":"https:\/\/www.desercik.pl\/tribal-wars-2\/#website"},"primaryImageOfPage":{"@id":"https:\/\/www.desercik.pl\/tribal-wars-2\/mapa-w-grze\/#primaryimage"},"image":{"@id":"https:\/\/www.desercik.pl\/tribal-wars-2\/mapa-w-grze\/#primaryimage"},"thumbnailUrl":"https:\/\/www.desercik.pl\/tribal-wars-2\/wp-content\/uploads\/2014\/08\/Prov.png","datePublished":"2014-08-01T07:52:14+00:00","dateModified":"2014-08-04T22:11:20+00:00","breadcrumb":{"@id":"https:\/\/www.desercik.pl\/tribal-wars-2\/mapa-w-grze\/#breadcrumb"},"inLanguage":"pl-PL","potentialAction":[{"@type":"ReadAction","target":["https:\/\/www.desercik.pl\/tribal-wars-2\/mapa-w-grze\/"]}]},{"@type":"ImageObject","inLanguage":"pl-PL","@id":"https:\/\/www.desercik.pl\/tribal-wars-2\/mapa-w-grze\/#primaryimage","url":"https:\/\/www.desercik.pl\/tribal-wars-2\/wp-content\/uploads\/2014\/08\/Prov.png","contentUrl":"https:\/\/www.desercik.pl\/tribal-wars-2\/wp-content\/uploads\/2014\/08\/Prov.png","width":627,"height":130},{"@type":"BreadcrumbList","@id":"https:\/\/www.desercik.pl\/tribal-wars-2\/mapa-w-grze\/#breadcrumb","itemListElement":[{"@type":"ListItem","position":1,"name":"Strona g\u0142\u00f3wna","item":"https:\/\/www.desercik.pl\/tribal-wars-2\/"},{"@type":"ListItem","position":2,"name":"Mapa gry"}]},{"@type":"WebSite","@id":"https:\/\/www.desercik.pl\/tribal-wars-2\/#website","url":"https:\/\/www.desercik.pl\/tribal-wars-2\/","name":"Plemiona 2","description":"","potentialAction":[{"@type":"SearchAction","target":{"@type":"EntryPoint","urlTemplate":"https:\/\/www.desercik.pl\/tribal-wars-2\/?s={search_term_string}"},"query-input":{"@type":"PropertyValueSpecification","valueRequired":true,"valueName":"search_term_string"}}],"inLanguage":"pl-PL"}]}},"_links":{"self":[{"href":"https:\/\/www.desercik.pl\/tribal-wars-2\/wp-json\/wp\/v2\/pages\/294","targetHints":{"allow":["GET"]}}],"collection":[{"href":"https:\/\/www.desercik.pl\/tribal-wars-2\/wp-json\/wp\/v2\/pages"}],"about":[{"href":"https:\/\/www.desercik.pl\/tribal-wars-2\/wp-json\/wp\/v2\/types\/page"}],"author":[{"embeddable":true,"href":"https:\/\/www.desercik.pl\/tribal-wars-2\/wp-json\/wp\/v2\/users\/1"}],"replies":[{"embeddable":true,"href":"https:\/\/www.desercik.pl\/tribal-wars-2\/wp-json\/wp\/v2\/comments?post=294"}],"version-history":[{"count":0,"href":"https:\/\/www.desercik.pl\/tribal-wars-2\/wp-json\/wp\/v2\/pages\/294\/revisions"}],"wp:attachment":[{"href":"https:\/\/www.desercik.pl\/tribal-wars-2\/wp-json\/wp\/v2\/media?parent=294"}],"curies":[{"name":"wp","href":"https:\/\/api.w.org\/{rel}","templated":true}]}}