{"id":252,"date":"2014-08-01T01:29:23","date_gmt":"2014-07-31T23:29:23","guid":{"rendered":"http:\/\/www.desercik.pl\/tribal-wars-2\/?page_id=252"},"modified":"2014-08-01T01:29:23","modified_gmt":"2014-07-31T23:29:23","slug":"tawerna","status":"publish","type":"page","link":"https:\/\/www.desercik.pl\/tribal-wars-2\/budynki-lista\/tawerna\/","title":{"rendered":"Tawerna"},"content":{"rendered":"<p>Budynek &#8211; Tawerna &#8211; s\u0142u\u017cy w grze do szpiegowania i obrony przed wywiadem innego gracza. Pomie\u015bci\u0107 tutaj mo\u017cna maksymalnie pi\u0119ciu szpieg\u00f3w z czego ka\u017cdy kolejny jest o wiele dro\u017cszy.<\/p>\n<p>Rozbudowuj\u0105c budynek dostaniemy dost\u0119p do bada\u0144 kontrwywiadowczych pozwalaj\u0105cych oszuka\u0107 nieco przeciwnika.<\/p>\n<p>Tawerna do budowy wymaga 10 poziomu <a title=\"Ratusz (Headquarters)\" href=\"https:\/\/www.desercik.pl\/tribal-wars-2\/budynki\/ratusz-headquarters\/\">Ratusza<\/a>.<\/p>\n<h3>Tabela rozbudowy Tawerny<\/h3>\n<table class=\"tabela\">\n<tbody>\n<tr>\n<th>Poziom<\/th>\n<th><img loading=\"lazy\" decoding=\"async\" src=\"https:\/\/www.desercik.pl\/tribal-wars-2\/wp-content\/uploads\/2014\/07\/Wood.png\" alt=\"Wood.png\" width=\"44\" height=\"44\" \/><\/th>\n<th><img loading=\"lazy\" decoding=\"async\" src=\"https:\/\/www.desercik.pl\/tribal-wars-2\/wp-content\/uploads\/2014\/07\/Clay.png\" alt=\"Clay.png\" width=\"44\" height=\"44\" \/><\/th>\n<th><img loading=\"lazy\" decoding=\"async\" src=\"https:\/\/www.desercik.pl\/tribal-wars-2\/wp-content\/uploads\/2014\/07\/Iron.png\" alt=\"Iron.png\" width=\"44\" height=\"44\" \/><\/th>\n<th><img loading=\"lazy\" decoding=\"async\" src=\"https:\/\/www.desercik.pl\/tribal-wars-2\/wp-content\/uploads\/2014\/07\/Provisions.png\" alt=\"Provisions.png\" width=\"44\" height=\"44\" \/><\/th>\n<th>Punkty<\/th>\n<th>Badania<\/th>\n<th>Punkty \u017cycia<\/th>\n<\/tr>\n<tr>\n<td>1<\/td>\n<td>150<\/td>\n<td>100<\/td>\n<td>110<\/td>\n<td>10<\/td>\n<td>15<\/td>\n<td>&#8211;<\/td>\n<td>3<\/td>\n<\/tr>\n<tr>\n<td>2<\/td>\n<td>195<\/td>\n<td>132<\/td>\n<td>141<\/td>\n<td>13<\/td>\n<td>18<\/td>\n<td>&#8211;<\/td>\n<td>3<\/td>\n<\/tr>\n<tr>\n<td>3<\/td>\n<td>254<\/td>\n<td>174<\/td>\n<td>180<\/td>\n<td>16<\/td>\n<td>22<\/td>\n<td>Kamuflarz<\/td>\n<td>4<\/td>\n<\/tr>\n<tr>\n<td>4<\/td>\n<td>330<\/td>\n<td>230<\/td>\n<td>231<\/td>\n<td>20<\/td>\n<td>26<\/td>\n<td>&#8211;<\/td>\n<td>4<\/td>\n<\/tr>\n<tr>\n<td>5<\/td>\n<td>428<\/td>\n<td>304<\/td>\n<td>295<\/td>\n<td>26<\/td>\n<td>31<\/td>\n<td>&#8211;<\/td>\n<td>4<\/td>\n<\/tr>\n<tr>\n<td>6<\/td>\n<td>557<\/td>\n<td>401<\/td>\n<td>378<\/td>\n<td>33<\/td>\n<td>37<\/td>\n<td>Switch weapons<\/td>\n<td>5<\/td>\n<\/tr>\n<tr>\n<td>7<\/td>\n<td>724<\/td>\n<td>529<\/td>\n<td>484<\/td>\n<td>42<\/td>\n<td>45<\/td>\n<td>&#8211;<\/td>\n<td>5<\/td>\n<\/tr>\n<tr>\n<td>8<\/td>\n<td>941<\/td>\n<td>698<\/td>\n<td>619<\/td>\n<td>53<\/td>\n<td>54<\/td>\n<td>&#8211;<\/td>\n<td>6<\/td>\n<\/tr>\n<tr>\n<td>9<\/td>\n<td>1,224<\/td>\n<td>922<\/td>\n<td>793<\/td>\n<td>68<\/td>\n<td>64<\/td>\n<td>Manekiny<\/td>\n<td>6<\/td>\n<\/tr>\n<tr>\n<td>10<\/td>\n<td>1,591<\/td>\n<td>1,217<\/td>\n<td>1,015<\/td>\n<td>86<\/td>\n<td>77<\/td>\n<td>&#8211;<\/td>\n<td>7<\/td>\n<\/tr>\n<tr>\n<td>11<\/td>\n<td>2,068<\/td>\n<td>1,606<\/td>\n<td>1,299<\/td>\n<td>109<\/td>\n<td>93<\/td>\n<td>&#8211;<\/td>\n<td>8<\/td>\n<\/tr>\n<tr>\n<td>12<\/td>\n<td>2,688<\/td>\n<td>2,120<\/td>\n<td>1,662<\/td>\n<td>139<\/td>\n<td>111<\/td>\n<td>Zamiana<\/td>\n<td>9<\/td>\n<\/tr>\n<tr>\n<td>13<\/td>\n<td>3,495<\/td>\n<td>2,798<\/td>\n<td>2,128<\/td>\n<td>176<\/td>\n<td>134<\/td>\n<td>&#8211;<\/td>\n<td>9<\/td>\n<\/tr>\n<tr>\n<td>14<\/td>\n<td>4,543<\/td>\n<td>3,694<\/td>\n<td>2,723<\/td>\n<td>224<\/td>\n<td>160<\/td>\n<td>&#8211;<\/td>\n<td>10<\/td>\n<\/tr>\n<tr>\n<td>15<\/td>\n<td>5,906<\/td>\n<td>4,876<\/td>\n<td>3,486<\/td>\n<td>284<\/td>\n<td>193<\/td>\n<td>&#8211;<\/td>\n<td>11<\/td>\n<\/tr>\n<\/tbody>\n<\/table>\n<h3>Badania w Tawernie<\/h3>\n<table class=\"tabela\">\n<tbody>\n<tr>\n<th style=\"text-align: center;\">Poziom<\/th>\n<th style=\"text-align: center;\">Badanie<\/th>\n<th style=\"text-align: center;\">Opis<\/th>\n<\/tr>\n<tr>\n<td>3<\/td>\n<td>Kamuflarz<\/td>\n<td>Dzi\u0119ki kamuflarzowi mo\u017cemy broni\u0107 si\u0119 przed szpiegowstwem. Ukrywamy dzi\u0119ki niemu prawdziwy poziom wybranego budynku.<\/td>\n<\/tr>\n<tr>\n<td>6<\/td>\n<td>Switch weapons<\/td>\n<td>Zamieniamy rolami jednostki. Mo\u017cemy maj\u0105c 2000 Miecznik\u00f3w pokaza\u0107 komu\u015b kto nas szpieguje, \u017ce tak naprawd\u0119 s\u0105 to na przyk\u0142ad Ci\u0119\u017ccy Kawalerzy\u015bci.<\/td>\n<\/tr>\n<tr>\n<td>9<\/td>\n<td>Manekiny<\/td>\n<td>Mo\u017cemy nieco oszuka\u0107 w liczbie posiadanych jednostek, przez co skutecznie wystraszy\u0107 przeciwnika.<\/td>\n<\/tr>\n<tr>\n<td>12<\/td>\n<td>Zamiana<\/td>\n<td>Je\u015bli graczowi, kt\u00f3ry nas szpieguje si\u0119 nie powiedzie to otrzymamy raport z informacjami o jego wiosce.<\/td>\n<\/tr>\n<\/tbody>\n<\/table>\n","protected":false},"excerpt":{"rendered":"<p>Budynek &#8211; Tawerna &#8211; s\u0142u\u017cy w grze do szpiegowania i obrony przed wywiadem innego gracza. Pomie\u015bci\u0107 tutaj mo\u017cna maksymalnie pi\u0119ciu szpieg\u00f3w z czego ka\u017cdy kolejny jest o wiele dro\u017cszy. Rozbudowuj\u0105c budynek dostaniemy dost\u0119p do bada\u0144 kontrwywiadowczych pozwalaj\u0105cych oszuka\u0107 nieco przeciwnika.&hellip; <a href=\"https:\/\/www.desercik.pl\/tribal-wars-2\/budynki-lista\/tawerna\/\" class=\"more-link\">Continue Reading <span class=\"meta-nav\">&rarr;<\/span><\/a><\/p>\n","protected":false},"author":1,"featured_media":0,"parent":175,"menu_order":0,"comment_status":"open","ping_status":"open","template":"","meta":{"footnotes":""},"class_list":["post-252","page","type-page","status-publish","hentry"],"yoast_head":"<!-- This site is optimized with the Yoast SEO plugin v27.3 - https:\/\/yoast.com\/product\/yoast-seo-wordpress\/ -->\n<title>Tawerna - Plemiona 2 - Tribal Wars 2<\/title>\n<meta name=\"robots\" content=\"index, follow, max-snippet:-1, max-image-preview:large, max-video-preview:-1\" \/>\n<link rel=\"canonical\" href=\"https:\/\/www.desercik.pl\/tribal-wars-2\/budynki-lista\/tawerna\/\" \/>\n<meta property=\"og:locale\" content=\"pl_PL\" \/>\n<meta property=\"og:type\" content=\"article\" \/>\n<meta property=\"og:title\" content=\"Tawerna - Plemiona 2 - Tribal Wars 2\" \/>\n<meta property=\"og:description\" content=\"Budynek &#8211; Tawerna &#8211; s\u0142u\u017cy w grze do szpiegowania i obrony przed wywiadem innego gracza. Pomie\u015bci\u0107 tutaj mo\u017cna maksymalnie pi\u0119ciu szpieg\u00f3w z czego ka\u017cdy kolejny jest o wiele dro\u017cszy. Rozbudowuj\u0105c budynek dostaniemy dost\u0119p do bada\u0144 kontrwywiadowczych pozwalaj\u0105cych oszuka\u0107 nieco przeciwnika.&hellip; Continue Reading &rarr;\" \/>\n<meta property=\"og:url\" content=\"https:\/\/www.desercik.pl\/tribal-wars-2\/budynki-lista\/tawerna\/\" \/>\n<meta property=\"og:site_name\" content=\"Plemiona 2\" \/>\n<meta property=\"og:image\" content=\"https:\/\/www.desercik.pl\/tribal-wars-2\/wp-content\/uploads\/2014\/07\/Wood.png\" \/>\n<meta name=\"twitter:label1\" content=\"Szacowany czas czytania\" \/>\n\t<meta name=\"twitter:data1\" content=\"1 minuta\" \/>\n<script type=\"application\/ld+json\" class=\"yoast-schema-graph\">{\"@context\":\"https:\\\/\\\/schema.org\",\"@graph\":[{\"@type\":\"WebPage\",\"@id\":\"https:\\\/\\\/www.desercik.pl\\\/tribal-wars-2\\\/budynki-lista\\\/tawerna\\\/\",\"url\":\"https:\\\/\\\/www.desercik.pl\\\/tribal-wars-2\\\/budynki-lista\\\/tawerna\\\/\",\"name\":\"Tawerna - Plemiona 2 - Tribal Wars 2\",\"isPartOf\":{\"@id\":\"https:\\\/\\\/www.desercik.pl\\\/tribal-wars-2\\\/#website\"},\"primaryImageOfPage\":{\"@id\":\"https:\\\/\\\/www.desercik.pl\\\/tribal-wars-2\\\/budynki-lista\\\/tawerna\\\/#primaryimage\"},\"image\":{\"@id\":\"https:\\\/\\\/www.desercik.pl\\\/tribal-wars-2\\\/budynki-lista\\\/tawerna\\\/#primaryimage\"},\"thumbnailUrl\":\"https:\\\/\\\/www.desercik.pl\\\/tribal-wars-2\\\/wp-content\\\/uploads\\\/2014\\\/07\\\/Wood.png\",\"datePublished\":\"2014-07-31T23:29:23+00:00\",\"breadcrumb\":{\"@id\":\"https:\\\/\\\/www.desercik.pl\\\/tribal-wars-2\\\/budynki-lista\\\/tawerna\\\/#breadcrumb\"},\"inLanguage\":\"pl-PL\",\"potentialAction\":[{\"@type\":\"ReadAction\",\"target\":[\"https:\\\/\\\/www.desercik.pl\\\/tribal-wars-2\\\/budynki-lista\\\/tawerna\\\/\"]}]},{\"@type\":\"ImageObject\",\"inLanguage\":\"pl-PL\",\"@id\":\"https:\\\/\\\/www.desercik.pl\\\/tribal-wars-2\\\/budynki-lista\\\/tawerna\\\/#primaryimage\",\"url\":\"https:\\\/\\\/www.desercik.pl\\\/tribal-wars-2\\\/wp-content\\\/uploads\\\/2014\\\/07\\\/Wood.png\",\"contentUrl\":\"https:\\\/\\\/www.desercik.pl\\\/tribal-wars-2\\\/wp-content\\\/uploads\\\/2014\\\/07\\\/Wood.png\",\"width\":44,\"height\":44},{\"@type\":\"BreadcrumbList\",\"@id\":\"https:\\\/\\\/www.desercik.pl\\\/tribal-wars-2\\\/budynki-lista\\\/tawerna\\\/#breadcrumb\",\"itemListElement\":[{\"@type\":\"ListItem\",\"position\":1,\"name\":\"Strona g\u0142\u00f3wna\",\"item\":\"https:\\\/\\\/www.desercik.pl\\\/tribal-wars-2\\\/\"},{\"@type\":\"ListItem\",\"position\":2,\"name\":\"Budynki\",\"item\":\"https:\\\/\\\/www.desercik.pl\\\/tribal-wars-2\\\/budynki-lista\\\/\"},{\"@type\":\"ListItem\",\"position\":3,\"name\":\"Tawerna\"}]},{\"@type\":\"WebSite\",\"@id\":\"https:\\\/\\\/www.desercik.pl\\\/tribal-wars-2\\\/#website\",\"url\":\"https:\\\/\\\/www.desercik.pl\\\/tribal-wars-2\\\/\",\"name\":\"Plemiona 2\",\"description\":\"\",\"potentialAction\":[{\"@type\":\"SearchAction\",\"target\":{\"@type\":\"EntryPoint\",\"urlTemplate\":\"https:\\\/\\\/www.desercik.pl\\\/tribal-wars-2\\\/?s={search_term_string}\"},\"query-input\":{\"@type\":\"PropertyValueSpecification\",\"valueRequired\":true,\"valueName\":\"search_term_string\"}}],\"inLanguage\":\"pl-PL\"}]}<\/script>\n<!-- \/ Yoast SEO plugin. -->","yoast_head_json":{"title":"Tawerna - Plemiona 2 - Tribal Wars 2","robots":{"index":"index","follow":"follow","max-snippet":"max-snippet:-1","max-image-preview":"max-image-preview:large","max-video-preview":"max-video-preview:-1"},"canonical":"https:\/\/www.desercik.pl\/tribal-wars-2\/budynki-lista\/tawerna\/","og_locale":"pl_PL","og_type":"article","og_title":"Tawerna - Plemiona 2 - Tribal Wars 2","og_description":"Budynek &#8211; Tawerna &#8211; s\u0142u\u017cy w grze do szpiegowania i obrony przed wywiadem innego gracza. Pomie\u015bci\u0107 tutaj mo\u017cna maksymalnie pi\u0119ciu szpieg\u00f3w z czego ka\u017cdy kolejny jest o wiele dro\u017cszy. Rozbudowuj\u0105c budynek dostaniemy dost\u0119p do bada\u0144 kontrwywiadowczych pozwalaj\u0105cych oszuka\u0107 nieco przeciwnika.&hellip; Continue Reading &rarr;","og_url":"https:\/\/www.desercik.pl\/tribal-wars-2\/budynki-lista\/tawerna\/","og_site_name":"Plemiona 2","og_image":[{"url":"https:\/\/www.desercik.pl\/tribal-wars-2\/wp-content\/uploads\/2014\/07\/Wood.png","type":"","width":"","height":""}],"twitter_misc":{"Szacowany czas czytania":"1 minuta"},"schema":{"@context":"https:\/\/schema.org","@graph":[{"@type":"WebPage","@id":"https:\/\/www.desercik.pl\/tribal-wars-2\/budynki-lista\/tawerna\/","url":"https:\/\/www.desercik.pl\/tribal-wars-2\/budynki-lista\/tawerna\/","name":"Tawerna - Plemiona 2 - Tribal Wars 2","isPartOf":{"@id":"https:\/\/www.desercik.pl\/tribal-wars-2\/#website"},"primaryImageOfPage":{"@id":"https:\/\/www.desercik.pl\/tribal-wars-2\/budynki-lista\/tawerna\/#primaryimage"},"image":{"@id":"https:\/\/www.desercik.pl\/tribal-wars-2\/budynki-lista\/tawerna\/#primaryimage"},"thumbnailUrl":"https:\/\/www.desercik.pl\/tribal-wars-2\/wp-content\/uploads\/2014\/07\/Wood.png","datePublished":"2014-07-31T23:29:23+00:00","breadcrumb":{"@id":"https:\/\/www.desercik.pl\/tribal-wars-2\/budynki-lista\/tawerna\/#breadcrumb"},"inLanguage":"pl-PL","potentialAction":[{"@type":"ReadAction","target":["https:\/\/www.desercik.pl\/tribal-wars-2\/budynki-lista\/tawerna\/"]}]},{"@type":"ImageObject","inLanguage":"pl-PL","@id":"https:\/\/www.desercik.pl\/tribal-wars-2\/budynki-lista\/tawerna\/#primaryimage","url":"https:\/\/www.desercik.pl\/tribal-wars-2\/wp-content\/uploads\/2014\/07\/Wood.png","contentUrl":"https:\/\/www.desercik.pl\/tribal-wars-2\/wp-content\/uploads\/2014\/07\/Wood.png","width":44,"height":44},{"@type":"BreadcrumbList","@id":"https:\/\/www.desercik.pl\/tribal-wars-2\/budynki-lista\/tawerna\/#breadcrumb","itemListElement":[{"@type":"ListItem","position":1,"name":"Strona g\u0142\u00f3wna","item":"https:\/\/www.desercik.pl\/tribal-wars-2\/"},{"@type":"ListItem","position":2,"name":"Budynki","item":"https:\/\/www.desercik.pl\/tribal-wars-2\/budynki-lista\/"},{"@type":"ListItem","position":3,"name":"Tawerna"}]},{"@type":"WebSite","@id":"https:\/\/www.desercik.pl\/tribal-wars-2\/#website","url":"https:\/\/www.desercik.pl\/tribal-wars-2\/","name":"Plemiona 2","description":"","potentialAction":[{"@type":"SearchAction","target":{"@type":"EntryPoint","urlTemplate":"https:\/\/www.desercik.pl\/tribal-wars-2\/?s={search_term_string}"},"query-input":{"@type":"PropertyValueSpecification","valueRequired":true,"valueName":"search_term_string"}}],"inLanguage":"pl-PL"}]}},"_links":{"self":[{"href":"https:\/\/www.desercik.pl\/tribal-wars-2\/wp-json\/wp\/v2\/pages\/252","targetHints":{"allow":["GET"]}}],"collection":[{"href":"https:\/\/www.desercik.pl\/tribal-wars-2\/wp-json\/wp\/v2\/pages"}],"about":[{"href":"https:\/\/www.desercik.pl\/tribal-wars-2\/wp-json\/wp\/v2\/types\/page"}],"author":[{"embeddable":true,"href":"https:\/\/www.desercik.pl\/tribal-wars-2\/wp-json\/wp\/v2\/users\/1"}],"replies":[{"embeddable":true,"href":"https:\/\/www.desercik.pl\/tribal-wars-2\/wp-json\/wp\/v2\/comments?post=252"}],"version-history":[{"count":0,"href":"https:\/\/www.desercik.pl\/tribal-wars-2\/wp-json\/wp\/v2\/pages\/252\/revisions"}],"up":[{"embeddable":true,"href":"https:\/\/www.desercik.pl\/tribal-wars-2\/wp-json\/wp\/v2\/pages\/175"}],"wp:attachment":[{"href":"https:\/\/www.desercik.pl\/tribal-wars-2\/wp-json\/wp\/v2\/media?parent=252"}],"curies":[{"name":"wp","href":"https:\/\/api.w.org\/{rel}","templated":true}]}}