{"id":246,"date":"2014-08-01T01:16:29","date_gmt":"2014-07-31T23:16:29","guid":{"rendered":"http:\/\/www.desercik.pl\/tribal-wars-2\/?page_id=246"},"modified":"2014-08-01T01:21:09","modified_gmt":"2014-07-31T23:21:09","slug":"sala-rozkazow","status":"publish","type":"page","link":"https:\/\/www.desercik.pl\/tribal-wars-2\/budynki-lista\/sala-rozkazow\/","title":{"rendered":"Sala Rozkaz\u00f3w (Hall of Orders)"},"content":{"rendered":"<p>Sala Rozkaz\u00f3w (Hall of Orders) przedstawia w Plemionach 2 zupe\u0142nie nowe mo\u017cliwo\u015bci. Wszystko zale\u017cy od tego jak\u0105 Gildi\u0119 po jego zbudowaniu wybierzemy, a dost\u0119pn\u0105 mamy Gildi\u0119 Z\u0142odziei, kt\u00f3ra otrzymuje zni\u017ck\u0119 procentow\u0105 na wybijanie kolejnych monet. Rycerzy Templariuszy, kt\u00f3rym zostaje zmniejszony koszt rekrutacji piechoty jak i Teuto\u0144skich Rycerzy, dzi\u0119ki kt\u00f3rym zmniejszymy koszt pozyskiwania jednostek kawalerii.<\/p>\n<p>W grze przedstawiono gildie jako trzy rozkazy, z kt\u00f3rych mo\u017cna wybra\u0107 jeden i jest to ostateczny wyb\u00f3r (dla danej wioski).<\/p>\n<ul>\n<li>Order of the Templar Knights:<\/li>\n<\/ul>\n<p>Mo\u017cemy rekrutowa\u0107 <a title=\"Berserker\" href=\"https:\/\/www.desercik.pl\/tribal-wars-2\/jednostki-w-grze\/berserker\/\">Berserker\u00f3w<\/a>, o kt\u00f3rych pisa\u0142em wcze\u015bniej. Zmniesza si\u0119 te\u017c koszt szkolenia <a title=\"W\u0142\u00f3cznik\" href=\"https:\/\/www.desercik.pl\/tribal-wars-2\/jednostki-w-grze\/wlocznik\/\">W\u0142\u00f3cznik\u00f3w<\/a>, <a title=\"Miecznik\" href=\"https:\/\/www.desercik.pl\/tribal-wars-2\/jednostki-w-grze\/miecznik\/\">Miecznik\u00f3w <\/a>i <a title=\"Topornik\" href=\"https:\/\/www.desercik.pl\/tribal-wars-2\/jednostki-w-grze\/topornik\/\">Topornik\u00f3w<\/a> w zale\u017cno\u015bci od poziomu budynku.<\/p>\n<ul>\n<li>Order of the Teutonic Knights:<\/li>\n<\/ul>\n<p>Mo\u017cemy budowa\u0107 wielkie machiny znane pod nazw\u0105\u00a0<a title=\"Trebuchet\" href=\"https:\/\/www.desercik.pl\/tribal-wars-2\/jednostki-w-grze\/trebuchet\/\">Trebuchets<\/a>. Zmniejsza si\u0119 koszt rekrutacji <a title=\"Lekki Kawalerzysta\" href=\"https:\/\/www.desercik.pl\/tribal-wars-2\/jednostki-w-grze\/lekki-kawalerzysta\/\">Lekkiej Kawalerii<\/a>, <a title=\"Ci\u0119\u017cki kawalerzysta\" href=\"https:\/\/www.desercik.pl\/tribal-wars-2\/jednostki-w-grze\/ciezki-kawalerzysta\/\">Ci\u0119\u017ckiej<\/a> i <a title=\"Paladyn (Rycerz)\" href=\"https:\/\/www.desercik.pl\/tribal-wars-2\/jednostki-w-grze\/paladyn-rycerz\/\">Paladyna<\/a>\u00a0w zale\u017cno\u015bci od poziomu budynku.<\/p>\n<ul>\n<li>Guild of the Thieves:<\/li>\n<\/ul>\n<p>Uzyskujemy dost\u0119p do technologii jak\u0105 jest Sabota\u017c, dzi\u0119ki kt\u00f3rej wysy\u0142aj\u0105c szpieg\u00f3w na specjaln\u0105 misje mo\u017cemy zniszczy\u0107 losowy budynek wroga (zmniejszy\u0107 jego poziom). Dodatkowo w <a title=\"Akademia\" href=\"https:\/\/www.desercik.pl\/tribal-wars-2\/budynki\/akademia\/\">Akademii <\/a>mo\u017cemy wybija\u0107 taniej monety (Na pierwszym poziomie s\u0105 ta\u0144sze o 1%, na drugim o 2% itd).<\/p>\n<p>Sala Rozkaz\u00f3w do budowy wymaga <a title=\"Ratusz (Headquarters)\" href=\"https:\/\/www.desercik.pl\/tribal-wars-2\/budynki\/ratusz-headquarters\/\">Ratusza<\/a> na 25 poziomie.<\/p>\n<h3>Tabela rozbudowy<\/h3>\n<table class=\"tabela\">\n<tbody>\n<tr>\n<th>Poziom<\/th>\n<th><img loading=\"lazy\" decoding=\"async\" src=\"https:\/\/www.desercik.pl\/tribal-wars-2\/wp-content\/uploads\/2014\/07\/Wood.png\" alt=\"Wood.png\" width=\"44\" height=\"44\" \/><\/th>\n<th><img loading=\"lazy\" decoding=\"async\" src=\"https:\/\/www.desercik.pl\/tribal-wars-2\/wp-content\/uploads\/2014\/07\/Clay.png\" alt=\"Clay.png\" width=\"44\" height=\"44\" \/><\/th>\n<th><img loading=\"lazy\" decoding=\"async\" src=\"https:\/\/www.desercik.pl\/tribal-wars-2\/wp-content\/uploads\/2014\/07\/Iron.png\" alt=\"Iron.png\" width=\"44\" height=\"44\" \/><\/th>\n<th><img loading=\"lazy\" decoding=\"async\" src=\"https:\/\/www.desercik.pl\/tribal-wars-2\/wp-content\/uploads\/2014\/07\/Provisions.png\" alt=\"Provisions.png\" width=\"44\" height=\"44\" \/><\/th>\n<th>Punkty<\/th>\n<th>Badania<\/th>\n<th>Punkty \u017cycia<\/th>\n<\/tr>\n<tr>\n<td>1<\/td>\n<td>35,000<\/td>\n<td>50,000<\/td>\n<td>30,000<\/td>\n<td>50<\/td>\n<td>75<\/td>\n<td>&#8211;<\/td>\n<td>20<\/td>\n<\/tr>\n<tr>\n<td>2<\/td>\n<td>42,000<\/td>\n<td>58,500<\/td>\n<td>36,900<\/td>\n<td>64<\/td>\n<td>90<\/td>\n<td>&#8211;<\/td>\n<td>22<\/td>\n<\/tr>\n<tr>\n<td>3<\/td>\n<td>50,400<\/td>\n<td>68,445<\/td>\n<td>45,387<\/td>\n<td>81<\/td>\n<td>108<\/td>\n<td>&#8211;<\/td>\n<td>24<\/td>\n<\/tr>\n<tr>\n<td>4<\/td>\n<td>60,480<\/td>\n<td>80,081<\/td>\n<td>55,826<\/td>\n<td>102<\/td>\n<td>130<\/td>\n<td>&#8211;<\/td>\n<td>27<\/td>\n<\/tr>\n<tr>\n<td>5<\/td>\n<td>72,576<\/td>\n<td>93,694<\/td>\n<td>68,666<\/td>\n<td>130<\/td>\n<td>156<\/td>\n<td>&#8211;<\/td>\n<td>29<\/td>\n<\/tr>\n<tr>\n<td>6<\/td>\n<td>87,091<\/td>\n<td>109,622<\/td>\n<td>84,459<\/td>\n<td>165<\/td>\n<td>187<\/td>\n<td>&#8211;<\/td>\n<td>32<\/td>\n<\/tr>\n<tr>\n<td>7<\/td>\n<td>104,509<\/td>\n<td>128,258<\/td>\n<td>103,885<\/td>\n<td>210<\/td>\n<td>224<\/td>\n<td>&#8211;<\/td>\n<td>35<\/td>\n<\/tr>\n<tr>\n<td>8<\/td>\n<td>125,411<\/td>\n<td>150,062<\/td>\n<td>127,778<\/td>\n<td>266<\/td>\n<td>269<\/td>\n<td>&#8211;<\/td>\n<td>39<\/td>\n<\/tr>\n<tr>\n<td>9<\/td>\n<td>150,494<\/td>\n<td>175,573<\/td>\n<td>157,167<\/td>\n<td>338<\/td>\n<td>322<\/td>\n<td>&#8211;<\/td>\n<td>43<\/td>\n<\/tr>\n<tr>\n<td>10<\/td>\n<td>180,592<\/td>\n<td>205,420<\/td>\n<td>193,316<\/td>\n<td>430<\/td>\n<td>387<\/td>\n<td>Structural improvement<\/td>\n<td>47<\/td>\n<\/tr>\n<\/tbody>\n<\/table>\n<h3>Dost\u0119pne badania<\/h3>\n<table class=\"tabela\">\n<tbody>\n<tr>\n<th style=\"text-align: center;\">Poziom<\/th>\n<th style=\"text-align: center;\">Badanie<\/th>\n<th style=\"text-align: center;\">Opis<\/th>\n<\/tr>\n<tr>\n<td>10<\/td>\n<td>Structural improvement<\/td>\n<td>Zwieksza wytrzyma\u0142o\u015b\u0107 budynku o 50%.<\/td>\n<\/tr>\n<\/tbody>\n<\/table>\n","protected":false},"excerpt":{"rendered":"<p>Sala Rozkaz\u00f3w (Hall of Orders) przedstawia w Plemionach 2 zupe\u0142nie nowe mo\u017cliwo\u015bci. Wszystko zale\u017cy od tego jak\u0105 Gildi\u0119 po jego zbudowaniu wybierzemy, a dost\u0119pn\u0105 mamy Gildi\u0119 Z\u0142odziei, kt\u00f3ra otrzymuje zni\u017ck\u0119 procentow\u0105 na wybijanie kolejnych monet. Rycerzy Templariuszy, kt\u00f3rym zostaje zmniejszony&hellip; <a href=\"https:\/\/www.desercik.pl\/tribal-wars-2\/budynki-lista\/sala-rozkazow\/\" class=\"more-link\">Continue Reading <span class=\"meta-nav\">&rarr;<\/span><\/a><\/p>\n","protected":false},"author":1,"featured_media":0,"parent":175,"menu_order":0,"comment_status":"open","ping_status":"open","template":"","meta":{"footnotes":""},"class_list":["post-246","page","type-page","status-publish","hentry"],"yoast_head":"<!-- This site is optimized with the Yoast SEO plugin v27.3 - https:\/\/yoast.com\/product\/yoast-seo-wordpress\/ -->\n<title>Sala Rozkaz\u00f3w (Hall of Orders) - Plemiona 2 - Tribal Wars 2<\/title>\n<meta name=\"robots\" content=\"index, follow, max-snippet:-1, max-image-preview:large, max-video-preview:-1\" \/>\n<link rel=\"canonical\" href=\"https:\/\/www.desercik.pl\/tribal-wars-2\/budynki-lista\/sala-rozkazow\/\" \/>\n<meta property=\"og:locale\" content=\"pl_PL\" \/>\n<meta property=\"og:type\" content=\"article\" \/>\n<meta property=\"og:title\" content=\"Sala Rozkaz\u00f3w (Hall of Orders) - Plemiona 2 - Tribal Wars 2\" \/>\n<meta property=\"og:description\" content=\"Sala Rozkaz\u00f3w (Hall of Orders) przedstawia w Plemionach 2 zupe\u0142nie nowe mo\u017cliwo\u015bci. Wszystko zale\u017cy od tego jak\u0105 Gildi\u0119 po jego zbudowaniu wybierzemy, a dost\u0119pn\u0105 mamy Gildi\u0119 Z\u0142odziei, kt\u00f3ra otrzymuje zni\u017ck\u0119 procentow\u0105 na wybijanie kolejnych monet. Rycerzy Templariuszy, kt\u00f3rym zostaje zmniejszony&hellip; Continue Reading &rarr;\" \/>\n<meta property=\"og:url\" content=\"https:\/\/www.desercik.pl\/tribal-wars-2\/budynki-lista\/sala-rozkazow\/\" \/>\n<meta property=\"og:site_name\" content=\"Plemiona 2\" \/>\n<meta property=\"article:modified_time\" content=\"2014-07-31T23:21:09+00:00\" \/>\n<meta property=\"og:image\" content=\"https:\/\/www.desercik.pl\/tribal-wars-2\/wp-content\/uploads\/2014\/07\/Wood.png\" \/>\n<meta name=\"twitter:label1\" content=\"Szacowany czas czytania\" \/>\n\t<meta name=\"twitter:data1\" content=\"1 minuta\" \/>\n<script type=\"application\/ld+json\" class=\"yoast-schema-graph\">{\"@context\":\"https:\\\/\\\/schema.org\",\"@graph\":[{\"@type\":\"WebPage\",\"@id\":\"https:\\\/\\\/www.desercik.pl\\\/tribal-wars-2\\\/budynki-lista\\\/sala-rozkazow\\\/\",\"url\":\"https:\\\/\\\/www.desercik.pl\\\/tribal-wars-2\\\/budynki-lista\\\/sala-rozkazow\\\/\",\"name\":\"Sala Rozkaz\u00f3w (Hall of Orders) - Plemiona 2 - Tribal Wars 2\",\"isPartOf\":{\"@id\":\"https:\\\/\\\/www.desercik.pl\\\/tribal-wars-2\\\/#website\"},\"primaryImageOfPage\":{\"@id\":\"https:\\\/\\\/www.desercik.pl\\\/tribal-wars-2\\\/budynki-lista\\\/sala-rozkazow\\\/#primaryimage\"},\"image\":{\"@id\":\"https:\\\/\\\/www.desercik.pl\\\/tribal-wars-2\\\/budynki-lista\\\/sala-rozkazow\\\/#primaryimage\"},\"thumbnailUrl\":\"https:\\\/\\\/www.desercik.pl\\\/tribal-wars-2\\\/wp-content\\\/uploads\\\/2014\\\/07\\\/Wood.png\",\"datePublished\":\"2014-07-31T23:16:29+00:00\",\"dateModified\":\"2014-07-31T23:21:09+00:00\",\"breadcrumb\":{\"@id\":\"https:\\\/\\\/www.desercik.pl\\\/tribal-wars-2\\\/budynki-lista\\\/sala-rozkazow\\\/#breadcrumb\"},\"inLanguage\":\"pl-PL\",\"potentialAction\":[{\"@type\":\"ReadAction\",\"target\":[\"https:\\\/\\\/www.desercik.pl\\\/tribal-wars-2\\\/budynki-lista\\\/sala-rozkazow\\\/\"]}]},{\"@type\":\"ImageObject\",\"inLanguage\":\"pl-PL\",\"@id\":\"https:\\\/\\\/www.desercik.pl\\\/tribal-wars-2\\\/budynki-lista\\\/sala-rozkazow\\\/#primaryimage\",\"url\":\"https:\\\/\\\/www.desercik.pl\\\/tribal-wars-2\\\/wp-content\\\/uploads\\\/2014\\\/07\\\/Wood.png\",\"contentUrl\":\"https:\\\/\\\/www.desercik.pl\\\/tribal-wars-2\\\/wp-content\\\/uploads\\\/2014\\\/07\\\/Wood.png\",\"width\":44,\"height\":44},{\"@type\":\"BreadcrumbList\",\"@id\":\"https:\\\/\\\/www.desercik.pl\\\/tribal-wars-2\\\/budynki-lista\\\/sala-rozkazow\\\/#breadcrumb\",\"itemListElement\":[{\"@type\":\"ListItem\",\"position\":1,\"name\":\"Strona g\u0142\u00f3wna\",\"item\":\"https:\\\/\\\/www.desercik.pl\\\/tribal-wars-2\\\/\"},{\"@type\":\"ListItem\",\"position\":2,\"name\":\"Budynki\",\"item\":\"https:\\\/\\\/www.desercik.pl\\\/tribal-wars-2\\\/budynki-lista\\\/\"},{\"@type\":\"ListItem\",\"position\":3,\"name\":\"Sala Rozkaz\u00f3w (Hall of Orders)\"}]},{\"@type\":\"WebSite\",\"@id\":\"https:\\\/\\\/www.desercik.pl\\\/tribal-wars-2\\\/#website\",\"url\":\"https:\\\/\\\/www.desercik.pl\\\/tribal-wars-2\\\/\",\"name\":\"Plemiona 2\",\"description\":\"\",\"potentialAction\":[{\"@type\":\"SearchAction\",\"target\":{\"@type\":\"EntryPoint\",\"urlTemplate\":\"https:\\\/\\\/www.desercik.pl\\\/tribal-wars-2\\\/?s={search_term_string}\"},\"query-input\":{\"@type\":\"PropertyValueSpecification\",\"valueRequired\":true,\"valueName\":\"search_term_string\"}}],\"inLanguage\":\"pl-PL\"}]}<\/script>\n<!-- \/ Yoast SEO plugin. -->","yoast_head_json":{"title":"Sala Rozkaz\u00f3w (Hall of Orders) - Plemiona 2 - Tribal Wars 2","robots":{"index":"index","follow":"follow","max-snippet":"max-snippet:-1","max-image-preview":"max-image-preview:large","max-video-preview":"max-video-preview:-1"},"canonical":"https:\/\/www.desercik.pl\/tribal-wars-2\/budynki-lista\/sala-rozkazow\/","og_locale":"pl_PL","og_type":"article","og_title":"Sala Rozkaz\u00f3w (Hall of Orders) - Plemiona 2 - Tribal Wars 2","og_description":"Sala Rozkaz\u00f3w (Hall of Orders) przedstawia w Plemionach 2 zupe\u0142nie nowe mo\u017cliwo\u015bci. Wszystko zale\u017cy od tego jak\u0105 Gildi\u0119 po jego zbudowaniu wybierzemy, a dost\u0119pn\u0105 mamy Gildi\u0119 Z\u0142odziei, kt\u00f3ra otrzymuje zni\u017ck\u0119 procentow\u0105 na wybijanie kolejnych monet. Rycerzy Templariuszy, kt\u00f3rym zostaje zmniejszony&hellip; Continue Reading &rarr;","og_url":"https:\/\/www.desercik.pl\/tribal-wars-2\/budynki-lista\/sala-rozkazow\/","og_site_name":"Plemiona 2","article_modified_time":"2014-07-31T23:21:09+00:00","og_image":[{"url":"https:\/\/www.desercik.pl\/tribal-wars-2\/wp-content\/uploads\/2014\/07\/Wood.png","type":"","width":"","height":""}],"twitter_misc":{"Szacowany czas czytania":"1 minuta"},"schema":{"@context":"https:\/\/schema.org","@graph":[{"@type":"WebPage","@id":"https:\/\/www.desercik.pl\/tribal-wars-2\/budynki-lista\/sala-rozkazow\/","url":"https:\/\/www.desercik.pl\/tribal-wars-2\/budynki-lista\/sala-rozkazow\/","name":"Sala Rozkaz\u00f3w (Hall of Orders) - Plemiona 2 - Tribal Wars 2","isPartOf":{"@id":"https:\/\/www.desercik.pl\/tribal-wars-2\/#website"},"primaryImageOfPage":{"@id":"https:\/\/www.desercik.pl\/tribal-wars-2\/budynki-lista\/sala-rozkazow\/#primaryimage"},"image":{"@id":"https:\/\/www.desercik.pl\/tribal-wars-2\/budynki-lista\/sala-rozkazow\/#primaryimage"},"thumbnailUrl":"https:\/\/www.desercik.pl\/tribal-wars-2\/wp-content\/uploads\/2014\/07\/Wood.png","datePublished":"2014-07-31T23:16:29+00:00","dateModified":"2014-07-31T23:21:09+00:00","breadcrumb":{"@id":"https:\/\/www.desercik.pl\/tribal-wars-2\/budynki-lista\/sala-rozkazow\/#breadcrumb"},"inLanguage":"pl-PL","potentialAction":[{"@type":"ReadAction","target":["https:\/\/www.desercik.pl\/tribal-wars-2\/budynki-lista\/sala-rozkazow\/"]}]},{"@type":"ImageObject","inLanguage":"pl-PL","@id":"https:\/\/www.desercik.pl\/tribal-wars-2\/budynki-lista\/sala-rozkazow\/#primaryimage","url":"https:\/\/www.desercik.pl\/tribal-wars-2\/wp-content\/uploads\/2014\/07\/Wood.png","contentUrl":"https:\/\/www.desercik.pl\/tribal-wars-2\/wp-content\/uploads\/2014\/07\/Wood.png","width":44,"height":44},{"@type":"BreadcrumbList","@id":"https:\/\/www.desercik.pl\/tribal-wars-2\/budynki-lista\/sala-rozkazow\/#breadcrumb","itemListElement":[{"@type":"ListItem","position":1,"name":"Strona g\u0142\u00f3wna","item":"https:\/\/www.desercik.pl\/tribal-wars-2\/"},{"@type":"ListItem","position":2,"name":"Budynki","item":"https:\/\/www.desercik.pl\/tribal-wars-2\/budynki-lista\/"},{"@type":"ListItem","position":3,"name":"Sala Rozkaz\u00f3w (Hall of Orders)"}]},{"@type":"WebSite","@id":"https:\/\/www.desercik.pl\/tribal-wars-2\/#website","url":"https:\/\/www.desercik.pl\/tribal-wars-2\/","name":"Plemiona 2","description":"","potentialAction":[{"@type":"SearchAction","target":{"@type":"EntryPoint","urlTemplate":"https:\/\/www.desercik.pl\/tribal-wars-2\/?s={search_term_string}"},"query-input":{"@type":"PropertyValueSpecification","valueRequired":true,"valueName":"search_term_string"}}],"inLanguage":"pl-PL"}]}},"_links":{"self":[{"href":"https:\/\/www.desercik.pl\/tribal-wars-2\/wp-json\/wp\/v2\/pages\/246","targetHints":{"allow":["GET"]}}],"collection":[{"href":"https:\/\/www.desercik.pl\/tribal-wars-2\/wp-json\/wp\/v2\/pages"}],"about":[{"href":"https:\/\/www.desercik.pl\/tribal-wars-2\/wp-json\/wp\/v2\/types\/page"}],"author":[{"embeddable":true,"href":"https:\/\/www.desercik.pl\/tribal-wars-2\/wp-json\/wp\/v2\/users\/1"}],"replies":[{"embeddable":true,"href":"https:\/\/www.desercik.pl\/tribal-wars-2\/wp-json\/wp\/v2\/comments?post=246"}],"version-history":[{"count":0,"href":"https:\/\/www.desercik.pl\/tribal-wars-2\/wp-json\/wp\/v2\/pages\/246\/revisions"}],"up":[{"embeddable":true,"href":"https:\/\/www.desercik.pl\/tribal-wars-2\/wp-json\/wp\/v2\/pages\/175"}],"wp:attachment":[{"href":"https:\/\/www.desercik.pl\/tribal-wars-2\/wp-json\/wp\/v2\/media?parent=246"}],"curies":[{"name":"wp","href":"https:\/\/api.w.org\/{rel}","templated":true}]}}