{"id":244,"date":"2014-08-01T01:03:03","date_gmt":"2014-07-31T23:03:03","guid":{"rendered":"http:\/\/www.desercik.pl\/tribal-wars-2\/?page_id=244"},"modified":"2014-08-01T01:03:10","modified_gmt":"2014-07-31T23:03:10","slug":"rynek","status":"publish","type":"page","link":"https:\/\/www.desercik.pl\/tribal-wars-2\/budynki-lista\/rynek\/","title":{"rendered":"Rynek"},"content":{"rendered":"<p>Gdy rozbudujemy <a title=\"Ratusz (Headquarters)\" href=\"https:\/\/www.desercik.pl\/tribal-wars-2\/budynki\/ratusz-headquarters\/\">Ratusz<\/a> do poziomu \u00f3smego b\u0119dziemy mogli rozpocz\u0105\u0107 handel dzi\u0119ki nowemu budynkowi jakim jest Rynek. Ka\u017cdy kolejny poziom rynku zwi\u0119ksza ilo\u015b\u0107 dost\u0119pnych w mie\u015bcie handlarzy. Ka\u017cdy z nich mo\u017ce przenosi\u0107 do 1000 sztuk danego surowca.<\/p>\n<p>Dostajemy r\u00f3wnie\u017c dost\u0119p do handlarza NPC, dzi\u0119ki kt\u00f3remu mo\u017cemy zamieni\u0107 dowolny surowiec na tak\u0105 sam\u0105 ilo\u015b\u0107 innego surowca &#8211; natychmiast, ale do tego potrzebne b\u0119d\u0105 nam Korony.<\/p>\n<p>Badania na rynku pozwol\u0105 nam zwi\u0119ksza\u0107 maksymalny czas podr\u00f3\u017cy handlarzy jak i na dwudziestym poziomie dostaniemy mo\u017cliwo\u015b\u0107 wysy\u0142ania surowc\u00f3w do innych wiosek (nie swoich) bez konieczno\u015bci otrzymania czego\u015b w zamian. Dobre jest to je\u015bli trzeba wspiera\u0107 koleg\u00f3w z sojuszu.<\/p>\n<h3>Tabela rozbudowy Rynku<\/h3>\n<table class=\"tabela\">\n<tbody>\n<tr>\n<th>Poziom<\/th>\n<th><img loading=\"lazy\" decoding=\"async\" src=\"https:\/\/www.desercik.pl\/tribal-wars-2\/wp-content\/uploads\/2014\/07\/Wood.png\" alt=\"Wood.png\" width=\"44\" height=\"44\" \/><\/th>\n<th><img loading=\"lazy\" decoding=\"async\" src=\"https:\/\/www.desercik.pl\/tribal-wars-2\/wp-content\/uploads\/2014\/07\/Clay.png\" alt=\"Clay.png\" width=\"44\" height=\"44\" \/><\/th>\n<th><img loading=\"lazy\" decoding=\"async\" src=\"https:\/\/www.desercik.pl\/tribal-wars-2\/wp-content\/uploads\/2014\/07\/Iron.png\" alt=\"Iron.png\" width=\"44\" height=\"44\" \/><\/th>\n<th><img loading=\"lazy\" decoding=\"async\" src=\"https:\/\/www.desercik.pl\/tribal-wars-2\/wp-content\/uploads\/2014\/07\/Provisions.png\" alt=\"Provisions.png\" width=\"44\" height=\"44\" \/><\/th>\n<th>Punkty<\/th>\n<th>Badania<\/th>\n<th>Ilo\u015b\u0107 handlarzy<\/th>\n<th>wytrzyma\u0142o\u015b\u0107<\/th>\n<\/tr>\n<tr>\n<td>1<\/td>\n<td>100<\/td>\n<td>100<\/td>\n<td>100<\/td>\n<td>20<\/td>\n<td>10<\/td>\n<td>&#8211;<\/td>\n<td>1<\/td>\n<td>3<\/td>\n<\/tr>\n<tr>\n<td>2<\/td>\n<td>126<\/td>\n<td>128<\/td>\n<td>126<\/td>\n<td>23<\/td>\n<td>12<\/td>\n<td>&#8211;<\/td>\n<td>2<\/td>\n<td>3<\/td>\n<\/tr>\n<tr>\n<td>3<\/td>\n<td>159<\/td>\n<td>163<\/td>\n<td>159<\/td>\n<td>27<\/td>\n<td>14<\/td>\n<td>&#8211;<\/td>\n<td>3<\/td>\n<td>4<\/td>\n<\/tr>\n<tr>\n<td>4<\/td>\n<td>200<\/td>\n<td>207<\/td>\n<td>200<\/td>\n<td>32<\/td>\n<td>17<\/td>\n<td>&#8211;<\/td>\n<td>4<\/td>\n<td>4<\/td>\n<\/tr>\n<tr>\n<td>5<\/td>\n<td>252<\/td>\n<td>264<\/td>\n<td>252<\/td>\n<td>37<\/td>\n<td>21<\/td>\n<td>Cart<\/td>\n<td>5<\/td>\n<td>4<\/td>\n<\/tr>\n<tr>\n<td>6<\/td>\n<td>318<\/td>\n<td>337<\/td>\n<td>318<\/td>\n<td>44<\/td>\n<td>25<\/td>\n<td>&#8211;<\/td>\n<td>6<\/td>\n<td>5<\/td>\n<\/tr>\n<tr>\n<td>7<\/td>\n<td>400<\/td>\n<td>430<\/td>\n<td>400<\/td>\n<td>51<\/td>\n<td>30<\/td>\n<td>&#8211;<\/td>\n<td>7<\/td>\n<td>5<\/td>\n<\/tr>\n<tr>\n<td>8<\/td>\n<td>504<\/td>\n<td>548<\/td>\n<td>504<\/td>\n<td>60<\/td>\n<td>36<\/td>\n<td>&#8211;<\/td>\n<td>8<\/td>\n<td>6<\/td>\n<\/tr>\n<tr>\n<td>9<\/td>\n<td>635<\/td>\n<td>698<\/td>\n<td>635<\/td>\n<td>70<\/td>\n<td>43<\/td>\n<td>&#8211;<\/td>\n<td>9<\/td>\n<td>6<\/td>\n<\/tr>\n<tr>\n<td>10<\/td>\n<td>800<\/td>\n<td>890<\/td>\n<td>800<\/td>\n<td>82<\/td>\n<td>52<\/td>\n<td>&#8211;<\/td>\n<td>10<\/td>\n<td>7<\/td>\n<\/tr>\n<tr>\n<td>11<\/td>\n<td>1,009<\/td>\n<td>1,135<\/td>\n<td>1,009<\/td>\n<td>96<\/td>\n<td>62<\/td>\n<td>&#8211;<\/td>\n<td>11<\/td>\n<td>8<\/td>\n<\/tr>\n<tr>\n<td>12<\/td>\n<td>1,271<\/td>\n<td>1,447<\/td>\n<td>1,271<\/td>\n<td>112<\/td>\n<td>74<\/td>\n<td>&#8211;<\/td>\n<td>14<\/td>\n<td>9<\/td>\n<\/tr>\n<tr>\n<td>13<\/td>\n<td>1,601<\/td>\n<td>1,846<\/td>\n<td>1,601<\/td>\n<td>132<\/td>\n<td>89<\/td>\n<td>&#8211;<\/td>\n<td>19<\/td>\n<td>9<\/td>\n<\/tr>\n<tr>\n<td>14<\/td>\n<td>2,018<\/td>\n<td>2,353<\/td>\n<td>2,018<\/td>\n<td>154<\/td>\n<td>107<\/td>\n<td>&#8211;<\/td>\n<td>26<\/td>\n<td>10<\/td>\n<\/tr>\n<tr>\n<td>15<\/td>\n<td>2,542<\/td>\n<td>3,000<\/td>\n<td>2,542<\/td>\n<td>180<\/td>\n<td>128<\/td>\n<td>&#8211;<\/td>\n<td>35<\/td>\n<td>11<\/td>\n<\/tr>\n<tr>\n<td>16<\/td>\n<td>3,203<\/td>\n<td>3,825<\/td>\n<td>3,203<\/td>\n<td>211<\/td>\n<td>154<\/td>\n<td>&#8211;<\/td>\n<td>46<\/td>\n<td>13<\/td>\n<\/tr>\n<tr>\n<td>17<\/td>\n<td>4,036<\/td>\n<td>4,877<\/td>\n<td>4,036<\/td>\n<td>247<\/td>\n<td>185<\/td>\n<td>&#8211;<\/td>\n<td>59<\/td>\n<td>14<\/td>\n<\/tr>\n<tr>\n<td>18<\/td>\n<td>5,085<\/td>\n<td>6,218<\/td>\n<td>5,085<\/td>\n<td>289<\/td>\n<td>222<\/td>\n<td>&#8211;<\/td>\n<td>74<\/td>\n<td>15<\/td>\n<\/tr>\n<tr>\n<td>19<\/td>\n<td>6,407<\/td>\n<td>7,928<\/td>\n<td>6,407<\/td>\n<td>338<\/td>\n<td>266<\/td>\n<td>&#8211;<\/td>\n<td>91<\/td>\n<td>17<\/td>\n<\/tr>\n<tr>\n<td>20<\/td>\n<td>8,073<\/td>\n<td>10,109<\/td>\n<td>8,073<\/td>\n<td>395<\/td>\n<td>319<\/td>\n<td>Delivery<\/td>\n<td>110<\/td>\n<td>18<\/td>\n<\/tr>\n<tr>\n<td>21<\/td>\n<td>10,172<\/td>\n<td>12,889<\/td>\n<td>10,172<\/td>\n<td>462<\/td>\n<td>383<\/td>\n<td>&#8211;<\/td>\n<td>131<\/td>\n<td>20<\/td>\n<\/tr>\n<tr>\n<td>22<\/td>\n<td>12,817<\/td>\n<td>16,433<\/td>\n<td>12,817<\/td>\n<td>541<\/td>\n<td>460<\/td>\n<td>&#8211;<\/td>\n<td>154<\/td>\n<td>22<\/td>\n<\/tr>\n<tr>\n<td>23<\/td>\n<td>16,149<\/td>\n<td>20,952<\/td>\n<td>16,149<\/td>\n<td>633<\/td>\n<td>552<\/td>\n<td>&#8211;<\/td>\n<td>179<\/td>\n<td>24<\/td>\n<\/tr>\n<tr>\n<td>24<\/td>\n<td>20,348<\/td>\n<td>26,714<\/td>\n<td>20,348<\/td>\n<td>740<\/td>\n<td>662<\/td>\n<td>&#8211;<\/td>\n<td>206<\/td>\n<td>27<\/td>\n<\/tr>\n<tr>\n<td>25<\/td>\n<td>25,639<\/td>\n<td>34,060<\/td>\n<td>25,639<\/td>\n<td>866<\/td>\n<td>795<\/td>\n<td>&#8211;<\/td>\n<td>235<\/td>\n<td>30<\/td>\n<\/tr>\n<\/tbody>\n<\/table>\n<h3>Badania na Rynku<\/h3>\n<table class=\"tabela\">\n<tbody>\n<tr>\n<th>Poziom<\/th>\n<th>Badanie<\/th>\n<th>Opis<\/th>\n<\/tr>\n<tr>\n<td>5<\/td>\n<td>Cart<\/td>\n<td>Od teraz handlarze mog\u0105 podr\u00f3\u017cowa\u0107 mi\u0119dzy wioskami po\u0142o\u017conym w odleg\u0142o\u015bci powy\u017cej pi\u0119ciu godzin.<\/td>\n<\/tr>\n<tr>\n<td>20<\/td>\n<td>Delivery<\/td>\n<td>Mo\u017cna wysy\u0142a\u0107 surowce do innych wiosek bez otrzymywania czegokolwiek w zamian.<\/td>\n<\/tr>\n<\/tbody>\n<\/table>\n","protected":false},"excerpt":{"rendered":"<p>Gdy rozbudujemy Ratusz do poziomu \u00f3smego b\u0119dziemy mogli rozpocz\u0105\u0107 handel dzi\u0119ki nowemu budynkowi jakim jest Rynek. Ka\u017cdy kolejny poziom rynku zwi\u0119ksza ilo\u015b\u0107 dost\u0119pnych w mie\u015bcie handlarzy. Ka\u017cdy z nich mo\u017ce przenosi\u0107 do 1000 sztuk danego surowca. Dostajemy r\u00f3wnie\u017c dost\u0119p do&hellip; <a href=\"https:\/\/www.desercik.pl\/tribal-wars-2\/budynki-lista\/rynek\/\" class=\"more-link\">Continue Reading <span class=\"meta-nav\">&rarr;<\/span><\/a><\/p>\n","protected":false},"author":1,"featured_media":0,"parent":175,"menu_order":0,"comment_status":"open","ping_status":"open","template":"","meta":{"footnotes":""},"class_list":["post-244","page","type-page","status-publish","hentry"],"yoast_head":"<!-- This site is optimized with the Yoast SEO plugin v27.3 - https:\/\/yoast.com\/product\/yoast-seo-wordpress\/ -->\n<title>Rynek - Plemiona 2 - Tribal Wars 2<\/title>\n<meta name=\"description\" content=\"Gdy rozbudujemy Ratusz do poziomu \u00f3smego b\u0119dziemy mogli rozpocz\u0105\u0107 handel dzi\u0119ki nowemu budynkowi jakim jest Rynek. Ka\u017cdy kolejny poziom rynku zwi\u0119ksza ilo\u015b\u0107 dost\u0119pnych w mie\u015bcie handlarzy. Ka\u017cdy z nich mo\u017ce przenosi\u0107 do 1000 sztuk danego surowca.\" \/>\n<meta name=\"robots\" content=\"index, follow, max-snippet:-1, max-image-preview:large, max-video-preview:-1\" \/>\n<link rel=\"canonical\" href=\"https:\/\/www.desercik.pl\/tribal-wars-2\/budynki-lista\/rynek\/\" \/>\n<meta property=\"og:locale\" content=\"pl_PL\" \/>\n<meta property=\"og:type\" content=\"article\" \/>\n<meta property=\"og:title\" content=\"Rynek - Plemiona 2 - Tribal Wars 2\" \/>\n<meta property=\"og:description\" content=\"Gdy rozbudujemy Ratusz do poziomu \u00f3smego b\u0119dziemy mogli rozpocz\u0105\u0107 handel dzi\u0119ki nowemu budynkowi jakim jest Rynek. Ka\u017cdy kolejny poziom rynku zwi\u0119ksza ilo\u015b\u0107 dost\u0119pnych w mie\u015bcie handlarzy. Ka\u017cdy z nich mo\u017ce przenosi\u0107 do 1000 sztuk danego surowca.\" \/>\n<meta property=\"og:url\" content=\"https:\/\/www.desercik.pl\/tribal-wars-2\/budynki-lista\/rynek\/\" \/>\n<meta property=\"og:site_name\" content=\"Plemiona 2\" \/>\n<meta property=\"article:modified_time\" content=\"2014-07-31T23:03:10+00:00\" \/>\n<meta property=\"og:image\" content=\"https:\/\/www.desercik.pl\/tribal-wars-2\/wp-content\/uploads\/2014\/07\/Wood.png\" \/>\n<meta name=\"twitter:label1\" content=\"Szacowany czas czytania\" \/>\n\t<meta name=\"twitter:data1\" content=\"1 minuta\" \/>\n<script type=\"application\/ld+json\" class=\"yoast-schema-graph\">{\"@context\":\"https:\\\/\\\/schema.org\",\"@graph\":[{\"@type\":\"WebPage\",\"@id\":\"https:\\\/\\\/www.desercik.pl\\\/tribal-wars-2\\\/budynki-lista\\\/rynek\\\/\",\"url\":\"https:\\\/\\\/www.desercik.pl\\\/tribal-wars-2\\\/budynki-lista\\\/rynek\\\/\",\"name\":\"Rynek - Plemiona 2 - Tribal Wars 2\",\"isPartOf\":{\"@id\":\"https:\\\/\\\/www.desercik.pl\\\/tribal-wars-2\\\/#website\"},\"primaryImageOfPage\":{\"@id\":\"https:\\\/\\\/www.desercik.pl\\\/tribal-wars-2\\\/budynki-lista\\\/rynek\\\/#primaryimage\"},\"image\":{\"@id\":\"https:\\\/\\\/www.desercik.pl\\\/tribal-wars-2\\\/budynki-lista\\\/rynek\\\/#primaryimage\"},\"thumbnailUrl\":\"https:\\\/\\\/www.desercik.pl\\\/tribal-wars-2\\\/wp-content\\\/uploads\\\/2014\\\/07\\\/Wood.png\",\"datePublished\":\"2014-07-31T23:03:03+00:00\",\"dateModified\":\"2014-07-31T23:03:10+00:00\",\"description\":\"Gdy rozbudujemy Ratusz do poziomu \u00f3smego b\u0119dziemy mogli rozpocz\u0105\u0107 handel dzi\u0119ki nowemu budynkowi jakim jest Rynek. Ka\u017cdy kolejny poziom rynku zwi\u0119ksza ilo\u015b\u0107 dost\u0119pnych w mie\u015bcie handlarzy. Ka\u017cdy z nich mo\u017ce przenosi\u0107 do 1000 sztuk danego surowca.\",\"breadcrumb\":{\"@id\":\"https:\\\/\\\/www.desercik.pl\\\/tribal-wars-2\\\/budynki-lista\\\/rynek\\\/#breadcrumb\"},\"inLanguage\":\"pl-PL\",\"potentialAction\":[{\"@type\":\"ReadAction\",\"target\":[\"https:\\\/\\\/www.desercik.pl\\\/tribal-wars-2\\\/budynki-lista\\\/rynek\\\/\"]}]},{\"@type\":\"ImageObject\",\"inLanguage\":\"pl-PL\",\"@id\":\"https:\\\/\\\/www.desercik.pl\\\/tribal-wars-2\\\/budynki-lista\\\/rynek\\\/#primaryimage\",\"url\":\"https:\\\/\\\/www.desercik.pl\\\/tribal-wars-2\\\/wp-content\\\/uploads\\\/2014\\\/07\\\/Wood.png\",\"contentUrl\":\"https:\\\/\\\/www.desercik.pl\\\/tribal-wars-2\\\/wp-content\\\/uploads\\\/2014\\\/07\\\/Wood.png\",\"width\":44,\"height\":44},{\"@type\":\"BreadcrumbList\",\"@id\":\"https:\\\/\\\/www.desercik.pl\\\/tribal-wars-2\\\/budynki-lista\\\/rynek\\\/#breadcrumb\",\"itemListElement\":[{\"@type\":\"ListItem\",\"position\":1,\"name\":\"Strona g\u0142\u00f3wna\",\"item\":\"https:\\\/\\\/www.desercik.pl\\\/tribal-wars-2\\\/\"},{\"@type\":\"ListItem\",\"position\":2,\"name\":\"Budynki\",\"item\":\"https:\\\/\\\/www.desercik.pl\\\/tribal-wars-2\\\/budynki-lista\\\/\"},{\"@type\":\"ListItem\",\"position\":3,\"name\":\"Rynek\"}]},{\"@type\":\"WebSite\",\"@id\":\"https:\\\/\\\/www.desercik.pl\\\/tribal-wars-2\\\/#website\",\"url\":\"https:\\\/\\\/www.desercik.pl\\\/tribal-wars-2\\\/\",\"name\":\"Plemiona 2\",\"description\":\"\",\"potentialAction\":[{\"@type\":\"SearchAction\",\"target\":{\"@type\":\"EntryPoint\",\"urlTemplate\":\"https:\\\/\\\/www.desercik.pl\\\/tribal-wars-2\\\/?s={search_term_string}\"},\"query-input\":{\"@type\":\"PropertyValueSpecification\",\"valueRequired\":true,\"valueName\":\"search_term_string\"}}],\"inLanguage\":\"pl-PL\"}]}<\/script>\n<!-- \/ Yoast SEO plugin. -->","yoast_head_json":{"title":"Rynek - Plemiona 2 - Tribal Wars 2","description":"Gdy rozbudujemy Ratusz do poziomu \u00f3smego b\u0119dziemy mogli rozpocz\u0105\u0107 handel dzi\u0119ki nowemu budynkowi jakim jest Rynek. Ka\u017cdy kolejny poziom rynku zwi\u0119ksza ilo\u015b\u0107 dost\u0119pnych w mie\u015bcie handlarzy. Ka\u017cdy z nich mo\u017ce przenosi\u0107 do 1000 sztuk danego surowca.","robots":{"index":"index","follow":"follow","max-snippet":"max-snippet:-1","max-image-preview":"max-image-preview:large","max-video-preview":"max-video-preview:-1"},"canonical":"https:\/\/www.desercik.pl\/tribal-wars-2\/budynki-lista\/rynek\/","og_locale":"pl_PL","og_type":"article","og_title":"Rynek - Plemiona 2 - Tribal Wars 2","og_description":"Gdy rozbudujemy Ratusz do poziomu \u00f3smego b\u0119dziemy mogli rozpocz\u0105\u0107 handel dzi\u0119ki nowemu budynkowi jakim jest Rynek. Ka\u017cdy kolejny poziom rynku zwi\u0119ksza ilo\u015b\u0107 dost\u0119pnych w mie\u015bcie handlarzy. Ka\u017cdy z nich mo\u017ce przenosi\u0107 do 1000 sztuk danego surowca.","og_url":"https:\/\/www.desercik.pl\/tribal-wars-2\/budynki-lista\/rynek\/","og_site_name":"Plemiona 2","article_modified_time":"2014-07-31T23:03:10+00:00","og_image":[{"url":"https:\/\/www.desercik.pl\/tribal-wars-2\/wp-content\/uploads\/2014\/07\/Wood.png","type":"","width":"","height":""}],"twitter_misc":{"Szacowany czas czytania":"1 minuta"},"schema":{"@context":"https:\/\/schema.org","@graph":[{"@type":"WebPage","@id":"https:\/\/www.desercik.pl\/tribal-wars-2\/budynki-lista\/rynek\/","url":"https:\/\/www.desercik.pl\/tribal-wars-2\/budynki-lista\/rynek\/","name":"Rynek - Plemiona 2 - Tribal Wars 2","isPartOf":{"@id":"https:\/\/www.desercik.pl\/tribal-wars-2\/#website"},"primaryImageOfPage":{"@id":"https:\/\/www.desercik.pl\/tribal-wars-2\/budynki-lista\/rynek\/#primaryimage"},"image":{"@id":"https:\/\/www.desercik.pl\/tribal-wars-2\/budynki-lista\/rynek\/#primaryimage"},"thumbnailUrl":"https:\/\/www.desercik.pl\/tribal-wars-2\/wp-content\/uploads\/2014\/07\/Wood.png","datePublished":"2014-07-31T23:03:03+00:00","dateModified":"2014-07-31T23:03:10+00:00","description":"Gdy rozbudujemy Ratusz do poziomu \u00f3smego b\u0119dziemy mogli rozpocz\u0105\u0107 handel dzi\u0119ki nowemu budynkowi jakim jest Rynek. Ka\u017cdy kolejny poziom rynku zwi\u0119ksza ilo\u015b\u0107 dost\u0119pnych w mie\u015bcie handlarzy. Ka\u017cdy z nich mo\u017ce przenosi\u0107 do 1000 sztuk danego surowca.","breadcrumb":{"@id":"https:\/\/www.desercik.pl\/tribal-wars-2\/budynki-lista\/rynek\/#breadcrumb"},"inLanguage":"pl-PL","potentialAction":[{"@type":"ReadAction","target":["https:\/\/www.desercik.pl\/tribal-wars-2\/budynki-lista\/rynek\/"]}]},{"@type":"ImageObject","inLanguage":"pl-PL","@id":"https:\/\/www.desercik.pl\/tribal-wars-2\/budynki-lista\/rynek\/#primaryimage","url":"https:\/\/www.desercik.pl\/tribal-wars-2\/wp-content\/uploads\/2014\/07\/Wood.png","contentUrl":"https:\/\/www.desercik.pl\/tribal-wars-2\/wp-content\/uploads\/2014\/07\/Wood.png","width":44,"height":44},{"@type":"BreadcrumbList","@id":"https:\/\/www.desercik.pl\/tribal-wars-2\/budynki-lista\/rynek\/#breadcrumb","itemListElement":[{"@type":"ListItem","position":1,"name":"Strona g\u0142\u00f3wna","item":"https:\/\/www.desercik.pl\/tribal-wars-2\/"},{"@type":"ListItem","position":2,"name":"Budynki","item":"https:\/\/www.desercik.pl\/tribal-wars-2\/budynki-lista\/"},{"@type":"ListItem","position":3,"name":"Rynek"}]},{"@type":"WebSite","@id":"https:\/\/www.desercik.pl\/tribal-wars-2\/#website","url":"https:\/\/www.desercik.pl\/tribal-wars-2\/","name":"Plemiona 2","description":"","potentialAction":[{"@type":"SearchAction","target":{"@type":"EntryPoint","urlTemplate":"https:\/\/www.desercik.pl\/tribal-wars-2\/?s={search_term_string}"},"query-input":{"@type":"PropertyValueSpecification","valueRequired":true,"valueName":"search_term_string"}}],"inLanguage":"pl-PL"}]}},"_links":{"self":[{"href":"https:\/\/www.desercik.pl\/tribal-wars-2\/wp-json\/wp\/v2\/pages\/244","targetHints":{"allow":["GET"]}}],"collection":[{"href":"https:\/\/www.desercik.pl\/tribal-wars-2\/wp-json\/wp\/v2\/pages"}],"about":[{"href":"https:\/\/www.desercik.pl\/tribal-wars-2\/wp-json\/wp\/v2\/types\/page"}],"author":[{"embeddable":true,"href":"https:\/\/www.desercik.pl\/tribal-wars-2\/wp-json\/wp\/v2\/users\/1"}],"replies":[{"embeddable":true,"href":"https:\/\/www.desercik.pl\/tribal-wars-2\/wp-json\/wp\/v2\/comments?post=244"}],"version-history":[{"count":0,"href":"https:\/\/www.desercik.pl\/tribal-wars-2\/wp-json\/wp\/v2\/pages\/244\/revisions"}],"up":[{"embeddable":true,"href":"https:\/\/www.desercik.pl\/tribal-wars-2\/wp-json\/wp\/v2\/pages\/175"}],"wp:attachment":[{"href":"https:\/\/www.desercik.pl\/tribal-wars-2\/wp-json\/wp\/v2\/media?parent=244"}],"curies":[{"name":"wp","href":"https:\/\/api.w.org\/{rel}","templated":true}]}}