{"id":240,"date":"2014-08-01T00:49:38","date_gmt":"2014-07-31T22:49:38","guid":{"rendered":"http:\/\/www.desercik.pl\/tribal-wars-2\/?page_id=240"},"modified":"2014-08-01T00:49:38","modified_gmt":"2014-07-31T22:49:38","slug":"mur","status":"publish","type":"page","link":"https:\/\/www.desercik.pl\/tribal-wars-2\/budynki-lista\/mur\/","title":{"rendered":"Mur"},"content":{"rendered":"<p>Mur ochrania nasz\u0105 wiosk\u0119 dodaj\u0105c do niej bonus do obrony. Im wy\u017cszy poziom muru tym wi\u0119kszy \u00f3w bonus, kt\u00f3ry na maksymalnym, dwudziestym poziomie wynosi 100%. Oznacza to, \u017ce 1000 <a title=\"W\u0142\u00f3cznik\" href=\"https:\/\/www.desercik.pl\/tribal-wars-2\/jednostki-w-grze\/wlocznik\/\">W\u0142\u00f3cznik\u00f3w <\/a>b\u0119dzie broni\u0142o miasta ze skuteczno\u015bci\u0105 2000 W\u0142\u00f3cznik\u00f3w. Do rozpocz\u0119cia budowy muru potrzebujemy Ratusza na czwartym poziomie.<\/p>\n<p>Dodatkowo dzi\u0119ki badaniom dost\u0119pnym w tym budynku mo\u017cemy zmniesza\u0107 czas jego budowy jak i poprzez rozbudow\u0119 <a title=\"Ratusz (Headquarters)\" href=\"https:\/\/www.desercik.pl\/tribal-wars-2\/budynki\/ratusz-headquarters\/\">Ratusza<\/a>.<\/p>\n<h3>Tabela rozbudowy Muru<\/h3>\n<table class=\"tabela\">\n<tbody>\n<tr>\n<th>Poziom<\/th>\n<th><img loading=\"lazy\" decoding=\"async\" src=\"https:\/\/www.desercik.pl\/tribal-wars-2\/wp-content\/uploads\/2014\/07\/Wood.png\" alt=\"Wood.png\" width=\"44\" height=\"44\" \/><\/th>\n<th><img loading=\"lazy\" decoding=\"async\" src=\"https:\/\/www.desercik.pl\/tribal-wars-2\/wp-content\/uploads\/2014\/07\/Clay.png\" alt=\"Clay.png\" width=\"44\" height=\"44\" \/><\/th>\n<th><img loading=\"lazy\" decoding=\"async\" src=\"https:\/\/www.desercik.pl\/tribal-wars-2\/wp-content\/uploads\/2014\/07\/Iron.png\" alt=\"Iron.png\" width=\"44\" height=\"44\" \/><\/th>\n<th><img loading=\"lazy\" decoding=\"async\" src=\"https:\/\/www.desercik.pl\/tribal-wars-2\/wp-content\/uploads\/2014\/07\/Provisions.png\" alt=\"Provisions.png\" width=\"44\" height=\"44\" \/><\/th>\n<th>Punkty<\/th>\n<th>Badania<\/th>\n<th>Bonus do obrony<\/th>\n<th>Wytrzyma\u0142o\u015b\u0107<\/th>\n<\/tr>\n<tr>\n<td>1<\/td>\n<td>50<\/td>\n<td>100<\/td>\n<td>20<\/td>\n<td>5<\/td>\n<td>8<\/td>\n<td>&#8211;<\/td>\n<td>105\u00a0%<\/td>\n<td>3<\/td>\n<\/tr>\n<tr>\n<td>2<\/td>\n<td>63<\/td>\n<td>128<\/td>\n<td>25<\/td>\n<td>6<\/td>\n<td>10<\/td>\n<td>&#8211;<\/td>\n<td>110\u00a0%<\/td>\n<td>3<\/td>\n<\/tr>\n<tr>\n<td>3<\/td>\n<td>79<\/td>\n<td>163<\/td>\n<td>32<\/td>\n<td>7<\/td>\n<td>12<\/td>\n<td>&#8211;<\/td>\n<td>115\u00a0%<\/td>\n<td>4<\/td>\n<\/tr>\n<tr>\n<td>4<\/td>\n<td>100<\/td>\n<td>207<\/td>\n<td>40<\/td>\n<td>8<\/td>\n<td>14<\/td>\n<td>&#8211;<\/td>\n<td>120\u00a0%<\/td>\n<td>4<\/td>\n<\/tr>\n<tr>\n<td>5<\/td>\n<td>126<\/td>\n<td>264<\/td>\n<td>50<\/td>\n<td>9<\/td>\n<td>17<\/td>\n<td>&#8211;<\/td>\n<td>125\u00a0%<\/td>\n<td>4<\/td>\n<\/tr>\n<tr>\n<td>6<\/td>\n<td>159<\/td>\n<td>337<\/td>\n<td>64<\/td>\n<td>11<\/td>\n<td>20<\/td>\n<td>&#8211;<\/td>\n<td>130\u00a0%<\/td>\n<td>5<\/td>\n<\/tr>\n<tr>\n<td>7<\/td>\n<td>200<\/td>\n<td>430<\/td>\n<td>80<\/td>\n<td>13<\/td>\n<td>24<\/td>\n<td>&#8211;<\/td>\n<td>135\u00a0%<\/td>\n<td>5<\/td>\n<\/tr>\n<tr>\n<td>8<\/td>\n<td>252<\/td>\n<td>548<\/td>\n<td>101<\/td>\n<td>15<\/td>\n<td>29<\/td>\n<td>Arrow loop<\/td>\n<td>140\u00a0%<\/td>\n<td>6<\/td>\n<\/tr>\n<tr>\n<td>9<\/td>\n<td>318<\/td>\n<td>698<\/td>\n<td>127<\/td>\n<td>18<\/td>\n<td>34<\/td>\n<td>&#8211;<\/td>\n<td>145\u00a0%<\/td>\n<td>6<\/td>\n<\/tr>\n<tr>\n<td>10<\/td>\n<td>400<\/td>\n<td>890<\/td>\n<td>160<\/td>\n<td>21<\/td>\n<td>41<\/td>\n<td>&#8211;<\/td>\n<td>150\u00a0%<\/td>\n<td>7<\/td>\n<\/tr>\n<tr>\n<td>11<\/td>\n<td>504<\/td>\n<td>1,135<\/td>\n<td>202<\/td>\n<td>24<\/td>\n<td>50<\/td>\n<td>&#8211;<\/td>\n<td>155\u00a0%<\/td>\n<td>8<\/td>\n<\/tr>\n<tr>\n<td>12<\/td>\n<td>635<\/td>\n<td>1,447<\/td>\n<td>254<\/td>\n<td>28<\/td>\n<td>59<\/td>\n<td>&#8211;<\/td>\n<td>160\u00a0%<\/td>\n<td>9<\/td>\n<\/tr>\n<tr>\n<td>13<\/td>\n<td>801<\/td>\n<td>1,846<\/td>\n<td>320<\/td>\n<td>33<\/td>\n<td>71<\/td>\n<td>&#8211;<\/td>\n<td>165\u00a0%<\/td>\n<td>9<\/td>\n<\/tr>\n<tr>\n<td>14<\/td>\n<td>1,009<\/td>\n<td>2,353<\/td>\n<td>404<\/td>\n<td>38<\/td>\n<td>86<\/td>\n<td>&#8211;<\/td>\n<td>170\u00a0%<\/td>\n<td>10<\/td>\n<\/tr>\n<tr>\n<td>15<\/td>\n<td>1,271<\/td>\n<td>3,000<\/td>\n<td>508<\/td>\n<td>45<\/td>\n<td>103<\/td>\n<td>Battlement<\/td>\n<td>175\u00a0%<\/td>\n<td>11<\/td>\n<\/tr>\n<tr>\n<td>16<\/td>\n<td>1,602<\/td>\n<td>3,825<\/td>\n<td>641<\/td>\n<td>53<\/td>\n<td>123<\/td>\n<td>&#8211;<\/td>\n<td>180\u00a0%<\/td>\n<td>13<\/td>\n<\/tr>\n<tr>\n<td>17<\/td>\n<td>2,018<\/td>\n<td>4,877<\/td>\n<td>807<\/td>\n<td>62<\/td>\n<td>148<\/td>\n<td>&#8211;<\/td>\n<td>185\u00a0%<\/td>\n<td>14<\/td>\n<\/tr>\n<tr>\n<td>18<\/td>\n<td>2,543<\/td>\n<td>6,218<\/td>\n<td>1,017<\/td>\n<td>72<\/td>\n<td>177<\/td>\n<td>&#8211;<\/td>\n<td>190\u00a0%<\/td>\n<td>15<\/td>\n<\/tr>\n<tr>\n<td>19<\/td>\n<td>3,204<\/td>\n<td>7,928<\/td>\n<td>1,281<\/td>\n<td>84<\/td>\n<td>213<\/td>\n<td>&#8211;<\/td>\n<td>195\u00a0%<\/td>\n<td>17<\/td>\n<\/tr>\n<tr>\n<td>20<\/td>\n<td>4,037<\/td>\n<td>10,109<\/td>\n<td>1,615<\/td>\n<td>99<\/td>\n<td>256<\/td>\n<td>&#8211;<\/td>\n<td>200\u00a0%<\/td>\n<td>18<\/td>\n<\/tr>\n<\/tbody>\n<\/table>\n<h3>Dost\u0119pne badania<\/h3>\n<table class=\"tabela\">\n<tbody>\n<tr>\n<th>Wymagany poziom<\/th>\n<th>Badanie<\/th>\n<th>Opis<\/th>\n<\/tr>\n<tr>\n<td>8<\/td>\n<td>Arrow loop<\/td>\n<td>Czas budowy muru zredukowany o 5%.<\/td>\n<\/tr>\n<tr>\n<td>15<\/td>\n<td>Battlement<\/td>\n<td>Czas budowy muru zredukowany o 10%.<\/td>\n<\/tr>\n<\/tbody>\n<\/table>\n","protected":false},"excerpt":{"rendered":"<p>Mur ochrania nasz\u0105 wiosk\u0119 dodaj\u0105c do niej bonus do obrony. Im wy\u017cszy poziom muru tym wi\u0119kszy \u00f3w bonus, kt\u00f3ry na maksymalnym, dwudziestym poziomie wynosi 100%. Oznacza to, \u017ce 1000 W\u0142\u00f3cznik\u00f3w b\u0119dzie broni\u0142o miasta ze skuteczno\u015bci\u0105 2000 W\u0142\u00f3cznik\u00f3w. Do rozpocz\u0119cia budowy&hellip; <a href=\"https:\/\/www.desercik.pl\/tribal-wars-2\/budynki-lista\/mur\/\" class=\"more-link\">Continue Reading <span class=\"meta-nav\">&rarr;<\/span><\/a><\/p>\n","protected":false},"author":1,"featured_media":0,"parent":175,"menu_order":0,"comment_status":"open","ping_status":"open","template":"","meta":{"footnotes":""},"class_list":["post-240","page","type-page","status-publish","hentry"],"yoast_head":"<!-- This site is optimized with the Yoast SEO plugin v27.3 - https:\/\/yoast.com\/product\/yoast-seo-wordpress\/ -->\n<title>Mur - Plemiona 2 - Tribal Wars 2<\/title>\n<meta name=\"robots\" content=\"index, follow, max-snippet:-1, max-image-preview:large, max-video-preview:-1\" \/>\n<link rel=\"canonical\" href=\"https:\/\/www.desercik.pl\/tribal-wars-2\/budynki-lista\/mur\/\" \/>\n<meta property=\"og:locale\" content=\"pl_PL\" \/>\n<meta property=\"og:type\" content=\"article\" \/>\n<meta property=\"og:title\" content=\"Mur - Plemiona 2 - Tribal Wars 2\" \/>\n<meta property=\"og:description\" content=\"Mur ochrania nasz\u0105 wiosk\u0119 dodaj\u0105c do niej bonus do obrony. Im wy\u017cszy poziom muru tym wi\u0119kszy \u00f3w bonus, kt\u00f3ry na maksymalnym, dwudziestym poziomie wynosi 100%. Oznacza to, \u017ce 1000 W\u0142\u00f3cznik\u00f3w b\u0119dzie broni\u0142o miasta ze skuteczno\u015bci\u0105 2000 W\u0142\u00f3cznik\u00f3w. Do rozpocz\u0119cia budowy&hellip; Continue Reading &rarr;\" \/>\n<meta property=\"og:url\" content=\"https:\/\/www.desercik.pl\/tribal-wars-2\/budynki-lista\/mur\/\" \/>\n<meta property=\"og:site_name\" content=\"Plemiona 2\" \/>\n<meta property=\"og:image\" content=\"https:\/\/www.desercik.pl\/tribal-wars-2\/wp-content\/uploads\/2014\/07\/Wood.png\" \/>\n<meta name=\"twitter:label1\" content=\"Szacowany czas czytania\" \/>\n\t<meta name=\"twitter:data1\" content=\"1 minuta\" \/>\n<script type=\"application\/ld+json\" class=\"yoast-schema-graph\">{\"@context\":\"https:\\\/\\\/schema.org\",\"@graph\":[{\"@type\":\"WebPage\",\"@id\":\"https:\\\/\\\/www.desercik.pl\\\/tribal-wars-2\\\/budynki-lista\\\/mur\\\/\",\"url\":\"https:\\\/\\\/www.desercik.pl\\\/tribal-wars-2\\\/budynki-lista\\\/mur\\\/\",\"name\":\"Mur - Plemiona 2 - Tribal Wars 2\",\"isPartOf\":{\"@id\":\"https:\\\/\\\/www.desercik.pl\\\/tribal-wars-2\\\/#website\"},\"primaryImageOfPage\":{\"@id\":\"https:\\\/\\\/www.desercik.pl\\\/tribal-wars-2\\\/budynki-lista\\\/mur\\\/#primaryimage\"},\"image\":{\"@id\":\"https:\\\/\\\/www.desercik.pl\\\/tribal-wars-2\\\/budynki-lista\\\/mur\\\/#primaryimage\"},\"thumbnailUrl\":\"https:\\\/\\\/www.desercik.pl\\\/tribal-wars-2\\\/wp-content\\\/uploads\\\/2014\\\/07\\\/Wood.png\",\"datePublished\":\"2014-07-31T22:49:38+00:00\",\"breadcrumb\":{\"@id\":\"https:\\\/\\\/www.desercik.pl\\\/tribal-wars-2\\\/budynki-lista\\\/mur\\\/#breadcrumb\"},\"inLanguage\":\"pl-PL\",\"potentialAction\":[{\"@type\":\"ReadAction\",\"target\":[\"https:\\\/\\\/www.desercik.pl\\\/tribal-wars-2\\\/budynki-lista\\\/mur\\\/\"]}]},{\"@type\":\"ImageObject\",\"inLanguage\":\"pl-PL\",\"@id\":\"https:\\\/\\\/www.desercik.pl\\\/tribal-wars-2\\\/budynki-lista\\\/mur\\\/#primaryimage\",\"url\":\"https:\\\/\\\/www.desercik.pl\\\/tribal-wars-2\\\/wp-content\\\/uploads\\\/2014\\\/07\\\/Wood.png\",\"contentUrl\":\"https:\\\/\\\/www.desercik.pl\\\/tribal-wars-2\\\/wp-content\\\/uploads\\\/2014\\\/07\\\/Wood.png\",\"width\":44,\"height\":44},{\"@type\":\"BreadcrumbList\",\"@id\":\"https:\\\/\\\/www.desercik.pl\\\/tribal-wars-2\\\/budynki-lista\\\/mur\\\/#breadcrumb\",\"itemListElement\":[{\"@type\":\"ListItem\",\"position\":1,\"name\":\"Strona g\u0142\u00f3wna\",\"item\":\"https:\\\/\\\/www.desercik.pl\\\/tribal-wars-2\\\/\"},{\"@type\":\"ListItem\",\"position\":2,\"name\":\"Budynki\",\"item\":\"https:\\\/\\\/www.desercik.pl\\\/tribal-wars-2\\\/budynki-lista\\\/\"},{\"@type\":\"ListItem\",\"position\":3,\"name\":\"Mur\"}]},{\"@type\":\"WebSite\",\"@id\":\"https:\\\/\\\/www.desercik.pl\\\/tribal-wars-2\\\/#website\",\"url\":\"https:\\\/\\\/www.desercik.pl\\\/tribal-wars-2\\\/\",\"name\":\"Plemiona 2\",\"description\":\"\",\"potentialAction\":[{\"@type\":\"SearchAction\",\"target\":{\"@type\":\"EntryPoint\",\"urlTemplate\":\"https:\\\/\\\/www.desercik.pl\\\/tribal-wars-2\\\/?s={search_term_string}\"},\"query-input\":{\"@type\":\"PropertyValueSpecification\",\"valueRequired\":true,\"valueName\":\"search_term_string\"}}],\"inLanguage\":\"pl-PL\"}]}<\/script>\n<!-- \/ Yoast SEO plugin. -->","yoast_head_json":{"title":"Mur - Plemiona 2 - Tribal Wars 2","robots":{"index":"index","follow":"follow","max-snippet":"max-snippet:-1","max-image-preview":"max-image-preview:large","max-video-preview":"max-video-preview:-1"},"canonical":"https:\/\/www.desercik.pl\/tribal-wars-2\/budynki-lista\/mur\/","og_locale":"pl_PL","og_type":"article","og_title":"Mur - Plemiona 2 - Tribal Wars 2","og_description":"Mur ochrania nasz\u0105 wiosk\u0119 dodaj\u0105c do niej bonus do obrony. Im wy\u017cszy poziom muru tym wi\u0119kszy \u00f3w bonus, kt\u00f3ry na maksymalnym, dwudziestym poziomie wynosi 100%. Oznacza to, \u017ce 1000 W\u0142\u00f3cznik\u00f3w b\u0119dzie broni\u0142o miasta ze skuteczno\u015bci\u0105 2000 W\u0142\u00f3cznik\u00f3w. Do rozpocz\u0119cia budowy&hellip; Continue Reading &rarr;","og_url":"https:\/\/www.desercik.pl\/tribal-wars-2\/budynki-lista\/mur\/","og_site_name":"Plemiona 2","og_image":[{"url":"https:\/\/www.desercik.pl\/tribal-wars-2\/wp-content\/uploads\/2014\/07\/Wood.png","type":"","width":"","height":""}],"twitter_misc":{"Szacowany czas czytania":"1 minuta"},"schema":{"@context":"https:\/\/schema.org","@graph":[{"@type":"WebPage","@id":"https:\/\/www.desercik.pl\/tribal-wars-2\/budynki-lista\/mur\/","url":"https:\/\/www.desercik.pl\/tribal-wars-2\/budynki-lista\/mur\/","name":"Mur - Plemiona 2 - Tribal Wars 2","isPartOf":{"@id":"https:\/\/www.desercik.pl\/tribal-wars-2\/#website"},"primaryImageOfPage":{"@id":"https:\/\/www.desercik.pl\/tribal-wars-2\/budynki-lista\/mur\/#primaryimage"},"image":{"@id":"https:\/\/www.desercik.pl\/tribal-wars-2\/budynki-lista\/mur\/#primaryimage"},"thumbnailUrl":"https:\/\/www.desercik.pl\/tribal-wars-2\/wp-content\/uploads\/2014\/07\/Wood.png","datePublished":"2014-07-31T22:49:38+00:00","breadcrumb":{"@id":"https:\/\/www.desercik.pl\/tribal-wars-2\/budynki-lista\/mur\/#breadcrumb"},"inLanguage":"pl-PL","potentialAction":[{"@type":"ReadAction","target":["https:\/\/www.desercik.pl\/tribal-wars-2\/budynki-lista\/mur\/"]}]},{"@type":"ImageObject","inLanguage":"pl-PL","@id":"https:\/\/www.desercik.pl\/tribal-wars-2\/budynki-lista\/mur\/#primaryimage","url":"https:\/\/www.desercik.pl\/tribal-wars-2\/wp-content\/uploads\/2014\/07\/Wood.png","contentUrl":"https:\/\/www.desercik.pl\/tribal-wars-2\/wp-content\/uploads\/2014\/07\/Wood.png","width":44,"height":44},{"@type":"BreadcrumbList","@id":"https:\/\/www.desercik.pl\/tribal-wars-2\/budynki-lista\/mur\/#breadcrumb","itemListElement":[{"@type":"ListItem","position":1,"name":"Strona g\u0142\u00f3wna","item":"https:\/\/www.desercik.pl\/tribal-wars-2\/"},{"@type":"ListItem","position":2,"name":"Budynki","item":"https:\/\/www.desercik.pl\/tribal-wars-2\/budynki-lista\/"},{"@type":"ListItem","position":3,"name":"Mur"}]},{"@type":"WebSite","@id":"https:\/\/www.desercik.pl\/tribal-wars-2\/#website","url":"https:\/\/www.desercik.pl\/tribal-wars-2\/","name":"Plemiona 2","description":"","potentialAction":[{"@type":"SearchAction","target":{"@type":"EntryPoint","urlTemplate":"https:\/\/www.desercik.pl\/tribal-wars-2\/?s={search_term_string}"},"query-input":{"@type":"PropertyValueSpecification","valueRequired":true,"valueName":"search_term_string"}}],"inLanguage":"pl-PL"}]}},"_links":{"self":[{"href":"https:\/\/www.desercik.pl\/tribal-wars-2\/wp-json\/wp\/v2\/pages\/240","targetHints":{"allow":["GET"]}}],"collection":[{"href":"https:\/\/www.desercik.pl\/tribal-wars-2\/wp-json\/wp\/v2\/pages"}],"about":[{"href":"https:\/\/www.desercik.pl\/tribal-wars-2\/wp-json\/wp\/v2\/types\/page"}],"author":[{"embeddable":true,"href":"https:\/\/www.desercik.pl\/tribal-wars-2\/wp-json\/wp\/v2\/users\/1"}],"replies":[{"embeddable":true,"href":"https:\/\/www.desercik.pl\/tribal-wars-2\/wp-json\/wp\/v2\/comments?post=240"}],"version-history":[{"count":0,"href":"https:\/\/www.desercik.pl\/tribal-wars-2\/wp-json\/wp\/v2\/pages\/240\/revisions"}],"up":[{"embeddable":true,"href":"https:\/\/www.desercik.pl\/tribal-wars-2\/wp-json\/wp\/v2\/pages\/175"}],"wp:attachment":[{"href":"https:\/\/www.desercik.pl\/tribal-wars-2\/wp-json\/wp\/v2\/media?parent=240"}],"curies":[{"name":"wp","href":"https:\/\/api.w.org\/{rel}","templated":true}]}}