{"id":238,"date":"2014-08-01T00:43:44","date_gmt":"2014-07-31T22:43:44","guid":{"rendered":"http:\/\/www.desercik.pl\/tribal-wars-2\/?page_id=238"},"modified":"2014-08-01T00:43:44","modified_gmt":"2014-07-31T22:43:44","slug":"piedestal","status":"publish","type":"page","link":"https:\/\/www.desercik.pl\/tribal-wars-2\/budynki-lista\/piedestal\/","title":{"rendered":"Piedesta\u0142"},"content":{"rendered":"<p>Piedesta\u0142 to dom naszego <a title=\"Paladyn (Rycerz)\" href=\"https:\/\/www.desercik.pl\/tribal-wars-2\/jednostki-w-grze\/paladyn-rycerz\/\">Rycerza<\/a>. Dzi\u0119ki niemu mo\u017cemy rekrutowa\u0107 go i zarz\u0105dza\u0107 jego uzbrojeniem. Wymagany do budowy Piedesta\u0142u jest <a title=\"Ratusz (Headquarters)\" href=\"https:\/\/www.desercik.pl\/tribal-wars-2\/budynki\/ratusz-headquarters\/\">Ratusz<\/a> na poziomie trzecim. Ten budynek mo\u017cna rozbudowa\u0107 maksymalnie do pi\u0105tego poziomu i op\u0142aca nam si\u0119 to bo na pi\u0105tym poziomie mamy badanie (<strong>Noble Paladin<\/strong>) zwi\u0119kszaj\u0105ce skuteczno\u015b\u0107 <a title=\"Schlachcic\" href=\"https:\/\/www.desercik.pl\/tribal-wars-2\/jednostki-w-grze\/schlachcic\/\">Szlachcica <\/a>o 100%. Jednym s\u0142owem nie b\u0119dzie on obni\u017ca\u0142 lojalno\u015bci w wioskach o 20 do 35 punkt\u00f3w za atak, ale od 40 do 70 punkt\u00f3w.<\/p>\n<h3>Tabela rozbudowy Piedesta\u0142u<\/h3>\n<table class=\"tabela\">\n<tbody>\n<tr>\n<th>Poziom<\/th>\n<th><img loading=\"lazy\" decoding=\"async\" src=\"http:\/\/wiki.en.tribalwars2.com\/images\/d\/df\/Wood.png\" alt=\"Wood.png\" width=\"44\" height=\"44\" \/><\/th>\n<th><img loading=\"lazy\" decoding=\"async\" src=\"http:\/\/wiki.en.tribalwars2.com\/images\/a\/a2\/Clay.png\" alt=\"Clay.png\" width=\"44\" height=\"44\" \/><\/th>\n<th><img loading=\"lazy\" decoding=\"async\" src=\"http:\/\/wiki.en.tribalwars2.com\/images\/4\/45\/Iron.png\" alt=\"Iron.png\" width=\"44\" height=\"44\" \/><\/th>\n<th><img loading=\"lazy\" decoding=\"async\" src=\"http:\/\/wiki.en.tribalwars2.com\/images\/5\/5f\/Provisions.png\" alt=\"Provisions.png\" width=\"44\" height=\"44\" \/><\/th>\n<th>Punkty<\/th>\n<th>Badania<\/th>\n<th>Wytrzyma\u0142o\u015b\u0107<\/th>\n<\/tr>\n<tr>\n<td>1<\/td>\n<td>220<\/td>\n<td>220<\/td>\n<td>220<\/td>\n<td>0<\/td>\n<td>6<\/td>\n<td>&#8211;<\/td>\n<td>3<\/td>\n<\/tr>\n<tr>\n<td>2<\/td>\n<td>610<\/td>\n<td>610<\/td>\n<td>610<\/td>\n<td>0<\/td>\n<td>7<\/td>\n<td>Forced march<\/td>\n<td>3<\/td>\n<\/tr>\n<tr>\n<td>3<\/td>\n<td>1,691<\/td>\n<td>1,691<\/td>\n<td>1,691<\/td>\n<td>0<\/td>\n<td>9<\/td>\n<td>&#8211;<\/td>\n<td>4<\/td>\n<\/tr>\n<tr>\n<td>4<\/td>\n<td>4,689<\/td>\n<td>4,689<\/td>\n<td>4,689<\/td>\n<td>0<\/td>\n<td>10<\/td>\n<td>&#8211;<\/td>\n<td>4<\/td>\n<\/tr>\n<tr>\n<td>5<\/td>\n<td>13,000<\/td>\n<td>13,000<\/td>\n<td>13,000<\/td>\n<td>0<\/td>\n<td>12<\/td>\n<td>Noble Paladin<\/td>\n<td>4<\/td>\n<\/tr>\n<\/tbody>\n<\/table>\n<h3>Dost\u0119pne badania<\/h3>\n<table class=\"tabela\">\n<tbody>\n<tr>\n<th style=\"text-align: center;\">Poziom Statui<\/th>\n<th style=\"text-align: center;\">Badanie<\/th>\n<th style=\"text-align: center;\">Opis<\/th>\n<\/tr>\n<tr>\n<td>2<\/td>\n<td>Forced march<\/td>\n<td>Je\u015bli armii towarzyszy Rycerz i idzie ona ze wsparciem do wioski to zwi\u0119ksza to badanie pr\u0119dko\u015b\u0107 armii do pr\u0119dko\u015bci kawalerii.<\/td>\n<\/tr>\n<tr>\n<td>5<\/td>\n<td>Noble Paladin<\/td>\n<td>Zwi\u0119ksza skuteczno\u015b\u0107 przejmowania wiosek przez Szlachcica o 100% o ile towarzyszy mu Rycerz.<\/td>\n<\/tr>\n<\/tbody>\n<\/table>\n","protected":false},"excerpt":{"rendered":"<p>Piedesta\u0142 to dom naszego Rycerza. Dzi\u0119ki niemu mo\u017cemy rekrutowa\u0107 go i zarz\u0105dza\u0107 jego uzbrojeniem. Wymagany do budowy Piedesta\u0142u jest Ratusz na poziomie trzecim. Ten budynek mo\u017cna rozbudowa\u0107 maksymalnie do pi\u0105tego poziomu i op\u0142aca nam si\u0119 to bo na pi\u0105tym poziomie&hellip; <a href=\"https:\/\/www.desercik.pl\/tribal-wars-2\/budynki-lista\/piedestal\/\" class=\"more-link\">Continue Reading <span class=\"meta-nav\">&rarr;<\/span><\/a><\/p>\n","protected":false},"author":1,"featured_media":0,"parent":175,"menu_order":0,"comment_status":"open","ping_status":"open","template":"","meta":{"footnotes":""},"class_list":["post-238","page","type-page","status-publish","hentry"],"yoast_head":"<!-- This site is optimized with the Yoast SEO plugin v27.3 - https:\/\/yoast.com\/product\/yoast-seo-wordpress\/ -->\n<title>Piedesta\u0142 - Plemiona 2 - Tribal Wars 2<\/title>\n<meta name=\"description\" content=\"Piedesta\u0142 to dom naszego Rycerza. Dzi\u0119ki niemu mo\u017cemy rekrutowa\u0107 go i zarz\u0105dza\u0107 jego uzbrojeniem. Wymagany do budowy Piedesta\u0142u jest Ratusz na poziomie trzecim. Ten budynek mo\u017cna rozbudowa\u0107 maksymalnie do pi\u0105tego poziomu i op\u0142aca nam si\u0119 to bo na pi\u0105tym poziomie mamy badanie (Noble Paladin) zwi\u0119kszaj\u0105ce skuteczno\u015b\u0107 Szlachcica o 100%.\" \/>\n<meta name=\"robots\" content=\"index, follow, max-snippet:-1, max-image-preview:large, max-video-preview:-1\" \/>\n<link rel=\"canonical\" href=\"https:\/\/www.desercik.pl\/tribal-wars-2\/budynki-lista\/piedestal\/\" \/>\n<meta property=\"og:locale\" content=\"pl_PL\" \/>\n<meta property=\"og:type\" content=\"article\" \/>\n<meta property=\"og:title\" content=\"Piedesta\u0142 - Plemiona 2 - Tribal Wars 2\" \/>\n<meta property=\"og:description\" content=\"Piedesta\u0142 to dom naszego Rycerza. Dzi\u0119ki niemu mo\u017cemy rekrutowa\u0107 go i zarz\u0105dza\u0107 jego uzbrojeniem. Wymagany do budowy Piedesta\u0142u jest Ratusz na poziomie trzecim. Ten budynek mo\u017cna rozbudowa\u0107 maksymalnie do pi\u0105tego poziomu i op\u0142aca nam si\u0119 to bo na pi\u0105tym poziomie mamy badanie (Noble Paladin) zwi\u0119kszaj\u0105ce skuteczno\u015b\u0107 Szlachcica o 100%.\" \/>\n<meta property=\"og:url\" content=\"https:\/\/www.desercik.pl\/tribal-wars-2\/budynki-lista\/piedestal\/\" \/>\n<meta property=\"og:site_name\" content=\"Plemiona 2\" \/>\n<meta property=\"og:image\" content=\"http:\/\/wiki.en.tribalwars2.com\/images\/d\/df\/Wood.png\" \/>\n<meta name=\"twitter:label1\" content=\"Szacowany czas czytania\" \/>\n\t<meta name=\"twitter:data1\" content=\"1 minuta\" \/>\n<script type=\"application\/ld+json\" class=\"yoast-schema-graph\">{\"@context\":\"https:\\\/\\\/schema.org\",\"@graph\":[{\"@type\":\"WebPage\",\"@id\":\"https:\\\/\\\/www.desercik.pl\\\/tribal-wars-2\\\/budynki-lista\\\/piedestal\\\/\",\"url\":\"https:\\\/\\\/www.desercik.pl\\\/tribal-wars-2\\\/budynki-lista\\\/piedestal\\\/\",\"name\":\"Piedesta\u0142 - Plemiona 2 - Tribal Wars 2\",\"isPartOf\":{\"@id\":\"https:\\\/\\\/www.desercik.pl\\\/tribal-wars-2\\\/#website\"},\"primaryImageOfPage\":{\"@id\":\"https:\\\/\\\/www.desercik.pl\\\/tribal-wars-2\\\/budynki-lista\\\/piedestal\\\/#primaryimage\"},\"image\":{\"@id\":\"https:\\\/\\\/www.desercik.pl\\\/tribal-wars-2\\\/budynki-lista\\\/piedestal\\\/#primaryimage\"},\"thumbnailUrl\":\"http:\\\/\\\/wiki.en.tribalwars2.com\\\/images\\\/d\\\/df\\\/Wood.png\",\"datePublished\":\"2014-07-31T22:43:44+00:00\",\"description\":\"Piedesta\u0142 to dom naszego Rycerza. Dzi\u0119ki niemu mo\u017cemy rekrutowa\u0107 go i zarz\u0105dza\u0107 jego uzbrojeniem. Wymagany do budowy Piedesta\u0142u jest Ratusz na poziomie trzecim. Ten budynek mo\u017cna rozbudowa\u0107 maksymalnie do pi\u0105tego poziomu i op\u0142aca nam si\u0119 to bo na pi\u0105tym poziomie mamy badanie (Noble Paladin) zwi\u0119kszaj\u0105ce skuteczno\u015b\u0107 Szlachcica o 100%.\",\"breadcrumb\":{\"@id\":\"https:\\\/\\\/www.desercik.pl\\\/tribal-wars-2\\\/budynki-lista\\\/piedestal\\\/#breadcrumb\"},\"inLanguage\":\"pl-PL\",\"potentialAction\":[{\"@type\":\"ReadAction\",\"target\":[\"https:\\\/\\\/www.desercik.pl\\\/tribal-wars-2\\\/budynki-lista\\\/piedestal\\\/\"]}]},{\"@type\":\"ImageObject\",\"inLanguage\":\"pl-PL\",\"@id\":\"https:\\\/\\\/www.desercik.pl\\\/tribal-wars-2\\\/budynki-lista\\\/piedestal\\\/#primaryimage\",\"url\":\"http:\\\/\\\/wiki.en.tribalwars2.com\\\/images\\\/d\\\/df\\\/Wood.png\",\"contentUrl\":\"http:\\\/\\\/wiki.en.tribalwars2.com\\\/images\\\/d\\\/df\\\/Wood.png\"},{\"@type\":\"BreadcrumbList\",\"@id\":\"https:\\\/\\\/www.desercik.pl\\\/tribal-wars-2\\\/budynki-lista\\\/piedestal\\\/#breadcrumb\",\"itemListElement\":[{\"@type\":\"ListItem\",\"position\":1,\"name\":\"Strona g\u0142\u00f3wna\",\"item\":\"https:\\\/\\\/www.desercik.pl\\\/tribal-wars-2\\\/\"},{\"@type\":\"ListItem\",\"position\":2,\"name\":\"Budynki\",\"item\":\"https:\\\/\\\/www.desercik.pl\\\/tribal-wars-2\\\/budynki-lista\\\/\"},{\"@type\":\"ListItem\",\"position\":3,\"name\":\"Piedesta\u0142\"}]},{\"@type\":\"WebSite\",\"@id\":\"https:\\\/\\\/www.desercik.pl\\\/tribal-wars-2\\\/#website\",\"url\":\"https:\\\/\\\/www.desercik.pl\\\/tribal-wars-2\\\/\",\"name\":\"Plemiona 2\",\"description\":\"\",\"potentialAction\":[{\"@type\":\"SearchAction\",\"target\":{\"@type\":\"EntryPoint\",\"urlTemplate\":\"https:\\\/\\\/www.desercik.pl\\\/tribal-wars-2\\\/?s={search_term_string}\"},\"query-input\":{\"@type\":\"PropertyValueSpecification\",\"valueRequired\":true,\"valueName\":\"search_term_string\"}}],\"inLanguage\":\"pl-PL\"}]}<\/script>\n<!-- \/ Yoast SEO plugin. -->","yoast_head_json":{"title":"Piedesta\u0142 - Plemiona 2 - Tribal Wars 2","description":"Piedesta\u0142 to dom naszego Rycerza. Dzi\u0119ki niemu mo\u017cemy rekrutowa\u0107 go i zarz\u0105dza\u0107 jego uzbrojeniem. Wymagany do budowy Piedesta\u0142u jest Ratusz na poziomie trzecim. Ten budynek mo\u017cna rozbudowa\u0107 maksymalnie do pi\u0105tego poziomu i op\u0142aca nam si\u0119 to bo na pi\u0105tym poziomie mamy badanie (Noble Paladin) zwi\u0119kszaj\u0105ce skuteczno\u015b\u0107 Szlachcica o 100%.","robots":{"index":"index","follow":"follow","max-snippet":"max-snippet:-1","max-image-preview":"max-image-preview:large","max-video-preview":"max-video-preview:-1"},"canonical":"https:\/\/www.desercik.pl\/tribal-wars-2\/budynki-lista\/piedestal\/","og_locale":"pl_PL","og_type":"article","og_title":"Piedesta\u0142 - Plemiona 2 - Tribal Wars 2","og_description":"Piedesta\u0142 to dom naszego Rycerza. Dzi\u0119ki niemu mo\u017cemy rekrutowa\u0107 go i zarz\u0105dza\u0107 jego uzbrojeniem. Wymagany do budowy Piedesta\u0142u jest Ratusz na poziomie trzecim. Ten budynek mo\u017cna rozbudowa\u0107 maksymalnie do pi\u0105tego poziomu i op\u0142aca nam si\u0119 to bo na pi\u0105tym poziomie mamy badanie (Noble Paladin) zwi\u0119kszaj\u0105ce skuteczno\u015b\u0107 Szlachcica o 100%.","og_url":"https:\/\/www.desercik.pl\/tribal-wars-2\/budynki-lista\/piedestal\/","og_site_name":"Plemiona 2","og_image":[{"url":"http:\/\/wiki.en.tribalwars2.com\/images\/d\/df\/Wood.png","type":"","width":"","height":""}],"twitter_misc":{"Szacowany czas czytania":"1 minuta"},"schema":{"@context":"https:\/\/schema.org","@graph":[{"@type":"WebPage","@id":"https:\/\/www.desercik.pl\/tribal-wars-2\/budynki-lista\/piedestal\/","url":"https:\/\/www.desercik.pl\/tribal-wars-2\/budynki-lista\/piedestal\/","name":"Piedesta\u0142 - Plemiona 2 - Tribal Wars 2","isPartOf":{"@id":"https:\/\/www.desercik.pl\/tribal-wars-2\/#website"},"primaryImageOfPage":{"@id":"https:\/\/www.desercik.pl\/tribal-wars-2\/budynki-lista\/piedestal\/#primaryimage"},"image":{"@id":"https:\/\/www.desercik.pl\/tribal-wars-2\/budynki-lista\/piedestal\/#primaryimage"},"thumbnailUrl":"http:\/\/wiki.en.tribalwars2.com\/images\/d\/df\/Wood.png","datePublished":"2014-07-31T22:43:44+00:00","description":"Piedesta\u0142 to dom naszego Rycerza. Dzi\u0119ki niemu mo\u017cemy rekrutowa\u0107 go i zarz\u0105dza\u0107 jego uzbrojeniem. Wymagany do budowy Piedesta\u0142u jest Ratusz na poziomie trzecim. Ten budynek mo\u017cna rozbudowa\u0107 maksymalnie do pi\u0105tego poziomu i op\u0142aca nam si\u0119 to bo na pi\u0105tym poziomie mamy badanie (Noble Paladin) zwi\u0119kszaj\u0105ce skuteczno\u015b\u0107 Szlachcica o 100%.","breadcrumb":{"@id":"https:\/\/www.desercik.pl\/tribal-wars-2\/budynki-lista\/piedestal\/#breadcrumb"},"inLanguage":"pl-PL","potentialAction":[{"@type":"ReadAction","target":["https:\/\/www.desercik.pl\/tribal-wars-2\/budynki-lista\/piedestal\/"]}]},{"@type":"ImageObject","inLanguage":"pl-PL","@id":"https:\/\/www.desercik.pl\/tribal-wars-2\/budynki-lista\/piedestal\/#primaryimage","url":"http:\/\/wiki.en.tribalwars2.com\/images\/d\/df\/Wood.png","contentUrl":"http:\/\/wiki.en.tribalwars2.com\/images\/d\/df\/Wood.png"},{"@type":"BreadcrumbList","@id":"https:\/\/www.desercik.pl\/tribal-wars-2\/budynki-lista\/piedestal\/#breadcrumb","itemListElement":[{"@type":"ListItem","position":1,"name":"Strona g\u0142\u00f3wna","item":"https:\/\/www.desercik.pl\/tribal-wars-2\/"},{"@type":"ListItem","position":2,"name":"Budynki","item":"https:\/\/www.desercik.pl\/tribal-wars-2\/budynki-lista\/"},{"@type":"ListItem","position":3,"name":"Piedesta\u0142"}]},{"@type":"WebSite","@id":"https:\/\/www.desercik.pl\/tribal-wars-2\/#website","url":"https:\/\/www.desercik.pl\/tribal-wars-2\/","name":"Plemiona 2","description":"","potentialAction":[{"@type":"SearchAction","target":{"@type":"EntryPoint","urlTemplate":"https:\/\/www.desercik.pl\/tribal-wars-2\/?s={search_term_string}"},"query-input":{"@type":"PropertyValueSpecification","valueRequired":true,"valueName":"search_term_string"}}],"inLanguage":"pl-PL"}]}},"_links":{"self":[{"href":"https:\/\/www.desercik.pl\/tribal-wars-2\/wp-json\/wp\/v2\/pages\/238","targetHints":{"allow":["GET"]}}],"collection":[{"href":"https:\/\/www.desercik.pl\/tribal-wars-2\/wp-json\/wp\/v2\/pages"}],"about":[{"href":"https:\/\/www.desercik.pl\/tribal-wars-2\/wp-json\/wp\/v2\/types\/page"}],"author":[{"embeddable":true,"href":"https:\/\/www.desercik.pl\/tribal-wars-2\/wp-json\/wp\/v2\/users\/1"}],"replies":[{"embeddable":true,"href":"https:\/\/www.desercik.pl\/tribal-wars-2\/wp-json\/wp\/v2\/comments?post=238"}],"version-history":[{"count":0,"href":"https:\/\/www.desercik.pl\/tribal-wars-2\/wp-json\/wp\/v2\/pages\/238\/revisions"}],"up":[{"embeddable":true,"href":"https:\/\/www.desercik.pl\/tribal-wars-2\/wp-json\/wp\/v2\/pages\/175"}],"wp:attachment":[{"href":"https:\/\/www.desercik.pl\/tribal-wars-2\/wp-json\/wp\/v2\/media?parent=238"}],"curies":[{"name":"wp","href":"https:\/\/api.w.org\/{rel}","templated":true}]}}