{"id":234,"date":"2014-08-01T00:31:07","date_gmt":"2014-07-31T22:31:07","guid":{"rendered":"http:\/\/www.desercik.pl\/tribal-wars-2\/?page_id=234"},"modified":"2014-08-01T00:35:17","modified_gmt":"2014-07-31T22:35:17","slug":"koszary","status":"publish","type":"page","link":"https:\/\/www.desercik.pl\/tribal-wars-2\/budynki-lista\/koszary\/","title":{"rendered":"Koszary"},"content":{"rendered":"<p>W Koszarach mo\u017cemy trenowa\u0107 prawie wszystkie jednostki w grze pr\u00f3b <a title=\"Berserker\" href=\"https:\/\/www.desercik.pl\/tribal-wars-2\/jednostki-w-grze\/berserker\/\">Berserkera<\/a> i <a title=\"Trebuchet\" href=\"https:\/\/www.desercik.pl\/tribal-wars-2\/jednostki-w-grze\/trebuchet\/\">Trebucheta<\/a>. Im wy\u017cszy poziom rozbudowania koszar tym mniejszy jest czas rekrutacji jednostek, a tak\u017ce mo\u017cemy dzi\u0119ki nowym badaniom opracowa\u0107 dyscyplin\u0119 dla naszych wojsk.<\/p>\n<p>Koszary mo\u017cna zbudowa\u0107 dopiero po rozbudowaniu <a title=\"Ratusz (Headquarters)\" href=\"https:\/\/www.desercik.pl\/tribal-wars-2\/budynki\/ratusz-headquarters\/\">Ratusza <\/a>na drugi poziom.<\/p>\n<h3>Tabela rozbudowy Koszar<\/h3>\n<table class=\"tabela\">\n<tbody>\n<tr>\n<th>Poziom<\/th>\n<th><img loading=\"lazy\" decoding=\"async\" src=\"https:\/\/www.desercik.pl\/tribal-wars-2\/wp-content\/uploads\/2014\/07\/Wood.png\" alt=\"Wood.png\" width=\"44\" height=\"44\" \/><\/th>\n<th><img loading=\"lazy\" decoding=\"async\" src=\"https:\/\/www.desercik.pl\/tribal-wars-2\/wp-content\/uploads\/2014\/07\/Clay.png\" alt=\"Clay.png\" width=\"44\" height=\"44\" \/><\/th>\n<th><img loading=\"lazy\" decoding=\"async\" src=\"https:\/\/www.desercik.pl\/tribal-wars-2\/wp-content\/uploads\/2014\/07\/Iron.png\" alt=\"Iron.png\" width=\"44\" height=\"44\" \/><\/th>\n<th><img loading=\"lazy\" decoding=\"async\" src=\"https:\/\/www.desercik.pl\/tribal-wars-2\/wp-content\/uploads\/2014\/07\/Provisions.png\" alt=\"Provisions.png\" width=\"44\" height=\"44\" \/><\/th>\n<th>Badania<\/th>\n<th>Odblokuje jednostki<\/th>\n<th>Redukcja czasu rekrutacji<\/th>\n<th>Wytrzyma\u0142o\u015b\u0107<\/th>\n<\/tr>\n<tr>\n<td>1<\/td>\n<td>300<\/td>\n<td>270<\/td>\n<td>290<\/td>\n<td>7<\/td>\n<td>&#8211;<\/td>\n<td>&#8211;<\/td>\n<td>63\u00a0%<\/td>\n<td>3<\/td>\n<\/tr>\n<tr>\n<td>2<\/td>\n<td>375<\/td>\n<td>344<\/td>\n<td>363<\/td>\n<td>1<\/td>\n<td>&#8211;<\/td>\n<td>&#8211;<\/td>\n<td>60\u00a0%<\/td>\n<td>3<\/td>\n<\/tr>\n<tr>\n<td>3<\/td>\n<td>469<\/td>\n<td>439<\/td>\n<td>453<\/td>\n<td>2<\/td>\n<td>&#8211;<\/td>\n<td><a title=\"Miecznik\" href=\"https:\/\/www.desercik.pl\/tribal-wars-2\/jednostki-w-grze\/miecznik\/\">Miecznik<\/a><\/td>\n<td>56\u00a0%<\/td>\n<td>4<\/td>\n<\/tr>\n<tr>\n<td>4<\/td>\n<td>586<\/td>\n<td>560<\/td>\n<td>566<\/td>\n<td>2<\/td>\n<td>&#8211;<\/td>\n<td>&#8211;<\/td>\n<td>53\u00a0%<\/td>\n<td>4<\/td>\n<\/tr>\n<tr>\n<td>5<\/td>\n<td>732<\/td>\n<td>714<\/td>\n<td>708<\/td>\n<td>2<\/td>\n<td>&#8211;<\/td>\n<td><a title=\"Topornik\" href=\"https:\/\/www.desercik.pl\/tribal-wars-2\/jednostki-w-grze\/topornik\/\">Topornik<\/a><\/td>\n<td>50\u00a0%<\/td>\n<td>4<\/td>\n<\/tr>\n<tr>\n<td>6<\/td>\n<td>916<\/td>\n<td>910<\/td>\n<td>885<\/td>\n<td>3<\/td>\n<td>&#8211;<\/td>\n<td>&#8211;<\/td>\n<td>47\u00a0%<\/td>\n<td>5<\/td>\n<\/tr>\n<tr>\n<td>7<\/td>\n<td>1,144<\/td>\n<td>1,160<\/td>\n<td>1,106<\/td>\n<td>3<\/td>\n<td>Training Grounds<\/td>\n<td>&#8211;<\/td>\n<td>45\u00a0%<\/td>\n<td>5<\/td>\n<\/tr>\n<tr>\n<td>8<\/td>\n<td>1,431<\/td>\n<td>1,479<\/td>\n<td>1,383<\/td>\n<td>4<\/td>\n<td>&#8211;<\/td>\n<td>&#8211;<\/td>\n<td>42\u00a0%<\/td>\n<td>6<\/td>\n<\/tr>\n<tr>\n<td>9<\/td>\n<td>1,788<\/td>\n<td>1,886<\/td>\n<td>1,729<\/td>\n<td>5<\/td>\n<td>&#8211;<\/td>\n<td><a title=\"\u0141ucznik\" href=\"https:\/\/www.desercik.pl\/tribal-wars-2\/jednostki-w-grze\/lucznik\/\">\u0141ucznik<\/a><\/td>\n<td>40\u00a0%<\/td>\n<td>6<\/td>\n<\/tr>\n<tr>\n<td>10<\/td>\n<td>2,235<\/td>\n<td>2,404<\/td>\n<td>2,161<\/td>\n<td>6<\/td>\n<td>&#8211;<\/td>\n<td>&#8211;<\/td>\n<td>38\u00a0%<\/td>\n<td>7<\/td>\n<\/tr>\n<tr>\n<td>11<\/td>\n<td>2,794<\/td>\n<td>3,065<\/td>\n<td>2,701<\/td>\n<td>7<\/td>\n<td>&#8211;<\/td>\n<td><a title=\"Lekki Kawalerzysta\" href=\"https:\/\/www.desercik.pl\/tribal-wars-2\/jednostki-w-grze\/lekki-kawalerzysta\/\">Lekka kawaleria<\/a><\/td>\n<td>36\u00a0%<\/td>\n<td>8<\/td>\n<\/tr>\n<tr>\n<td>12<\/td>\n<td>3,492<\/td>\n<td>3,908<\/td>\n<td>3,376<\/td>\n<td>9<\/td>\n<td>&#8211;<\/td>\n<td>&#8211;<\/td>\n<td>34\u00a0%<\/td>\n<td>9<\/td>\n<\/tr>\n<tr>\n<td>13<\/td>\n<td>4,366<\/td>\n<td>4,983<\/td>\n<td>4,220<\/td>\n<td>10<\/td>\n<td>&#8211;<\/td>\n<td><a title=\"\u0141ucznik na koniu\" href=\"https:\/\/www.desercik.pl\/tribal-wars-2\/jednostki-w-grze\/lucznik-koniu\/\">\u0141ucznik na koniu<\/a><\/td>\n<td>32\u00a0%<\/td>\n<td>9<\/td>\n<\/tr>\n<tr>\n<td>14<\/td>\n<td>5,457<\/td>\n<td>6,353<\/td>\n<td>5,275<\/td>\n<td>12<\/td>\n<td>&#8211;<\/td>\n<td>&#8211;<\/td>\n<td>30\u00a0%<\/td>\n<td>10<\/td>\n<\/tr>\n<tr>\n<td>15<\/td>\n<td>6,821<\/td>\n<td>8,100<\/td>\n<td>6,594<\/td>\n<td>15<\/td>\n<td>&#8211;<\/td>\n<td><a title=\"Tarany\" href=\"https:\/\/www.desercik.pl\/tribal-wars-2\/jednostki-w-grze\/tarany\/\">Taran<\/a><\/td>\n<td>29\u00a0%<\/td>\n<td>11<\/td>\n<\/tr>\n<tr>\n<td>16<\/td>\n<td>8,527<\/td>\n<td>10,328<\/td>\n<td>8,242<\/td>\n<td>18<\/td>\n<td>&#8211;<\/td>\n<td>&#8211;<\/td>\n<td>27\u00a0%<\/td>\n<td>13<\/td>\n<\/tr>\n<tr>\n<td>17<\/td>\n<td>10,658<\/td>\n<td>13,168<\/td>\n<td>10,303<\/td>\n<td>22<\/td>\n<td>&#8211;<\/td>\n<td>&#8211;<\/td>\n<td>25\u00a0%<\/td>\n<td>14<\/td>\n<\/tr>\n<tr>\n<td>18<\/td>\n<td>13,323<\/td>\n<td>16,789<\/td>\n<td>12,879<\/td>\n<td>26<\/td>\n<td>&#8211;<\/td>\n<td>&#8211;<\/td>\n<td>24\u00a0%<\/td>\n<td>15<\/td>\n<\/tr>\n<tr>\n<td>19<\/td>\n<td>16,653<\/td>\n<td>21,407<\/td>\n<td>16,098<\/td>\n<td>31<\/td>\n<td>Large grounds<\/td>\n<td>&#8211;<\/td>\n<td>23\u00a0%<\/td>\n<td>17<\/td>\n<\/tr>\n<tr>\n<td>20<\/td>\n<td>20,817<\/td>\n<td>27,293<\/td>\n<td>20,123<\/td>\n<td>37<\/td>\n<td>&#8211;<\/td>\n<td>&#8211;<\/td>\n<td>22\u00a0%<\/td>\n<td>18<\/td>\n<\/tr>\n<tr>\n<td>21<\/td>\n<td>26,021<\/td>\n<td>34,799<\/td>\n<td>25,153<\/td>\n<td>45<\/td>\n<td>&#8211;<\/td>\n<td><a title=\"Ci\u0119\u017cki kawalerzysta\" href=\"https:\/\/www.desercik.pl\/tribal-wars-2\/jednostki-w-grze\/ciezki-kawalerzysta\/\">Ci\u0119\u017cka kawaleria<\/a><\/td>\n<td>20\u00a0%<\/td>\n<td>20<\/td>\n<\/tr>\n<tr>\n<td>22<\/td>\n<td>32,526<\/td>\n<td>44,369<\/td>\n<td>31,442<\/td>\n<td>54<\/td>\n<td>&#8211;<\/td>\n<td>&#8211;<\/td>\n<td>19\u00a0%<\/td>\n<td>22<\/td>\n<\/tr>\n<tr>\n<td>23<\/td>\n<td>40,658<\/td>\n<td>56,570<\/td>\n<td>39,302<\/td>\n<td>64<\/td>\n<td>Fortified Roof<\/td>\n<td>&#8211;<\/td>\n<td>18\u00a0%<\/td>\n<td>24<\/td>\n<\/tr>\n<tr>\n<td>24<\/td>\n<td>50,822<\/td>\n<td>72,127<\/td>\n<td>49,128<\/td>\n<td>77<\/td>\n<td>&#8211;<\/td>\n<td>&#8211;<\/td>\n<td>17\u00a0%<\/td>\n<td>27<\/td>\n<\/tr>\n<tr>\n<td>25<\/td>\n<td>63,527<\/td>\n<td>91,962<\/td>\n<td>61,410<\/td>\n<td>93<\/td>\n<td>Military Academy<\/td>\n<td>&#8211;<\/td>\n<td>16\u00a0%<\/td>\n<td>30<\/td>\n<\/tr>\n<\/tbody>\n<\/table>\n<h3>Badania w Koszarach<\/h3>\n<table class=\"tabela\">\n<tbody>\n<tr>\n<th>Poziom budynku<\/th>\n<th>Badanie<\/th>\n<th>Opis<\/th>\n<\/tr>\n<tr>\n<td>7<\/td>\n<td>Taining grounds<\/td>\n<td>Zwi\u0119ksza dyscyplin\u0119 armii o 33%<\/td>\n<\/tr>\n<tr>\n<td>19<\/td>\n<td>Large grounds<\/td>\n<td>Zwi\u0119ksza dyscyplin\u0119 armii o 33%<\/td>\n<\/tr>\n<tr>\n<td>23<\/td>\n<td>Fortified Roof<\/td>\n<td>Zwi\u0119ksza dyscyplin\u0119 armii o 50%<\/td>\n<\/tr>\n<tr>\n<td>25<\/td>\n<td>Military Academy<\/td>\n<td>Zwi\u0119ksza dyscyplin\u0119 armii o 33%<\/td>\n<\/tr>\n<\/tbody>\n<\/table>\n","protected":false},"excerpt":{"rendered":"<p>W Koszarach mo\u017cemy trenowa\u0107 prawie wszystkie jednostki w grze pr\u00f3b Berserkera i Trebucheta. Im wy\u017cszy poziom rozbudowania koszar tym mniejszy jest czas rekrutacji jednostek, a tak\u017ce mo\u017cemy dzi\u0119ki nowym badaniom opracowa\u0107 dyscyplin\u0119 dla naszych wojsk. Koszary mo\u017cna zbudowa\u0107 dopiero po&hellip; <a href=\"https:\/\/www.desercik.pl\/tribal-wars-2\/budynki-lista\/koszary\/\" class=\"more-link\">Continue Reading <span class=\"meta-nav\">&rarr;<\/span><\/a><\/p>\n","protected":false},"author":1,"featured_media":0,"parent":175,"menu_order":0,"comment_status":"open","ping_status":"open","template":"","meta":{"footnotes":""},"class_list":["post-234","page","type-page","status-publish","hentry"],"yoast_head":"<!-- This site is optimized with the Yoast SEO plugin v27.3 - https:\/\/yoast.com\/product\/yoast-seo-wordpress\/ -->\n<title>Koszary - Plemiona 2 - Tribal Wars 2<\/title>\n<meta name=\"description\" content=\"W Koszarach mo\u017cemy trenowa\u0107 prawie wszystkie jednostki w grze pr\u00f3b Berserkera i Trebucheta. Im wy\u017cszy poziom rozbudowania koszar tym mniejszy jest czas rekrutacji jednostek, a tak\u017ce mo\u017cemy dzi\u0119ki nowym badaniom opracowa\u0107 dyscyplin\u0119 dla naszych wojsk.\" \/>\n<meta name=\"robots\" content=\"index, follow, max-snippet:-1, max-image-preview:large, max-video-preview:-1\" \/>\n<link rel=\"canonical\" href=\"https:\/\/www.desercik.pl\/tribal-wars-2\/budynki-lista\/koszary\/\" \/>\n<meta property=\"og:locale\" content=\"pl_PL\" \/>\n<meta property=\"og:type\" content=\"article\" \/>\n<meta property=\"og:title\" content=\"Koszary - Plemiona 2 - Tribal Wars 2\" \/>\n<meta property=\"og:description\" content=\"W Koszarach mo\u017cemy trenowa\u0107 prawie wszystkie jednostki w grze pr\u00f3b Berserkera i Trebucheta. Im wy\u017cszy poziom rozbudowania koszar tym mniejszy jest czas rekrutacji jednostek, a tak\u017ce mo\u017cemy dzi\u0119ki nowym badaniom opracowa\u0107 dyscyplin\u0119 dla naszych wojsk.\" \/>\n<meta property=\"og:url\" content=\"https:\/\/www.desercik.pl\/tribal-wars-2\/budynki-lista\/koszary\/\" \/>\n<meta property=\"og:site_name\" content=\"Plemiona 2\" \/>\n<meta property=\"article:modified_time\" content=\"2014-07-31T22:35:17+00:00\" \/>\n<meta property=\"og:image\" content=\"https:\/\/www.desercik.pl\/tribal-wars-2\/wp-content\/uploads\/2014\/07\/Wood.png\" \/>\n<meta name=\"twitter:label1\" content=\"Szacowany czas czytania\" \/>\n\t<meta name=\"twitter:data1\" content=\"1 minuta\" \/>\n<script type=\"application\/ld+json\" class=\"yoast-schema-graph\">{\"@context\":\"https:\\\/\\\/schema.org\",\"@graph\":[{\"@type\":\"WebPage\",\"@id\":\"https:\\\/\\\/www.desercik.pl\\\/tribal-wars-2\\\/budynki-lista\\\/koszary\\\/\",\"url\":\"https:\\\/\\\/www.desercik.pl\\\/tribal-wars-2\\\/budynki-lista\\\/koszary\\\/\",\"name\":\"Koszary - Plemiona 2 - Tribal Wars 2\",\"isPartOf\":{\"@id\":\"https:\\\/\\\/www.desercik.pl\\\/tribal-wars-2\\\/#website\"},\"primaryImageOfPage\":{\"@id\":\"https:\\\/\\\/www.desercik.pl\\\/tribal-wars-2\\\/budynki-lista\\\/koszary\\\/#primaryimage\"},\"image\":{\"@id\":\"https:\\\/\\\/www.desercik.pl\\\/tribal-wars-2\\\/budynki-lista\\\/koszary\\\/#primaryimage\"},\"thumbnailUrl\":\"https:\\\/\\\/www.desercik.pl\\\/tribal-wars-2\\\/wp-content\\\/uploads\\\/2014\\\/07\\\/Wood.png\",\"datePublished\":\"2014-07-31T22:31:07+00:00\",\"dateModified\":\"2014-07-31T22:35:17+00:00\",\"description\":\"W Koszarach mo\u017cemy trenowa\u0107 prawie wszystkie jednostki w grze pr\u00f3b Berserkera i Trebucheta. Im wy\u017cszy poziom rozbudowania koszar tym mniejszy jest czas rekrutacji jednostek, a tak\u017ce mo\u017cemy dzi\u0119ki nowym badaniom opracowa\u0107 dyscyplin\u0119 dla naszych wojsk.\",\"breadcrumb\":{\"@id\":\"https:\\\/\\\/www.desercik.pl\\\/tribal-wars-2\\\/budynki-lista\\\/koszary\\\/#breadcrumb\"},\"inLanguage\":\"pl-PL\",\"potentialAction\":[{\"@type\":\"ReadAction\",\"target\":[\"https:\\\/\\\/www.desercik.pl\\\/tribal-wars-2\\\/budynki-lista\\\/koszary\\\/\"]}]},{\"@type\":\"ImageObject\",\"inLanguage\":\"pl-PL\",\"@id\":\"https:\\\/\\\/www.desercik.pl\\\/tribal-wars-2\\\/budynki-lista\\\/koszary\\\/#primaryimage\",\"url\":\"https:\\\/\\\/www.desercik.pl\\\/tribal-wars-2\\\/wp-content\\\/uploads\\\/2014\\\/07\\\/Wood.png\",\"contentUrl\":\"https:\\\/\\\/www.desercik.pl\\\/tribal-wars-2\\\/wp-content\\\/uploads\\\/2014\\\/07\\\/Wood.png\",\"width\":44,\"height\":44},{\"@type\":\"BreadcrumbList\",\"@id\":\"https:\\\/\\\/www.desercik.pl\\\/tribal-wars-2\\\/budynki-lista\\\/koszary\\\/#breadcrumb\",\"itemListElement\":[{\"@type\":\"ListItem\",\"position\":1,\"name\":\"Strona g\u0142\u00f3wna\",\"item\":\"https:\\\/\\\/www.desercik.pl\\\/tribal-wars-2\\\/\"},{\"@type\":\"ListItem\",\"position\":2,\"name\":\"Budynki\",\"item\":\"https:\\\/\\\/www.desercik.pl\\\/tribal-wars-2\\\/budynki-lista\\\/\"},{\"@type\":\"ListItem\",\"position\":3,\"name\":\"Koszary\"}]},{\"@type\":\"WebSite\",\"@id\":\"https:\\\/\\\/www.desercik.pl\\\/tribal-wars-2\\\/#website\",\"url\":\"https:\\\/\\\/www.desercik.pl\\\/tribal-wars-2\\\/\",\"name\":\"Plemiona 2\",\"description\":\"\",\"potentialAction\":[{\"@type\":\"SearchAction\",\"target\":{\"@type\":\"EntryPoint\",\"urlTemplate\":\"https:\\\/\\\/www.desercik.pl\\\/tribal-wars-2\\\/?s={search_term_string}\"},\"query-input\":{\"@type\":\"PropertyValueSpecification\",\"valueRequired\":true,\"valueName\":\"search_term_string\"}}],\"inLanguage\":\"pl-PL\"}]}<\/script>\n<!-- \/ Yoast SEO plugin. -->","yoast_head_json":{"title":"Koszary - Plemiona 2 - Tribal Wars 2","description":"W Koszarach mo\u017cemy trenowa\u0107 prawie wszystkie jednostki w grze pr\u00f3b Berserkera i Trebucheta. Im wy\u017cszy poziom rozbudowania koszar tym mniejszy jest czas rekrutacji jednostek, a tak\u017ce mo\u017cemy dzi\u0119ki nowym badaniom opracowa\u0107 dyscyplin\u0119 dla naszych wojsk.","robots":{"index":"index","follow":"follow","max-snippet":"max-snippet:-1","max-image-preview":"max-image-preview:large","max-video-preview":"max-video-preview:-1"},"canonical":"https:\/\/www.desercik.pl\/tribal-wars-2\/budynki-lista\/koszary\/","og_locale":"pl_PL","og_type":"article","og_title":"Koszary - Plemiona 2 - Tribal Wars 2","og_description":"W Koszarach mo\u017cemy trenowa\u0107 prawie wszystkie jednostki w grze pr\u00f3b Berserkera i Trebucheta. Im wy\u017cszy poziom rozbudowania koszar tym mniejszy jest czas rekrutacji jednostek, a tak\u017ce mo\u017cemy dzi\u0119ki nowym badaniom opracowa\u0107 dyscyplin\u0119 dla naszych wojsk.","og_url":"https:\/\/www.desercik.pl\/tribal-wars-2\/budynki-lista\/koszary\/","og_site_name":"Plemiona 2","article_modified_time":"2014-07-31T22:35:17+00:00","og_image":[{"url":"https:\/\/www.desercik.pl\/tribal-wars-2\/wp-content\/uploads\/2014\/07\/Wood.png","type":"","width":"","height":""}],"twitter_misc":{"Szacowany czas czytania":"1 minuta"},"schema":{"@context":"https:\/\/schema.org","@graph":[{"@type":"WebPage","@id":"https:\/\/www.desercik.pl\/tribal-wars-2\/budynki-lista\/koszary\/","url":"https:\/\/www.desercik.pl\/tribal-wars-2\/budynki-lista\/koszary\/","name":"Koszary - Plemiona 2 - Tribal Wars 2","isPartOf":{"@id":"https:\/\/www.desercik.pl\/tribal-wars-2\/#website"},"primaryImageOfPage":{"@id":"https:\/\/www.desercik.pl\/tribal-wars-2\/budynki-lista\/koszary\/#primaryimage"},"image":{"@id":"https:\/\/www.desercik.pl\/tribal-wars-2\/budynki-lista\/koszary\/#primaryimage"},"thumbnailUrl":"https:\/\/www.desercik.pl\/tribal-wars-2\/wp-content\/uploads\/2014\/07\/Wood.png","datePublished":"2014-07-31T22:31:07+00:00","dateModified":"2014-07-31T22:35:17+00:00","description":"W Koszarach mo\u017cemy trenowa\u0107 prawie wszystkie jednostki w grze pr\u00f3b Berserkera i Trebucheta. Im wy\u017cszy poziom rozbudowania koszar tym mniejszy jest czas rekrutacji jednostek, a tak\u017ce mo\u017cemy dzi\u0119ki nowym badaniom opracowa\u0107 dyscyplin\u0119 dla naszych wojsk.","breadcrumb":{"@id":"https:\/\/www.desercik.pl\/tribal-wars-2\/budynki-lista\/koszary\/#breadcrumb"},"inLanguage":"pl-PL","potentialAction":[{"@type":"ReadAction","target":["https:\/\/www.desercik.pl\/tribal-wars-2\/budynki-lista\/koszary\/"]}]},{"@type":"ImageObject","inLanguage":"pl-PL","@id":"https:\/\/www.desercik.pl\/tribal-wars-2\/budynki-lista\/koszary\/#primaryimage","url":"https:\/\/www.desercik.pl\/tribal-wars-2\/wp-content\/uploads\/2014\/07\/Wood.png","contentUrl":"https:\/\/www.desercik.pl\/tribal-wars-2\/wp-content\/uploads\/2014\/07\/Wood.png","width":44,"height":44},{"@type":"BreadcrumbList","@id":"https:\/\/www.desercik.pl\/tribal-wars-2\/budynki-lista\/koszary\/#breadcrumb","itemListElement":[{"@type":"ListItem","position":1,"name":"Strona g\u0142\u00f3wna","item":"https:\/\/www.desercik.pl\/tribal-wars-2\/"},{"@type":"ListItem","position":2,"name":"Budynki","item":"https:\/\/www.desercik.pl\/tribal-wars-2\/budynki-lista\/"},{"@type":"ListItem","position":3,"name":"Koszary"}]},{"@type":"WebSite","@id":"https:\/\/www.desercik.pl\/tribal-wars-2\/#website","url":"https:\/\/www.desercik.pl\/tribal-wars-2\/","name":"Plemiona 2","description":"","potentialAction":[{"@type":"SearchAction","target":{"@type":"EntryPoint","urlTemplate":"https:\/\/www.desercik.pl\/tribal-wars-2\/?s={search_term_string}"},"query-input":{"@type":"PropertyValueSpecification","valueRequired":true,"valueName":"search_term_string"}}],"inLanguage":"pl-PL"}]}},"_links":{"self":[{"href":"https:\/\/www.desercik.pl\/tribal-wars-2\/wp-json\/wp\/v2\/pages\/234","targetHints":{"allow":["GET"]}}],"collection":[{"href":"https:\/\/www.desercik.pl\/tribal-wars-2\/wp-json\/wp\/v2\/pages"}],"about":[{"href":"https:\/\/www.desercik.pl\/tribal-wars-2\/wp-json\/wp\/v2\/types\/page"}],"author":[{"embeddable":true,"href":"https:\/\/www.desercik.pl\/tribal-wars-2\/wp-json\/wp\/v2\/users\/1"}],"replies":[{"embeddable":true,"href":"https:\/\/www.desercik.pl\/tribal-wars-2\/wp-json\/wp\/v2\/comments?post=234"}],"version-history":[{"count":0,"href":"https:\/\/www.desercik.pl\/tribal-wars-2\/wp-json\/wp\/v2\/pages\/234\/revisions"}],"up":[{"embeddable":true,"href":"https:\/\/www.desercik.pl\/tribal-wars-2\/wp-json\/wp\/v2\/pages\/175"}],"wp:attachment":[{"href":"https:\/\/www.desercik.pl\/tribal-wars-2\/wp-json\/wp\/v2\/media?parent=234"}],"curies":[{"name":"wp","href":"https:\/\/api.w.org\/{rel}","templated":true}]}}