{"id":232,"date":"2014-08-01T00:25:45","date_gmt":"2014-07-31T22:25:45","guid":{"rendered":"http:\/\/www.desercik.pl\/tribal-wars-2\/?page_id=232"},"modified":"2014-08-01T00:25:45","modified_gmt":"2014-07-31T22:25:45","slug":"miejsce-zbiorki","status":"publish","type":"page","link":"https:\/\/www.desercik.pl\/tribal-wars-2\/budynki-lista\/miejsce-zbiorki\/","title":{"rendered":"Miejsce zbi\u00f3rki"},"content":{"rendered":"<p>Miejsce zbi\u00f3rki pozwala nam tworzy\u0107 specjalne grupy. Grupy mog\u0105 by\u0107 u\u017cywane we wszystkich wioskach jak i s\u0142u\u017cy\u0107 do rekrutacji jednostek. Budynek mo\u017cna rozbudowa\u0107 maksymalnie do pi\u0105tego poziomu i tym samym uzyska\u0107 dost\u0119p do badania umo\u017cliwiaj\u0105cego wycofanie armii nie do pi\u0119ciu minut po wys\u0142aniu, ale do dziesi\u0119ciu.<\/p>\n<h3>Tabela rozbudowy Rally Point<\/h3>\n<table class=\"tabela\">\n<tbody>\n<tr>\n<th>Poziom<\/th>\n<th><img loading=\"lazy\" decoding=\"async\" src=\"https:\/\/www.desercik.pl\/tribal-wars-2\/wp-content\/uploads\/2014\/07\/Wood.png\" alt=\"Wood.png\" width=\"44\" height=\"44\" \/><\/th>\n<th><img loading=\"lazy\" decoding=\"async\" src=\"https:\/\/www.desercik.pl\/tribal-wars-2\/wp-content\/uploads\/2014\/07\/Clay.png\" alt=\"Clay.png\" width=\"44\" height=\"44\" \/><\/th>\n<th><img loading=\"lazy\" decoding=\"async\" src=\"https:\/\/www.desercik.pl\/tribal-wars-2\/wp-content\/uploads\/2014\/07\/Iron.png\" alt=\"Iron.png\" width=\"44\" height=\"44\" \/><\/th>\n<th><img loading=\"lazy\" decoding=\"async\" src=\"https:\/\/www.desercik.pl\/tribal-wars-2\/wp-content\/uploads\/2014\/07\/Provisions.png\" alt=\"Provisions.png\" width=\"44\" height=\"44\" \/><\/th>\n<th>Punkty<\/th>\n<th>Badania<\/th>\n<th>Wytrzyma\u0142o\u015b\u0107<\/th>\n<\/tr>\n<tr>\n<td>1<\/td>\n<td>10<\/td>\n<td>40<\/td>\n<td>30<\/td>\n<td>1<\/td>\n<td>2<\/td>\n<td><\/td>\n<td>3<\/td>\n<\/tr>\n<tr>\n<td>2<\/td>\n<td>50<\/td>\n<td>200<\/td>\n<td>150<\/td>\n<td>2<\/td>\n<td>2<\/td>\n<td><\/td>\n<td>3<\/td>\n<\/tr>\n<tr>\n<td>3<\/td>\n<td>250<\/td>\n<td>1,000<\/td>\n<td>750<\/td>\n<td>5<\/td>\n<td>3<\/td>\n<td><\/td>\n<td>4<\/td>\n<\/tr>\n<tr>\n<td>4<\/td>\n<td>1,250<\/td>\n<td>5,000<\/td>\n<td>3,750<\/td>\n<td>12<\/td>\n<td>3<\/td>\n<td><\/td>\n<td>4<\/td>\n<\/tr>\n<tr>\n<td>5<\/td>\n<td>6,250<\/td>\n<td>25,000<\/td>\n<td>18,750<\/td>\n<td>28<\/td>\n<td>4<\/td>\n<td>Horns of War<\/td>\n<td>4<\/td>\n<\/tr>\n<\/tbody>\n<\/table>\n<h3>Badania<\/h3>\n<table class=\"tabela\">\n<tbody>\n<tr>\n<th>Wymagany poziom<\/th>\n<th>Nazwa<\/th>\n<th>Opis<\/th>\n<\/tr>\n<tr>\n<td>5<\/td>\n<td>Horns of War<\/td>\n<td>Po wykonaniu badania mamy 10, a nie 5 minut na wycofanie rozkazu dla armii.<\/td>\n<\/tr>\n<\/tbody>\n<\/table>\n","protected":false},"excerpt":{"rendered":"<p>Miejsce zbi\u00f3rki pozwala nam tworzy\u0107 specjalne grupy. Grupy mog\u0105 by\u0107 u\u017cywane we wszystkich wioskach jak i s\u0142u\u017cy\u0107 do rekrutacji jednostek. Budynek mo\u017cna rozbudowa\u0107 maksymalnie do pi\u0105tego poziomu i tym samym uzyska\u0107 dost\u0119p do badania umo\u017cliwiaj\u0105cego wycofanie armii nie do pi\u0119ciu&hellip; <a href=\"https:\/\/www.desercik.pl\/tribal-wars-2\/budynki-lista\/miejsce-zbiorki\/\" class=\"more-link\">Continue Reading <span class=\"meta-nav\">&rarr;<\/span><\/a><\/p>\n","protected":false},"author":1,"featured_media":0,"parent":175,"menu_order":0,"comment_status":"open","ping_status":"open","template":"","meta":{"footnotes":""},"class_list":["post-232","page","type-page","status-publish","hentry"],"yoast_head":"<!-- This site is optimized with the Yoast SEO plugin v27.3 - https:\/\/yoast.com\/product\/yoast-seo-wordpress\/ -->\n<title>Miejsce zbi\u00f3rki - Plemiona 2 - Tribal Wars 2<\/title>\n<meta name=\"description\" content=\"Miejsce zbi\u00f3rki pozwala nam tworzy\u0107 specjalne grupy. Grupy mog\u0105 by\u0107 u\u017cywane we wszystkich wioskach jak i s\u0142u\u017cy\u0107 do rekrutacji jednostek.\" \/>\n<meta name=\"robots\" content=\"index, follow, max-snippet:-1, max-image-preview:large, max-video-preview:-1\" \/>\n<link rel=\"canonical\" href=\"https:\/\/www.desercik.pl\/tribal-wars-2\/budynki-lista\/miejsce-zbiorki\/\" \/>\n<meta property=\"og:locale\" content=\"pl_PL\" \/>\n<meta property=\"og:type\" content=\"article\" \/>\n<meta property=\"og:title\" content=\"Miejsce zbi\u00f3rki - Plemiona 2 - Tribal Wars 2\" \/>\n<meta property=\"og:description\" content=\"Miejsce zbi\u00f3rki pozwala nam tworzy\u0107 specjalne grupy. Grupy mog\u0105 by\u0107 u\u017cywane we wszystkich wioskach jak i s\u0142u\u017cy\u0107 do rekrutacji jednostek.\" \/>\n<meta property=\"og:url\" content=\"https:\/\/www.desercik.pl\/tribal-wars-2\/budynki-lista\/miejsce-zbiorki\/\" \/>\n<meta property=\"og:site_name\" content=\"Plemiona 2\" \/>\n<meta property=\"og:image\" content=\"https:\/\/www.desercik.pl\/tribal-wars-2\/wp-content\/uploads\/2014\/07\/Wood.png\" \/>\n<script type=\"application\/ld+json\" class=\"yoast-schema-graph\">{\"@context\":\"https:\\\/\\\/schema.org\",\"@graph\":[{\"@type\":\"WebPage\",\"@id\":\"https:\\\/\\\/www.desercik.pl\\\/tribal-wars-2\\\/budynki-lista\\\/miejsce-zbiorki\\\/\",\"url\":\"https:\\\/\\\/www.desercik.pl\\\/tribal-wars-2\\\/budynki-lista\\\/miejsce-zbiorki\\\/\",\"name\":\"Miejsce zbi\u00f3rki - Plemiona 2 - Tribal Wars 2\",\"isPartOf\":{\"@id\":\"https:\\\/\\\/www.desercik.pl\\\/tribal-wars-2\\\/#website\"},\"primaryImageOfPage\":{\"@id\":\"https:\\\/\\\/www.desercik.pl\\\/tribal-wars-2\\\/budynki-lista\\\/miejsce-zbiorki\\\/#primaryimage\"},\"image\":{\"@id\":\"https:\\\/\\\/www.desercik.pl\\\/tribal-wars-2\\\/budynki-lista\\\/miejsce-zbiorki\\\/#primaryimage\"},\"thumbnailUrl\":\"https:\\\/\\\/www.desercik.pl\\\/tribal-wars-2\\\/wp-content\\\/uploads\\\/2014\\\/07\\\/Wood.png\",\"datePublished\":\"2014-07-31T22:25:45+00:00\",\"description\":\"Miejsce zbi\u00f3rki pozwala nam tworzy\u0107 specjalne grupy. Grupy mog\u0105 by\u0107 u\u017cywane we wszystkich wioskach jak i s\u0142u\u017cy\u0107 do rekrutacji jednostek.\",\"breadcrumb\":{\"@id\":\"https:\\\/\\\/www.desercik.pl\\\/tribal-wars-2\\\/budynki-lista\\\/miejsce-zbiorki\\\/#breadcrumb\"},\"inLanguage\":\"pl-PL\",\"potentialAction\":[{\"@type\":\"ReadAction\",\"target\":[\"https:\\\/\\\/www.desercik.pl\\\/tribal-wars-2\\\/budynki-lista\\\/miejsce-zbiorki\\\/\"]}]},{\"@type\":\"ImageObject\",\"inLanguage\":\"pl-PL\",\"@id\":\"https:\\\/\\\/www.desercik.pl\\\/tribal-wars-2\\\/budynki-lista\\\/miejsce-zbiorki\\\/#primaryimage\",\"url\":\"https:\\\/\\\/www.desercik.pl\\\/tribal-wars-2\\\/wp-content\\\/uploads\\\/2014\\\/07\\\/Wood.png\",\"contentUrl\":\"https:\\\/\\\/www.desercik.pl\\\/tribal-wars-2\\\/wp-content\\\/uploads\\\/2014\\\/07\\\/Wood.png\",\"width\":44,\"height\":44},{\"@type\":\"BreadcrumbList\",\"@id\":\"https:\\\/\\\/www.desercik.pl\\\/tribal-wars-2\\\/budynki-lista\\\/miejsce-zbiorki\\\/#breadcrumb\",\"itemListElement\":[{\"@type\":\"ListItem\",\"position\":1,\"name\":\"Strona g\u0142\u00f3wna\",\"item\":\"https:\\\/\\\/www.desercik.pl\\\/tribal-wars-2\\\/\"},{\"@type\":\"ListItem\",\"position\":2,\"name\":\"Budynki\",\"item\":\"https:\\\/\\\/www.desercik.pl\\\/tribal-wars-2\\\/budynki-lista\\\/\"},{\"@type\":\"ListItem\",\"position\":3,\"name\":\"Miejsce zbi\u00f3rki\"}]},{\"@type\":\"WebSite\",\"@id\":\"https:\\\/\\\/www.desercik.pl\\\/tribal-wars-2\\\/#website\",\"url\":\"https:\\\/\\\/www.desercik.pl\\\/tribal-wars-2\\\/\",\"name\":\"Plemiona 2\",\"description\":\"\",\"potentialAction\":[{\"@type\":\"SearchAction\",\"target\":{\"@type\":\"EntryPoint\",\"urlTemplate\":\"https:\\\/\\\/www.desercik.pl\\\/tribal-wars-2\\\/?s={search_term_string}\"},\"query-input\":{\"@type\":\"PropertyValueSpecification\",\"valueRequired\":true,\"valueName\":\"search_term_string\"}}],\"inLanguage\":\"pl-PL\"}]}<\/script>\n<!-- \/ Yoast SEO plugin. -->","yoast_head_json":{"title":"Miejsce zbi\u00f3rki - Plemiona 2 - Tribal Wars 2","description":"Miejsce zbi\u00f3rki pozwala nam tworzy\u0107 specjalne grupy. Grupy mog\u0105 by\u0107 u\u017cywane we wszystkich wioskach jak i s\u0142u\u017cy\u0107 do rekrutacji jednostek.","robots":{"index":"index","follow":"follow","max-snippet":"max-snippet:-1","max-image-preview":"max-image-preview:large","max-video-preview":"max-video-preview:-1"},"canonical":"https:\/\/www.desercik.pl\/tribal-wars-2\/budynki-lista\/miejsce-zbiorki\/","og_locale":"pl_PL","og_type":"article","og_title":"Miejsce zbi\u00f3rki - Plemiona 2 - Tribal Wars 2","og_description":"Miejsce zbi\u00f3rki pozwala nam tworzy\u0107 specjalne grupy. Grupy mog\u0105 by\u0107 u\u017cywane we wszystkich wioskach jak i s\u0142u\u017cy\u0107 do rekrutacji jednostek.","og_url":"https:\/\/www.desercik.pl\/tribal-wars-2\/budynki-lista\/miejsce-zbiorki\/","og_site_name":"Plemiona 2","og_image":[{"url":"https:\/\/www.desercik.pl\/tribal-wars-2\/wp-content\/uploads\/2014\/07\/Wood.png","type":"","width":"","height":""}],"schema":{"@context":"https:\/\/schema.org","@graph":[{"@type":"WebPage","@id":"https:\/\/www.desercik.pl\/tribal-wars-2\/budynki-lista\/miejsce-zbiorki\/","url":"https:\/\/www.desercik.pl\/tribal-wars-2\/budynki-lista\/miejsce-zbiorki\/","name":"Miejsce zbi\u00f3rki - Plemiona 2 - Tribal Wars 2","isPartOf":{"@id":"https:\/\/www.desercik.pl\/tribal-wars-2\/#website"},"primaryImageOfPage":{"@id":"https:\/\/www.desercik.pl\/tribal-wars-2\/budynki-lista\/miejsce-zbiorki\/#primaryimage"},"image":{"@id":"https:\/\/www.desercik.pl\/tribal-wars-2\/budynki-lista\/miejsce-zbiorki\/#primaryimage"},"thumbnailUrl":"https:\/\/www.desercik.pl\/tribal-wars-2\/wp-content\/uploads\/2014\/07\/Wood.png","datePublished":"2014-07-31T22:25:45+00:00","description":"Miejsce zbi\u00f3rki pozwala nam tworzy\u0107 specjalne grupy. Grupy mog\u0105 by\u0107 u\u017cywane we wszystkich wioskach jak i s\u0142u\u017cy\u0107 do rekrutacji jednostek.","breadcrumb":{"@id":"https:\/\/www.desercik.pl\/tribal-wars-2\/budynki-lista\/miejsce-zbiorki\/#breadcrumb"},"inLanguage":"pl-PL","potentialAction":[{"@type":"ReadAction","target":["https:\/\/www.desercik.pl\/tribal-wars-2\/budynki-lista\/miejsce-zbiorki\/"]}]},{"@type":"ImageObject","inLanguage":"pl-PL","@id":"https:\/\/www.desercik.pl\/tribal-wars-2\/budynki-lista\/miejsce-zbiorki\/#primaryimage","url":"https:\/\/www.desercik.pl\/tribal-wars-2\/wp-content\/uploads\/2014\/07\/Wood.png","contentUrl":"https:\/\/www.desercik.pl\/tribal-wars-2\/wp-content\/uploads\/2014\/07\/Wood.png","width":44,"height":44},{"@type":"BreadcrumbList","@id":"https:\/\/www.desercik.pl\/tribal-wars-2\/budynki-lista\/miejsce-zbiorki\/#breadcrumb","itemListElement":[{"@type":"ListItem","position":1,"name":"Strona g\u0142\u00f3wna","item":"https:\/\/www.desercik.pl\/tribal-wars-2\/"},{"@type":"ListItem","position":2,"name":"Budynki","item":"https:\/\/www.desercik.pl\/tribal-wars-2\/budynki-lista\/"},{"@type":"ListItem","position":3,"name":"Miejsce zbi\u00f3rki"}]},{"@type":"WebSite","@id":"https:\/\/www.desercik.pl\/tribal-wars-2\/#website","url":"https:\/\/www.desercik.pl\/tribal-wars-2\/","name":"Plemiona 2","description":"","potentialAction":[{"@type":"SearchAction","target":{"@type":"EntryPoint","urlTemplate":"https:\/\/www.desercik.pl\/tribal-wars-2\/?s={search_term_string}"},"query-input":{"@type":"PropertyValueSpecification","valueRequired":true,"valueName":"search_term_string"}}],"inLanguage":"pl-PL"}]}},"_links":{"self":[{"href":"https:\/\/www.desercik.pl\/tribal-wars-2\/wp-json\/wp\/v2\/pages\/232","targetHints":{"allow":["GET"]}}],"collection":[{"href":"https:\/\/www.desercik.pl\/tribal-wars-2\/wp-json\/wp\/v2\/pages"}],"about":[{"href":"https:\/\/www.desercik.pl\/tribal-wars-2\/wp-json\/wp\/v2\/types\/page"}],"author":[{"embeddable":true,"href":"https:\/\/www.desercik.pl\/tribal-wars-2\/wp-json\/wp\/v2\/users\/1"}],"replies":[{"embeddable":true,"href":"https:\/\/www.desercik.pl\/tribal-wars-2\/wp-json\/wp\/v2\/comments?post=232"}],"version-history":[{"count":0,"href":"https:\/\/www.desercik.pl\/tribal-wars-2\/wp-json\/wp\/v2\/pages\/232\/revisions"}],"up":[{"embeddable":true,"href":"https:\/\/www.desercik.pl\/tribal-wars-2\/wp-json\/wp\/v2\/pages\/175"}],"wp:attachment":[{"href":"https:\/\/www.desercik.pl\/tribal-wars-2\/wp-json\/wp\/v2\/media?parent=232"}],"curies":[{"name":"wp","href":"https:\/\/api.w.org\/{rel}","templated":true}]}}