{"id":230,"date":"2014-08-01T00:19:20","date_gmt":"2014-07-31T22:19:20","guid":{"rendered":"http:\/\/www.desercik.pl\/tribal-wars-2\/?page_id=230"},"modified":"2014-08-05T00:00:01","modified_gmt":"2014-08-04T22:00:01","slug":"kosciol-kaplica","status":"publish","type":"page","link":"https:\/\/www.desercik.pl\/tribal-wars-2\/budynki-lista\/kosciol-kaplica\/","title":{"rendered":"Ko\u015bci\u00f3\u0142\/Kaplica"},"content":{"rendered":"<p>Ko\u015bci\u00f3\u0142 jak i Kaplica redukuje kary pochodz\u0105ce od wiary w danej prowincji. Jednym s\u0142owem zwi\u0119kszaj\u0105 one morale naszych jednostek w walce i obronie je\u015bli zbudowane s\u0105 w prowincji, w kt\u00f3rej odbywa si\u0119 walka\/obrona.<\/p>\n<h3>Kaplica<\/h3>\n<p>Kaplica jest zbudowana ju\u017c w naszej pierwszej wiosce i dodaje ona bonus do morale wojska. Pozwala to walczy\u0107 wojskom ze 100% skuteczno\u015bci\u0105 zamiast jedynie 50%-ow\u0105.<\/p>\n<h3>Ko\u015bcio\u0142<\/h3>\n<p>Ko\u015bci\u00f3\u0142 daje wszystkim wojskom w danej prowincji bonus do morale. Budujemy je w prowincjach, w kt\u00f3rych nie mamy kaplicy, ani ko\u015bcio\u0142a.<\/p>\n<h3>Tabela rozbudowy Ko\u015bcio\u0142a<\/h3>\n<table class=\"tabela\">\n<tbody>\n<tr>\n<th>Poziom<\/th>\n<th><img loading=\"lazy\" decoding=\"async\" src=\"https:\/\/www.desercik.pl\/tribal-wars-2\/wp-content\/uploads\/2014\/07\/Wood.png\" alt=\"Wood.png\" width=\"44\" height=\"44\" \/><\/th>\n<th><img loading=\"lazy\" decoding=\"async\" src=\"https:\/\/www.desercik.pl\/tribal-wars-2\/wp-content\/uploads\/2014\/07\/Clay.png\" alt=\"Clay.png\" width=\"44\" height=\"44\" \/><\/th>\n<th><img loading=\"lazy\" decoding=\"async\" src=\"https:\/\/www.desercik.pl\/tribal-wars-2\/wp-content\/uploads\/2014\/07\/Iron.png\" alt=\"Iron.png\" width=\"44\" height=\"44\" \/><\/th>\n<th><img loading=\"lazy\" decoding=\"async\" src=\"https:\/\/www.desercik.pl\/tribal-wars-2\/wp-content\/uploads\/2014\/07\/Provisions.png\" alt=\"Provisions.png\" width=\"44\" height=\"44\" \/><\/th>\n<th>Punkty<\/th>\n<th>Badania<\/th>\n<th>Punkty \u017cycia<\/th>\n<\/tr>\n<tr>\n<td>1<\/td>\n<td>16,000<\/td>\n<td>20,000<\/td>\n<td>10,000<\/td>\n<td>5,000<\/td>\n<td>10<\/td>\n<td><\/td>\n<td>800<\/td>\n<\/tr>\n<tr>\n<td>2<\/td>\n<td>20,160<\/td>\n<td>25,600<\/td>\n<td>12,600<\/td>\n<td>7,750<\/td>\n<td>12<\/td>\n<td><\/td>\n<td>808<\/td>\n<\/tr>\n<tr>\n<td>3<\/td>\n<td>25,402<\/td>\n<td>32,768<\/td>\n<td>15,876<\/td>\n<td>12,013<\/td>\n<td>14<\/td>\n<td><\/td>\n<td>816<\/td>\n<\/tr>\n<\/tbody>\n<\/table>\n<p style=\"color: #333333;\"><strong>Ko\u015bci\u00f3\u0142 (Klasztor)<\/strong>\u00a0jest miejscem spotka\u0144 religijnych dla wiosek w obr\u0119bie danej prowincji. Bez ko\u015bcio\u0142a \u017co\u0142nierze w prowincji walcz\u0105 z 50% swojej si\u0142y. Nasze wioski powinny by\u0107 w prowincjach, w kt\u00f3rych posiadamy co najmniej jeden Ko\u015bci\u00f3\u0142.<\/p>\n<p style=\"color: #333333;\">Je\u015bli wy\u015blemy wsparcie do znajomego to jego wiara wp\u0142ywa na nasze wojska, gdy\u017c walcz\u0105 pod jednym dow\u00f3dztwem.<\/p>\n<p style=\"color: #333333;\">Gr\u0119\u00a0<a title=\"Plemiona 2\" href=\"http:\/\/www.desercik.pl\/index.php\/2014\/06\/03\/plemiona-2\/\"><em>Plemiona 2<\/em><\/a>\u00a0zaczynamy z ma\u0142\u0105 kaplic\u0105 w g\u0142\u00f3wnej wiosce.\u00a0<strong>Kaplica<\/strong>\u00a0jest pewn\u0105 odmian\u0105\u00a0<span style=\"color: #008000;\"><strong>Ko\u015bcio\u0142a (Klasztoru)<\/strong><\/span>. Ka\u017cdy gracz mo\u017ce posiada\u0107 tylko jedn\u0105 kaplic\u0119 i jest ona w g\u0142\u00f3wnej wiosce. Posiada podobne w\u0142a\u015bciwo\u015bci co Ko\u015bci\u00f3\u0142 na poziomie 1. Kaplicy nie zniszcz\u0105 katapulty. Je\u015bli kto\u015b przejmie nasz\u0105 wiosk\u0119 z kaplic\u0105 to mo\u017cemy j\u0105 odbudowa\u0107 w jednej z pozosta\u0142ych wiosek, ale nie mo\u017ce w niej ju\u017c sta\u0107 Ko\u015bci\u00f3\u0142.<\/p>\n<p style=\"color: #333333;\">We wczesnej fazie gry powinni\u015bmy si\u0119 skupi\u0107 na wioskach we w\u0142asnej prowincji. Atakowanie innych graczy spoza niej\u00a0<strong><span style=\"color: #008000;\">obni\u017cy warto\u015b\u0107 ataku naszych wojsk o 50%<\/span><\/strong>. Z drugiej strony to doskona\u0142a obrona przed silniejszymi graczami z innych prowincji, kt\u00f3rzy pr\u00f3buj\u0105 nas zaatakowa\u0107. Wa\u017cne jest, aby podbijaj\u0105c wiosk\u0119 w nowej prowincji jak najszybciej zbudowa\u0107 tam Ko\u015bci\u00f3\u0142, wtedy nasze wojska b\u0119d\u0105 atakowa\u0107 z normaln\u0105 si\u0142\u0105 w nowym miejscu.<\/p>\n<h3 style=\"color: #333333;\">Kilka fakt\u00f3w dotycz\u0105cych Ko\u015bcio\u0142a:<\/h3>\n<ul style=\"color: #333333;\">\n<li>Ko\u015bci\u00f3\u0142 zajmuje wiele miejsca tworzonego przez Farmy, wi\u0119c nierozwa\u017cnie jest budowa\u0107 go w ka\u017cdej wiosce. Im wy\u017cszy poziom ko\u015bcio\u0142a tym silniejsze s\u0105 nasze wojska w danej prowincji.<\/li>\n<li>Ko\u015bci\u00f3\u0142 zostaje zniszczony wraz z przej\u0119ciem wioski przez innego gracza.<\/li>\n<li>Posiada on o wiele wy\u017csz\u0105 wytrzyma\u0142o\u015b\u0107 ni\u017c inne budynki, tym samym s\u0105 niezwykle odporne na katapulty.<\/li>\n<\/ul>\n","protected":false},"excerpt":{"rendered":"<p>Ko\u015bci\u00f3\u0142 jak i Kaplica redukuje kary pochodz\u0105ce od wiary w danej prowincji. Jednym s\u0142owem zwi\u0119kszaj\u0105 one morale naszych jednostek w walce i obronie je\u015bli zbudowane s\u0105 w prowincji, w kt\u00f3rej odbywa si\u0119 walka\/obrona. Kaplica Kaplica jest zbudowana ju\u017c w naszej&hellip; <a href=\"https:\/\/www.desercik.pl\/tribal-wars-2\/budynki-lista\/kosciol-kaplica\/\" class=\"more-link\">Continue Reading <span class=\"meta-nav\">&rarr;<\/span><\/a><\/p>\n","protected":false},"author":1,"featured_media":0,"parent":175,"menu_order":0,"comment_status":"open","ping_status":"open","template":"","meta":{"footnotes":""},"class_list":["post-230","page","type-page","status-publish","hentry"],"yoast_head":"<!-- This site is optimized with the Yoast SEO plugin v27.3 - https:\/\/yoast.com\/product\/yoast-seo-wordpress\/ -->\n<title>Ko\u015bci\u00f3\u0142\/Kaplica - Plemiona 2 - Tribal Wars 2<\/title>\n<meta name=\"description\" content=\"Ko\u015bci\u00f3\u0142 jak i Kaplica redukuje kary pochodz\u0105ce od wiary w danej prowincji. Jednym s\u0142owem zwi\u0119kszaj\u0105 one morale naszych jednostek w walce i obronie je\u015bli zbudowane s\u0105 w prowincji, w kt\u00f3rej odbywa si\u0119 walka\/obrona.\" \/>\n<meta name=\"robots\" content=\"index, follow, max-snippet:-1, max-image-preview:large, max-video-preview:-1\" \/>\n<link rel=\"canonical\" href=\"https:\/\/www.desercik.pl\/tribal-wars-2\/budynki-lista\/kosciol-kaplica\/\" \/>\n<meta property=\"og:locale\" content=\"pl_PL\" \/>\n<meta property=\"og:type\" content=\"article\" \/>\n<meta property=\"og:title\" content=\"Ko\u015bci\u00f3\u0142\/Kaplica - Plemiona 2 - Tribal Wars 2\" \/>\n<meta property=\"og:description\" content=\"Ko\u015bci\u00f3\u0142 jak i Kaplica redukuje kary pochodz\u0105ce od wiary w danej prowincji. Jednym s\u0142owem zwi\u0119kszaj\u0105 one morale naszych jednostek w walce i obronie je\u015bli zbudowane s\u0105 w prowincji, w kt\u00f3rej odbywa si\u0119 walka\/obrona.\" \/>\n<meta property=\"og:url\" content=\"https:\/\/www.desercik.pl\/tribal-wars-2\/budynki-lista\/kosciol-kaplica\/\" \/>\n<meta property=\"og:site_name\" content=\"Plemiona 2\" \/>\n<meta property=\"article:modified_time\" content=\"2014-08-04T22:00:01+00:00\" \/>\n<meta property=\"og:image\" content=\"https:\/\/www.desercik.pl\/tribal-wars-2\/wp-content\/uploads\/2014\/07\/Wood.png\" \/>\n<meta name=\"twitter:label1\" content=\"Szacowany czas czytania\" \/>\n\t<meta name=\"twitter:data1\" content=\"2 minuty\" \/>\n<script type=\"application\/ld+json\" class=\"yoast-schema-graph\">{\"@context\":\"https:\\\/\\\/schema.org\",\"@graph\":[{\"@type\":\"WebPage\",\"@id\":\"https:\\\/\\\/www.desercik.pl\\\/tribal-wars-2\\\/budynki-lista\\\/kosciol-kaplica\\\/\",\"url\":\"https:\\\/\\\/www.desercik.pl\\\/tribal-wars-2\\\/budynki-lista\\\/kosciol-kaplica\\\/\",\"name\":\"Ko\u015bci\u00f3\u0142\\\/Kaplica - Plemiona 2 - Tribal Wars 2\",\"isPartOf\":{\"@id\":\"https:\\\/\\\/www.desercik.pl\\\/tribal-wars-2\\\/#website\"},\"primaryImageOfPage\":{\"@id\":\"https:\\\/\\\/www.desercik.pl\\\/tribal-wars-2\\\/budynki-lista\\\/kosciol-kaplica\\\/#primaryimage\"},\"image\":{\"@id\":\"https:\\\/\\\/www.desercik.pl\\\/tribal-wars-2\\\/budynki-lista\\\/kosciol-kaplica\\\/#primaryimage\"},\"thumbnailUrl\":\"https:\\\/\\\/www.desercik.pl\\\/tribal-wars-2\\\/wp-content\\\/uploads\\\/2014\\\/07\\\/Wood.png\",\"datePublished\":\"2014-07-31T22:19:20+00:00\",\"dateModified\":\"2014-08-04T22:00:01+00:00\",\"description\":\"Ko\u015bci\u00f3\u0142 jak i Kaplica redukuje kary pochodz\u0105ce od wiary w danej prowincji. Jednym s\u0142owem zwi\u0119kszaj\u0105 one morale naszych jednostek w walce i obronie je\u015bli zbudowane s\u0105 w prowincji, w kt\u00f3rej odbywa si\u0119 walka\\\/obrona.\",\"breadcrumb\":{\"@id\":\"https:\\\/\\\/www.desercik.pl\\\/tribal-wars-2\\\/budynki-lista\\\/kosciol-kaplica\\\/#breadcrumb\"},\"inLanguage\":\"pl-PL\",\"potentialAction\":[{\"@type\":\"ReadAction\",\"target\":[\"https:\\\/\\\/www.desercik.pl\\\/tribal-wars-2\\\/budynki-lista\\\/kosciol-kaplica\\\/\"]}]},{\"@type\":\"ImageObject\",\"inLanguage\":\"pl-PL\",\"@id\":\"https:\\\/\\\/www.desercik.pl\\\/tribal-wars-2\\\/budynki-lista\\\/kosciol-kaplica\\\/#primaryimage\",\"url\":\"https:\\\/\\\/www.desercik.pl\\\/tribal-wars-2\\\/wp-content\\\/uploads\\\/2014\\\/07\\\/Wood.png\",\"contentUrl\":\"https:\\\/\\\/www.desercik.pl\\\/tribal-wars-2\\\/wp-content\\\/uploads\\\/2014\\\/07\\\/Wood.png\",\"width\":44,\"height\":44},{\"@type\":\"BreadcrumbList\",\"@id\":\"https:\\\/\\\/www.desercik.pl\\\/tribal-wars-2\\\/budynki-lista\\\/kosciol-kaplica\\\/#breadcrumb\",\"itemListElement\":[{\"@type\":\"ListItem\",\"position\":1,\"name\":\"Strona g\u0142\u00f3wna\",\"item\":\"https:\\\/\\\/www.desercik.pl\\\/tribal-wars-2\\\/\"},{\"@type\":\"ListItem\",\"position\":2,\"name\":\"Budynki\",\"item\":\"https:\\\/\\\/www.desercik.pl\\\/tribal-wars-2\\\/budynki-lista\\\/\"},{\"@type\":\"ListItem\",\"position\":3,\"name\":\"Ko\u015bci\u00f3\u0142\\\/Kaplica\"}]},{\"@type\":\"WebSite\",\"@id\":\"https:\\\/\\\/www.desercik.pl\\\/tribal-wars-2\\\/#website\",\"url\":\"https:\\\/\\\/www.desercik.pl\\\/tribal-wars-2\\\/\",\"name\":\"Plemiona 2\",\"description\":\"\",\"potentialAction\":[{\"@type\":\"SearchAction\",\"target\":{\"@type\":\"EntryPoint\",\"urlTemplate\":\"https:\\\/\\\/www.desercik.pl\\\/tribal-wars-2\\\/?s={search_term_string}\"},\"query-input\":{\"@type\":\"PropertyValueSpecification\",\"valueRequired\":true,\"valueName\":\"search_term_string\"}}],\"inLanguage\":\"pl-PL\"}]}<\/script>\n<!-- \/ Yoast SEO plugin. -->","yoast_head_json":{"title":"Ko\u015bci\u00f3\u0142\/Kaplica - Plemiona 2 - Tribal Wars 2","description":"Ko\u015bci\u00f3\u0142 jak i Kaplica redukuje kary pochodz\u0105ce od wiary w danej prowincji. Jednym s\u0142owem zwi\u0119kszaj\u0105 one morale naszych jednostek w walce i obronie je\u015bli zbudowane s\u0105 w prowincji, w kt\u00f3rej odbywa si\u0119 walka\/obrona.","robots":{"index":"index","follow":"follow","max-snippet":"max-snippet:-1","max-image-preview":"max-image-preview:large","max-video-preview":"max-video-preview:-1"},"canonical":"https:\/\/www.desercik.pl\/tribal-wars-2\/budynki-lista\/kosciol-kaplica\/","og_locale":"pl_PL","og_type":"article","og_title":"Ko\u015bci\u00f3\u0142\/Kaplica - Plemiona 2 - Tribal Wars 2","og_description":"Ko\u015bci\u00f3\u0142 jak i Kaplica redukuje kary pochodz\u0105ce od wiary w danej prowincji. Jednym s\u0142owem zwi\u0119kszaj\u0105 one morale naszych jednostek w walce i obronie je\u015bli zbudowane s\u0105 w prowincji, w kt\u00f3rej odbywa si\u0119 walka\/obrona.","og_url":"https:\/\/www.desercik.pl\/tribal-wars-2\/budynki-lista\/kosciol-kaplica\/","og_site_name":"Plemiona 2","article_modified_time":"2014-08-04T22:00:01+00:00","og_image":[{"url":"https:\/\/www.desercik.pl\/tribal-wars-2\/wp-content\/uploads\/2014\/07\/Wood.png","type":"","width":"","height":""}],"twitter_misc":{"Szacowany czas czytania":"2 minuty"},"schema":{"@context":"https:\/\/schema.org","@graph":[{"@type":"WebPage","@id":"https:\/\/www.desercik.pl\/tribal-wars-2\/budynki-lista\/kosciol-kaplica\/","url":"https:\/\/www.desercik.pl\/tribal-wars-2\/budynki-lista\/kosciol-kaplica\/","name":"Ko\u015bci\u00f3\u0142\/Kaplica - Plemiona 2 - Tribal Wars 2","isPartOf":{"@id":"https:\/\/www.desercik.pl\/tribal-wars-2\/#website"},"primaryImageOfPage":{"@id":"https:\/\/www.desercik.pl\/tribal-wars-2\/budynki-lista\/kosciol-kaplica\/#primaryimage"},"image":{"@id":"https:\/\/www.desercik.pl\/tribal-wars-2\/budynki-lista\/kosciol-kaplica\/#primaryimage"},"thumbnailUrl":"https:\/\/www.desercik.pl\/tribal-wars-2\/wp-content\/uploads\/2014\/07\/Wood.png","datePublished":"2014-07-31T22:19:20+00:00","dateModified":"2014-08-04T22:00:01+00:00","description":"Ko\u015bci\u00f3\u0142 jak i Kaplica redukuje kary pochodz\u0105ce od wiary w danej prowincji. Jednym s\u0142owem zwi\u0119kszaj\u0105 one morale naszych jednostek w walce i obronie je\u015bli zbudowane s\u0105 w prowincji, w kt\u00f3rej odbywa si\u0119 walka\/obrona.","breadcrumb":{"@id":"https:\/\/www.desercik.pl\/tribal-wars-2\/budynki-lista\/kosciol-kaplica\/#breadcrumb"},"inLanguage":"pl-PL","potentialAction":[{"@type":"ReadAction","target":["https:\/\/www.desercik.pl\/tribal-wars-2\/budynki-lista\/kosciol-kaplica\/"]}]},{"@type":"ImageObject","inLanguage":"pl-PL","@id":"https:\/\/www.desercik.pl\/tribal-wars-2\/budynki-lista\/kosciol-kaplica\/#primaryimage","url":"https:\/\/www.desercik.pl\/tribal-wars-2\/wp-content\/uploads\/2014\/07\/Wood.png","contentUrl":"https:\/\/www.desercik.pl\/tribal-wars-2\/wp-content\/uploads\/2014\/07\/Wood.png","width":44,"height":44},{"@type":"BreadcrumbList","@id":"https:\/\/www.desercik.pl\/tribal-wars-2\/budynki-lista\/kosciol-kaplica\/#breadcrumb","itemListElement":[{"@type":"ListItem","position":1,"name":"Strona g\u0142\u00f3wna","item":"https:\/\/www.desercik.pl\/tribal-wars-2\/"},{"@type":"ListItem","position":2,"name":"Budynki","item":"https:\/\/www.desercik.pl\/tribal-wars-2\/budynki-lista\/"},{"@type":"ListItem","position":3,"name":"Ko\u015bci\u00f3\u0142\/Kaplica"}]},{"@type":"WebSite","@id":"https:\/\/www.desercik.pl\/tribal-wars-2\/#website","url":"https:\/\/www.desercik.pl\/tribal-wars-2\/","name":"Plemiona 2","description":"","potentialAction":[{"@type":"SearchAction","target":{"@type":"EntryPoint","urlTemplate":"https:\/\/www.desercik.pl\/tribal-wars-2\/?s={search_term_string}"},"query-input":{"@type":"PropertyValueSpecification","valueRequired":true,"valueName":"search_term_string"}}],"inLanguage":"pl-PL"}]}},"_links":{"self":[{"href":"https:\/\/www.desercik.pl\/tribal-wars-2\/wp-json\/wp\/v2\/pages\/230","targetHints":{"allow":["GET"]}}],"collection":[{"href":"https:\/\/www.desercik.pl\/tribal-wars-2\/wp-json\/wp\/v2\/pages"}],"about":[{"href":"https:\/\/www.desercik.pl\/tribal-wars-2\/wp-json\/wp\/v2\/types\/page"}],"author":[{"embeddable":true,"href":"https:\/\/www.desercik.pl\/tribal-wars-2\/wp-json\/wp\/v2\/users\/1"}],"replies":[{"embeddable":true,"href":"https:\/\/www.desercik.pl\/tribal-wars-2\/wp-json\/wp\/v2\/comments?post=230"}],"version-history":[{"count":0,"href":"https:\/\/www.desercik.pl\/tribal-wars-2\/wp-json\/wp\/v2\/pages\/230\/revisions"}],"up":[{"embeddable":true,"href":"https:\/\/www.desercik.pl\/tribal-wars-2\/wp-json\/wp\/v2\/pages\/175"}],"wp:attachment":[{"href":"https:\/\/www.desercik.pl\/tribal-wars-2\/wp-json\/wp\/v2\/media?parent=230"}],"curies":[{"name":"wp","href":"https:\/\/api.w.org\/{rel}","templated":true}]}}