{"id":225,"date":"2014-07-31T23:21:52","date_gmt":"2014-07-31T21:21:52","guid":{"rendered":"http:\/\/www.desercik.pl\/tribal-wars-2\/?page_id=225"},"modified":"2014-08-01T00:12:40","modified_gmt":"2014-07-31T22:12:40","slug":"magazyn","status":"publish","type":"page","link":"https:\/\/www.desercik.pl\/tribal-wars-2\/budynki-lista\/magazyn\/","title":{"rendered":"Magazyn"},"content":{"rendered":"<p>Magazyn odpowiada za przechowywanie surowc\u00f3w takich jak drewno, glina czy \u017celazo. Im wy\u017cszy poziom magazynu tym wi\u0119ksza jest jego pojemno\u015b\u0107. Budynek pozwala tak\u017ce, dzi\u0119ki badaniom, chroni\u0107 pewn\u0105 ilo\u015b\u0107 surowc\u00f3w przed grabie\u017c\u0105.<\/p>\n<h3>Tabela rozbudowy Magazynu<\/h3>\n<table class=\"tabela\">\n<tbody>\n<tr>\n<th>Poziom<\/th>\n<th><img loading=\"lazy\" decoding=\"async\" src=\"https:\/\/www.desercik.pl\/tribal-wars-2\/wp-content\/uploads\/2014\/07\/Wood.png\" alt=\"Wood.png\" width=\"44\" height=\"44\" \/><\/th>\n<th><img loading=\"lazy\" decoding=\"async\" src=\"https:\/\/www.desercik.pl\/tribal-wars-2\/wp-content\/uploads\/2014\/07\/Clay.png\" alt=\"Clay.png\" width=\"44\" height=\"44\" \/><\/th>\n<th><img loading=\"lazy\" decoding=\"async\" src=\"https:\/\/www.desercik.pl\/tribal-wars-2\/wp-content\/uploads\/2014\/07\/Iron.png\" alt=\"Iron.png\" width=\"44\" height=\"44\" \/><\/th>\n<th><img loading=\"lazy\" decoding=\"async\" src=\"https:\/\/www.desercik.pl\/tribal-wars-2\/wp-content\/uploads\/2014\/07\/Provisions.png\" alt=\"Provisions.png\" width=\"44\" height=\"44\" \/><\/th>\n<th>Punkty<\/th>\n<th>Badania<\/th>\n<th>Pojemno\u015b\u0107<\/th>\n<th>Punkty \u017cycia<\/th>\n<\/tr>\n<tr>\n<td>1<\/td>\n<td>60<\/td>\n<td>50<\/td>\n<td>40<\/td>\n<td>0<\/td>\n<td>6<\/td>\n<td>&#8211;<\/td>\n<td>1.000<\/td>\n<td>3<\/td>\n<\/tr>\n<tr>\n<td>2<\/td>\n<td>76<\/td>\n<td>64<\/td>\n<td>51<\/td>\n<td>0<\/td>\n<td>7<\/td>\n<td>Attic<\/td>\n<td>1.229,49<\/td>\n<td>3<\/td>\n<\/tr>\n<tr>\n<td>3<\/td>\n<td>96<\/td>\n<td>81<\/td>\n<td>65<\/td>\n<td>0<\/td>\n<td>9<\/td>\n<td>&#8211;<\/td>\n<td>1.511,65<\/td>\n<td>4<\/td>\n<\/tr>\n<tr>\n<td>4<\/td>\n<td>121<\/td>\n<td>102<\/td>\n<td>83<\/td>\n<td>0<\/td>\n<td>10<\/td>\n<td>&#8211;<\/td>\n<td>1.858,57<\/td>\n<td>4<\/td>\n<\/tr>\n<tr>\n<td>5<\/td>\n<td>154<\/td>\n<td>130<\/td>\n<td>106<\/td>\n<td>0<\/td>\n<td>12<\/td>\n<td>&#8211;<\/td>\n<td>2.285,10<\/td>\n<td>4<\/td>\n<\/tr>\n<tr>\n<td>6<\/td>\n<td>194<\/td>\n<td>165<\/td>\n<td>135<\/td>\n<td>0<\/td>\n<td>15<\/td>\n<td>Cellar<\/td>\n<td>2.809,51<\/td>\n<td>5<\/td>\n<\/tr>\n<tr>\n<td>7<\/td>\n<td>246<\/td>\n<td>210<\/td>\n<td>172<\/td>\n<td>0<\/td>\n<td>18<\/td>\n<td>&#8211;<\/td>\n<td>3.454,28<\/td>\n<td>5<\/td>\n<\/tr>\n<tr>\n<td>8<\/td>\n<td>311<\/td>\n<td>266<\/td>\n<td>219<\/td>\n<td>0<\/td>\n<td>21<\/td>\n<td>&#8211;<\/td>\n<td>4.247,01<\/td>\n<td>6<\/td>\n<\/tr>\n<tr>\n<td>9<\/td>\n<td>393<\/td>\n<td>338<\/td>\n<td>279<\/td>\n<td>0<\/td>\n<td>26<\/td>\n<td>Bunker<\/td>\n<td>5.221,67<\/td>\n<td>6<\/td>\n<\/tr>\n<tr>\n<td>10<\/td>\n<td>498<\/td>\n<td>430<\/td>\n<td>356<\/td>\n<td>0<\/td>\n<td>31<\/td>\n<td>&#8211;<\/td>\n<td>6.420,01<\/td>\n<td>7<\/td>\n<\/tr>\n<tr>\n<td>11<\/td>\n<td>630<\/td>\n<td>546<\/td>\n<td>454<\/td>\n<td>0<\/td>\n<td>37<\/td>\n<td>&#8211;<\/td>\n<td>7.893,36<\/td>\n<td>8<\/td>\n<\/tr>\n<tr>\n<td>12<\/td>\n<td>796<\/td>\n<td>693<\/td>\n<td>579<\/td>\n<td>0<\/td>\n<td>45<\/td>\n<td>&#8211;<\/td>\n<td>9.704,84<\/td>\n<td>9<\/td>\n<\/tr>\n<tr>\n<td>13<\/td>\n<td>1,007<\/td>\n<td>880<\/td>\n<td>738<\/td>\n<td>0<\/td>\n<td>53<\/td>\n<td>&#8211;<\/td>\n<td>11.932,03<\/td>\n<td>9<\/td>\n<\/tr>\n<tr>\n<td>14<\/td>\n<td>1,274<\/td>\n<td>1,118<\/td>\n<td>941<\/td>\n<td>0<\/td>\n<td>64<\/td>\n<td>&#8211;<\/td>\n<td>14.670,36<\/td>\n<td>10<\/td>\n<\/tr>\n<tr>\n<td>15<\/td>\n<td>1,612<\/td>\n<td>1,420<\/td>\n<td>1,200<\/td>\n<td>0<\/td>\n<td>77<\/td>\n<td>&#8211;<\/td>\n<td>18.037,11<\/td>\n<td>11<\/td>\n<\/tr>\n<tr>\n<td>16<\/td>\n<td>2,039<\/td>\n<td>1,803<\/td>\n<td>1,530<\/td>\n<td>0<\/td>\n<td>92<\/td>\n<td>&#8211;<\/td>\n<td>22.176,50<\/td>\n<td>13<\/td>\n<\/tr>\n<tr>\n<td>17<\/td>\n<td>2,580<\/td>\n<td>2,290<\/td>\n<td>1,951<\/td>\n<td>0<\/td>\n<td>111<\/td>\n<td>&#8211;<\/td>\n<td>27.265,87<\/td>\n<td>14<\/td>\n<\/tr>\n<tr>\n<td>18<\/td>\n<td>3,264<\/td>\n<td>2,908<\/td>\n<td>2,487<\/td>\n<td>0<\/td>\n<td>133<\/td>\n<td>&#8211;<\/td>\n<td>33.523,20<\/td>\n<td>15<\/td>\n<\/tr>\n<tr>\n<td>19<\/td>\n<td>4,128<\/td>\n<td>3,693<\/td>\n<td>3,171<\/td>\n<td>0<\/td>\n<td>160<\/td>\n<td>&#8211;<\/td>\n<td>41.216,56<\/td>\n<td>17<\/td>\n<\/tr>\n<tr>\n<td>20<\/td>\n<td>5,222<\/td>\n<td>4,691<\/td>\n<td>4,043<\/td>\n<td>0<\/td>\n<td>192<\/td>\n<td>Fortified walls<\/td>\n<td>50.675,49<\/td>\n<td>18<\/td>\n<\/tr>\n<tr>\n<td>21<\/td>\n<td>6,606<\/td>\n<td>5,957<\/td>\n<td>5,155<\/td>\n<td>0<\/td>\n<td>230<\/td>\n<td>&#8211;<\/td>\n<td>62.305,18<\/td>\n<td>20<\/td>\n<\/tr>\n<tr>\n<td>22<\/td>\n<td>8,357<\/td>\n<td>7,566<\/td>\n<td>6,573<\/td>\n<td>0<\/td>\n<td>276<\/td>\n<td>&#8211;<\/td>\n<td>76.603,80<\/td>\n<td>22<\/td>\n<\/tr>\n<tr>\n<td>23<\/td>\n<td>10,572<\/td>\n<td>9,608<\/td>\n<td>8,381<\/td>\n<td>0<\/td>\n<td>331<\/td>\n<td>&#8211;<\/td>\n<td>94.183,87<\/td>\n<td>24<\/td>\n<\/tr>\n<tr>\n<td>24<\/td>\n<td>13,373<\/td>\n<td>12,203<\/td>\n<td>10,685<\/td>\n<td>0<\/td>\n<td>397<\/td>\n<td>&#8211;<\/td>\n<td>115.798,45<\/td>\n<td>27<\/td>\n<\/tr>\n<tr>\n<td>25<\/td>\n<td>16,917<\/td>\n<td>15,497<\/td>\n<td>13,624<\/td>\n<td>0<\/td>\n<td>477<\/td>\n<td>&#8211;<\/td>\n<td>142.373,43<\/td>\n<td>30<\/td>\n<\/tr>\n<tr>\n<td>26<\/td>\n<td>21,400<\/td>\n<td>19,682<\/td>\n<td>17,371<\/td>\n<td>0<\/td>\n<td>572<\/td>\n<td>&#8211;<\/td>\n<td>175.047,20<\/td>\n<td>33<\/td>\n<\/tr>\n<tr>\n<td>27<\/td>\n<td>27,071<\/td>\n<td>24,996<\/td>\n<td>22,148<\/td>\n<td>0<\/td>\n<td>687<\/td>\n<td>&#8211;<\/td>\n<td>215.219,38<\/td>\n<td>36<\/td>\n<\/tr>\n<tr>\n<td>28<\/td>\n<td>34,245<\/td>\n<td>31,745<\/td>\n<td>28,238<\/td>\n<td>0<\/td>\n<td>824<\/td>\n<td>&#8211;<\/td>\n<td>264.610,81<\/td>\n<td>39<\/td>\n<\/tr>\n<tr>\n<td>29<\/td>\n<td>43,320<\/td>\n<td>40,316<\/td>\n<td>36,004<\/td>\n<td>0<\/td>\n<td>989<\/td>\n<td>&#8211;<\/td>\n<td>325.337,25<\/td>\n<td>43<\/td>\n<\/tr>\n<tr>\n<td>30<\/td>\n<td>54,799<\/td>\n<td>51,201<\/td>\n<td>45,905<\/td>\n<td>0<\/td>\n<td>1,187<\/td>\n<td>&#8211;<\/td>\n<td>400.000<\/td>\n<td>48<\/td>\n<\/tr>\n<\/tbody>\n<\/table>\n<h3>Badania w Magazynie<\/h3>\n<table>\n<tbody>\n<tr>\n<td style=\"text-align: center;\"><strong>Poziom magazynu<\/strong><\/td>\n<td style=\"text-align: center;\"><strong>Nazwa<\/strong><\/td>\n<td style=\"text-align: center;\"><strong>Opis<\/strong><\/td>\n<\/tr>\n<tr>\n<td>2<\/td>\n<td>Attic<\/td>\n<td>Chroni 300 sztuk ka\u017cdego surowca.<\/td>\n<\/tr>\n<tr>\n<td>6<\/td>\n<td>Cellar<\/td>\n<td>Chroni 700 sztuk ka\u017cdego surowca.<\/td>\n<\/tr>\n<tr>\n<td>9<\/td>\n<td>Bunker<\/td>\n<td>Chroni 1500 sztuk ka\u017cdego surowca.<\/td>\n<\/tr>\n<tr>\n<td>20<\/td>\n<td>Fortified walls<\/td>\n<td>Zwi\u0119ksza wytrzyma\u0142o\u015b\u0107 budynku o 50%<\/td>\n<\/tr>\n<\/tbody>\n<\/table>\n","protected":false},"excerpt":{"rendered":"<p>Magazyn odpowiada za przechowywanie surowc\u00f3w takich jak drewno, glina czy \u017celazo. Im wy\u017cszy poziom magazynu tym wi\u0119ksza jest jego pojemno\u015b\u0107. Budynek pozwala tak\u017ce, dzi\u0119ki badaniom, chroni\u0107 pewn\u0105 ilo\u015b\u0107 surowc\u00f3w przed grabie\u017c\u0105. Tabela rozbudowy Magazynu Poziom Punkty Badania Pojemno\u015b\u0107 Punkty \u017cycia&hellip; <a href=\"https:\/\/www.desercik.pl\/tribal-wars-2\/budynki-lista\/magazyn\/\" class=\"more-link\">Continue Reading <span class=\"meta-nav\">&rarr;<\/span><\/a><\/p>\n","protected":false},"author":1,"featured_media":0,"parent":175,"menu_order":0,"comment_status":"open","ping_status":"open","template":"","meta":{"footnotes":""},"class_list":["post-225","page","type-page","status-publish","hentry"],"yoast_head":"<!-- This site is optimized with the Yoast SEO plugin v27.3 - https:\/\/yoast.com\/product\/yoast-seo-wordpress\/ -->\n<title>Magazyn - Plemiona 2 - Tribal Wars 2<\/title>\n<meta name=\"description\" content=\"Magazyn odpowiada za przechowywanie surowc\u00f3w takich jak drewno, glina czy \u017celazo. Im wy\u017cszy poziom magazynu tym wi\u0119ksza jest jego pojemno\u015b\u0107. Budynek pozwala tak\u017ce, dzi\u0119ki badaniom, chroni\u0107 pewn\u0105 ilo\u015b\u0107 surowc\u00f3w przed grabie\u017c\u0105.\" \/>\n<meta name=\"robots\" content=\"index, follow, max-snippet:-1, max-image-preview:large, max-video-preview:-1\" \/>\n<link rel=\"canonical\" href=\"https:\/\/www.desercik.pl\/tribal-wars-2\/budynki-lista\/magazyn\/\" \/>\n<meta property=\"og:locale\" content=\"pl_PL\" \/>\n<meta property=\"og:type\" content=\"article\" \/>\n<meta property=\"og:title\" content=\"Magazyn - Plemiona 2 - Tribal Wars 2\" \/>\n<meta property=\"og:description\" content=\"Magazyn odpowiada za przechowywanie surowc\u00f3w takich jak drewno, glina czy \u017celazo. Im wy\u017cszy poziom magazynu tym wi\u0119ksza jest jego pojemno\u015b\u0107. Budynek pozwala tak\u017ce, dzi\u0119ki badaniom, chroni\u0107 pewn\u0105 ilo\u015b\u0107 surowc\u00f3w przed grabie\u017c\u0105.\" \/>\n<meta property=\"og:url\" content=\"https:\/\/www.desercik.pl\/tribal-wars-2\/budynki-lista\/magazyn\/\" \/>\n<meta property=\"og:site_name\" content=\"Plemiona 2\" \/>\n<meta property=\"article:modified_time\" content=\"2014-07-31T22:12:40+00:00\" \/>\n<meta property=\"og:image\" content=\"https:\/\/www.desercik.pl\/tribal-wars-2\/wp-content\/uploads\/2014\/07\/Wood.png\" \/>\n<meta name=\"twitter:label1\" content=\"Szacowany czas czytania\" \/>\n\t<meta name=\"twitter:data1\" content=\"1 minuta\" \/>\n<script type=\"application\/ld+json\" class=\"yoast-schema-graph\">{\"@context\":\"https:\\\/\\\/schema.org\",\"@graph\":[{\"@type\":\"WebPage\",\"@id\":\"https:\\\/\\\/www.desercik.pl\\\/tribal-wars-2\\\/budynki-lista\\\/magazyn\\\/\",\"url\":\"https:\\\/\\\/www.desercik.pl\\\/tribal-wars-2\\\/budynki-lista\\\/magazyn\\\/\",\"name\":\"Magazyn - Plemiona 2 - Tribal Wars 2\",\"isPartOf\":{\"@id\":\"https:\\\/\\\/www.desercik.pl\\\/tribal-wars-2\\\/#website\"},\"primaryImageOfPage\":{\"@id\":\"https:\\\/\\\/www.desercik.pl\\\/tribal-wars-2\\\/budynki-lista\\\/magazyn\\\/#primaryimage\"},\"image\":{\"@id\":\"https:\\\/\\\/www.desercik.pl\\\/tribal-wars-2\\\/budynki-lista\\\/magazyn\\\/#primaryimage\"},\"thumbnailUrl\":\"https:\\\/\\\/www.desercik.pl\\\/tribal-wars-2\\\/wp-content\\\/uploads\\\/2014\\\/07\\\/Wood.png\",\"datePublished\":\"2014-07-31T21:21:52+00:00\",\"dateModified\":\"2014-07-31T22:12:40+00:00\",\"description\":\"Magazyn odpowiada za przechowywanie surowc\u00f3w takich jak drewno, glina czy \u017celazo. Im wy\u017cszy poziom magazynu tym wi\u0119ksza jest jego pojemno\u015b\u0107. Budynek pozwala tak\u017ce, dzi\u0119ki badaniom, chroni\u0107 pewn\u0105 ilo\u015b\u0107 surowc\u00f3w przed grabie\u017c\u0105.\",\"breadcrumb\":{\"@id\":\"https:\\\/\\\/www.desercik.pl\\\/tribal-wars-2\\\/budynki-lista\\\/magazyn\\\/#breadcrumb\"},\"inLanguage\":\"pl-PL\",\"potentialAction\":[{\"@type\":\"ReadAction\",\"target\":[\"https:\\\/\\\/www.desercik.pl\\\/tribal-wars-2\\\/budynki-lista\\\/magazyn\\\/\"]}]},{\"@type\":\"ImageObject\",\"inLanguage\":\"pl-PL\",\"@id\":\"https:\\\/\\\/www.desercik.pl\\\/tribal-wars-2\\\/budynki-lista\\\/magazyn\\\/#primaryimage\",\"url\":\"https:\\\/\\\/www.desercik.pl\\\/tribal-wars-2\\\/wp-content\\\/uploads\\\/2014\\\/07\\\/Wood.png\",\"contentUrl\":\"https:\\\/\\\/www.desercik.pl\\\/tribal-wars-2\\\/wp-content\\\/uploads\\\/2014\\\/07\\\/Wood.png\",\"width\":44,\"height\":44},{\"@type\":\"BreadcrumbList\",\"@id\":\"https:\\\/\\\/www.desercik.pl\\\/tribal-wars-2\\\/budynki-lista\\\/magazyn\\\/#breadcrumb\",\"itemListElement\":[{\"@type\":\"ListItem\",\"position\":1,\"name\":\"Strona g\u0142\u00f3wna\",\"item\":\"https:\\\/\\\/www.desercik.pl\\\/tribal-wars-2\\\/\"},{\"@type\":\"ListItem\",\"position\":2,\"name\":\"Budynki\",\"item\":\"https:\\\/\\\/www.desercik.pl\\\/tribal-wars-2\\\/budynki-lista\\\/\"},{\"@type\":\"ListItem\",\"position\":3,\"name\":\"Magazyn\"}]},{\"@type\":\"WebSite\",\"@id\":\"https:\\\/\\\/www.desercik.pl\\\/tribal-wars-2\\\/#website\",\"url\":\"https:\\\/\\\/www.desercik.pl\\\/tribal-wars-2\\\/\",\"name\":\"Plemiona 2\",\"description\":\"\",\"potentialAction\":[{\"@type\":\"SearchAction\",\"target\":{\"@type\":\"EntryPoint\",\"urlTemplate\":\"https:\\\/\\\/www.desercik.pl\\\/tribal-wars-2\\\/?s={search_term_string}\"},\"query-input\":{\"@type\":\"PropertyValueSpecification\",\"valueRequired\":true,\"valueName\":\"search_term_string\"}}],\"inLanguage\":\"pl-PL\"}]}<\/script>\n<!-- \/ Yoast SEO plugin. -->","yoast_head_json":{"title":"Magazyn - Plemiona 2 - Tribal Wars 2","description":"Magazyn odpowiada za przechowywanie surowc\u00f3w takich jak drewno, glina czy \u017celazo. Im wy\u017cszy poziom magazynu tym wi\u0119ksza jest jego pojemno\u015b\u0107. Budynek pozwala tak\u017ce, dzi\u0119ki badaniom, chroni\u0107 pewn\u0105 ilo\u015b\u0107 surowc\u00f3w przed grabie\u017c\u0105.","robots":{"index":"index","follow":"follow","max-snippet":"max-snippet:-1","max-image-preview":"max-image-preview:large","max-video-preview":"max-video-preview:-1"},"canonical":"https:\/\/www.desercik.pl\/tribal-wars-2\/budynki-lista\/magazyn\/","og_locale":"pl_PL","og_type":"article","og_title":"Magazyn - Plemiona 2 - Tribal Wars 2","og_description":"Magazyn odpowiada za przechowywanie surowc\u00f3w takich jak drewno, glina czy \u017celazo. Im wy\u017cszy poziom magazynu tym wi\u0119ksza jest jego pojemno\u015b\u0107. Budynek pozwala tak\u017ce, dzi\u0119ki badaniom, chroni\u0107 pewn\u0105 ilo\u015b\u0107 surowc\u00f3w przed grabie\u017c\u0105.","og_url":"https:\/\/www.desercik.pl\/tribal-wars-2\/budynki-lista\/magazyn\/","og_site_name":"Plemiona 2","article_modified_time":"2014-07-31T22:12:40+00:00","og_image":[{"url":"https:\/\/www.desercik.pl\/tribal-wars-2\/wp-content\/uploads\/2014\/07\/Wood.png","type":"","width":"","height":""}],"twitter_misc":{"Szacowany czas czytania":"1 minuta"},"schema":{"@context":"https:\/\/schema.org","@graph":[{"@type":"WebPage","@id":"https:\/\/www.desercik.pl\/tribal-wars-2\/budynki-lista\/magazyn\/","url":"https:\/\/www.desercik.pl\/tribal-wars-2\/budynki-lista\/magazyn\/","name":"Magazyn - Plemiona 2 - Tribal Wars 2","isPartOf":{"@id":"https:\/\/www.desercik.pl\/tribal-wars-2\/#website"},"primaryImageOfPage":{"@id":"https:\/\/www.desercik.pl\/tribal-wars-2\/budynki-lista\/magazyn\/#primaryimage"},"image":{"@id":"https:\/\/www.desercik.pl\/tribal-wars-2\/budynki-lista\/magazyn\/#primaryimage"},"thumbnailUrl":"https:\/\/www.desercik.pl\/tribal-wars-2\/wp-content\/uploads\/2014\/07\/Wood.png","datePublished":"2014-07-31T21:21:52+00:00","dateModified":"2014-07-31T22:12:40+00:00","description":"Magazyn odpowiada za przechowywanie surowc\u00f3w takich jak drewno, glina czy \u017celazo. Im wy\u017cszy poziom magazynu tym wi\u0119ksza jest jego pojemno\u015b\u0107. Budynek pozwala tak\u017ce, dzi\u0119ki badaniom, chroni\u0107 pewn\u0105 ilo\u015b\u0107 surowc\u00f3w przed grabie\u017c\u0105.","breadcrumb":{"@id":"https:\/\/www.desercik.pl\/tribal-wars-2\/budynki-lista\/magazyn\/#breadcrumb"},"inLanguage":"pl-PL","potentialAction":[{"@type":"ReadAction","target":["https:\/\/www.desercik.pl\/tribal-wars-2\/budynki-lista\/magazyn\/"]}]},{"@type":"ImageObject","inLanguage":"pl-PL","@id":"https:\/\/www.desercik.pl\/tribal-wars-2\/budynki-lista\/magazyn\/#primaryimage","url":"https:\/\/www.desercik.pl\/tribal-wars-2\/wp-content\/uploads\/2014\/07\/Wood.png","contentUrl":"https:\/\/www.desercik.pl\/tribal-wars-2\/wp-content\/uploads\/2014\/07\/Wood.png","width":44,"height":44},{"@type":"BreadcrumbList","@id":"https:\/\/www.desercik.pl\/tribal-wars-2\/budynki-lista\/magazyn\/#breadcrumb","itemListElement":[{"@type":"ListItem","position":1,"name":"Strona g\u0142\u00f3wna","item":"https:\/\/www.desercik.pl\/tribal-wars-2\/"},{"@type":"ListItem","position":2,"name":"Budynki","item":"https:\/\/www.desercik.pl\/tribal-wars-2\/budynki-lista\/"},{"@type":"ListItem","position":3,"name":"Magazyn"}]},{"@type":"WebSite","@id":"https:\/\/www.desercik.pl\/tribal-wars-2\/#website","url":"https:\/\/www.desercik.pl\/tribal-wars-2\/","name":"Plemiona 2","description":"","potentialAction":[{"@type":"SearchAction","target":{"@type":"EntryPoint","urlTemplate":"https:\/\/www.desercik.pl\/tribal-wars-2\/?s={search_term_string}"},"query-input":{"@type":"PropertyValueSpecification","valueRequired":true,"valueName":"search_term_string"}}],"inLanguage":"pl-PL"}]}},"_links":{"self":[{"href":"https:\/\/www.desercik.pl\/tribal-wars-2\/wp-json\/wp\/v2\/pages\/225","targetHints":{"allow":["GET"]}}],"collection":[{"href":"https:\/\/www.desercik.pl\/tribal-wars-2\/wp-json\/wp\/v2\/pages"}],"about":[{"href":"https:\/\/www.desercik.pl\/tribal-wars-2\/wp-json\/wp\/v2\/types\/page"}],"author":[{"embeddable":true,"href":"https:\/\/www.desercik.pl\/tribal-wars-2\/wp-json\/wp\/v2\/users\/1"}],"replies":[{"embeddable":true,"href":"https:\/\/www.desercik.pl\/tribal-wars-2\/wp-json\/wp\/v2\/comments?post=225"}],"version-history":[{"count":0,"href":"https:\/\/www.desercik.pl\/tribal-wars-2\/wp-json\/wp\/v2\/pages\/225\/revisions"}],"up":[{"embeddable":true,"href":"https:\/\/www.desercik.pl\/tribal-wars-2\/wp-json\/wp\/v2\/pages\/175"}],"wp:attachment":[{"href":"https:\/\/www.desercik.pl\/tribal-wars-2\/wp-json\/wp\/v2\/media?parent=225"}],"curies":[{"name":"wp","href":"https:\/\/api.w.org\/{rel}","templated":true}]}}