{"id":222,"date":"2014-07-31T23:19:11","date_gmt":"2014-07-31T21:19:11","guid":{"rendered":"http:\/\/www.desercik.pl\/tribal-wars-2\/?page_id=222"},"modified":"2014-07-31T23:19:11","modified_gmt":"2014-07-31T21:19:11","slug":"farma","status":"publish","type":"page","link":"https:\/\/www.desercik.pl\/tribal-wars-2\/budynki-lista\/farma\/","title":{"rendered":"Farma"},"content":{"rendered":"<p>Farma w grze odpowiada za dostaw\u0119 prowianty, ale w rzeczywisto\u015bci chodzi o zwi\u0119kszanie populacji w danej wiosce, czyli maksymalnej ilo\u015bci ludno\u015bci jaka mo\u017ce znajdowa\u0107 si\u0119 w osadzie i kt\u00f3r\u0105 mo\u017cemy zatrudni\u0107 w budynkach czy wyszkoli\u0107 do armii.<\/p>\n<h3>Tabela rozbudowy Farmy<\/h3>\n<table class=\"tabela\">\n<tbody>\n<tr>\n<th>Poziom<\/th>\n<th><img loading=\"lazy\" decoding=\"async\" src=\"https:\/\/www.desercik.pl\/tribal-wars-2\/wp-content\/uploads\/2014\/07\/Wood.png\" alt=\"Wood.png\" width=\"44\" height=\"44\" \/><\/th>\n<th><img loading=\"lazy\" decoding=\"async\" src=\"https:\/\/www.desercik.pl\/tribal-wars-2\/wp-content\/uploads\/2014\/07\/Clay.png\" alt=\"Clay.png\" width=\"44\" height=\"44\" \/><\/th>\n<th><img loading=\"lazy\" decoding=\"async\" src=\"https:\/\/www.desercik.pl\/tribal-wars-2\/wp-content\/uploads\/2014\/07\/Iron.png\" alt=\"Iron.png\" width=\"44\" height=\"44\" \/><\/th>\n<th><img loading=\"lazy\" decoding=\"async\" src=\"https:\/\/www.desercik.pl\/tribal-wars-2\/wp-content\/uploads\/2014\/07\/Provisions.png\" alt=\"Provisions.png\" width=\"44\" height=\"44\" \/><\/th>\n<th>Punkty<\/th>\n<th>Populacja<\/th>\n<th>Punkty \u017cycia<\/th>\n<\/tr>\n<tr>\n<td>1<\/td>\n<td>45<\/td>\n<td>40<\/td>\n<td>35<\/td>\n<td>0<\/td>\n<td>5<\/td>\n<td>240<\/td>\n<td>5<\/td>\n<\/tr>\n<tr>\n<td>2<\/td>\n<td>59<\/td>\n<td>53<\/td>\n<td>46<\/td>\n<td>0<\/td>\n<td>6<\/td>\n<td>281,3<\/td>\n<td>6<\/td>\n<\/tr>\n<tr>\n<td>3<\/td>\n<td>76<\/td>\n<td>70<\/td>\n<td>60<\/td>\n<td>0<\/td>\n<td>7<\/td>\n<td>329,72<\/td>\n<td>6<\/td>\n<\/tr>\n<tr>\n<td>4<\/td>\n<td>99<\/td>\n<td>92<\/td>\n<td>79<\/td>\n<td>0<\/td>\n<td>9<\/td>\n<td>386,46<\/td>\n<td>7<\/td>\n<\/tr>\n<tr>\n<td>5<\/td>\n<td>129<\/td>\n<td>121<\/td>\n<td>103<\/td>\n<td>0<\/td>\n<td>10<\/td>\n<td>452,97<\/td>\n<td>7<\/td>\n<\/tr>\n<tr>\n<td>6<\/td>\n<td>167<\/td>\n<td>160<\/td>\n<td>135<\/td>\n<td>0<\/td>\n<td>12<\/td>\n<td>530,93<\/td>\n<td>8<\/td>\n<\/tr>\n<tr>\n<td>7<\/td>\n<td>217<\/td>\n<td>212<\/td>\n<td>177<\/td>\n<td>0<\/td>\n<td>15<\/td>\n<td>622,31<\/td>\n<td>9<\/td>\n<\/tr>\n<tr>\n<td>8<\/td>\n<td>282<\/td>\n<td>279<\/td>\n<td>232<\/td>\n<td>0<\/td>\n<td>18<\/td>\n<td>729,41<\/td>\n<td>10<\/td>\n<\/tr>\n<tr>\n<td>9<\/td>\n<td>367<\/td>\n<td>369<\/td>\n<td>304<\/td>\n<td>0<\/td>\n<td>21<\/td>\n<td>854,94<\/td>\n<td>11<\/td>\n<\/tr>\n<tr>\n<td>10<\/td>\n<td>477<\/td>\n<td>487<\/td>\n<td>398<\/td>\n<td>0<\/td>\n<td>26<\/td>\n<td>1.002,08<\/td>\n<td>12<\/td>\n<\/tr>\n<tr>\n<td>11<\/td>\n<td>620<\/td>\n<td>642<\/td>\n<td>521<\/td>\n<td>0<\/td>\n<td>31<\/td>\n<td>1.174,54<\/td>\n<td>13<\/td>\n<\/tr>\n<tr>\n<td>12<\/td>\n<td>806<\/td>\n<td>848<\/td>\n<td>682<\/td>\n<td>0<\/td>\n<td>37<\/td>\n<td>1.376,68<\/td>\n<td>14<\/td>\n<\/tr>\n<tr>\n<td>13<\/td>\n<td>1,048<\/td>\n<td>1,119<\/td>\n<td>894<\/td>\n<td>0<\/td>\n<td>45<\/td>\n<td>1.613,61<\/td>\n<td>16<\/td>\n<\/tr>\n<tr>\n<td>14<\/td>\n<td>1,363<\/td>\n<td>1,477<\/td>\n<td>1,171<\/td>\n<td>0<\/td>\n<td>53<\/td>\n<td>1.891,31<\/td>\n<td>17<\/td>\n<\/tr>\n<tr>\n<td>15<\/td>\n<td>1,772<\/td>\n<td>1,950<\/td>\n<td>1,534<\/td>\n<td>0<\/td>\n<td>64<\/td>\n<td>2.216,81<\/td>\n<td>19<\/td>\n<\/tr>\n<tr>\n<td>16<\/td>\n<td>2,303<\/td>\n<td>2,574<\/td>\n<td>2,010<\/td>\n<td>0<\/td>\n<td>77<\/td>\n<td>2.598,33<\/td>\n<td>21<\/td>\n<\/tr>\n<tr>\n<td>17<\/td>\n<td>2,994<\/td>\n<td>3,398<\/td>\n<td>2,633<\/td>\n<td>0<\/td>\n<td>92<\/td>\n<td>3.045,51<\/td>\n<td>23<\/td>\n<\/tr>\n<tr>\n<td>18<\/td>\n<td>3,893<\/td>\n<td>4,486<\/td>\n<td>3,449<\/td>\n<td>0<\/td>\n<td>111<\/td>\n<td>3.569,65<\/td>\n<td>25<\/td>\n<\/tr>\n<tr>\n<td>19<\/td>\n<td>5,060<\/td>\n<td>5,921<\/td>\n<td>4,518<\/td>\n<td>0<\/td>\n<td>133<\/td>\n<td>4.183,99<\/td>\n<td>28<\/td>\n<\/tr>\n<tr>\n<td>20<\/td>\n<td>6,579<\/td>\n<td>7,816<\/td>\n<td>5,919<\/td>\n<td>0<\/td>\n<td>160<\/td>\n<td>4.904,06<\/td>\n<td>31<\/td>\n<\/tr>\n<tr>\n<td>21<\/td>\n<td>8,552<\/td>\n<td>10,317<\/td>\n<td>7,753<\/td>\n<td>0<\/td>\n<td>192<\/td>\n<td>5.748,06<\/td>\n<td>34<\/td>\n<\/tr>\n<tr>\n<td>22<\/td>\n<td>11,118<\/td>\n<td>13,618<\/td>\n<td>10,157<\/td>\n<td>0<\/td>\n<td>230<\/td>\n<td>6.737,32<\/td>\n<td>37<\/td>\n<\/tr>\n<tr>\n<td>23<\/td>\n<td>14,453<\/td>\n<td>17,976<\/td>\n<td>13,306<\/td>\n<td>0<\/td>\n<td>276<\/td>\n<td>7.896,83<\/td>\n<td>41<\/td>\n<\/tr>\n<tr>\n<td>24<\/td>\n<td>18,789<\/td>\n<td>23,728<\/td>\n<td>17,430<\/td>\n<td>0<\/td>\n<td>331<\/td>\n<td>9.255,89<\/td>\n<td>45<\/td>\n<\/tr>\n<tr>\n<td>25<\/td>\n<td>24,426<\/td>\n<td>31,321<\/td>\n<td>22,834<\/td>\n<td>0<\/td>\n<td>397<\/td>\n<td>10.848,85<\/td>\n<td>49<\/td>\n<\/tr>\n<tr>\n<td>26<\/td>\n<td>31,754<\/td>\n<td>41,344<\/td>\n<td>29,912<\/td>\n<td>0<\/td>\n<td>477<\/td>\n<td>12.715,96<\/td>\n<td>54<\/td>\n<\/tr>\n<tr>\n<td>27<\/td>\n<td>41,280<\/td>\n<td>54,574<\/td>\n<td>39,185<\/td>\n<td>0<\/td>\n<td>572<\/td>\n<td>14.904,41<\/td>\n<td>60<\/td>\n<\/tr>\n<tr>\n<td>28<\/td>\n<td>53,664<\/td>\n<td>72,037<\/td>\n<td>51,333<\/td>\n<td>0<\/td>\n<td>687<\/td>\n<td>17.469,49<\/td>\n<td>66<\/td>\n<\/tr>\n<tr>\n<td>29<\/td>\n<td>69,763<\/td>\n<td>95,089<\/td>\n<td>67,246<\/td>\n<td>0<\/td>\n<td>824<\/td>\n<td>20.476,03<\/td>\n<td>72<\/td>\n<\/tr>\n<tr>\n<td>30<\/td>\n<td>90,692<\/td>\n<td>125,517<\/td>\n<td>88,092<\/td>\n<td>0<\/td>\n<td>989<\/td>\n<td>24.000<\/td>\n<td>79<\/td>\n<\/tr>\n<\/tbody>\n<\/table>\n","protected":false},"excerpt":{"rendered":"<p>Farma w grze odpowiada za dostaw\u0119 prowianty, ale w rzeczywisto\u015bci chodzi o zwi\u0119kszanie populacji w danej wiosce, czyli maksymalnej ilo\u015bci ludno\u015bci jaka mo\u017ce znajdowa\u0107 si\u0119 w osadzie i kt\u00f3r\u0105 mo\u017cemy zatrudni\u0107 w budynkach czy wyszkoli\u0107 do armii. Tabela rozbudowy Farmy&hellip; <a href=\"https:\/\/www.desercik.pl\/tribal-wars-2\/budynki-lista\/farma\/\" class=\"more-link\">Continue Reading <span class=\"meta-nav\">&rarr;<\/span><\/a><\/p>\n","protected":false},"author":1,"featured_media":0,"parent":175,"menu_order":0,"comment_status":"open","ping_status":"open","template":"","meta":{"footnotes":""},"class_list":["post-222","page","type-page","status-publish","hentry"],"yoast_head":"<!-- This site is optimized with the Yoast SEO plugin v27.3 - https:\/\/yoast.com\/product\/yoast-seo-wordpress\/ -->\n<title>Farma - Plemiona 2 - Tribal Wars 2<\/title>\n<meta name=\"description\" content=\"Farma w grze odpowiada za dostaw\u0119 prowianty, ale w rzeczywisto\u015bci chodzi o zwi\u0119kszanie populacji w danej wiosce, czyli maksymalnej ilo\u015bci ludno\u015bci jaka mo\u017ce znajdowa\u0107 si\u0119 w osadzie i kt\u00f3r\u0105 mo\u017cemy zatrudni\u0107 w budynkach czy wyszkoli\u0107 do armii.\" \/>\n<meta name=\"robots\" content=\"index, follow, max-snippet:-1, max-image-preview:large, max-video-preview:-1\" \/>\n<link rel=\"canonical\" href=\"https:\/\/www.desercik.pl\/tribal-wars-2\/budynki-lista\/farma\/\" \/>\n<meta property=\"og:locale\" content=\"pl_PL\" \/>\n<meta property=\"og:type\" content=\"article\" \/>\n<meta property=\"og:title\" content=\"Farma - Plemiona 2 - Tribal Wars 2\" \/>\n<meta property=\"og:description\" content=\"Farma w grze odpowiada za dostaw\u0119 prowianty, ale w rzeczywisto\u015bci chodzi o zwi\u0119kszanie populacji w danej wiosce, czyli maksymalnej ilo\u015bci ludno\u015bci jaka mo\u017ce znajdowa\u0107 si\u0119 w osadzie i kt\u00f3r\u0105 mo\u017cemy zatrudni\u0107 w budynkach czy wyszkoli\u0107 do armii.\" \/>\n<meta property=\"og:url\" content=\"https:\/\/www.desercik.pl\/tribal-wars-2\/budynki-lista\/farma\/\" \/>\n<meta property=\"og:site_name\" content=\"Plemiona 2\" \/>\n<meta property=\"og:image\" content=\"https:\/\/www.desercik.pl\/tribal-wars-2\/wp-content\/uploads\/2014\/07\/Wood.png\" \/>\n<script type=\"application\/ld+json\" class=\"yoast-schema-graph\">{\"@context\":\"https:\\\/\\\/schema.org\",\"@graph\":[{\"@type\":\"WebPage\",\"@id\":\"https:\\\/\\\/www.desercik.pl\\\/tribal-wars-2\\\/budynki-lista\\\/farma\\\/\",\"url\":\"https:\\\/\\\/www.desercik.pl\\\/tribal-wars-2\\\/budynki-lista\\\/farma\\\/\",\"name\":\"Farma - Plemiona 2 - Tribal Wars 2\",\"isPartOf\":{\"@id\":\"https:\\\/\\\/www.desercik.pl\\\/tribal-wars-2\\\/#website\"},\"primaryImageOfPage\":{\"@id\":\"https:\\\/\\\/www.desercik.pl\\\/tribal-wars-2\\\/budynki-lista\\\/farma\\\/#primaryimage\"},\"image\":{\"@id\":\"https:\\\/\\\/www.desercik.pl\\\/tribal-wars-2\\\/budynki-lista\\\/farma\\\/#primaryimage\"},\"thumbnailUrl\":\"https:\\\/\\\/www.desercik.pl\\\/tribal-wars-2\\\/wp-content\\\/uploads\\\/2014\\\/07\\\/Wood.png\",\"datePublished\":\"2014-07-31T21:19:11+00:00\",\"description\":\"Farma w grze odpowiada za dostaw\u0119 prowianty, ale w rzeczywisto\u015bci chodzi o zwi\u0119kszanie populacji w danej wiosce, czyli maksymalnej ilo\u015bci ludno\u015bci jaka mo\u017ce znajdowa\u0107 si\u0119 w osadzie i kt\u00f3r\u0105 mo\u017cemy zatrudni\u0107 w budynkach czy wyszkoli\u0107 do armii.\",\"breadcrumb\":{\"@id\":\"https:\\\/\\\/www.desercik.pl\\\/tribal-wars-2\\\/budynki-lista\\\/farma\\\/#breadcrumb\"},\"inLanguage\":\"pl-PL\",\"potentialAction\":[{\"@type\":\"ReadAction\",\"target\":[\"https:\\\/\\\/www.desercik.pl\\\/tribal-wars-2\\\/budynki-lista\\\/farma\\\/\"]}]},{\"@type\":\"ImageObject\",\"inLanguage\":\"pl-PL\",\"@id\":\"https:\\\/\\\/www.desercik.pl\\\/tribal-wars-2\\\/budynki-lista\\\/farma\\\/#primaryimage\",\"url\":\"https:\\\/\\\/www.desercik.pl\\\/tribal-wars-2\\\/wp-content\\\/uploads\\\/2014\\\/07\\\/Wood.png\",\"contentUrl\":\"https:\\\/\\\/www.desercik.pl\\\/tribal-wars-2\\\/wp-content\\\/uploads\\\/2014\\\/07\\\/Wood.png\",\"width\":44,\"height\":44},{\"@type\":\"BreadcrumbList\",\"@id\":\"https:\\\/\\\/www.desercik.pl\\\/tribal-wars-2\\\/budynki-lista\\\/farma\\\/#breadcrumb\",\"itemListElement\":[{\"@type\":\"ListItem\",\"position\":1,\"name\":\"Strona g\u0142\u00f3wna\",\"item\":\"https:\\\/\\\/www.desercik.pl\\\/tribal-wars-2\\\/\"},{\"@type\":\"ListItem\",\"position\":2,\"name\":\"Budynki\",\"item\":\"https:\\\/\\\/www.desercik.pl\\\/tribal-wars-2\\\/budynki-lista\\\/\"},{\"@type\":\"ListItem\",\"position\":3,\"name\":\"Farma\"}]},{\"@type\":\"WebSite\",\"@id\":\"https:\\\/\\\/www.desercik.pl\\\/tribal-wars-2\\\/#website\",\"url\":\"https:\\\/\\\/www.desercik.pl\\\/tribal-wars-2\\\/\",\"name\":\"Plemiona 2\",\"description\":\"\",\"potentialAction\":[{\"@type\":\"SearchAction\",\"target\":{\"@type\":\"EntryPoint\",\"urlTemplate\":\"https:\\\/\\\/www.desercik.pl\\\/tribal-wars-2\\\/?s={search_term_string}\"},\"query-input\":{\"@type\":\"PropertyValueSpecification\",\"valueRequired\":true,\"valueName\":\"search_term_string\"}}],\"inLanguage\":\"pl-PL\"}]}<\/script>\n<!-- \/ Yoast SEO plugin. -->","yoast_head_json":{"title":"Farma - Plemiona 2 - Tribal Wars 2","description":"Farma w grze odpowiada za dostaw\u0119 prowianty, ale w rzeczywisto\u015bci chodzi o zwi\u0119kszanie populacji w danej wiosce, czyli maksymalnej ilo\u015bci ludno\u015bci jaka mo\u017ce znajdowa\u0107 si\u0119 w osadzie i kt\u00f3r\u0105 mo\u017cemy zatrudni\u0107 w budynkach czy wyszkoli\u0107 do armii.","robots":{"index":"index","follow":"follow","max-snippet":"max-snippet:-1","max-image-preview":"max-image-preview:large","max-video-preview":"max-video-preview:-1"},"canonical":"https:\/\/www.desercik.pl\/tribal-wars-2\/budynki-lista\/farma\/","og_locale":"pl_PL","og_type":"article","og_title":"Farma - Plemiona 2 - Tribal Wars 2","og_description":"Farma w grze odpowiada za dostaw\u0119 prowianty, ale w rzeczywisto\u015bci chodzi o zwi\u0119kszanie populacji w danej wiosce, czyli maksymalnej ilo\u015bci ludno\u015bci jaka mo\u017ce znajdowa\u0107 si\u0119 w osadzie i kt\u00f3r\u0105 mo\u017cemy zatrudni\u0107 w budynkach czy wyszkoli\u0107 do armii.","og_url":"https:\/\/www.desercik.pl\/tribal-wars-2\/budynki-lista\/farma\/","og_site_name":"Plemiona 2","og_image":[{"url":"https:\/\/www.desercik.pl\/tribal-wars-2\/wp-content\/uploads\/2014\/07\/Wood.png","type":"","width":"","height":""}],"schema":{"@context":"https:\/\/schema.org","@graph":[{"@type":"WebPage","@id":"https:\/\/www.desercik.pl\/tribal-wars-2\/budynki-lista\/farma\/","url":"https:\/\/www.desercik.pl\/tribal-wars-2\/budynki-lista\/farma\/","name":"Farma - Plemiona 2 - Tribal Wars 2","isPartOf":{"@id":"https:\/\/www.desercik.pl\/tribal-wars-2\/#website"},"primaryImageOfPage":{"@id":"https:\/\/www.desercik.pl\/tribal-wars-2\/budynki-lista\/farma\/#primaryimage"},"image":{"@id":"https:\/\/www.desercik.pl\/tribal-wars-2\/budynki-lista\/farma\/#primaryimage"},"thumbnailUrl":"https:\/\/www.desercik.pl\/tribal-wars-2\/wp-content\/uploads\/2014\/07\/Wood.png","datePublished":"2014-07-31T21:19:11+00:00","description":"Farma w grze odpowiada za dostaw\u0119 prowianty, ale w rzeczywisto\u015bci chodzi o zwi\u0119kszanie populacji w danej wiosce, czyli maksymalnej ilo\u015bci ludno\u015bci jaka mo\u017ce znajdowa\u0107 si\u0119 w osadzie i kt\u00f3r\u0105 mo\u017cemy zatrudni\u0107 w budynkach czy wyszkoli\u0107 do armii.","breadcrumb":{"@id":"https:\/\/www.desercik.pl\/tribal-wars-2\/budynki-lista\/farma\/#breadcrumb"},"inLanguage":"pl-PL","potentialAction":[{"@type":"ReadAction","target":["https:\/\/www.desercik.pl\/tribal-wars-2\/budynki-lista\/farma\/"]}]},{"@type":"ImageObject","inLanguage":"pl-PL","@id":"https:\/\/www.desercik.pl\/tribal-wars-2\/budynki-lista\/farma\/#primaryimage","url":"https:\/\/www.desercik.pl\/tribal-wars-2\/wp-content\/uploads\/2014\/07\/Wood.png","contentUrl":"https:\/\/www.desercik.pl\/tribal-wars-2\/wp-content\/uploads\/2014\/07\/Wood.png","width":44,"height":44},{"@type":"BreadcrumbList","@id":"https:\/\/www.desercik.pl\/tribal-wars-2\/budynki-lista\/farma\/#breadcrumb","itemListElement":[{"@type":"ListItem","position":1,"name":"Strona g\u0142\u00f3wna","item":"https:\/\/www.desercik.pl\/tribal-wars-2\/"},{"@type":"ListItem","position":2,"name":"Budynki","item":"https:\/\/www.desercik.pl\/tribal-wars-2\/budynki-lista\/"},{"@type":"ListItem","position":3,"name":"Farma"}]},{"@type":"WebSite","@id":"https:\/\/www.desercik.pl\/tribal-wars-2\/#website","url":"https:\/\/www.desercik.pl\/tribal-wars-2\/","name":"Plemiona 2","description":"","potentialAction":[{"@type":"SearchAction","target":{"@type":"EntryPoint","urlTemplate":"https:\/\/www.desercik.pl\/tribal-wars-2\/?s={search_term_string}"},"query-input":{"@type":"PropertyValueSpecification","valueRequired":true,"valueName":"search_term_string"}}],"inLanguage":"pl-PL"}]}},"_links":{"self":[{"href":"https:\/\/www.desercik.pl\/tribal-wars-2\/wp-json\/wp\/v2\/pages\/222","targetHints":{"allow":["GET"]}}],"collection":[{"href":"https:\/\/www.desercik.pl\/tribal-wars-2\/wp-json\/wp\/v2\/pages"}],"about":[{"href":"https:\/\/www.desercik.pl\/tribal-wars-2\/wp-json\/wp\/v2\/types\/page"}],"author":[{"embeddable":true,"href":"https:\/\/www.desercik.pl\/tribal-wars-2\/wp-json\/wp\/v2\/users\/1"}],"replies":[{"embeddable":true,"href":"https:\/\/www.desercik.pl\/tribal-wars-2\/wp-json\/wp\/v2\/comments?post=222"}],"version-history":[{"count":0,"href":"https:\/\/www.desercik.pl\/tribal-wars-2\/wp-json\/wp\/v2\/pages\/222\/revisions"}],"up":[{"embeddable":true,"href":"https:\/\/www.desercik.pl\/tribal-wars-2\/wp-json\/wp\/v2\/pages\/175"}],"wp:attachment":[{"href":"https:\/\/www.desercik.pl\/tribal-wars-2\/wp-json\/wp\/v2\/media?parent=222"}],"curies":[{"name":"wp","href":"https:\/\/api.w.org\/{rel}","templated":true}]}}