{"id":220,"date":"2014-07-31T23:15:52","date_gmt":"2014-07-31T21:15:52","guid":{"rendered":"http:\/\/www.desercik.pl\/tribal-wars-2\/?page_id=220"},"modified":"2014-07-31T23:15:52","modified_gmt":"2014-07-31T21:15:52","slug":"kopalnia-zelaza","status":"publish","type":"page","link":"https:\/\/www.desercik.pl\/tribal-wars-2\/budynki-lista\/kopalnia-zelaza\/","title":{"rendered":"Kopalnia \u017belaza (Iron Mine)"},"content":{"rendered":"<p>Aby produkowa\u0107 w wioskach \u017celazo potrzebujemy Kopalni \u017belaza, kt\u00f3r\u0105 mo\u017cna maksymalnie rozbudowa\u0107 do poziomu 30-tego. Na wy\u017cszych poziomach wydobywa wi\u0119cej \u017celaza na godzin\u0119, a b\u0119dzie nam potrzebne do budowy, rekrutacji ci\u0119\u017ckozbrojnych jednoste czy bada\u0144.<\/p>\n<h3>Tabela prodykcyjna Kopalni \u017belaza<\/h3>\n<table class=\"tabela\">\n<tbody>\n<tr>\n<th>Poziom<\/th>\n<th><img loading=\"lazy\" decoding=\"async\" src=\"https:\/\/www.desercik.pl\/tribal-wars-2\/wp-content\/uploads\/2014\/07\/Wood.png\" alt=\"Wood.png\" width=\"44\" height=\"44\" \/><\/th>\n<th><img loading=\"lazy\" decoding=\"async\" src=\"https:\/\/www.desercik.pl\/tribal-wars-2\/wp-content\/uploads\/2014\/07\/Clay.png\" alt=\"Clay.png\" width=\"44\" height=\"44\" \/><\/th>\n<th><img loading=\"lazy\" decoding=\"async\" src=\"https:\/\/www.desercik.pl\/tribal-wars-2\/wp-content\/uploads\/2014\/07\/Iron.png\" alt=\"Iron.png\" width=\"44\" height=\"44\" \/><\/th>\n<th><img loading=\"lazy\" decoding=\"async\" src=\"https:\/\/www.desercik.pl\/tribal-wars-2\/wp-content\/uploads\/2014\/07\/Provisions.png\" alt=\"Provisions.png\" width=\"44\" height=\"44\" \/><\/th>\n<th>Punkty<\/th>\n<th>Produkcja na godzin\u0119<\/th>\n<th>Punkty \u017cycia<\/th>\n<\/tr>\n<tr>\n<td>1<\/td>\n<td>75<\/td>\n<td>65<\/td>\n<td>70<\/td>\n<td>10<\/td>\n<td>6<\/td>\n<td>100<\/td>\n<td>3<\/td>\n<\/tr>\n<tr>\n<td>2<\/td>\n<td>94<\/td>\n<td>83<\/td>\n<td>87<\/td>\n<td>12<\/td>\n<td>7<\/td>\n<td>112,44<\/td>\n<td>3<\/td>\n<\/tr>\n<tr>\n<td>3<\/td>\n<td>118<\/td>\n<td>106<\/td>\n<td>108<\/td>\n<td>14<\/td>\n<td>9<\/td>\n<td>126,44<\/td>\n<td>4<\/td>\n<\/tr>\n<tr>\n<td>4<\/td>\n<td>147<\/td>\n<td>135<\/td>\n<td>133<\/td>\n<td>16<\/td>\n<td>10<\/td>\n<td>142,17<\/td>\n<td>4<\/td>\n<\/tr>\n<tr>\n<td>5<\/td>\n<td>184<\/td>\n<td>172<\/td>\n<td>165<\/td>\n<td>19<\/td>\n<td>12<\/td>\n<td>159,86<\/td>\n<td>4<\/td>\n<\/tr>\n<tr>\n<td>6<\/td>\n<td>231<\/td>\n<td>219<\/td>\n<td>205<\/td>\n<td>22<\/td>\n<td>15<\/td>\n<td>179,76<\/td>\n<td>5<\/td>\n<\/tr>\n<tr>\n<td>7<\/td>\n<td>289<\/td>\n<td>279<\/td>\n<td>254<\/td>\n<td>26<\/td>\n<td>18<\/td>\n<td>202,12<\/td>\n<td>5<\/td>\n<\/tr>\n<tr>\n<td>8<\/td>\n<td>362<\/td>\n<td>356<\/td>\n<td>316<\/td>\n<td>30<\/td>\n<td>21<\/td>\n<td>227,28<\/td>\n<td>6<\/td>\n<\/tr>\n<tr>\n<td>9<\/td>\n<td>453<\/td>\n<td>454<\/td>\n<td>391<\/td>\n<td>35<\/td>\n<td>26<\/td>\n<td>255,56<\/td>\n<td>6<\/td>\n<\/tr>\n<tr>\n<td>10<\/td>\n<td>567<\/td>\n<td>579<\/td>\n<td>485<\/td>\n<td>41<\/td>\n<td>31<\/td>\n<td>287,36<\/td>\n<td>7<\/td>\n<\/tr>\n<tr>\n<td>11<\/td>\n<td>710<\/td>\n<td>738<\/td>\n<td>602<\/td>\n<td>48<\/td>\n<td>37<\/td>\n<td>323,12<\/td>\n<td>8<\/td>\n<\/tr>\n<tr>\n<td>12<\/td>\n<td>889<\/td>\n<td>941<\/td>\n<td>746<\/td>\n<td>56<\/td>\n<td>45<\/td>\n<td>363,33<\/td>\n<td>9<\/td>\n<\/tr>\n<tr>\n<td>13<\/td>\n<td>1,113<\/td>\n<td>1,200<\/td>\n<td>925<\/td>\n<td>66<\/td>\n<td>53<\/td>\n<td>408,54<\/td>\n<td>9<\/td>\n<\/tr>\n<tr>\n<td>14<\/td>\n<td>1,393<\/td>\n<td>1,529<\/td>\n<td>1,147<\/td>\n<td>77<\/td>\n<td>64<\/td>\n<td>459,38<\/td>\n<td>10<\/td>\n<\/tr>\n<tr>\n<td>15<\/td>\n<td>1,744<\/td>\n<td>1,950<\/td>\n<td>1,422<\/td>\n<td>90<\/td>\n<td>77<\/td>\n<td>516,54<\/td>\n<td>11<\/td>\n<\/tr>\n<tr>\n<td>16<\/td>\n<td>2,183<\/td>\n<td>2,486<\/td>\n<td>1,764<\/td>\n<td>105<\/td>\n<td>92<\/td>\n<td>580,82<\/td>\n<td>13<\/td>\n<\/tr>\n<tr>\n<td>17<\/td>\n<td>2,734<\/td>\n<td>3,170<\/td>\n<td>2,187<\/td>\n<td>123<\/td>\n<td>111<\/td>\n<td>653,1<\/td>\n<td>14<\/td>\n<\/tr>\n<tr>\n<td>18<\/td>\n<td>3,422<\/td>\n<td>4,042<\/td>\n<td>2,712<\/td>\n<td>144<\/td>\n<td>133<\/td>\n<td>734,37<\/td>\n<td>15<\/td>\n<\/tr>\n<tr>\n<td>19<\/td>\n<td>4,285<\/td>\n<td>5,153<\/td>\n<td>3,363<\/td>\n<td>169<\/td>\n<td>160<\/td>\n<td>825,76<\/td>\n<td>17<\/td>\n<\/tr>\n<tr>\n<td>20<\/td>\n<td>5,365<\/td>\n<td>6,571<\/td>\n<td>4,170<\/td>\n<td>197<\/td>\n<td>192<\/td>\n<td>928,52<\/td>\n<td>18<\/td>\n<\/tr>\n<tr>\n<td>21<\/td>\n<td>6,717<\/td>\n<td>8,378<\/td>\n<td>5,170<\/td>\n<td>231<\/td>\n<td>230<\/td>\n<td>1.044,06<\/td>\n<td>20<\/td>\n<\/tr>\n<tr>\n<td>22<\/td>\n<td>8,409<\/td>\n<td>10,681<\/td>\n<td>6,411<\/td>\n<td>270<\/td>\n<td>276<\/td>\n<td>1.173,98<\/td>\n<td>22<\/td>\n<\/tr>\n<tr>\n<td>23<\/td>\n<td>10,528<\/td>\n<td>13,619<\/td>\n<td>7,950<\/td>\n<td>316<\/td>\n<td>331<\/td>\n<td>1.320,07<\/td>\n<td>24<\/td>\n<\/tr>\n<tr>\n<td>24<\/td>\n<td>13,181<\/td>\n<td>17,364<\/td>\n<td>9,858<\/td>\n<td>370<\/td>\n<td>397<\/td>\n<td>1.484,34<\/td>\n<td>27<\/td>\n<\/tr>\n<tr>\n<td>25<\/td>\n<td>16,503<\/td>\n<td>22,139<\/td>\n<td>12,224<\/td>\n<td>433<\/td>\n<td>477<\/td>\n<td>1.669,06<\/td>\n<td>30<\/td>\n<\/tr>\n<tr>\n<td>26<\/td>\n<td>20,662<\/td>\n<td>28,227<\/td>\n<td>15,158<\/td>\n<td>507<\/td>\n<td>572<\/td>\n<td>1.876,75<\/td>\n<td>33<\/td>\n<\/tr>\n<tr>\n<td>27<\/td>\n<td>25,869<\/td>\n<td>35,990<\/td>\n<td>18,796<\/td>\n<td>593<\/td>\n<td>687<\/td>\n<td>2.110,30<\/td>\n<td>36<\/td>\n<\/tr>\n<tr>\n<td>28<\/td>\n<td>32,388<\/td>\n<td>45,887<\/td>\n<td>23,307<\/td>\n<td>693<\/td>\n<td>824<\/td>\n<td>2.372,90<\/td>\n<td>39<\/td>\n<\/tr>\n<tr>\n<td>29<\/td>\n<td>40,549<\/td>\n<td>58,506<\/td>\n<td>28,900<\/td>\n<td>811<\/td>\n<td>989<\/td>\n<td>2.668,19<\/td>\n<td>43<\/td>\n<\/tr>\n<tr>\n<td>30<\/td>\n<td>50,768<\/td>\n<td>74,595<\/td>\n<td>35,837<\/td>\n<td>949<\/td>\n<td>1,187<\/td>\n<td>3.000,21<\/td>\n<td>48<\/td>\n<\/tr>\n<\/tbody>\n<\/table>\n","protected":false},"excerpt":{"rendered":"<p>Aby produkowa\u0107 w wioskach \u017celazo potrzebujemy Kopalni \u017belaza, kt\u00f3r\u0105 mo\u017cna maksymalnie rozbudowa\u0107 do poziomu 30-tego. Na wy\u017cszych poziomach wydobywa wi\u0119cej \u017celaza na godzin\u0119, a b\u0119dzie nam potrzebne do budowy, rekrutacji ci\u0119\u017ckozbrojnych jednoste czy bada\u0144. Tabela prodykcyjna Kopalni \u017belaza Poziom Punkty&hellip; <a href=\"https:\/\/www.desercik.pl\/tribal-wars-2\/budynki-lista\/kopalnia-zelaza\/\" class=\"more-link\">Continue Reading <span class=\"meta-nav\">&rarr;<\/span><\/a><\/p>\n","protected":false},"author":1,"featured_media":0,"parent":175,"menu_order":0,"comment_status":"open","ping_status":"open","template":"","meta":{"footnotes":""},"class_list":["post-220","page","type-page","status-publish","hentry"],"yoast_head":"<!-- This site is optimized with the Yoast SEO plugin v27.3 - https:\/\/yoast.com\/product\/yoast-seo-wordpress\/ -->\n<title>Kopalnia \u017belaza (Iron Mine) - Plemiona 2 - Tribal Wars 2<\/title>\n<meta name=\"robots\" content=\"index, follow, max-snippet:-1, max-image-preview:large, max-video-preview:-1\" \/>\n<link rel=\"canonical\" href=\"https:\/\/www.desercik.pl\/tribal-wars-2\/budynki-lista\/kopalnia-zelaza\/\" \/>\n<meta property=\"og:locale\" content=\"pl_PL\" \/>\n<meta property=\"og:type\" content=\"article\" \/>\n<meta property=\"og:title\" content=\"Kopalnia \u017belaza (Iron Mine) - Plemiona 2 - Tribal Wars 2\" \/>\n<meta property=\"og:description\" content=\"Aby produkowa\u0107 w wioskach \u017celazo potrzebujemy Kopalni \u017belaza, kt\u00f3r\u0105 mo\u017cna maksymalnie rozbudowa\u0107 do poziomu 30-tego. Na wy\u017cszych poziomach wydobywa wi\u0119cej \u017celaza na godzin\u0119, a b\u0119dzie nam potrzebne do budowy, rekrutacji ci\u0119\u017ckozbrojnych jednoste czy bada\u0144. Tabela prodykcyjna Kopalni \u017belaza Poziom Punkty&hellip; Continue Reading &rarr;\" \/>\n<meta property=\"og:url\" content=\"https:\/\/www.desercik.pl\/tribal-wars-2\/budynki-lista\/kopalnia-zelaza\/\" \/>\n<meta property=\"og:site_name\" content=\"Plemiona 2\" \/>\n<meta property=\"og:image\" content=\"https:\/\/www.desercik.pl\/tribal-wars-2\/wp-content\/uploads\/2014\/07\/Wood.png\" \/>\n<script type=\"application\/ld+json\" class=\"yoast-schema-graph\">{\"@context\":\"https:\\\/\\\/schema.org\",\"@graph\":[{\"@type\":\"WebPage\",\"@id\":\"https:\\\/\\\/www.desercik.pl\\\/tribal-wars-2\\\/budynki-lista\\\/kopalnia-zelaza\\\/\",\"url\":\"https:\\\/\\\/www.desercik.pl\\\/tribal-wars-2\\\/budynki-lista\\\/kopalnia-zelaza\\\/\",\"name\":\"Kopalnia \u017belaza (Iron Mine) - Plemiona 2 - Tribal Wars 2\",\"isPartOf\":{\"@id\":\"https:\\\/\\\/www.desercik.pl\\\/tribal-wars-2\\\/#website\"},\"primaryImageOfPage\":{\"@id\":\"https:\\\/\\\/www.desercik.pl\\\/tribal-wars-2\\\/budynki-lista\\\/kopalnia-zelaza\\\/#primaryimage\"},\"image\":{\"@id\":\"https:\\\/\\\/www.desercik.pl\\\/tribal-wars-2\\\/budynki-lista\\\/kopalnia-zelaza\\\/#primaryimage\"},\"thumbnailUrl\":\"https:\\\/\\\/www.desercik.pl\\\/tribal-wars-2\\\/wp-content\\\/uploads\\\/2014\\\/07\\\/Wood.png\",\"datePublished\":\"2014-07-31T21:15:52+00:00\",\"breadcrumb\":{\"@id\":\"https:\\\/\\\/www.desercik.pl\\\/tribal-wars-2\\\/budynki-lista\\\/kopalnia-zelaza\\\/#breadcrumb\"},\"inLanguage\":\"pl-PL\",\"potentialAction\":[{\"@type\":\"ReadAction\",\"target\":[\"https:\\\/\\\/www.desercik.pl\\\/tribal-wars-2\\\/budynki-lista\\\/kopalnia-zelaza\\\/\"]}]},{\"@type\":\"ImageObject\",\"inLanguage\":\"pl-PL\",\"@id\":\"https:\\\/\\\/www.desercik.pl\\\/tribal-wars-2\\\/budynki-lista\\\/kopalnia-zelaza\\\/#primaryimage\",\"url\":\"https:\\\/\\\/www.desercik.pl\\\/tribal-wars-2\\\/wp-content\\\/uploads\\\/2014\\\/07\\\/Wood.png\",\"contentUrl\":\"https:\\\/\\\/www.desercik.pl\\\/tribal-wars-2\\\/wp-content\\\/uploads\\\/2014\\\/07\\\/Wood.png\",\"width\":44,\"height\":44},{\"@type\":\"BreadcrumbList\",\"@id\":\"https:\\\/\\\/www.desercik.pl\\\/tribal-wars-2\\\/budynki-lista\\\/kopalnia-zelaza\\\/#breadcrumb\",\"itemListElement\":[{\"@type\":\"ListItem\",\"position\":1,\"name\":\"Strona g\u0142\u00f3wna\",\"item\":\"https:\\\/\\\/www.desercik.pl\\\/tribal-wars-2\\\/\"},{\"@type\":\"ListItem\",\"position\":2,\"name\":\"Budynki\",\"item\":\"https:\\\/\\\/www.desercik.pl\\\/tribal-wars-2\\\/budynki-lista\\\/\"},{\"@type\":\"ListItem\",\"position\":3,\"name\":\"Kopalnia \u017belaza (Iron Mine)\"}]},{\"@type\":\"WebSite\",\"@id\":\"https:\\\/\\\/www.desercik.pl\\\/tribal-wars-2\\\/#website\",\"url\":\"https:\\\/\\\/www.desercik.pl\\\/tribal-wars-2\\\/\",\"name\":\"Plemiona 2\",\"description\":\"\",\"potentialAction\":[{\"@type\":\"SearchAction\",\"target\":{\"@type\":\"EntryPoint\",\"urlTemplate\":\"https:\\\/\\\/www.desercik.pl\\\/tribal-wars-2\\\/?s={search_term_string}\"},\"query-input\":{\"@type\":\"PropertyValueSpecification\",\"valueRequired\":true,\"valueName\":\"search_term_string\"}}],\"inLanguage\":\"pl-PL\"}]}<\/script>\n<!-- \/ Yoast SEO plugin. -->","yoast_head_json":{"title":"Kopalnia \u017belaza (Iron Mine) - Plemiona 2 - Tribal Wars 2","robots":{"index":"index","follow":"follow","max-snippet":"max-snippet:-1","max-image-preview":"max-image-preview:large","max-video-preview":"max-video-preview:-1"},"canonical":"https:\/\/www.desercik.pl\/tribal-wars-2\/budynki-lista\/kopalnia-zelaza\/","og_locale":"pl_PL","og_type":"article","og_title":"Kopalnia \u017belaza (Iron Mine) - Plemiona 2 - Tribal Wars 2","og_description":"Aby produkowa\u0107 w wioskach \u017celazo potrzebujemy Kopalni \u017belaza, kt\u00f3r\u0105 mo\u017cna maksymalnie rozbudowa\u0107 do poziomu 30-tego. Na wy\u017cszych poziomach wydobywa wi\u0119cej \u017celaza na godzin\u0119, a b\u0119dzie nam potrzebne do budowy, rekrutacji ci\u0119\u017ckozbrojnych jednoste czy bada\u0144. Tabela prodykcyjna Kopalni \u017belaza Poziom Punkty&hellip; Continue Reading &rarr;","og_url":"https:\/\/www.desercik.pl\/tribal-wars-2\/budynki-lista\/kopalnia-zelaza\/","og_site_name":"Plemiona 2","og_image":[{"url":"https:\/\/www.desercik.pl\/tribal-wars-2\/wp-content\/uploads\/2014\/07\/Wood.png","type":"","width":"","height":""}],"schema":{"@context":"https:\/\/schema.org","@graph":[{"@type":"WebPage","@id":"https:\/\/www.desercik.pl\/tribal-wars-2\/budynki-lista\/kopalnia-zelaza\/","url":"https:\/\/www.desercik.pl\/tribal-wars-2\/budynki-lista\/kopalnia-zelaza\/","name":"Kopalnia \u017belaza (Iron Mine) - Plemiona 2 - Tribal Wars 2","isPartOf":{"@id":"https:\/\/www.desercik.pl\/tribal-wars-2\/#website"},"primaryImageOfPage":{"@id":"https:\/\/www.desercik.pl\/tribal-wars-2\/budynki-lista\/kopalnia-zelaza\/#primaryimage"},"image":{"@id":"https:\/\/www.desercik.pl\/tribal-wars-2\/budynki-lista\/kopalnia-zelaza\/#primaryimage"},"thumbnailUrl":"https:\/\/www.desercik.pl\/tribal-wars-2\/wp-content\/uploads\/2014\/07\/Wood.png","datePublished":"2014-07-31T21:15:52+00:00","breadcrumb":{"@id":"https:\/\/www.desercik.pl\/tribal-wars-2\/budynki-lista\/kopalnia-zelaza\/#breadcrumb"},"inLanguage":"pl-PL","potentialAction":[{"@type":"ReadAction","target":["https:\/\/www.desercik.pl\/tribal-wars-2\/budynki-lista\/kopalnia-zelaza\/"]}]},{"@type":"ImageObject","inLanguage":"pl-PL","@id":"https:\/\/www.desercik.pl\/tribal-wars-2\/budynki-lista\/kopalnia-zelaza\/#primaryimage","url":"https:\/\/www.desercik.pl\/tribal-wars-2\/wp-content\/uploads\/2014\/07\/Wood.png","contentUrl":"https:\/\/www.desercik.pl\/tribal-wars-2\/wp-content\/uploads\/2014\/07\/Wood.png","width":44,"height":44},{"@type":"BreadcrumbList","@id":"https:\/\/www.desercik.pl\/tribal-wars-2\/budynki-lista\/kopalnia-zelaza\/#breadcrumb","itemListElement":[{"@type":"ListItem","position":1,"name":"Strona g\u0142\u00f3wna","item":"https:\/\/www.desercik.pl\/tribal-wars-2\/"},{"@type":"ListItem","position":2,"name":"Budynki","item":"https:\/\/www.desercik.pl\/tribal-wars-2\/budynki-lista\/"},{"@type":"ListItem","position":3,"name":"Kopalnia \u017belaza (Iron Mine)"}]},{"@type":"WebSite","@id":"https:\/\/www.desercik.pl\/tribal-wars-2\/#website","url":"https:\/\/www.desercik.pl\/tribal-wars-2\/","name":"Plemiona 2","description":"","potentialAction":[{"@type":"SearchAction","target":{"@type":"EntryPoint","urlTemplate":"https:\/\/www.desercik.pl\/tribal-wars-2\/?s={search_term_string}"},"query-input":{"@type":"PropertyValueSpecification","valueRequired":true,"valueName":"search_term_string"}}],"inLanguage":"pl-PL"}]}},"_links":{"self":[{"href":"https:\/\/www.desercik.pl\/tribal-wars-2\/wp-json\/wp\/v2\/pages\/220","targetHints":{"allow":["GET"]}}],"collection":[{"href":"https:\/\/www.desercik.pl\/tribal-wars-2\/wp-json\/wp\/v2\/pages"}],"about":[{"href":"https:\/\/www.desercik.pl\/tribal-wars-2\/wp-json\/wp\/v2\/types\/page"}],"author":[{"embeddable":true,"href":"https:\/\/www.desercik.pl\/tribal-wars-2\/wp-json\/wp\/v2\/users\/1"}],"replies":[{"embeddable":true,"href":"https:\/\/www.desercik.pl\/tribal-wars-2\/wp-json\/wp\/v2\/comments?post=220"}],"version-history":[{"count":0,"href":"https:\/\/www.desercik.pl\/tribal-wars-2\/wp-json\/wp\/v2\/pages\/220\/revisions"}],"up":[{"embeddable":true,"href":"https:\/\/www.desercik.pl\/tribal-wars-2\/wp-json\/wp\/v2\/pages\/175"}],"wp:attachment":[{"href":"https:\/\/www.desercik.pl\/tribal-wars-2\/wp-json\/wp\/v2\/media?parent=220"}],"curies":[{"name":"wp","href":"https:\/\/api.w.org\/{rel}","templated":true}]}}