{"id":215,"date":"2014-07-31T23:08:31","date_gmt":"2014-07-31T21:08:31","guid":{"rendered":"http:\/\/www.desercik.pl\/tribal-wars-2\/?page_id=215"},"modified":"2014-07-31T23:19:44","modified_gmt":"2014-07-31T21:19:44","slug":"cegielnia","status":"publish","type":"page","link":"https:\/\/www.desercik.pl\/tribal-wars-2\/budynki-lista\/cegielnia\/","title":{"rendered":"Cegielnia (Clay Pit)"},"content":{"rendered":"<p>Cegielnia produkuje glin\u0119 i mo\u017cemy j\u0105 rozbudowywa\u0107 maksymalnie do 30 poziomu, a na ka\u017cdym kolejnym wzrasta produkcja gliny na godzin\u0119. Gliny u\u017cywamy do rozbudowy\/budowy budynk\u00f3w jak i bada\u0144 technologicznych czy do budowania armii. Sama farma nie wymaga zatrudniania \u017cadnej ludno\u015bci.<\/p>\n<h3>Tabela prodykcyjna Cegielni<\/h3>\n<table class=\"tabela\">\n<tbody>\n<tr>\n<th>Poziom<\/th>\n<th><img loading=\"lazy\" decoding=\"async\" src=\"https:\/\/www.desercik.pl\/tribal-wars-2\/wp-content\/uploads\/2014\/07\/Wood.png\" alt=\"Wood.png\" width=\"44\" height=\"44\" \/><\/th>\n<th><img loading=\"lazy\" decoding=\"async\" src=\"https:\/\/www.desercik.pl\/tribal-wars-2\/wp-content\/uploads\/2014\/07\/Clay.png\" alt=\"Clay.png\" width=\"44\" height=\"44\" \/><\/th>\n<th><img loading=\"lazy\" decoding=\"async\" src=\"https:\/\/www.desercik.pl\/tribal-wars-2\/wp-content\/uploads\/2014\/07\/Iron.png\" alt=\"Iron.png\" width=\"44\" height=\"44\" \/><\/th>\n<th><img loading=\"lazy\" decoding=\"async\" src=\"https:\/\/www.desercik.pl\/tribal-wars-2\/wp-content\/uploads\/2014\/07\/Provisions.png\" alt=\"Provisions.png\" width=\"44\" height=\"44\" \/><\/th>\n<th>Punkty<\/th>\n<th>Produkcja na godzin\u0119<\/th>\n<th>Punkty \u017cycia<\/th>\n<\/tr>\n<tr>\n<td>1<\/td>\n<td>65<\/td>\n<td>40<\/td>\n<td>50<\/td>\n<td>10<\/td>\n<td>6<\/td>\n<td>100<\/td>\n<td>3<\/td>\n<\/tr>\n<tr>\n<td>2<\/td>\n<td>83<\/td>\n<td>51<\/td>\n<td>63<\/td>\n<td>11<\/td>\n<td>7<\/td>\n<td>112,44<\/td>\n<td>3<\/td>\n<\/tr>\n<tr>\n<td>3<\/td>\n<td>105<\/td>\n<td>64<\/td>\n<td>79<\/td>\n<td>13<\/td>\n<td>9<\/td>\n<td>126,44<\/td>\n<td>4<\/td>\n<\/tr>\n<tr>\n<td>4<\/td>\n<td>133<\/td>\n<td>81<\/td>\n<td>100<\/td>\n<td>15<\/td>\n<td>10<\/td>\n<td>142,17<\/td>\n<td>4<\/td>\n<\/tr>\n<tr>\n<td>5<\/td>\n<td>169<\/td>\n<td>102<\/td>\n<td>126<\/td>\n<td>17<\/td>\n<td>12<\/td>\n<td>159,86<\/td>\n<td>4<\/td>\n<\/tr>\n<tr>\n<td>6<\/td>\n<td>215<\/td>\n<td>130<\/td>\n<td>159<\/td>\n<td>19<\/td>\n<td>15<\/td>\n<td>179,76<\/td>\n<td>5<\/td>\n<\/tr>\n<tr>\n<td>7<\/td>\n<td>273<\/td>\n<td>164<\/td>\n<td>200<\/td>\n<td>22<\/td>\n<td>18<\/td>\n<td>202,12<\/td>\n<td>5<\/td>\n<\/tr>\n<tr>\n<td>8<\/td>\n<td>346<\/td>\n<td>207<\/td>\n<td>252<\/td>\n<td>25<\/td>\n<td>21<\/td>\n<td>227,28<\/td>\n<td>6<\/td>\n<\/tr>\n<tr>\n<td>9<\/td>\n<td>440<\/td>\n<td>262<\/td>\n<td>318<\/td>\n<td>29<\/td>\n<td>26<\/td>\n<td>255,56<\/td>\n<td>6<\/td>\n<\/tr>\n<tr>\n<td>10<\/td>\n<td>559<\/td>\n<td>332<\/td>\n<td>400<\/td>\n<td>33<\/td>\n<td>31<\/td>\n<td>287,36<\/td>\n<td>7<\/td>\n<\/tr>\n<tr>\n<td>11<\/td>\n<td>709<\/td>\n<td>420<\/td>\n<td>504<\/td>\n<td>37<\/td>\n<td>37<\/td>\n<td>323,12<\/td>\n<td>8<\/td>\n<\/tr>\n<tr>\n<td>12<\/td>\n<td>901<\/td>\n<td>531<\/td>\n<td>635<\/td>\n<td>42<\/td>\n<td>45<\/td>\n<td>363,33<\/td>\n<td>9<\/td>\n<\/tr>\n<tr>\n<td>13<\/td>\n<td>1,144<\/td>\n<td>672<\/td>\n<td>801<\/td>\n<td>48<\/td>\n<td>53<\/td>\n<td>408,54<\/td>\n<td>9<\/td>\n<\/tr>\n<tr>\n<td>14<\/td>\n<td>1,453<\/td>\n<td>850<\/td>\n<td>1,009<\/td>\n<td>55<\/td>\n<td>64<\/td>\n<td>459,38<\/td>\n<td>10<\/td>\n<\/tr>\n<tr>\n<td>15<\/td>\n<td>1,846<\/td>\n<td>1,075<\/td>\n<td>1,271<\/td>\n<td>63<\/td>\n<td>77<\/td>\n<td>516,54<\/td>\n<td>11<\/td>\n<\/tr>\n<tr>\n<td>16<\/td>\n<td>2,344<\/td>\n<td>1,360<\/td>\n<td>1,602<\/td>\n<td>71<\/td>\n<td>92<\/td>\n<td>580,82<\/td>\n<td>13<\/td>\n<\/tr>\n<tr>\n<td>17<\/td>\n<td>2,977<\/td>\n<td>1,720<\/td>\n<td>2,018<\/td>\n<td>81<\/td>\n<td>111<\/td>\n<td>653,1<\/td>\n<td>14<\/td>\n<\/tr>\n<tr>\n<td>18<\/td>\n<td>3,781<\/td>\n<td>2,176<\/td>\n<td>2,543<\/td>\n<td>93<\/td>\n<td>133<\/td>\n<td>734,37<\/td>\n<td>15<\/td>\n<\/tr>\n<tr>\n<td>19<\/td>\n<td>4,802<\/td>\n<td>2,752<\/td>\n<td>3,204<\/td>\n<td>106<\/td>\n<td>160<\/td>\n<td>825,76<\/td>\n<td>17<\/td>\n<\/tr>\n<tr>\n<td>20<\/td>\n<td>6,098<\/td>\n<td>3,482<\/td>\n<td>4,037<\/td>\n<td>121<\/td>\n<td>192<\/td>\n<td>928,52<\/td>\n<td>18<\/td>\n<\/tr>\n<tr>\n<td>21<\/td>\n<td>7,744<\/td>\n<td>4,404<\/td>\n<td>5,086<\/td>\n<td>137<\/td>\n<td>230<\/td>\n<td>1.044,06<\/td>\n<td>20<\/td>\n<\/tr>\n<tr>\n<td>22<\/td>\n<td>9,835<\/td>\n<td>5,571<\/td>\n<td>6,408<\/td>\n<td>157<\/td>\n<td>276<\/td>\n<td>1.173,98<\/td>\n<td>22<\/td>\n<\/tr>\n<tr>\n<td>23<\/td>\n<td>12,491<\/td>\n<td>7,048<\/td>\n<td>8,075<\/td>\n<td>179<\/td>\n<td>331<\/td>\n<td>1.320,07<\/td>\n<td>24<\/td>\n<\/tr>\n<tr>\n<td>24<\/td>\n<td>15,863<\/td>\n<td>8,915<\/td>\n<td>10,174<\/td>\n<td>204<\/td>\n<td>397<\/td>\n<td>1.484,34<\/td>\n<td>27<\/td>\n<\/tr>\n<tr>\n<td>25<\/td>\n<td>20,147<\/td>\n<td>11,278<\/td>\n<td>12,819<\/td>\n<td>232<\/td>\n<td>477<\/td>\n<td>1.669,06<\/td>\n<td>30<\/td>\n<\/tr>\n<tr>\n<td>26<\/td>\n<td>25,586<\/td>\n<td>14,267<\/td>\n<td>16,152<\/td>\n<td>265<\/td>\n<td>572<\/td>\n<td>1.876,75<\/td>\n<td>33<\/td>\n<\/tr>\n<tr>\n<td>27<\/td>\n<td>32,495<\/td>\n<td>18,047<\/td>\n<td>20,352<\/td>\n<td>302<\/td>\n<td>687<\/td>\n<td>2.110,30<\/td>\n<td>36<\/td>\n<\/tr>\n<tr>\n<td>28<\/td>\n<td>41,268<\/td>\n<td>22,830<\/td>\n<td>25,643<\/td>\n<td>344<\/td>\n<td>824<\/td>\n<td>2.372,90<\/td>\n<td>39<\/td>\n<\/tr>\n<tr>\n<td>29<\/td>\n<td>52,410<\/td>\n<td>28,880<\/td>\n<td>32,311<\/td>\n<td>392<\/td>\n<td>989<\/td>\n<td>2.668,19<\/td>\n<td>43<\/td>\n<\/tr>\n<tr>\n<td>30<\/td>\n<td>66,561<\/td>\n<td>36,533<\/td>\n<td>40,711<\/td>\n<td>447<\/td>\n<td>1,187<\/td>\n<td>3.000,21<\/td>\n<td>48<\/td>\n<\/tr>\n<\/tbody>\n<\/table>\n","protected":false},"excerpt":{"rendered":"<p>Cegielnia produkuje glin\u0119 i mo\u017cemy j\u0105 rozbudowywa\u0107 maksymalnie do 30 poziomu, a na ka\u017cdym kolejnym wzrasta produkcja gliny na godzin\u0119. Gliny u\u017cywamy do rozbudowy\/budowy budynk\u00f3w jak i bada\u0144 technologicznych czy do budowania armii. Sama farma nie wymaga zatrudniania \u017cadnej ludno\u015bci.&hellip; <a href=\"https:\/\/www.desercik.pl\/tribal-wars-2\/budynki-lista\/cegielnia\/\" class=\"more-link\">Continue Reading <span class=\"meta-nav\">&rarr;<\/span><\/a><\/p>\n","protected":false},"author":1,"featured_media":0,"parent":175,"menu_order":0,"comment_status":"open","ping_status":"open","template":"","meta":{"footnotes":""},"class_list":["post-215","page","type-page","status-publish","hentry"],"yoast_head":"<!-- This site is optimized with the Yoast SEO plugin v27.3 - https:\/\/yoast.com\/product\/yoast-seo-wordpress\/ -->\n<title>Cegielnia (Clay Pit) - Plemiona 2 - Tribal Wars 2<\/title>\n<meta name=\"description\" content=\"Cegielnia produkuje glin\u0119 i mo\u017cemy j\u0105 rozbudowywa\u0107 maksymalnie do 30 poziomu, a na ka\u017cdym kolejnym wzrasta produkcja gliny na godzin\u0119. Gliny u\u017cywamy do rozbudowy\/budowy budynk\u00f3w jak i bada\u0144 technologicznych czy do budowania armii.\" \/>\n<meta name=\"robots\" content=\"index, follow, max-snippet:-1, max-image-preview:large, max-video-preview:-1\" \/>\n<link rel=\"canonical\" href=\"https:\/\/www.desercik.pl\/tribal-wars-2\/budynki-lista\/cegielnia\/\" \/>\n<meta property=\"og:locale\" content=\"pl_PL\" \/>\n<meta property=\"og:type\" content=\"article\" \/>\n<meta property=\"og:title\" content=\"Cegielnia (Clay Pit) - Plemiona 2 - Tribal Wars 2\" \/>\n<meta property=\"og:description\" content=\"Cegielnia produkuje glin\u0119 i mo\u017cemy j\u0105 rozbudowywa\u0107 maksymalnie do 30 poziomu, a na ka\u017cdym kolejnym wzrasta produkcja gliny na godzin\u0119. Gliny u\u017cywamy do rozbudowy\/budowy budynk\u00f3w jak i bada\u0144 technologicznych czy do budowania armii.\" \/>\n<meta property=\"og:url\" content=\"https:\/\/www.desercik.pl\/tribal-wars-2\/budynki-lista\/cegielnia\/\" \/>\n<meta property=\"og:site_name\" content=\"Plemiona 2\" \/>\n<meta property=\"article:modified_time\" content=\"2014-07-31T21:19:44+00:00\" \/>\n<meta property=\"og:image\" content=\"https:\/\/www.desercik.pl\/tribal-wars-2\/wp-content\/uploads\/2014\/07\/Wood.png\" \/>\n<script type=\"application\/ld+json\" class=\"yoast-schema-graph\">{\"@context\":\"https:\\\/\\\/schema.org\",\"@graph\":[{\"@type\":\"WebPage\",\"@id\":\"https:\\\/\\\/www.desercik.pl\\\/tribal-wars-2\\\/budynki-lista\\\/cegielnia\\\/\",\"url\":\"https:\\\/\\\/www.desercik.pl\\\/tribal-wars-2\\\/budynki-lista\\\/cegielnia\\\/\",\"name\":\"Cegielnia (Clay Pit) - Plemiona 2 - Tribal Wars 2\",\"isPartOf\":{\"@id\":\"https:\\\/\\\/www.desercik.pl\\\/tribal-wars-2\\\/#website\"},\"primaryImageOfPage\":{\"@id\":\"https:\\\/\\\/www.desercik.pl\\\/tribal-wars-2\\\/budynki-lista\\\/cegielnia\\\/#primaryimage\"},\"image\":{\"@id\":\"https:\\\/\\\/www.desercik.pl\\\/tribal-wars-2\\\/budynki-lista\\\/cegielnia\\\/#primaryimage\"},\"thumbnailUrl\":\"https:\\\/\\\/www.desercik.pl\\\/tribal-wars-2\\\/wp-content\\\/uploads\\\/2014\\\/07\\\/Wood.png\",\"datePublished\":\"2014-07-31T21:08:31+00:00\",\"dateModified\":\"2014-07-31T21:19:44+00:00\",\"description\":\"Cegielnia produkuje glin\u0119 i mo\u017cemy j\u0105 rozbudowywa\u0107 maksymalnie do 30 poziomu, a na ka\u017cdym kolejnym wzrasta produkcja gliny na godzin\u0119. Gliny u\u017cywamy do rozbudowy\\\/budowy budynk\u00f3w jak i bada\u0144 technologicznych czy do budowania armii.\",\"breadcrumb\":{\"@id\":\"https:\\\/\\\/www.desercik.pl\\\/tribal-wars-2\\\/budynki-lista\\\/cegielnia\\\/#breadcrumb\"},\"inLanguage\":\"pl-PL\",\"potentialAction\":[{\"@type\":\"ReadAction\",\"target\":[\"https:\\\/\\\/www.desercik.pl\\\/tribal-wars-2\\\/budynki-lista\\\/cegielnia\\\/\"]}]},{\"@type\":\"ImageObject\",\"inLanguage\":\"pl-PL\",\"@id\":\"https:\\\/\\\/www.desercik.pl\\\/tribal-wars-2\\\/budynki-lista\\\/cegielnia\\\/#primaryimage\",\"url\":\"https:\\\/\\\/www.desercik.pl\\\/tribal-wars-2\\\/wp-content\\\/uploads\\\/2014\\\/07\\\/Wood.png\",\"contentUrl\":\"https:\\\/\\\/www.desercik.pl\\\/tribal-wars-2\\\/wp-content\\\/uploads\\\/2014\\\/07\\\/Wood.png\",\"width\":44,\"height\":44},{\"@type\":\"BreadcrumbList\",\"@id\":\"https:\\\/\\\/www.desercik.pl\\\/tribal-wars-2\\\/budynki-lista\\\/cegielnia\\\/#breadcrumb\",\"itemListElement\":[{\"@type\":\"ListItem\",\"position\":1,\"name\":\"Strona g\u0142\u00f3wna\",\"item\":\"https:\\\/\\\/www.desercik.pl\\\/tribal-wars-2\\\/\"},{\"@type\":\"ListItem\",\"position\":2,\"name\":\"Budynki\",\"item\":\"https:\\\/\\\/www.desercik.pl\\\/tribal-wars-2\\\/budynki-lista\\\/\"},{\"@type\":\"ListItem\",\"position\":3,\"name\":\"Cegielnia (Clay Pit)\"}]},{\"@type\":\"WebSite\",\"@id\":\"https:\\\/\\\/www.desercik.pl\\\/tribal-wars-2\\\/#website\",\"url\":\"https:\\\/\\\/www.desercik.pl\\\/tribal-wars-2\\\/\",\"name\":\"Plemiona 2\",\"description\":\"\",\"potentialAction\":[{\"@type\":\"SearchAction\",\"target\":{\"@type\":\"EntryPoint\",\"urlTemplate\":\"https:\\\/\\\/www.desercik.pl\\\/tribal-wars-2\\\/?s={search_term_string}\"},\"query-input\":{\"@type\":\"PropertyValueSpecification\",\"valueRequired\":true,\"valueName\":\"search_term_string\"}}],\"inLanguage\":\"pl-PL\"}]}<\/script>\n<!-- \/ Yoast SEO plugin. -->","yoast_head_json":{"title":"Cegielnia (Clay Pit) - Plemiona 2 - Tribal Wars 2","description":"Cegielnia produkuje glin\u0119 i mo\u017cemy j\u0105 rozbudowywa\u0107 maksymalnie do 30 poziomu, a na ka\u017cdym kolejnym wzrasta produkcja gliny na godzin\u0119. Gliny u\u017cywamy do rozbudowy\/budowy budynk\u00f3w jak i bada\u0144 technologicznych czy do budowania armii.","robots":{"index":"index","follow":"follow","max-snippet":"max-snippet:-1","max-image-preview":"max-image-preview:large","max-video-preview":"max-video-preview:-1"},"canonical":"https:\/\/www.desercik.pl\/tribal-wars-2\/budynki-lista\/cegielnia\/","og_locale":"pl_PL","og_type":"article","og_title":"Cegielnia (Clay Pit) - Plemiona 2 - Tribal Wars 2","og_description":"Cegielnia produkuje glin\u0119 i mo\u017cemy j\u0105 rozbudowywa\u0107 maksymalnie do 30 poziomu, a na ka\u017cdym kolejnym wzrasta produkcja gliny na godzin\u0119. Gliny u\u017cywamy do rozbudowy\/budowy budynk\u00f3w jak i bada\u0144 technologicznych czy do budowania armii.","og_url":"https:\/\/www.desercik.pl\/tribal-wars-2\/budynki-lista\/cegielnia\/","og_site_name":"Plemiona 2","article_modified_time":"2014-07-31T21:19:44+00:00","og_image":[{"url":"https:\/\/www.desercik.pl\/tribal-wars-2\/wp-content\/uploads\/2014\/07\/Wood.png","type":"","width":"","height":""}],"schema":{"@context":"https:\/\/schema.org","@graph":[{"@type":"WebPage","@id":"https:\/\/www.desercik.pl\/tribal-wars-2\/budynki-lista\/cegielnia\/","url":"https:\/\/www.desercik.pl\/tribal-wars-2\/budynki-lista\/cegielnia\/","name":"Cegielnia (Clay Pit) - Plemiona 2 - Tribal Wars 2","isPartOf":{"@id":"https:\/\/www.desercik.pl\/tribal-wars-2\/#website"},"primaryImageOfPage":{"@id":"https:\/\/www.desercik.pl\/tribal-wars-2\/budynki-lista\/cegielnia\/#primaryimage"},"image":{"@id":"https:\/\/www.desercik.pl\/tribal-wars-2\/budynki-lista\/cegielnia\/#primaryimage"},"thumbnailUrl":"https:\/\/www.desercik.pl\/tribal-wars-2\/wp-content\/uploads\/2014\/07\/Wood.png","datePublished":"2014-07-31T21:08:31+00:00","dateModified":"2014-07-31T21:19:44+00:00","description":"Cegielnia produkuje glin\u0119 i mo\u017cemy j\u0105 rozbudowywa\u0107 maksymalnie do 30 poziomu, a na ka\u017cdym kolejnym wzrasta produkcja gliny na godzin\u0119. Gliny u\u017cywamy do rozbudowy\/budowy budynk\u00f3w jak i bada\u0144 technologicznych czy do budowania armii.","breadcrumb":{"@id":"https:\/\/www.desercik.pl\/tribal-wars-2\/budynki-lista\/cegielnia\/#breadcrumb"},"inLanguage":"pl-PL","potentialAction":[{"@type":"ReadAction","target":["https:\/\/www.desercik.pl\/tribal-wars-2\/budynki-lista\/cegielnia\/"]}]},{"@type":"ImageObject","inLanguage":"pl-PL","@id":"https:\/\/www.desercik.pl\/tribal-wars-2\/budynki-lista\/cegielnia\/#primaryimage","url":"https:\/\/www.desercik.pl\/tribal-wars-2\/wp-content\/uploads\/2014\/07\/Wood.png","contentUrl":"https:\/\/www.desercik.pl\/tribal-wars-2\/wp-content\/uploads\/2014\/07\/Wood.png","width":44,"height":44},{"@type":"BreadcrumbList","@id":"https:\/\/www.desercik.pl\/tribal-wars-2\/budynki-lista\/cegielnia\/#breadcrumb","itemListElement":[{"@type":"ListItem","position":1,"name":"Strona g\u0142\u00f3wna","item":"https:\/\/www.desercik.pl\/tribal-wars-2\/"},{"@type":"ListItem","position":2,"name":"Budynki","item":"https:\/\/www.desercik.pl\/tribal-wars-2\/budynki-lista\/"},{"@type":"ListItem","position":3,"name":"Cegielnia (Clay Pit)"}]},{"@type":"WebSite","@id":"https:\/\/www.desercik.pl\/tribal-wars-2\/#website","url":"https:\/\/www.desercik.pl\/tribal-wars-2\/","name":"Plemiona 2","description":"","potentialAction":[{"@type":"SearchAction","target":{"@type":"EntryPoint","urlTemplate":"https:\/\/www.desercik.pl\/tribal-wars-2\/?s={search_term_string}"},"query-input":{"@type":"PropertyValueSpecification","valueRequired":true,"valueName":"search_term_string"}}],"inLanguage":"pl-PL"}]}},"_links":{"self":[{"href":"https:\/\/www.desercik.pl\/tribal-wars-2\/wp-json\/wp\/v2\/pages\/215","targetHints":{"allow":["GET"]}}],"collection":[{"href":"https:\/\/www.desercik.pl\/tribal-wars-2\/wp-json\/wp\/v2\/pages"}],"about":[{"href":"https:\/\/www.desercik.pl\/tribal-wars-2\/wp-json\/wp\/v2\/types\/page"}],"author":[{"embeddable":true,"href":"https:\/\/www.desercik.pl\/tribal-wars-2\/wp-json\/wp\/v2\/users\/1"}],"replies":[{"embeddable":true,"href":"https:\/\/www.desercik.pl\/tribal-wars-2\/wp-json\/wp\/v2\/comments?post=215"}],"version-history":[{"count":0,"href":"https:\/\/www.desercik.pl\/tribal-wars-2\/wp-json\/wp\/v2\/pages\/215\/revisions"}],"up":[{"embeddable":true,"href":"https:\/\/www.desercik.pl\/tribal-wars-2\/wp-json\/wp\/v2\/pages\/175"}],"wp:attachment":[{"href":"https:\/\/www.desercik.pl\/tribal-wars-2\/wp-json\/wp\/v2\/media?parent=215"}],"curies":[{"name":"wp","href":"https:\/\/api.w.org\/{rel}","templated":true}]}}