{"id":199,"date":"2014-07-31T22:57:34","date_gmt":"2014-07-31T20:57:34","guid":{"rendered":"http:\/\/www.desercik.pl\/tribal-wars-2\/?page_id=199"},"modified":"2014-07-31T23:02:07","modified_gmt":"2014-07-31T21:02:07","slug":"ratusz-headquarters","status":"publish","type":"page","link":"https:\/\/www.desercik.pl\/tribal-wars-2\/budynki-lista\/ratusz-headquarters\/","title":{"rendered":"Ratusz (Headquarters)"},"content":{"rendered":"<p>Ratusz pozwala nam podejrze\u0107 na jakim etapie rozbudowy znajduje si\u0119 nasza wioska jak i z poziomu ratusza mo\u017cna rozbudowywa\u0107 kolejne budynki, wszystkie w jednym miejscu. Ka\u017cdy kolejny poziom ratusza zmniejsza czas budowy wszystkich budynk\u00f3w w wiosce, w kt\u00f3rej jest rozbudowywany. Nale\u017cy rozbudowywa\u0107 ratusz, aby otrzyma\u0107 dost\u0119p do innych budynk\u00f3w i aby mie\u0107 je wszystkie wymagany jest poziom 25 z 30.<\/p>\n<h3>Wymagania budowy<\/h3>\n<p>Ratusz domy\u015blnie jest dost\u0119pny na pocz\u0105tku gry.<\/p>\n<h3>Etapy rozbudowy Ratusza<\/h3>\n<table class=\"tabela\">\n<tbody>\n<tr>\n<th>Poziom<\/th>\n<th><img loading=\"lazy\" decoding=\"async\" src=\"https:\/\/www.desercik.pl\/tribal-wars-2\/wp-content\/uploads\/2014\/07\/Wood.png\" alt=\"Wood.png\" width=\"44\" height=\"44\" \/><\/th>\n<th><img loading=\"lazy\" decoding=\"async\" src=\"https:\/\/www.desercik.pl\/tribal-wars-2\/wp-content\/uploads\/2014\/07\/Clay.png\" alt=\"Clay.png\" width=\"44\" height=\"44\" \/><\/th>\n<th><img loading=\"lazy\" decoding=\"async\" src=\"https:\/\/www.desercik.pl\/tribal-wars-2\/wp-content\/uploads\/2014\/07\/Iron.png\" alt=\"Iron.png\" width=\"44\" height=\"44\" \/><\/th>\n<th><img loading=\"lazy\" decoding=\"async\" src=\"https:\/\/www.desercik.pl\/tribal-wars-2\/wp-content\/uploads\/2014\/07\/Provisions.png\" alt=\"Provisions.png\" width=\"44\" height=\"44\" \/><\/th>\n<th>Punkty<\/th>\n<th>Badania<\/th>\n<th>Odblokowuje<\/th>\n<th>Redukcja czasu budowy<\/th>\n<th>Punkty \u017cycia<\/th>\n<\/tr>\n<tr>\n<td>1<\/td>\n<td>90<\/td>\n<td>80<\/td>\n<td>70<\/td>\n<td>5<\/td>\n<td>10<\/td>\n<td>&#8211;<\/td>\n<td>&#8211;<\/td>\n<td>100\u00a0%<\/td>\n<td>3<\/td>\n<\/tr>\n<tr>\n<td>2<\/td>\n<td>113<\/td>\n<td>102<\/td>\n<td>88<\/td>\n<td>6<\/td>\n<td>12<\/td>\n<td>&#8211;<\/td>\n<td>Koszary<\/td>\n<td>95\u00a0%<\/td>\n<td>3<\/td>\n<\/tr>\n<tr>\n<td>3<\/td>\n<td>143<\/td>\n<td>130<\/td>\n<td>111<\/td>\n<td>7<\/td>\n<td>14<\/td>\n<td>&#8211;<\/td>\n<td>Piedesta\u0142<\/td>\n<td>90\u00a0%<\/td>\n<td>4<\/td>\n<\/tr>\n<tr>\n<td>4<\/td>\n<td>180<\/td>\n<td>166<\/td>\n<td>140<\/td>\n<td>8<\/td>\n<td>17<\/td>\n<td>&#8211;<\/td>\n<td>Mur<\/td>\n<td>86\u00a0%<\/td>\n<td>4<\/td>\n<\/tr>\n<tr>\n<td>5<\/td>\n<td>227<\/td>\n<td>211<\/td>\n<td>176<\/td>\n<td>9<\/td>\n<td>21<\/td>\n<td>&#8211;<\/td>\n<td>&#8211;<\/td>\n<td>81\u00a0%<\/td>\n<td>4<\/td>\n<\/tr>\n<tr>\n<td>6<\/td>\n<td>286<\/td>\n<td>270<\/td>\n<td>222<\/td>\n<td>11<\/td>\n<td>25<\/td>\n<td>&#8211;<\/td>\n<td>Szpital<\/td>\n<td>77\u00a0%<\/td>\n<td>5<\/td>\n<\/tr>\n<tr>\n<td>7<\/td>\n<td>360<\/td>\n<td>344<\/td>\n<td>280<\/td>\n<td>13<\/td>\n<td>30<\/td>\n<td>&#8211;<\/td>\n<td>&#8211;<\/td>\n<td>74\u00a0%<\/td>\n<td>5<\/td>\n<\/tr>\n<tr>\n<td>8<\/td>\n<td>454<\/td>\n<td>438<\/td>\n<td>353<\/td>\n<td>15<\/td>\n<td>36<\/td>\n<td>&#8211;<\/td>\n<td>Rynek<\/td>\n<td>70\u00a0%<\/td>\n<td>6<\/td>\n<\/tr>\n<tr>\n<td>9<\/td>\n<td>572<\/td>\n<td>559<\/td>\n<td>445<\/td>\n<td>18<\/td>\n<td>43<\/td>\n<td>&#8211;<\/td>\n<td>&#8211;<\/td>\n<td>66\u00a0%<\/td>\n<td>6<\/td>\n<\/tr>\n<tr>\n<td>10<\/td>\n<td>720<\/td>\n<td>712<\/td>\n<td>560<\/td>\n<td>21<\/td>\n<td>52<\/td>\n<td>&#8211;<\/td>\n<td>Tawerna<\/td>\n<td>63\u00a0%<\/td>\n<td>7<\/td>\n<\/tr>\n<tr>\n<td>11<\/td>\n<td>908<\/td>\n<td>908<\/td>\n<td>706<\/td>\n<td>24<\/td>\n<td>62<\/td>\n<td>&#8211;<\/td>\n<td>&#8211;<\/td>\n<td>60\u00a0%<\/td>\n<td>8<\/td>\n<\/tr>\n<tr>\n<td>12<\/td>\n<td>1,144<\/td>\n<td>1,158<\/td>\n<td>890<\/td>\n<td>28<\/td>\n<td>74<\/td>\n<td>&#8211;<\/td>\n<td>&#8211;<\/td>\n<td>57\u00a0%<\/td>\n<td>9<\/td>\n<\/tr>\n<tr>\n<td>13<\/td>\n<td>1,441<\/td>\n<td>1,476<\/td>\n<td>1,121<\/td>\n<td>33<\/td>\n<td>89<\/td>\n<td>&#8211;<\/td>\n<td>&#8211;<\/td>\n<td>54\u00a0%<\/td>\n<td>9<\/td>\n<\/tr>\n<tr>\n<td>14<\/td>\n<td>1,816<\/td>\n<td>1,882<\/td>\n<td>1,412<\/td>\n<td>38<\/td>\n<td>107<\/td>\n<td>&#8211;<\/td>\n<td>&#8211;<\/td>\n<td>51\u00a0%<\/td>\n<td>10<\/td>\n<\/tr>\n<tr>\n<td>15<\/td>\n<td>2,288<\/td>\n<td>2,400<\/td>\n<td>1,779<\/td>\n<td>45<\/td>\n<td>128<\/td>\n<td>&#8211;<\/td>\n<td>&#8211;<\/td>\n<td>49\u00a0%<\/td>\n<td>11<\/td>\n<\/tr>\n<tr>\n<td>16<\/td>\n<td>2,883<\/td>\n<td>3,060<\/td>\n<td>2,242<\/td>\n<td>53<\/td>\n<td>154<\/td>\n<td>&#8211;<\/td>\n<td>&#8211;<\/td>\n<td>46\u00a0%<\/td>\n<td>13<\/td>\n<\/tr>\n<tr>\n<td>17<\/td>\n<td>3,632<\/td>\n<td>3,902<\/td>\n<td>2,825<\/td>\n<td>62<\/td>\n<td>185<\/td>\n<td>&#8211;<\/td>\n<td>&#8211;<\/td>\n<td>44\u00a0%<\/td>\n<td>14<\/td>\n<\/tr>\n<tr>\n<td>18<\/td>\n<td>4,577<\/td>\n<td>4,975<\/td>\n<td>3,560<\/td>\n<td>72<\/td>\n<td>222<\/td>\n<td>Support colums<\/td>\n<td>&#8211;<\/td>\n<td>42\u00a0%<\/td>\n<td>15<\/td>\n<\/tr>\n<tr>\n<td>19<\/td>\n<td>5,767<\/td>\n<td>6,343<\/td>\n<td>4,485<\/td>\n<td>84<\/td>\n<td>266<\/td>\n<td>&#8211;<\/td>\n<td>&#8211;<\/td>\n<td>40\u00a0%<\/td>\n<td>17<\/td>\n<\/tr>\n<tr>\n<td>20<\/td>\n<td>7,266<\/td>\n<td>8,087<\/td>\n<td>5,651<\/td>\n<td>99<\/td>\n<td>319<\/td>\n<td>&#8211;<\/td>\n<td>Akademia<\/td>\n<td>38\u00a0%<\/td>\n<td>18<\/td>\n<\/tr>\n<tr>\n<td>21<\/td>\n<td>9,155<\/td>\n<td>10,311<\/td>\n<td>7,120<\/td>\n<td>116<\/td>\n<td>383<\/td>\n<td>&#8211;<\/td>\n<td>&#8211;<\/td>\n<td>36\u00a0%<\/td>\n<td>20<\/td>\n<\/tr>\n<tr>\n<td>22<\/td>\n<td>11,535<\/td>\n<td>13,146<\/td>\n<td>8,972<\/td>\n<td>135<\/td>\n<td>460<\/td>\n<td>&#8211;<\/td>\n<td>&#8211;<\/td>\n<td>34\u00a0%<\/td>\n<td>22<\/td>\n<\/tr>\n<tr>\n<td>23<\/td>\n<td>14,534<\/td>\n<td>16,762<\/td>\n<td>11,304<\/td>\n<td>158<\/td>\n<td>552<\/td>\n<td>&#8211;<\/td>\n<td>&#8211;<\/td>\n<td>32\u00a0%<\/td>\n<td>24<\/td>\n<\/tr>\n<tr>\n<td>24<\/td>\n<td>18,313<\/td>\n<td>21,371<\/td>\n<td>14,244<\/td>\n<td>185<\/td>\n<td>662<\/td>\n<td>&#8211;<\/td>\n<td>&#8211;<\/td>\n<td>31\u00a0%<\/td>\n<td>27<\/td>\n<\/tr>\n<tr>\n<td>25<\/td>\n<td>23,075<\/td>\n<td>27,248<\/td>\n<td>17,947<\/td>\n<td>216<\/td>\n<td>795<\/td>\n<td>&#8211;<\/td>\n<td>Sala Rozkaz\u00f3w<\/td>\n<td>29\u00a0%<\/td>\n<td>30<\/td>\n<\/tr>\n<tr>\n<td>26<\/td>\n<td>29,074<\/td>\n<td>34,741<\/td>\n<td>22,613<\/td>\n<td>253<\/td>\n<td>954<\/td>\n<td>&#8211;<\/td>\n<td>&#8211;<\/td>\n<td>28\u00a0%<\/td>\n<td>33<\/td>\n<\/tr>\n<tr>\n<td>27<\/td>\n<td>36,633<\/td>\n<td>44,295<\/td>\n<td>28,493<\/td>\n<td>296<\/td>\n<td>1,145<\/td>\n<td>&#8211;<\/td>\n<td>&#8211;<\/td>\n<td>26\u00a0%<\/td>\n<td>36<\/td>\n<\/tr>\n<tr>\n<td>28<\/td>\n<td>46,158<\/td>\n<td>56,476<\/td>\n<td>35,901<\/td>\n<td>347<\/td>\n<td>1,374<\/td>\n<td>&#8211;<\/td>\n<td>&#8211;<\/td>\n<td>25\u00a0%<\/td>\n<td>39<\/td>\n<\/tr>\n<tr>\n<td>29<\/td>\n<td>58,159<\/td>\n<td>72,007<\/td>\n<td>45,235<\/td>\n<td>406<\/td>\n<td>1,648<\/td>\n<td>&#8211;<\/td>\n<td>&#8211;<\/td>\n<td>24\u00a0%<\/td>\n<td>43<\/td>\n<\/tr>\n<tr>\n<td>30<\/td>\n<td>73,280<\/td>\n<td>91,809<\/td>\n<td>56,996<\/td>\n<td>475<\/td>\n<td>1,978<\/td>\n<td>&#8211;<\/td>\n<td>&#8211;<\/td>\n<td>23\u00a0%<\/td>\n<td>48<\/td>\n<\/tr>\n<\/tbody>\n<\/table>\n<h3><span id=\"Headquarters_Research\">Dost\u0119pne badania <\/span><\/h3>\n<table>\n<tbody>\n<tr>\n<th style=\"text-align: center;\">Poziom<\/th>\n<th style=\"text-align: center;\">Badanie<\/th>\n<th style=\"text-align: center;\">Opis<\/th>\n<\/tr>\n<tr>\n<td>18<\/td>\n<td>Support colums<\/td>\n<td>Zwi\u0119ksza punkty \u017cycia Ratusza o 50%<\/td>\n<\/tr>\n<\/tbody>\n<\/table>\n<h3>Maksymalny poziom rozbudowy<\/h3>\n<p>Maksymalnym poziomem ratusza jest\u00a030-ty.<\/p>\n<table align=\"center\">\n<tbody>\n<tr>\n<th>Poziom 1 &#8211; 5<\/th>\n<th>Poziom 6 &#8211; 10<\/th>\n<th>Poziom 11 &#8211; 15<\/th>\n<th>Poziom 16 &#8211; 20<\/th>\n<th>Poziom 21 &#8211; 25<\/th>\n<th>Poziom 26 &#8211; 30<\/th>\n<\/tr>\n<tr>\n<td><img loading=\"lazy\" decoding=\"async\" src=\"https:\/\/www.desercik.pl\/tribal-wars-2\/wp-content\/uploads\/2014\/07\/Headquarters_lvl_1-5.png\" alt=\"Headquarters lvl 1-5.png\" width=\"100\" height=\"108\" \/><\/td>\n<td><img loading=\"lazy\" decoding=\"async\" src=\"https:\/\/www.desercik.pl\/tribal-wars-2\/wp-content\/uploads\/2014\/07\/Headquarters_lvl_6-10.png\" alt=\"Headquarters lvl 6-10.png\" width=\"100\" height=\"94\" \/><\/td>\n<td><img loading=\"lazy\" decoding=\"async\" src=\"https:\/\/www.desercik.pl\/tribal-wars-2\/wp-content\/uploads\/2014\/07\/Headquarters_lvl_11-15.png\" alt=\"Headquarters lvl 11-15.png\" width=\"100\" height=\"89\" \/><\/td>\n<td><img loading=\"lazy\" decoding=\"async\" src=\"https:\/\/www.desercik.pl\/tribal-wars-2\/wp-content\/uploads\/2014\/07\/Headquarters_lvl_16-20.png\" alt=\"Headquarters lvl 16-20.png\" width=\"100\" height=\"90\" \/><\/td>\n<td><img loading=\"lazy\" decoding=\"async\" src=\"https:\/\/www.desercik.pl\/tribal-wars-2\/wp-content\/uploads\/2014\/07\/Headquarters_lvl_21-25.png\" alt=\"Headquarters lvl 21-25.png\" width=\"100\" height=\"94\" \/><\/td>\n<td><img loading=\"lazy\" decoding=\"async\" src=\"https:\/\/www.desercik.pl\/tribal-wars-2\/wp-content\/uploads\/2014\/07\/Headquarters_lvl_26-30.png\" alt=\"Headquarters lvl 26-30.png\" width=\"100\" height=\"97\" \/><\/td>\n<\/tr>\n<\/tbody>\n<\/table>\n","protected":false},"excerpt":{"rendered":"<p>Ratusz pozwala nam podejrze\u0107 na jakim etapie rozbudowy znajduje si\u0119 nasza wioska jak i z poziomu ratusza mo\u017cna rozbudowywa\u0107 kolejne budynki, wszystkie w jednym miejscu. Ka\u017cdy kolejny poziom ratusza zmniejsza czas budowy wszystkich budynk\u00f3w w wiosce, w kt\u00f3rej jest rozbudowywany.&hellip; <a href=\"https:\/\/www.desercik.pl\/tribal-wars-2\/budynki-lista\/ratusz-headquarters\/\" class=\"more-link\">Continue Reading <span class=\"meta-nav\">&rarr;<\/span><\/a><\/p>\n","protected":false},"author":1,"featured_media":0,"parent":175,"menu_order":0,"comment_status":"open","ping_status":"open","template":"","meta":{"footnotes":""},"class_list":["post-199","page","type-page","status-publish","hentry"],"yoast_head":"<!-- This site is optimized with the Yoast SEO plugin v27.3 - https:\/\/yoast.com\/product\/yoast-seo-wordpress\/ -->\n<title>Ratusz (Headquarters) - Plemiona 2 - Tribal Wars 2<\/title>\n<meta name=\"description\" content=\"Ratusz pozwala nam podejrze\u0107 na jakim etapie rozbudowy znajduje si\u0119 nasza wioska jak i z poziomu ratusza mo\u017cna rozbudowywa\u0107 kolejne budynki, wszystkie w jednym miejscu. Ka\u017cdy kolejny poziom ratusza zmniejsza czas budowy wszystkich budynk\u00f3w w wiosce, w kt\u00f3rej jest rozbudowywany. Nale\u017cy rozbudowywa\u0107 ratusz, aby otrzyma\u0107 dost\u0119p do innych budynk\u00f3w i aby mie\u0107 je wszystkie wymagany jest poziom 25 z 30.\" \/>\n<meta name=\"robots\" content=\"index, follow, max-snippet:-1, max-image-preview:large, max-video-preview:-1\" \/>\n<link rel=\"canonical\" href=\"https:\/\/www.desercik.pl\/tribal-wars-2\/budynki-lista\/ratusz-headquarters\/\" \/>\n<meta property=\"og:locale\" content=\"pl_PL\" \/>\n<meta property=\"og:type\" content=\"article\" \/>\n<meta property=\"og:title\" content=\"Ratusz (Headquarters) - Plemiona 2 - Tribal Wars 2\" \/>\n<meta property=\"og:description\" content=\"Ratusz pozwala nam podejrze\u0107 na jakim etapie rozbudowy znajduje si\u0119 nasza wioska jak i z poziomu ratusza mo\u017cna rozbudowywa\u0107 kolejne budynki, wszystkie w jednym miejscu. Ka\u017cdy kolejny poziom ratusza zmniejsza czas budowy wszystkich budynk\u00f3w w wiosce, w kt\u00f3rej jest rozbudowywany. Nale\u017cy rozbudowywa\u0107 ratusz, aby otrzyma\u0107 dost\u0119p do innych budynk\u00f3w i aby mie\u0107 je wszystkie wymagany jest poziom 25 z 30.\" \/>\n<meta property=\"og:url\" content=\"https:\/\/www.desercik.pl\/tribal-wars-2\/budynki-lista\/ratusz-headquarters\/\" \/>\n<meta property=\"og:site_name\" content=\"Plemiona 2\" \/>\n<meta property=\"article:modified_time\" content=\"2014-07-31T21:02:07+00:00\" \/>\n<meta property=\"og:image\" content=\"https:\/\/www.desercik.pl\/tribal-wars-2\/wp-content\/uploads\/2014\/07\/Wood.png\" \/>\n<meta name=\"twitter:label1\" content=\"Szacowany czas czytania\" \/>\n\t<meta name=\"twitter:data1\" content=\"1 minuta\" \/>\n<script type=\"application\/ld+json\" class=\"yoast-schema-graph\">{\"@context\":\"https:\\\/\\\/schema.org\",\"@graph\":[{\"@type\":\"WebPage\",\"@id\":\"https:\\\/\\\/www.desercik.pl\\\/tribal-wars-2\\\/budynki-lista\\\/ratusz-headquarters\\\/\",\"url\":\"https:\\\/\\\/www.desercik.pl\\\/tribal-wars-2\\\/budynki-lista\\\/ratusz-headquarters\\\/\",\"name\":\"Ratusz (Headquarters) - Plemiona 2 - Tribal Wars 2\",\"isPartOf\":{\"@id\":\"https:\\\/\\\/www.desercik.pl\\\/tribal-wars-2\\\/#website\"},\"primaryImageOfPage\":{\"@id\":\"https:\\\/\\\/www.desercik.pl\\\/tribal-wars-2\\\/budynki-lista\\\/ratusz-headquarters\\\/#primaryimage\"},\"image\":{\"@id\":\"https:\\\/\\\/www.desercik.pl\\\/tribal-wars-2\\\/budynki-lista\\\/ratusz-headquarters\\\/#primaryimage\"},\"thumbnailUrl\":\"https:\\\/\\\/www.desercik.pl\\\/tribal-wars-2\\\/wp-content\\\/uploads\\\/2014\\\/07\\\/Wood.png\",\"datePublished\":\"2014-07-31T20:57:34+00:00\",\"dateModified\":\"2014-07-31T21:02:07+00:00\",\"description\":\"Ratusz pozwala nam podejrze\u0107 na jakim etapie rozbudowy znajduje si\u0119 nasza wioska jak i z poziomu ratusza mo\u017cna rozbudowywa\u0107 kolejne budynki, wszystkie w jednym miejscu. Ka\u017cdy kolejny poziom ratusza zmniejsza czas budowy wszystkich budynk\u00f3w w wiosce, w kt\u00f3rej jest rozbudowywany. Nale\u017cy rozbudowywa\u0107 ratusz, aby otrzyma\u0107 dost\u0119p do innych budynk\u00f3w i aby mie\u0107 je wszystkie wymagany jest poziom 25 z 30.\",\"breadcrumb\":{\"@id\":\"https:\\\/\\\/www.desercik.pl\\\/tribal-wars-2\\\/budynki-lista\\\/ratusz-headquarters\\\/#breadcrumb\"},\"inLanguage\":\"pl-PL\",\"potentialAction\":[{\"@type\":\"ReadAction\",\"target\":[\"https:\\\/\\\/www.desercik.pl\\\/tribal-wars-2\\\/budynki-lista\\\/ratusz-headquarters\\\/\"]}]},{\"@type\":\"ImageObject\",\"inLanguage\":\"pl-PL\",\"@id\":\"https:\\\/\\\/www.desercik.pl\\\/tribal-wars-2\\\/budynki-lista\\\/ratusz-headquarters\\\/#primaryimage\",\"url\":\"https:\\\/\\\/www.desercik.pl\\\/tribal-wars-2\\\/wp-content\\\/uploads\\\/2014\\\/07\\\/Wood.png\",\"contentUrl\":\"https:\\\/\\\/www.desercik.pl\\\/tribal-wars-2\\\/wp-content\\\/uploads\\\/2014\\\/07\\\/Wood.png\",\"width\":44,\"height\":44},{\"@type\":\"BreadcrumbList\",\"@id\":\"https:\\\/\\\/www.desercik.pl\\\/tribal-wars-2\\\/budynki-lista\\\/ratusz-headquarters\\\/#breadcrumb\",\"itemListElement\":[{\"@type\":\"ListItem\",\"position\":1,\"name\":\"Strona g\u0142\u00f3wna\",\"item\":\"https:\\\/\\\/www.desercik.pl\\\/tribal-wars-2\\\/\"},{\"@type\":\"ListItem\",\"position\":2,\"name\":\"Budynki\",\"item\":\"https:\\\/\\\/www.desercik.pl\\\/tribal-wars-2\\\/budynki-lista\\\/\"},{\"@type\":\"ListItem\",\"position\":3,\"name\":\"Ratusz (Headquarters)\"}]},{\"@type\":\"WebSite\",\"@id\":\"https:\\\/\\\/www.desercik.pl\\\/tribal-wars-2\\\/#website\",\"url\":\"https:\\\/\\\/www.desercik.pl\\\/tribal-wars-2\\\/\",\"name\":\"Plemiona 2\",\"description\":\"\",\"potentialAction\":[{\"@type\":\"SearchAction\",\"target\":{\"@type\":\"EntryPoint\",\"urlTemplate\":\"https:\\\/\\\/www.desercik.pl\\\/tribal-wars-2\\\/?s={search_term_string}\"},\"query-input\":{\"@type\":\"PropertyValueSpecification\",\"valueRequired\":true,\"valueName\":\"search_term_string\"}}],\"inLanguage\":\"pl-PL\"}]}<\/script>\n<!-- \/ Yoast SEO plugin. -->","yoast_head_json":{"title":"Ratusz (Headquarters) - Plemiona 2 - Tribal Wars 2","description":"Ratusz pozwala nam podejrze\u0107 na jakim etapie rozbudowy znajduje si\u0119 nasza wioska jak i z poziomu ratusza mo\u017cna rozbudowywa\u0107 kolejne budynki, wszystkie w jednym miejscu. Ka\u017cdy kolejny poziom ratusza zmniejsza czas budowy wszystkich budynk\u00f3w w wiosce, w kt\u00f3rej jest rozbudowywany. Nale\u017cy rozbudowywa\u0107 ratusz, aby otrzyma\u0107 dost\u0119p do innych budynk\u00f3w i aby mie\u0107 je wszystkie wymagany jest poziom 25 z 30.","robots":{"index":"index","follow":"follow","max-snippet":"max-snippet:-1","max-image-preview":"max-image-preview:large","max-video-preview":"max-video-preview:-1"},"canonical":"https:\/\/www.desercik.pl\/tribal-wars-2\/budynki-lista\/ratusz-headquarters\/","og_locale":"pl_PL","og_type":"article","og_title":"Ratusz (Headquarters) - Plemiona 2 - Tribal Wars 2","og_description":"Ratusz pozwala nam podejrze\u0107 na jakim etapie rozbudowy znajduje si\u0119 nasza wioska jak i z poziomu ratusza mo\u017cna rozbudowywa\u0107 kolejne budynki, wszystkie w jednym miejscu. Ka\u017cdy kolejny poziom ratusza zmniejsza czas budowy wszystkich budynk\u00f3w w wiosce, w kt\u00f3rej jest rozbudowywany. Nale\u017cy rozbudowywa\u0107 ratusz, aby otrzyma\u0107 dost\u0119p do innych budynk\u00f3w i aby mie\u0107 je wszystkie wymagany jest poziom 25 z 30.","og_url":"https:\/\/www.desercik.pl\/tribal-wars-2\/budynki-lista\/ratusz-headquarters\/","og_site_name":"Plemiona 2","article_modified_time":"2014-07-31T21:02:07+00:00","og_image":[{"url":"https:\/\/www.desercik.pl\/tribal-wars-2\/wp-content\/uploads\/2014\/07\/Wood.png","type":"","width":"","height":""}],"twitter_misc":{"Szacowany czas czytania":"1 minuta"},"schema":{"@context":"https:\/\/schema.org","@graph":[{"@type":"WebPage","@id":"https:\/\/www.desercik.pl\/tribal-wars-2\/budynki-lista\/ratusz-headquarters\/","url":"https:\/\/www.desercik.pl\/tribal-wars-2\/budynki-lista\/ratusz-headquarters\/","name":"Ratusz (Headquarters) - Plemiona 2 - Tribal Wars 2","isPartOf":{"@id":"https:\/\/www.desercik.pl\/tribal-wars-2\/#website"},"primaryImageOfPage":{"@id":"https:\/\/www.desercik.pl\/tribal-wars-2\/budynki-lista\/ratusz-headquarters\/#primaryimage"},"image":{"@id":"https:\/\/www.desercik.pl\/tribal-wars-2\/budynki-lista\/ratusz-headquarters\/#primaryimage"},"thumbnailUrl":"https:\/\/www.desercik.pl\/tribal-wars-2\/wp-content\/uploads\/2014\/07\/Wood.png","datePublished":"2014-07-31T20:57:34+00:00","dateModified":"2014-07-31T21:02:07+00:00","description":"Ratusz pozwala nam podejrze\u0107 na jakim etapie rozbudowy znajduje si\u0119 nasza wioska jak i z poziomu ratusza mo\u017cna rozbudowywa\u0107 kolejne budynki, wszystkie w jednym miejscu. Ka\u017cdy kolejny poziom ratusza zmniejsza czas budowy wszystkich budynk\u00f3w w wiosce, w kt\u00f3rej jest rozbudowywany. Nale\u017cy rozbudowywa\u0107 ratusz, aby otrzyma\u0107 dost\u0119p do innych budynk\u00f3w i aby mie\u0107 je wszystkie wymagany jest poziom 25 z 30.","breadcrumb":{"@id":"https:\/\/www.desercik.pl\/tribal-wars-2\/budynki-lista\/ratusz-headquarters\/#breadcrumb"},"inLanguage":"pl-PL","potentialAction":[{"@type":"ReadAction","target":["https:\/\/www.desercik.pl\/tribal-wars-2\/budynki-lista\/ratusz-headquarters\/"]}]},{"@type":"ImageObject","inLanguage":"pl-PL","@id":"https:\/\/www.desercik.pl\/tribal-wars-2\/budynki-lista\/ratusz-headquarters\/#primaryimage","url":"https:\/\/www.desercik.pl\/tribal-wars-2\/wp-content\/uploads\/2014\/07\/Wood.png","contentUrl":"https:\/\/www.desercik.pl\/tribal-wars-2\/wp-content\/uploads\/2014\/07\/Wood.png","width":44,"height":44},{"@type":"BreadcrumbList","@id":"https:\/\/www.desercik.pl\/tribal-wars-2\/budynki-lista\/ratusz-headquarters\/#breadcrumb","itemListElement":[{"@type":"ListItem","position":1,"name":"Strona g\u0142\u00f3wna","item":"https:\/\/www.desercik.pl\/tribal-wars-2\/"},{"@type":"ListItem","position":2,"name":"Budynki","item":"https:\/\/www.desercik.pl\/tribal-wars-2\/budynki-lista\/"},{"@type":"ListItem","position":3,"name":"Ratusz (Headquarters)"}]},{"@type":"WebSite","@id":"https:\/\/www.desercik.pl\/tribal-wars-2\/#website","url":"https:\/\/www.desercik.pl\/tribal-wars-2\/","name":"Plemiona 2","description":"","potentialAction":[{"@type":"SearchAction","target":{"@type":"EntryPoint","urlTemplate":"https:\/\/www.desercik.pl\/tribal-wars-2\/?s={search_term_string}"},"query-input":{"@type":"PropertyValueSpecification","valueRequired":true,"valueName":"search_term_string"}}],"inLanguage":"pl-PL"}]}},"_links":{"self":[{"href":"https:\/\/www.desercik.pl\/tribal-wars-2\/wp-json\/wp\/v2\/pages\/199","targetHints":{"allow":["GET"]}}],"collection":[{"href":"https:\/\/www.desercik.pl\/tribal-wars-2\/wp-json\/wp\/v2\/pages"}],"about":[{"href":"https:\/\/www.desercik.pl\/tribal-wars-2\/wp-json\/wp\/v2\/types\/page"}],"author":[{"embeddable":true,"href":"https:\/\/www.desercik.pl\/tribal-wars-2\/wp-json\/wp\/v2\/users\/1"}],"replies":[{"embeddable":true,"href":"https:\/\/www.desercik.pl\/tribal-wars-2\/wp-json\/wp\/v2\/comments?post=199"}],"version-history":[{"count":0,"href":"https:\/\/www.desercik.pl\/tribal-wars-2\/wp-json\/wp\/v2\/pages\/199\/revisions"}],"up":[{"embeddable":true,"href":"https:\/\/www.desercik.pl\/tribal-wars-2\/wp-json\/wp\/v2\/pages\/175"}],"wp:attachment":[{"href":"https:\/\/www.desercik.pl\/tribal-wars-2\/wp-json\/wp\/v2\/media?parent=199"}],"curies":[{"name":"wp","href":"https:\/\/api.w.org\/{rel}","templated":true}]}}