{"id":175,"date":"2014-07-31T22:41:58","date_gmt":"2014-07-31T20:41:58","guid":{"rendered":"http:\/\/www.desercik.pl\/tribal-wars-2\/?page_id=175"},"modified":"2014-08-05T00:07:34","modified_gmt":"2014-08-04T22:07:34","slug":"budynki-lista","status":"publish","type":"page","link":"https:\/\/www.desercik.pl\/tribal-wars-2\/budynki-lista\/","title":{"rendered":"Budynki"},"content":{"rendered":"<p>Budynki to kluczowa sprawa w Tribal Wars 2. Zdobywamy za nie punkty, produkuj\u0105 nam armie jak i surowce, umo\u017cliwiaj\u0105 handel i wiele innych rzeczy. Ka\u017cdy budynek mo\u017cna rozbudowa\u0107 opr\u00f3cz kilku drobnych wyj\u0105tk\u00f3w. Poziom maksymalnej rozbudowy jest z g\u00f3ry okre\u015blony i nie mo\u017cna go omina\u0107. W sumie jedynie za budynki otrzymujemy jakiekolwiek punkty. Niekt\u00f3re budynki spe\u0142niaj\u0105 wa\u017cn\u0105 rol\u0119 w grze, odblokowuj\u0105 nam dost\u0119p do specjalnych jednostke czy kolejnych struktur, a tak\u017ce umo\u017cliwiaj\u0105 nam opracowywanie nowych technologii. Zwr\u00f3ci\u0107 nale\u017cy uwag\u0119 cho\u0107by na to jak wiele zale\u017cy od poziomu Ratusza (Headquarters).<\/p>\n<h2>Lista budynk\u00f3w w Plemiona 2<\/h2>\n<table>\n<tbody>\n<tr>\n<td><a title=\"Ratusz (Headquarters)\" href=\"https:\/\/www.desercik.pl\/tribal-wars-2\/budynki\/ratusz-headquarters\/\"><img loading=\"lazy\" decoding=\"async\" class=\"aligncenter\" src=\"https:\/\/www.desercik.pl\/tribal-wars-2\/wp-content\/uploads\/2014\/07\/Headquarter.jpg\" alt=\"\" width=\"134\" height=\"134\" \/>Ratusz<\/a><\/td>\n<td><a title=\"Tartak (Timber Camp)\" href=\"https:\/\/www.desercik.pl\/tribal-wars-2\/budynki\/tartak-timber-camp\/\"><img loading=\"lazy\" decoding=\"async\" class=\"aligncenter\" src=\"https:\/\/www.desercik.pl\/tribal-wars-2\/wp-content\/uploads\/2014\/07\/TimberCamp.png\" alt=\"\" width=\"134\" height=\"134\" \/>Tartak<\/a><\/td>\n<td><a title=\"Cegielnia (Clay Pit)\" href=\"https:\/\/www.desercik.pl\/tribal-wars-2\/budynki\/cegielnia\/\"><img loading=\"lazy\" decoding=\"async\" class=\"aligncenter\" src=\"https:\/\/www.desercik.pl\/tribal-wars-2\/wp-content\/uploads\/2014\/07\/Claypit.png\" alt=\"\" width=\"134\" height=\"134\" \/>Cegielnia<\/a><\/td>\n<td><a title=\"Kopalnia \u017belaza (Iron Mine)\" href=\"https:\/\/www.desercik.pl\/tribal-wars-2\/budynki\/kopalnia-zelaza\/\"><img loading=\"lazy\" decoding=\"async\" class=\"aligncenter\" src=\"https:\/\/www.desercik.pl\/tribal-wars-2\/wp-content\/uploads\/2014\/07\/IronMine.png\" alt=\"\" width=\"134\" height=\"134\" \/>Kopalnia \u017celaza<\/a><\/td>\n<\/tr>\n<tr>\n<td><a title=\"Farma\" href=\"https:\/\/www.desercik.pl\/tribal-wars-2\/budynki\/farma\/\"><img loading=\"lazy\" decoding=\"async\" class=\"aligncenter\" src=\"https:\/\/www.desercik.pl\/tribal-wars-2\/wp-content\/uploads\/2014\/07\/Farm.png\" alt=\"\" width=\"134\" height=\"134\" \/>Farma<\/a><\/td>\n<td><a title=\"Magazyn\" href=\"https:\/\/www.desercik.pl\/tribal-wars-2\/budynki\/magazyn\/\"><img loading=\"lazy\" decoding=\"async\" class=\"aligncenter\" src=\"https:\/\/www.desercik.pl\/tribal-wars-2\/wp-content\/uploads\/2014\/07\/Warehouse.jpg\" alt=\"\" width=\"134\" height=\"134\" \/>Magazyn<\/a><\/td>\n<td><a title=\"Ko\u015bci\u00f3\u0142\/Kaplica\" href=\"https:\/\/www.desercik.pl\/tribal-wars-2\/budynki\/kosciol-kaplica\/\"><img loading=\"lazy\" decoding=\"async\" class=\"aligncenter\" src=\"https:\/\/www.desercik.pl\/tribal-wars-2\/wp-content\/uploads\/2014\/07\/Church.jpg\" alt=\"\" width=\"134\" height=\"134\" \/>Kaplica\/Ko\u015bci\u00f3\u0142<\/a><\/td>\n<td><a title=\"Miejsce zbi\u00f3rki\" href=\"https:\/\/www.desercik.pl\/tribal-wars-2\/budynki\/miejsce-zbiorki\/\"><img loading=\"lazy\" decoding=\"async\" class=\"aligncenter\" src=\"https:\/\/www.desercik.pl\/tribal-wars-2\/wp-content\/uploads\/2014\/07\/Rally_point.jpg\" alt=\"\" width=\"134\" height=\"134\" \/>Miejsce zbi\u00f3rki<\/a><\/td>\n<\/tr>\n<tr>\n<td><a title=\"Koszary\" href=\"https:\/\/www.desercik.pl\/tribal-wars-2\/budynki\/koszary\/\"><img loading=\"lazy\" decoding=\"async\" class=\"aligncenter\" src=\"https:\/\/www.desercik.pl\/tribal-wars-2\/wp-content\/uploads\/2014\/07\/Barrack.png\" alt=\"\" width=\"134\" height=\"134\" \/>Koszary<\/a><\/td>\n<td><a title=\"Piedesta\u0142\" href=\"https:\/\/www.desercik.pl\/tribal-wars-2\/budynki\/piedestal\/\"><img loading=\"lazy\" decoding=\"async\" class=\"aligncenter\" src=\"https:\/\/www.desercik.pl\/tribal-wars-2\/wp-content\/uploads\/2014\/07\/Statue.png\" alt=\"\" width=\"134\" height=\"134\" \/>Piedesta\u0142<\/a><\/td>\n<td><a title=\"Mur\" href=\"https:\/\/www.desercik.pl\/tribal-wars-2\/budynki\/mur\/\"><img loading=\"lazy\" decoding=\"async\" class=\"aligncenter\" src=\"https:\/\/www.desercik.pl\/tribal-wars-2\/wp-content\/uploads\/2014\/07\/Wall.jpg\" alt=\"\" width=\"134\" height=\"134\" \/>Mur<\/a><\/td>\n<td><a title=\"Szpital\" href=\"https:\/\/www.desercik.pl\/tribal-wars-2\/budynki\/szpital\/\"><img loading=\"lazy\" decoding=\"async\" class=\"aligncenter\" src=\"https:\/\/www.desercik.pl\/tribal-wars-2\/wp-content\/uploads\/2014\/07\/Hospital.jpg\" alt=\"\" width=\"134\" height=\"134\" \/>Szpital<\/a><\/td>\n<\/tr>\n<tr>\n<td><a title=\"Rynek\" href=\"https:\/\/www.desercik.pl\/tribal-wars-2\/budynki\/rynek\/\"><img loading=\"lazy\" decoding=\"async\" class=\"aligncenter\" src=\"https:\/\/www.desercik.pl\/tribal-wars-2\/wp-content\/uploads\/2014\/07\/Market.jpg\" alt=\"\" width=\"134\" height=\"134\" \/>Rynek<\/a><\/td>\n<td><a title=\"Tawerna\" href=\"https:\/\/www.desercik.pl\/tribal-wars-2\/budynki\/tawerna\/\"><img loading=\"lazy\" decoding=\"async\" class=\"aligncenter\" src=\"https:\/\/www.desercik.pl\/tribal-wars-2\/wp-content\/uploads\/2014\/07\/Tavern.png\" alt=\"\" width=\"134\" height=\"134\" \/>Tawerna<\/a><\/td>\n<td><a title=\"Akademia\" href=\"https:\/\/www.desercik.pl\/tribal-wars-2\/budynki\/akademia\/\"><img loading=\"lazy\" decoding=\"async\" class=\"aligncenter\" src=\"https:\/\/www.desercik.pl\/tribal-wars-2\/wp-content\/uploads\/2014\/07\/Academy.jpg\" alt=\"\" width=\"134\" height=\"134\" \/>Akademia<\/a><\/td>\n<td><a title=\"Sala Rozkaz\u00f3w (Hall of Orders)\" href=\"https:\/\/www.desercik.pl\/tribal-wars-2\/budynki\/sala-rozkazow\/\"><img loading=\"lazy\" decoding=\"async\" class=\"aligncenter\" src=\"https:\/\/www.desercik.pl\/tribal-wars-2\/wp-content\/uploads\/2014\/07\/Halloforders.jpg\" alt=\"\" width=\"134\" height=\"134\" \/>Sala rozkaz\u00f3w<\/a><\/td>\n<\/tr>\n<\/tbody>\n<\/table>\n<h3>Wymagania budynk\u00f3w<\/h3>\n<table class=\"tabela\">\n<tbody>\n<tr>\n<th>Surowce<\/th>\n<th>Ikona<\/th>\n<th>Ulokowanie<\/th>\n<th>Jak zdobywa\u0107?<\/th>\n<\/tr>\n<tr>\n<td>Drewno<\/td>\n<td><img loading=\"lazy\" decoding=\"async\" src=\"https:\/\/www.desercik.pl\/tribal-wars-2\/wp-content\/uploads\/2014\/07\/Wood.png\" alt=\"Wood.png\" width=\"44\" height=\"44\" \/><\/td>\n<td>Prawe, g\u00f3rne menu<\/td>\n<td>Zwi\u0119kszaj poziom Tartaku<br \/>\nGrabie\u017c<\/td>\n<\/tr>\n<tr>\n<td>Glina<\/td>\n<td><img loading=\"lazy\" decoding=\"async\" src=\"https:\/\/www.desercik.pl\/tribal-wars-2\/wp-content\/uploads\/2014\/07\/Clay.png\" alt=\"Clay.png\" width=\"44\" height=\"44\" \/><\/td>\n<td>Prawe, g\u00f3rne menu<\/td>\n<td>Zwi\u0119kszaj poziom Cegielni<br \/>\nGrabie\u017c<\/td>\n<\/tr>\n<tr>\n<td>\u017belazo<\/td>\n<td><img loading=\"lazy\" decoding=\"async\" src=\"https:\/\/www.desercik.pl\/tribal-wars-2\/wp-content\/uploads\/2014\/07\/Iron.png\" alt=\"Iron.png\" width=\"44\" height=\"44\" \/><\/td>\n<td>Prawe, g\u00f3rne menu<\/td>\n<td>Zwi\u0119kszaj poziom\u00a0Kopalni \u017celaza<br \/>\nGrabie\u017c<\/td>\n<\/tr>\n<tr>\n<td>Prowiant<\/td>\n<td><img loading=\"lazy\" decoding=\"async\" src=\"https:\/\/www.desercik.pl\/tribal-wars-2\/wp-content\/uploads\/2014\/07\/Provisions.png\" alt=\"Provisions.png\" width=\"44\" height=\"44\" \/><\/td>\n<td>Prawe, g\u00f3rne menu<\/td>\n<td>Zwi\u0119kszaj poziom\u00a0Farmy<\/td>\n<\/tr>\n<tr>\n<td>Ratusz<\/td>\n<td><img loading=\"lazy\" decoding=\"async\" src=\"https:\/\/www.desercik.pl\/tribal-wars-2\/wp-content\/uploads\/2014\/07\/Headquarter.jpg\" alt=\"Headquarter.jpg\" width=\"134\" height=\"134\" \/><\/td>\n<td>\u015arodek wioski<\/td>\n<td>Zwi\u0119kszaj poziom\u00a0Ratusza<\/td>\n<\/tr>\n<\/tbody>\n<\/table>\n","protected":false},"excerpt":{"rendered":"<p>Budynki to kluczowa sprawa w Tribal Wars 2. Zdobywamy za nie punkty, produkuj\u0105 nam armie jak i surowce, umo\u017cliwiaj\u0105 handel i wiele innych rzeczy. Ka\u017cdy budynek mo\u017cna rozbudowa\u0107 opr\u00f3cz kilku drobnych wyj\u0105tk\u00f3w. Poziom maksymalnej rozbudowy jest z g\u00f3ry okre\u015blony i&hellip; <a href=\"https:\/\/www.desercik.pl\/tribal-wars-2\/budynki-lista\/\" class=\"more-link\">Continue Reading <span class=\"meta-nav\">&rarr;<\/span><\/a><\/p>\n","protected":false},"author":1,"featured_media":0,"parent":0,"menu_order":0,"comment_status":"open","ping_status":"open","template":"","meta":{"footnotes":""},"class_list":["post-175","page","type-page","status-publish","hentry"],"yoast_head":"<!-- This site is optimized with the Yoast SEO plugin v27.3 - https:\/\/yoast.com\/product\/yoast-seo-wordpress\/ -->\n<title>Budynki - Plemiona 2 - Tribal Wars 2<\/title>\n<meta name=\"description\" content=\"Budynki to kluczowa sprawa w Tribal Wars 2. Zdobywamy za nie punkty, produkuj\u0105 nam armie jak i surowce, umo\u017cliwiaj\u0105 handel i wiele innych rzeczy. Ka\u017cdy budynek mo\u017cna rozbudowa\u0107 opr\u00f3cz kilku drobnych wyj\u0105tk\u00f3w. Poziom maksymalnej rozbudowy jest z g\u00f3ry okre\u015blony i nie mo\u017cna go omina\u0107.\" \/>\n<meta name=\"robots\" content=\"index, follow, max-snippet:-1, max-image-preview:large, max-video-preview:-1\" \/>\n<link rel=\"canonical\" href=\"https:\/\/www.desercik.pl\/tribal-wars-2\/budynki-lista\/\" \/>\n<meta property=\"og:locale\" content=\"pl_PL\" \/>\n<meta property=\"og:type\" content=\"article\" \/>\n<meta property=\"og:title\" content=\"Budynki - Plemiona 2 - Tribal Wars 2\" \/>\n<meta property=\"og:description\" content=\"Budynki to kluczowa sprawa w Tribal Wars 2. Zdobywamy za nie punkty, produkuj\u0105 nam armie jak i surowce, umo\u017cliwiaj\u0105 handel i wiele innych rzeczy. Ka\u017cdy budynek mo\u017cna rozbudowa\u0107 opr\u00f3cz kilku drobnych wyj\u0105tk\u00f3w. Poziom maksymalnej rozbudowy jest z g\u00f3ry okre\u015blony i nie mo\u017cna go omina\u0107.\" \/>\n<meta property=\"og:url\" content=\"https:\/\/www.desercik.pl\/tribal-wars-2\/budynki-lista\/\" \/>\n<meta property=\"og:site_name\" content=\"Plemiona 2\" \/>\n<meta property=\"article:modified_time\" content=\"2014-08-04T22:07:34+00:00\" \/>\n<meta property=\"og:image\" content=\"https:\/\/www.desercik.pl\/tribal-wars-2\/wp-content\/uploads\/2014\/07\/Headquarter.jpg\" \/>\n<meta name=\"twitter:label1\" content=\"Szacowany czas czytania\" \/>\n\t<meta name=\"twitter:data1\" content=\"1 minuta\" \/>\n<script type=\"application\/ld+json\" class=\"yoast-schema-graph\">{\"@context\":\"https:\\\/\\\/schema.org\",\"@graph\":[{\"@type\":\"WebPage\",\"@id\":\"https:\\\/\\\/www.desercik.pl\\\/tribal-wars-2\\\/budynki-lista\\\/\",\"url\":\"https:\\\/\\\/www.desercik.pl\\\/tribal-wars-2\\\/budynki-lista\\\/\",\"name\":\"Budynki - Plemiona 2 - Tribal Wars 2\",\"isPartOf\":{\"@id\":\"https:\\\/\\\/www.desercik.pl\\\/tribal-wars-2\\\/#website\"},\"primaryImageOfPage\":{\"@id\":\"https:\\\/\\\/www.desercik.pl\\\/tribal-wars-2\\\/budynki-lista\\\/#primaryimage\"},\"image\":{\"@id\":\"https:\\\/\\\/www.desercik.pl\\\/tribal-wars-2\\\/budynki-lista\\\/#primaryimage\"},\"thumbnailUrl\":\"https:\\\/\\\/www.desercik.pl\\\/tribal-wars-2\\\/wp-content\\\/uploads\\\/2014\\\/07\\\/Headquarter.jpg\",\"datePublished\":\"2014-07-31T20:41:58+00:00\",\"dateModified\":\"2014-08-04T22:07:34+00:00\",\"description\":\"Budynki to kluczowa sprawa w Tribal Wars 2. Zdobywamy za nie punkty, produkuj\u0105 nam armie jak i surowce, umo\u017cliwiaj\u0105 handel i wiele innych rzeczy. Ka\u017cdy budynek mo\u017cna rozbudowa\u0107 opr\u00f3cz kilku drobnych wyj\u0105tk\u00f3w. Poziom maksymalnej rozbudowy jest z g\u00f3ry okre\u015blony i nie mo\u017cna go omina\u0107.\",\"breadcrumb\":{\"@id\":\"https:\\\/\\\/www.desercik.pl\\\/tribal-wars-2\\\/budynki-lista\\\/#breadcrumb\"},\"inLanguage\":\"pl-PL\",\"potentialAction\":[{\"@type\":\"ReadAction\",\"target\":[\"https:\\\/\\\/www.desercik.pl\\\/tribal-wars-2\\\/budynki-lista\\\/\"]}]},{\"@type\":\"ImageObject\",\"inLanguage\":\"pl-PL\",\"@id\":\"https:\\\/\\\/www.desercik.pl\\\/tribal-wars-2\\\/budynki-lista\\\/#primaryimage\",\"url\":\"https:\\\/\\\/www.desercik.pl\\\/tribal-wars-2\\\/wp-content\\\/uploads\\\/2014\\\/07\\\/Headquarter.jpg\",\"contentUrl\":\"https:\\\/\\\/www.desercik.pl\\\/tribal-wars-2\\\/wp-content\\\/uploads\\\/2014\\\/07\\\/Headquarter.jpg\",\"width\":134,\"height\":134},{\"@type\":\"BreadcrumbList\",\"@id\":\"https:\\\/\\\/www.desercik.pl\\\/tribal-wars-2\\\/budynki-lista\\\/#breadcrumb\",\"itemListElement\":[{\"@type\":\"ListItem\",\"position\":1,\"name\":\"Strona g\u0142\u00f3wna\",\"item\":\"https:\\\/\\\/www.desercik.pl\\\/tribal-wars-2\\\/\"},{\"@type\":\"ListItem\",\"position\":2,\"name\":\"Budynki\"}]},{\"@type\":\"WebSite\",\"@id\":\"https:\\\/\\\/www.desercik.pl\\\/tribal-wars-2\\\/#website\",\"url\":\"https:\\\/\\\/www.desercik.pl\\\/tribal-wars-2\\\/\",\"name\":\"Plemiona 2\",\"description\":\"\",\"potentialAction\":[{\"@type\":\"SearchAction\",\"target\":{\"@type\":\"EntryPoint\",\"urlTemplate\":\"https:\\\/\\\/www.desercik.pl\\\/tribal-wars-2\\\/?s={search_term_string}\"},\"query-input\":{\"@type\":\"PropertyValueSpecification\",\"valueRequired\":true,\"valueName\":\"search_term_string\"}}],\"inLanguage\":\"pl-PL\"}]}<\/script>\n<!-- \/ Yoast SEO plugin. -->","yoast_head_json":{"title":"Budynki - Plemiona 2 - Tribal Wars 2","description":"Budynki to kluczowa sprawa w Tribal Wars 2. Zdobywamy za nie punkty, produkuj\u0105 nam armie jak i surowce, umo\u017cliwiaj\u0105 handel i wiele innych rzeczy. Ka\u017cdy budynek mo\u017cna rozbudowa\u0107 opr\u00f3cz kilku drobnych wyj\u0105tk\u00f3w. Poziom maksymalnej rozbudowy jest z g\u00f3ry okre\u015blony i nie mo\u017cna go omina\u0107.","robots":{"index":"index","follow":"follow","max-snippet":"max-snippet:-1","max-image-preview":"max-image-preview:large","max-video-preview":"max-video-preview:-1"},"canonical":"https:\/\/www.desercik.pl\/tribal-wars-2\/budynki-lista\/","og_locale":"pl_PL","og_type":"article","og_title":"Budynki - Plemiona 2 - Tribal Wars 2","og_description":"Budynki to kluczowa sprawa w Tribal Wars 2. Zdobywamy za nie punkty, produkuj\u0105 nam armie jak i surowce, umo\u017cliwiaj\u0105 handel i wiele innych rzeczy. Ka\u017cdy budynek mo\u017cna rozbudowa\u0107 opr\u00f3cz kilku drobnych wyj\u0105tk\u00f3w. Poziom maksymalnej rozbudowy jest z g\u00f3ry okre\u015blony i nie mo\u017cna go omina\u0107.","og_url":"https:\/\/www.desercik.pl\/tribal-wars-2\/budynki-lista\/","og_site_name":"Plemiona 2","article_modified_time":"2014-08-04T22:07:34+00:00","og_image":[{"url":"https:\/\/www.desercik.pl\/tribal-wars-2\/wp-content\/uploads\/2014\/07\/Headquarter.jpg","type":"","width":"","height":""}],"twitter_misc":{"Szacowany czas czytania":"1 minuta"},"schema":{"@context":"https:\/\/schema.org","@graph":[{"@type":"WebPage","@id":"https:\/\/www.desercik.pl\/tribal-wars-2\/budynki-lista\/","url":"https:\/\/www.desercik.pl\/tribal-wars-2\/budynki-lista\/","name":"Budynki - Plemiona 2 - Tribal Wars 2","isPartOf":{"@id":"https:\/\/www.desercik.pl\/tribal-wars-2\/#website"},"primaryImageOfPage":{"@id":"https:\/\/www.desercik.pl\/tribal-wars-2\/budynki-lista\/#primaryimage"},"image":{"@id":"https:\/\/www.desercik.pl\/tribal-wars-2\/budynki-lista\/#primaryimage"},"thumbnailUrl":"https:\/\/www.desercik.pl\/tribal-wars-2\/wp-content\/uploads\/2014\/07\/Headquarter.jpg","datePublished":"2014-07-31T20:41:58+00:00","dateModified":"2014-08-04T22:07:34+00:00","description":"Budynki to kluczowa sprawa w Tribal Wars 2. Zdobywamy za nie punkty, produkuj\u0105 nam armie jak i surowce, umo\u017cliwiaj\u0105 handel i wiele innych rzeczy. Ka\u017cdy budynek mo\u017cna rozbudowa\u0107 opr\u00f3cz kilku drobnych wyj\u0105tk\u00f3w. Poziom maksymalnej rozbudowy jest z g\u00f3ry okre\u015blony i nie mo\u017cna go omina\u0107.","breadcrumb":{"@id":"https:\/\/www.desercik.pl\/tribal-wars-2\/budynki-lista\/#breadcrumb"},"inLanguage":"pl-PL","potentialAction":[{"@type":"ReadAction","target":["https:\/\/www.desercik.pl\/tribal-wars-2\/budynki-lista\/"]}]},{"@type":"ImageObject","inLanguage":"pl-PL","@id":"https:\/\/www.desercik.pl\/tribal-wars-2\/budynki-lista\/#primaryimage","url":"https:\/\/www.desercik.pl\/tribal-wars-2\/wp-content\/uploads\/2014\/07\/Headquarter.jpg","contentUrl":"https:\/\/www.desercik.pl\/tribal-wars-2\/wp-content\/uploads\/2014\/07\/Headquarter.jpg","width":134,"height":134},{"@type":"BreadcrumbList","@id":"https:\/\/www.desercik.pl\/tribal-wars-2\/budynki-lista\/#breadcrumb","itemListElement":[{"@type":"ListItem","position":1,"name":"Strona g\u0142\u00f3wna","item":"https:\/\/www.desercik.pl\/tribal-wars-2\/"},{"@type":"ListItem","position":2,"name":"Budynki"}]},{"@type":"WebSite","@id":"https:\/\/www.desercik.pl\/tribal-wars-2\/#website","url":"https:\/\/www.desercik.pl\/tribal-wars-2\/","name":"Plemiona 2","description":"","potentialAction":[{"@type":"SearchAction","target":{"@type":"EntryPoint","urlTemplate":"https:\/\/www.desercik.pl\/tribal-wars-2\/?s={search_term_string}"},"query-input":{"@type":"PropertyValueSpecification","valueRequired":true,"valueName":"search_term_string"}}],"inLanguage":"pl-PL"}]}},"_links":{"self":[{"href":"https:\/\/www.desercik.pl\/tribal-wars-2\/wp-json\/wp\/v2\/pages\/175","targetHints":{"allow":["GET"]}}],"collection":[{"href":"https:\/\/www.desercik.pl\/tribal-wars-2\/wp-json\/wp\/v2\/pages"}],"about":[{"href":"https:\/\/www.desercik.pl\/tribal-wars-2\/wp-json\/wp\/v2\/types\/page"}],"author":[{"embeddable":true,"href":"https:\/\/www.desercik.pl\/tribal-wars-2\/wp-json\/wp\/v2\/users\/1"}],"replies":[{"embeddable":true,"href":"https:\/\/www.desercik.pl\/tribal-wars-2\/wp-json\/wp\/v2\/comments?post=175"}],"version-history":[{"count":0,"href":"https:\/\/www.desercik.pl\/tribal-wars-2\/wp-json\/wp\/v2\/pages\/175\/revisions"}],"wp:attachment":[{"href":"https:\/\/www.desercik.pl\/tribal-wars-2\/wp-json\/wp\/v2\/media?parent=175"}],"curies":[{"name":"wp","href":"https:\/\/api.w.org\/{rel}","templated":true}]}}