{"id":170,"date":"2014-07-31T22:27:45","date_gmt":"2014-07-31T20:27:45","guid":{"rendered":"http:\/\/www.desercik.pl\/tribal-wars-2\/?page_id=170"},"modified":"2014-07-31T22:28:45","modified_gmt":"2014-07-31T20:28:45","slug":"trebuchet","status":"publish","type":"page","link":"https:\/\/www.desercik.pl\/tribal-wars-2\/jednostki-w-grze\/trebuchet\/","title":{"rendered":"Trebuchet"},"content":{"rendered":"<p>Trebuchet to skuteczna machina obronna, kt\u00f3ra niszczy tu\u017c przed walk\u0105 machiny obl\u0119\u017cnicze atakuj\u0105cej armii. Jej koszt odpowiada skuteczno\u015bci, ale wymagania ma r\u00f3wnie wysokie jak i rzeczywiste wymiary.<\/p>\n<table class=\"tabela\">\n<tbody>\n<tr>\n<td colspan=\"6\"><center><img loading=\"lazy\" decoding=\"async\" src=\"https:\/\/www.desercik.pl\/tribal-wars-2\/wp-content\/uploads\/2014\/07\/Trebuchet_big.png\" alt=\"Trebuchet_big\" width=\"308\" height=\"400\" \/><\/center><\/td>\n<\/tr>\n<tr>\n<th>Wymagania<\/th>\n<td colspan=\"6\">Sala Rozkaz\u00f3w na poziomie 1<br \/>\nOrder of the Teutonic Knights<\/td>\n<\/tr>\n<tr>\n<th>Specjalne umiej\u0119tno\u015bci<\/th>\n<td colspan=\"6\">Niszczy wrogie machiny obl\u0119\u017cnicze je\u015bli ten kolos u\u017cywany jest do obrony.<\/td>\n<\/tr>\n<tr>\n<th>Cena<\/th>\n<td><img loading=\"lazy\" decoding=\"async\" src=\"https:\/\/www.desercik.pl\/tribal-wars-2\/wp-content\/uploads\/2014\/07\/Wood.png\" alt=\"\" width=\"44\" height=\"44\" \/>\u00a04000<\/td>\n<td><img loading=\"lazy\" decoding=\"async\" src=\"https:\/\/www.desercik.pl\/tribal-wars-2\/wp-content\/uploads\/2014\/07\/Clay.png\" alt=\"\" width=\"44\" height=\"44\" \/>\u00a02000<\/td>\n<td><img loading=\"lazy\" decoding=\"async\" src=\"https:\/\/www.desercik.pl\/tribal-wars-2\/wp-content\/uploads\/2014\/07\/Iron.png\" alt=\"\" width=\"44\" height=\"44\" \/>\u00a01000<\/td>\n<td colspan=\"2\"><img loading=\"lazy\" decoding=\"async\" src=\"https:\/\/www.desercik.pl\/tribal-wars-2\/wp-content\/uploads\/2014\/07\/Provisions.png\" alt=\"\" width=\"44\" height=\"44\" \/>\u00a010<\/td>\n<\/tr>\n<tr>\n<th>Statystyki<\/th>\n<td><img loading=\"lazy\" decoding=\"async\" src=\"https:\/\/www.desercik.pl\/tribal-wars-2\/wp-content\/uploads\/2014\/07\/Attack.png\" alt=\"\" width=\"44\" height=\"44\" \/>\u00a030<\/td>\n<td><img loading=\"lazy\" decoding=\"async\" src=\"https:\/\/www.desercik.pl\/tribal-wars-2\/wp-content\/uploads\/2014\/07\/Defense.png\" alt=\"\" width=\"44\" height=\"44\" \/>\u00a0200<\/td>\n<td><img loading=\"lazy\" decoding=\"async\" src=\"https:\/\/www.desercik.pl\/tribal-wars-2\/wp-content\/uploads\/2014\/07\/Cavalry_defense.png\" alt=\"\" width=\"44\" height=\"44\" \/>\u00a0250<\/td>\n<td><img loading=\"lazy\" decoding=\"async\" src=\"https:\/\/www.desercik.pl\/tribal-wars-2\/wp-content\/uploads\/2014\/07\/Archer_defense.png\" alt=\"\" width=\"44\" height=\"44\" \/>\u00a0200<\/td>\n<td><img loading=\"lazy\" decoding=\"async\" src=\"https:\/\/www.desercik.pl\/tribal-wars-2\/wp-content\/uploads\/2014\/07\/Load_capacity.png\" alt=\"\" width=\"44\" height=\"44\" \/>\u00a00<\/td>\n<\/tr>\n<\/tbody>\n<\/table>\n","protected":false},"excerpt":{"rendered":"<p>Trebuchet to skuteczna machina obronna, kt\u00f3ra niszczy tu\u017c przed walk\u0105 machiny obl\u0119\u017cnicze atakuj\u0105cej armii. Jej koszt odpowiada skuteczno\u015bci, ale wymagania ma r\u00f3wnie wysokie jak i rzeczywiste wymiary. Wymagania Sala Rozkaz\u00f3w na poziomie 1 Order of the Teutonic Knights Specjalne umiej\u0119tno\u015bci&hellip; <a href=\"https:\/\/www.desercik.pl\/tribal-wars-2\/jednostki-w-grze\/trebuchet\/\" class=\"more-link\">Continue Reading <span class=\"meta-nav\">&rarr;<\/span><\/a><\/p>\n","protected":false},"author":1,"featured_media":0,"parent":30,"menu_order":0,"comment_status":"open","ping_status":"open","template":"","meta":{"footnotes":""},"class_list":["post-170","page","type-page","status-publish","hentry"],"yoast_head":"<!-- This site is optimized with the Yoast SEO plugin v27.3 - https:\/\/yoast.com\/product\/yoast-seo-wordpress\/ -->\n<title>Trebuchet - Plemiona 2 - Tribal Wars 2<\/title>\n<meta name=\"description\" content=\"Trebuchet to skuteczna machina obronna, kt\u00f3ra niszczy tu\u017c przed walk\u0105 machiny obl\u0119\u017cnicze atakuj\u0105cej armii. Jej koszt odpowiada skuteczno\u015bci, ale wymagania ma r\u00f3wnie wysokie jak i rzeczywiste wymiary.\" \/>\n<meta name=\"robots\" content=\"index, follow, max-snippet:-1, max-image-preview:large, max-video-preview:-1\" \/>\n<link rel=\"canonical\" href=\"https:\/\/www.desercik.pl\/tribal-wars-2\/jednostki-w-grze\/trebuchet\/\" \/>\n<meta property=\"og:locale\" content=\"pl_PL\" \/>\n<meta property=\"og:type\" content=\"article\" \/>\n<meta property=\"og:title\" content=\"Trebuchet - Plemiona 2 - Tribal Wars 2\" \/>\n<meta property=\"og:description\" content=\"Trebuchet to skuteczna machina obronna, kt\u00f3ra niszczy tu\u017c przed walk\u0105 machiny obl\u0119\u017cnicze atakuj\u0105cej armii. Jej koszt odpowiada skuteczno\u015bci, ale wymagania ma r\u00f3wnie wysokie jak i rzeczywiste wymiary.\" \/>\n<meta property=\"og:url\" content=\"https:\/\/www.desercik.pl\/tribal-wars-2\/jednostki-w-grze\/trebuchet\/\" \/>\n<meta property=\"og:site_name\" content=\"Plemiona 2\" \/>\n<meta property=\"article:modified_time\" content=\"2014-07-31T20:28:45+00:00\" \/>\n<meta property=\"og:image\" content=\"https:\/\/www.desercik.pl\/tribal-wars-2\/wp-content\/uploads\/2014\/07\/Trebuchet_big.png\" \/>\n<script type=\"application\/ld+json\" class=\"yoast-schema-graph\">{\"@context\":\"https:\\\/\\\/schema.org\",\"@graph\":[{\"@type\":\"WebPage\",\"@id\":\"https:\\\/\\\/www.desercik.pl\\\/tribal-wars-2\\\/jednostki-w-grze\\\/trebuchet\\\/\",\"url\":\"https:\\\/\\\/www.desercik.pl\\\/tribal-wars-2\\\/jednostki-w-grze\\\/trebuchet\\\/\",\"name\":\"Trebuchet - Plemiona 2 - Tribal Wars 2\",\"isPartOf\":{\"@id\":\"https:\\\/\\\/www.desercik.pl\\\/tribal-wars-2\\\/#website\"},\"primaryImageOfPage\":{\"@id\":\"https:\\\/\\\/www.desercik.pl\\\/tribal-wars-2\\\/jednostki-w-grze\\\/trebuchet\\\/#primaryimage\"},\"image\":{\"@id\":\"https:\\\/\\\/www.desercik.pl\\\/tribal-wars-2\\\/jednostki-w-grze\\\/trebuchet\\\/#primaryimage\"},\"thumbnailUrl\":\"https:\\\/\\\/www.desercik.pl\\\/tribal-wars-2\\\/wp-content\\\/uploads\\\/2014\\\/07\\\/Trebuchet_big.png\",\"datePublished\":\"2014-07-31T20:27:45+00:00\",\"dateModified\":\"2014-07-31T20:28:45+00:00\",\"description\":\"Trebuchet to skuteczna machina obronna, kt\u00f3ra niszczy tu\u017c przed walk\u0105 machiny obl\u0119\u017cnicze atakuj\u0105cej armii. Jej koszt odpowiada skuteczno\u015bci, ale wymagania ma r\u00f3wnie wysokie jak i rzeczywiste wymiary.\",\"breadcrumb\":{\"@id\":\"https:\\\/\\\/www.desercik.pl\\\/tribal-wars-2\\\/jednostki-w-grze\\\/trebuchet\\\/#breadcrumb\"},\"inLanguage\":\"pl-PL\",\"potentialAction\":[{\"@type\":\"ReadAction\",\"target\":[\"https:\\\/\\\/www.desercik.pl\\\/tribal-wars-2\\\/jednostki-w-grze\\\/trebuchet\\\/\"]}]},{\"@type\":\"ImageObject\",\"inLanguage\":\"pl-PL\",\"@id\":\"https:\\\/\\\/www.desercik.pl\\\/tribal-wars-2\\\/jednostki-w-grze\\\/trebuchet\\\/#primaryimage\",\"url\":\"https:\\\/\\\/www.desercik.pl\\\/tribal-wars-2\\\/wp-content\\\/uploads\\\/2014\\\/07\\\/Trebuchet_big.png\",\"contentUrl\":\"https:\\\/\\\/www.desercik.pl\\\/tribal-wars-2\\\/wp-content\\\/uploads\\\/2014\\\/07\\\/Trebuchet_big.png\",\"width\":308,\"height\":400},{\"@type\":\"BreadcrumbList\",\"@id\":\"https:\\\/\\\/www.desercik.pl\\\/tribal-wars-2\\\/jednostki-w-grze\\\/trebuchet\\\/#breadcrumb\",\"itemListElement\":[{\"@type\":\"ListItem\",\"position\":1,\"name\":\"Strona g\u0142\u00f3wna\",\"item\":\"https:\\\/\\\/www.desercik.pl\\\/tribal-wars-2\\\/\"},{\"@type\":\"ListItem\",\"position\":2,\"name\":\"Jednostki w grze\",\"item\":\"https:\\\/\\\/www.desercik.pl\\\/tribal-wars-2\\\/jednostki-w-grze\\\/\"},{\"@type\":\"ListItem\",\"position\":3,\"name\":\"Trebuchet\"}]},{\"@type\":\"WebSite\",\"@id\":\"https:\\\/\\\/www.desercik.pl\\\/tribal-wars-2\\\/#website\",\"url\":\"https:\\\/\\\/www.desercik.pl\\\/tribal-wars-2\\\/\",\"name\":\"Plemiona 2\",\"description\":\"\",\"potentialAction\":[{\"@type\":\"SearchAction\",\"target\":{\"@type\":\"EntryPoint\",\"urlTemplate\":\"https:\\\/\\\/www.desercik.pl\\\/tribal-wars-2\\\/?s={search_term_string}\"},\"query-input\":{\"@type\":\"PropertyValueSpecification\",\"valueRequired\":true,\"valueName\":\"search_term_string\"}}],\"inLanguage\":\"pl-PL\"}]}<\/script>\n<!-- \/ Yoast SEO plugin. -->","yoast_head_json":{"title":"Trebuchet - Plemiona 2 - Tribal Wars 2","description":"Trebuchet to skuteczna machina obronna, kt\u00f3ra niszczy tu\u017c przed walk\u0105 machiny obl\u0119\u017cnicze atakuj\u0105cej armii. Jej koszt odpowiada skuteczno\u015bci, ale wymagania ma r\u00f3wnie wysokie jak i rzeczywiste wymiary.","robots":{"index":"index","follow":"follow","max-snippet":"max-snippet:-1","max-image-preview":"max-image-preview:large","max-video-preview":"max-video-preview:-1"},"canonical":"https:\/\/www.desercik.pl\/tribal-wars-2\/jednostki-w-grze\/trebuchet\/","og_locale":"pl_PL","og_type":"article","og_title":"Trebuchet - Plemiona 2 - Tribal Wars 2","og_description":"Trebuchet to skuteczna machina obronna, kt\u00f3ra niszczy tu\u017c przed walk\u0105 machiny obl\u0119\u017cnicze atakuj\u0105cej armii. Jej koszt odpowiada skuteczno\u015bci, ale wymagania ma r\u00f3wnie wysokie jak i rzeczywiste wymiary.","og_url":"https:\/\/www.desercik.pl\/tribal-wars-2\/jednostki-w-grze\/trebuchet\/","og_site_name":"Plemiona 2","article_modified_time":"2014-07-31T20:28:45+00:00","og_image":[{"url":"https:\/\/www.desercik.pl\/tribal-wars-2\/wp-content\/uploads\/2014\/07\/Trebuchet_big.png","type":"","width":"","height":""}],"schema":{"@context":"https:\/\/schema.org","@graph":[{"@type":"WebPage","@id":"https:\/\/www.desercik.pl\/tribal-wars-2\/jednostki-w-grze\/trebuchet\/","url":"https:\/\/www.desercik.pl\/tribal-wars-2\/jednostki-w-grze\/trebuchet\/","name":"Trebuchet - Plemiona 2 - Tribal Wars 2","isPartOf":{"@id":"https:\/\/www.desercik.pl\/tribal-wars-2\/#website"},"primaryImageOfPage":{"@id":"https:\/\/www.desercik.pl\/tribal-wars-2\/jednostki-w-grze\/trebuchet\/#primaryimage"},"image":{"@id":"https:\/\/www.desercik.pl\/tribal-wars-2\/jednostki-w-grze\/trebuchet\/#primaryimage"},"thumbnailUrl":"https:\/\/www.desercik.pl\/tribal-wars-2\/wp-content\/uploads\/2014\/07\/Trebuchet_big.png","datePublished":"2014-07-31T20:27:45+00:00","dateModified":"2014-07-31T20:28:45+00:00","description":"Trebuchet to skuteczna machina obronna, kt\u00f3ra niszczy tu\u017c przed walk\u0105 machiny obl\u0119\u017cnicze atakuj\u0105cej armii. Jej koszt odpowiada skuteczno\u015bci, ale wymagania ma r\u00f3wnie wysokie jak i rzeczywiste wymiary.","breadcrumb":{"@id":"https:\/\/www.desercik.pl\/tribal-wars-2\/jednostki-w-grze\/trebuchet\/#breadcrumb"},"inLanguage":"pl-PL","potentialAction":[{"@type":"ReadAction","target":["https:\/\/www.desercik.pl\/tribal-wars-2\/jednostki-w-grze\/trebuchet\/"]}]},{"@type":"ImageObject","inLanguage":"pl-PL","@id":"https:\/\/www.desercik.pl\/tribal-wars-2\/jednostki-w-grze\/trebuchet\/#primaryimage","url":"https:\/\/www.desercik.pl\/tribal-wars-2\/wp-content\/uploads\/2014\/07\/Trebuchet_big.png","contentUrl":"https:\/\/www.desercik.pl\/tribal-wars-2\/wp-content\/uploads\/2014\/07\/Trebuchet_big.png","width":308,"height":400},{"@type":"BreadcrumbList","@id":"https:\/\/www.desercik.pl\/tribal-wars-2\/jednostki-w-grze\/trebuchet\/#breadcrumb","itemListElement":[{"@type":"ListItem","position":1,"name":"Strona g\u0142\u00f3wna","item":"https:\/\/www.desercik.pl\/tribal-wars-2\/"},{"@type":"ListItem","position":2,"name":"Jednostki w grze","item":"https:\/\/www.desercik.pl\/tribal-wars-2\/jednostki-w-grze\/"},{"@type":"ListItem","position":3,"name":"Trebuchet"}]},{"@type":"WebSite","@id":"https:\/\/www.desercik.pl\/tribal-wars-2\/#website","url":"https:\/\/www.desercik.pl\/tribal-wars-2\/","name":"Plemiona 2","description":"","potentialAction":[{"@type":"SearchAction","target":{"@type":"EntryPoint","urlTemplate":"https:\/\/www.desercik.pl\/tribal-wars-2\/?s={search_term_string}"},"query-input":{"@type":"PropertyValueSpecification","valueRequired":true,"valueName":"search_term_string"}}],"inLanguage":"pl-PL"}]}},"_links":{"self":[{"href":"https:\/\/www.desercik.pl\/tribal-wars-2\/wp-json\/wp\/v2\/pages\/170","targetHints":{"allow":["GET"]}}],"collection":[{"href":"https:\/\/www.desercik.pl\/tribal-wars-2\/wp-json\/wp\/v2\/pages"}],"about":[{"href":"https:\/\/www.desercik.pl\/tribal-wars-2\/wp-json\/wp\/v2\/types\/page"}],"author":[{"embeddable":true,"href":"https:\/\/www.desercik.pl\/tribal-wars-2\/wp-json\/wp\/v2\/users\/1"}],"replies":[{"embeddable":true,"href":"https:\/\/www.desercik.pl\/tribal-wars-2\/wp-json\/wp\/v2\/comments?post=170"}],"version-history":[{"count":0,"href":"https:\/\/www.desercik.pl\/tribal-wars-2\/wp-json\/wp\/v2\/pages\/170\/revisions"}],"up":[{"embeddable":true,"href":"https:\/\/www.desercik.pl\/tribal-wars-2\/wp-json\/wp\/v2\/pages\/30"}],"wp:attachment":[{"href":"https:\/\/www.desercik.pl\/tribal-wars-2\/wp-json\/wp\/v2\/media?parent=170"}],"curies":[{"name":"wp","href":"https:\/\/api.w.org\/{rel}","templated":true}]}}