{"id":167,"date":"2014-07-31T22:25:53","date_gmt":"2014-07-31T20:25:53","guid":{"rendered":"http:\/\/www.desercik.pl\/tribal-wars-2\/?page_id=167"},"modified":"2014-07-31T22:25:53","modified_gmt":"2014-07-31T20:25:53","slug":"berserker","status":"publish","type":"page","link":"https:\/\/www.desercik.pl\/tribal-wars-2\/jednostki-w-grze\/berserker\/","title":{"rendered":"Berserker"},"content":{"rendered":"<p>Berserker to nowa jednostka w Plemionach 2, kt\u00f3ra niby nie wyr\u00f3\u017cnia si\u0119 niczym nadzwyczajnym, ale podczas walki z przewa\u017caj\u0105c\u0105 si\u0142\u0105 wroga podnosi sw\u00f3j atak o 100% przez co jest niezwykle niebezpieczny na polu walki w wielkich potyczkach.<\/p>\n<table class=\"tabela\">\n<tbody>\n<tr>\n<td colspan=\"6\"><center><img loading=\"lazy\" decoding=\"async\" class=\"alignnone size-full wp-image-168\" src=\"https:\/\/www.desercik.pl\/tribal-wars-2\/wp-content\/uploads\/2014\/07\/Berserker_big.png\" alt=\"Berserker_big\" width=\"308\" height=\"400\" srcset=\"https:\/\/www.desercik.pl\/tribal-wars-2\/wp-content\/uploads\/2014\/07\/Berserker_big.png 308w, https:\/\/www.desercik.pl\/tribal-wars-2\/wp-content\/uploads\/2014\/07\/Berserker_big-231x300.png 231w\" sizes=\"auto, (max-width: 308px) 100vw, 308px\" \/><\/center><\/td>\n<\/tr>\n<tr>\n<th>Wymagania<\/th>\n<td colspan=\"6\">Sala Rozkaz\u00f3w (Hall of Orders) na poziomie\u00a01<br \/>\nOrder of the Templar Knights<\/td>\n<\/tr>\n<tr>\n<th>Specjalne umiej\u0119tno\u015bci<\/th>\n<td colspan=\"6\">Podwaja swoj\u0105 si\u0142\u0119 ataku w walce z o wiele silniejsz\u0105 armi\u0105.<\/td>\n<\/tr>\n<tr>\n<th>Cena<\/th>\n<td><img loading=\"lazy\" decoding=\"async\" src=\"https:\/\/www.desercik.pl\/tribal-wars-2\/wp-content\/uploads\/2014\/07\/Wood.png\" alt=\"\" width=\"44\" height=\"44\" \/>\u00a01188<\/td>\n<td><img loading=\"lazy\" decoding=\"async\" src=\"https:\/\/www.desercik.pl\/tribal-wars-2\/wp-content\/uploads\/2014\/07\/Clay.png\" alt=\"\" width=\"44\" height=\"44\" \/>\u00a01188<\/td>\n<td><img loading=\"lazy\" decoding=\"async\" src=\"https:\/\/www.desercik.pl\/tribal-wars-2\/wp-content\/uploads\/2014\/07\/Iron.png\" alt=\"\" width=\"44\" height=\"44\" \/>\u00a02376<\/td>\n<td colspan=\"2\"><img loading=\"lazy\" decoding=\"async\" src=\"https:\/\/www.desercik.pl\/tribal-wars-2\/wp-content\/uploads\/2014\/07\/Provisions.png\" alt=\"\" width=\"44\" height=\"44\" \/>\u00a06<\/td>\n<\/tr>\n<tr>\n<th>Statystyki<\/th>\n<td><img loading=\"lazy\" decoding=\"async\" src=\"https:\/\/www.desercik.pl\/tribal-wars-2\/wp-content\/uploads\/2014\/07\/Attack.png\" alt=\"\" width=\"44\" height=\"44\" \/>\u00a0300<\/td>\n<td><img loading=\"lazy\" decoding=\"async\" src=\"https:\/\/www.desercik.pl\/tribal-wars-2\/wp-content\/uploads\/2014\/07\/Defense.png\" alt=\"\" width=\"44\" height=\"44\" \/>\u00a0100<\/td>\n<td><img loading=\"lazy\" decoding=\"async\" src=\"https:\/\/www.desercik.pl\/tribal-wars-2\/wp-content\/uploads\/2014\/07\/Cavalry_defense.png\" alt=\"\" width=\"44\" height=\"44\" \/>\u00a0100<\/td>\n<td><img loading=\"lazy\" decoding=\"async\" src=\"https:\/\/www.desercik.pl\/tribal-wars-2\/wp-content\/uploads\/2014\/07\/Archer_defense.png\" alt=\"\" width=\"44\" height=\"44\" \/>\u00a050<\/td>\n<td><img loading=\"lazy\" decoding=\"async\" src=\"https:\/\/www.desercik.pl\/tribal-wars-2\/wp-content\/uploads\/2014\/07\/Load_capacity.png\" alt=\"\" width=\"44\" height=\"44\" \/>\u00a010<\/td>\n<\/tr>\n<\/tbody>\n<\/table>\n","protected":false},"excerpt":{"rendered":"<p>Berserker to nowa jednostka w Plemionach 2, kt\u00f3ra niby nie wyr\u00f3\u017cnia si\u0119 niczym nadzwyczajnym, ale podczas walki z przewa\u017caj\u0105c\u0105 si\u0142\u0105 wroga podnosi sw\u00f3j atak o 100% przez co jest niezwykle niebezpieczny na polu walki w wielkich potyczkach. Wymagania Sala Rozkaz\u00f3w&hellip; <a href=\"https:\/\/www.desercik.pl\/tribal-wars-2\/jednostki-w-grze\/berserker\/\" class=\"more-link\">Continue Reading <span class=\"meta-nav\">&rarr;<\/span><\/a><\/p>\n","protected":false},"author":1,"featured_media":0,"parent":30,"menu_order":0,"comment_status":"open","ping_status":"open","template":"","meta":{"footnotes":""},"class_list":["post-167","page","type-page","status-publish","hentry"],"yoast_head":"<!-- This site is optimized with the Yoast SEO plugin v27.3 - https:\/\/yoast.com\/product\/yoast-seo-wordpress\/ -->\n<title>Berserker - Plemiona 2 - Tribal Wars 2<\/title>\n<meta name=\"description\" content=\"Berserker to nowa jednostka w Plemionach 2, kt\u00f3ra niby nie wyr\u00f3\u017cnia si\u0119 niczym nadzwyczajnym, ale podczas walki z przewa\u017caj\u0105c\u0105 si\u0142\u0105 wroga podnosi sw\u00f3j atak o 100% przez co jest niezwykle niebezpieczny na polu walki w wielkich potyczkach.\" \/>\n<meta name=\"robots\" content=\"index, follow, max-snippet:-1, max-image-preview:large, max-video-preview:-1\" \/>\n<link rel=\"canonical\" href=\"https:\/\/www.desercik.pl\/tribal-wars-2\/jednostki-w-grze\/berserker\/\" \/>\n<meta property=\"og:locale\" content=\"pl_PL\" \/>\n<meta property=\"og:type\" content=\"article\" \/>\n<meta property=\"og:title\" content=\"Berserker - Plemiona 2 - Tribal Wars 2\" \/>\n<meta property=\"og:description\" content=\"Berserker to nowa jednostka w Plemionach 2, kt\u00f3ra niby nie wyr\u00f3\u017cnia si\u0119 niczym nadzwyczajnym, ale podczas walki z przewa\u017caj\u0105c\u0105 si\u0142\u0105 wroga podnosi sw\u00f3j atak o 100% przez co jest niezwykle niebezpieczny na polu walki w wielkich potyczkach.\" \/>\n<meta property=\"og:url\" content=\"https:\/\/www.desercik.pl\/tribal-wars-2\/jednostki-w-grze\/berserker\/\" \/>\n<meta property=\"og:site_name\" content=\"Plemiona 2\" \/>\n<meta property=\"og:image\" content=\"https:\/\/www.desercik.pl\/tribal-wars-2\/wp-content\/uploads\/2014\/07\/Berserker_big.png\" \/>\n\t<meta property=\"og:image:width\" content=\"308\" \/>\n\t<meta property=\"og:image:height\" content=\"400\" \/>\n\t<meta property=\"og:image:type\" content=\"image\/png\" \/>\n<script type=\"application\/ld+json\" class=\"yoast-schema-graph\">{\"@context\":\"https:\\\/\\\/schema.org\",\"@graph\":[{\"@type\":\"WebPage\",\"@id\":\"https:\\\/\\\/www.desercik.pl\\\/tribal-wars-2\\\/jednostki-w-grze\\\/berserker\\\/\",\"url\":\"https:\\\/\\\/www.desercik.pl\\\/tribal-wars-2\\\/jednostki-w-grze\\\/berserker\\\/\",\"name\":\"Berserker - Plemiona 2 - Tribal Wars 2\",\"isPartOf\":{\"@id\":\"https:\\\/\\\/www.desercik.pl\\\/tribal-wars-2\\\/#website\"},\"primaryImageOfPage\":{\"@id\":\"https:\\\/\\\/www.desercik.pl\\\/tribal-wars-2\\\/jednostki-w-grze\\\/berserker\\\/#primaryimage\"},\"image\":{\"@id\":\"https:\\\/\\\/www.desercik.pl\\\/tribal-wars-2\\\/jednostki-w-grze\\\/berserker\\\/#primaryimage\"},\"thumbnailUrl\":\"https:\\\/\\\/www.desercik.pl\\\/tribal-wars-2\\\/wp-content\\\/uploads\\\/2014\\\/07\\\/Berserker_big.png\",\"datePublished\":\"2014-07-31T20:25:53+00:00\",\"description\":\"Berserker to nowa jednostka w Plemionach 2, kt\u00f3ra niby nie wyr\u00f3\u017cnia si\u0119 niczym nadzwyczajnym, ale podczas walki z przewa\u017caj\u0105c\u0105 si\u0142\u0105 wroga podnosi sw\u00f3j atak o 100% przez co jest niezwykle niebezpieczny na polu walki w wielkich potyczkach.\",\"breadcrumb\":{\"@id\":\"https:\\\/\\\/www.desercik.pl\\\/tribal-wars-2\\\/jednostki-w-grze\\\/berserker\\\/#breadcrumb\"},\"inLanguage\":\"pl-PL\",\"potentialAction\":[{\"@type\":\"ReadAction\",\"target\":[\"https:\\\/\\\/www.desercik.pl\\\/tribal-wars-2\\\/jednostki-w-grze\\\/berserker\\\/\"]}]},{\"@type\":\"ImageObject\",\"inLanguage\":\"pl-PL\",\"@id\":\"https:\\\/\\\/www.desercik.pl\\\/tribal-wars-2\\\/jednostki-w-grze\\\/berserker\\\/#primaryimage\",\"url\":\"https:\\\/\\\/www.desercik.pl\\\/tribal-wars-2\\\/wp-content\\\/uploads\\\/2014\\\/07\\\/Berserker_big.png\",\"contentUrl\":\"https:\\\/\\\/www.desercik.pl\\\/tribal-wars-2\\\/wp-content\\\/uploads\\\/2014\\\/07\\\/Berserker_big.png\",\"width\":308,\"height\":400},{\"@type\":\"BreadcrumbList\",\"@id\":\"https:\\\/\\\/www.desercik.pl\\\/tribal-wars-2\\\/jednostki-w-grze\\\/berserker\\\/#breadcrumb\",\"itemListElement\":[{\"@type\":\"ListItem\",\"position\":1,\"name\":\"Strona g\u0142\u00f3wna\",\"item\":\"https:\\\/\\\/www.desercik.pl\\\/tribal-wars-2\\\/\"},{\"@type\":\"ListItem\",\"position\":2,\"name\":\"Jednostki w grze\",\"item\":\"https:\\\/\\\/www.desercik.pl\\\/tribal-wars-2\\\/jednostki-w-grze\\\/\"},{\"@type\":\"ListItem\",\"position\":3,\"name\":\"Berserker\"}]},{\"@type\":\"WebSite\",\"@id\":\"https:\\\/\\\/www.desercik.pl\\\/tribal-wars-2\\\/#website\",\"url\":\"https:\\\/\\\/www.desercik.pl\\\/tribal-wars-2\\\/\",\"name\":\"Plemiona 2\",\"description\":\"\",\"potentialAction\":[{\"@type\":\"SearchAction\",\"target\":{\"@type\":\"EntryPoint\",\"urlTemplate\":\"https:\\\/\\\/www.desercik.pl\\\/tribal-wars-2\\\/?s={search_term_string}\"},\"query-input\":{\"@type\":\"PropertyValueSpecification\",\"valueRequired\":true,\"valueName\":\"search_term_string\"}}],\"inLanguage\":\"pl-PL\"}]}<\/script>\n<!-- \/ Yoast SEO plugin. -->","yoast_head_json":{"title":"Berserker - Plemiona 2 - Tribal Wars 2","description":"Berserker to nowa jednostka w Plemionach 2, kt\u00f3ra niby nie wyr\u00f3\u017cnia si\u0119 niczym nadzwyczajnym, ale podczas walki z przewa\u017caj\u0105c\u0105 si\u0142\u0105 wroga podnosi sw\u00f3j atak o 100% przez co jest niezwykle niebezpieczny na polu walki w wielkich potyczkach.","robots":{"index":"index","follow":"follow","max-snippet":"max-snippet:-1","max-image-preview":"max-image-preview:large","max-video-preview":"max-video-preview:-1"},"canonical":"https:\/\/www.desercik.pl\/tribal-wars-2\/jednostki-w-grze\/berserker\/","og_locale":"pl_PL","og_type":"article","og_title":"Berserker - Plemiona 2 - Tribal Wars 2","og_description":"Berserker to nowa jednostka w Plemionach 2, kt\u00f3ra niby nie wyr\u00f3\u017cnia si\u0119 niczym nadzwyczajnym, ale podczas walki z przewa\u017caj\u0105c\u0105 si\u0142\u0105 wroga podnosi sw\u00f3j atak o 100% przez co jest niezwykle niebezpieczny na polu walki w wielkich potyczkach.","og_url":"https:\/\/www.desercik.pl\/tribal-wars-2\/jednostki-w-grze\/berserker\/","og_site_name":"Plemiona 2","og_image":[{"width":308,"height":400,"url":"https:\/\/www.desercik.pl\/tribal-wars-2\/wp-content\/uploads\/2014\/07\/Berserker_big.png","type":"image\/png"}],"schema":{"@context":"https:\/\/schema.org","@graph":[{"@type":"WebPage","@id":"https:\/\/www.desercik.pl\/tribal-wars-2\/jednostki-w-grze\/berserker\/","url":"https:\/\/www.desercik.pl\/tribal-wars-2\/jednostki-w-grze\/berserker\/","name":"Berserker - Plemiona 2 - Tribal Wars 2","isPartOf":{"@id":"https:\/\/www.desercik.pl\/tribal-wars-2\/#website"},"primaryImageOfPage":{"@id":"https:\/\/www.desercik.pl\/tribal-wars-2\/jednostki-w-grze\/berserker\/#primaryimage"},"image":{"@id":"https:\/\/www.desercik.pl\/tribal-wars-2\/jednostki-w-grze\/berserker\/#primaryimage"},"thumbnailUrl":"https:\/\/www.desercik.pl\/tribal-wars-2\/wp-content\/uploads\/2014\/07\/Berserker_big.png","datePublished":"2014-07-31T20:25:53+00:00","description":"Berserker to nowa jednostka w Plemionach 2, kt\u00f3ra niby nie wyr\u00f3\u017cnia si\u0119 niczym nadzwyczajnym, ale podczas walki z przewa\u017caj\u0105c\u0105 si\u0142\u0105 wroga podnosi sw\u00f3j atak o 100% przez co jest niezwykle niebezpieczny na polu walki w wielkich potyczkach.","breadcrumb":{"@id":"https:\/\/www.desercik.pl\/tribal-wars-2\/jednostki-w-grze\/berserker\/#breadcrumb"},"inLanguage":"pl-PL","potentialAction":[{"@type":"ReadAction","target":["https:\/\/www.desercik.pl\/tribal-wars-2\/jednostki-w-grze\/berserker\/"]}]},{"@type":"ImageObject","inLanguage":"pl-PL","@id":"https:\/\/www.desercik.pl\/tribal-wars-2\/jednostki-w-grze\/berserker\/#primaryimage","url":"https:\/\/www.desercik.pl\/tribal-wars-2\/wp-content\/uploads\/2014\/07\/Berserker_big.png","contentUrl":"https:\/\/www.desercik.pl\/tribal-wars-2\/wp-content\/uploads\/2014\/07\/Berserker_big.png","width":308,"height":400},{"@type":"BreadcrumbList","@id":"https:\/\/www.desercik.pl\/tribal-wars-2\/jednostki-w-grze\/berserker\/#breadcrumb","itemListElement":[{"@type":"ListItem","position":1,"name":"Strona g\u0142\u00f3wna","item":"https:\/\/www.desercik.pl\/tribal-wars-2\/"},{"@type":"ListItem","position":2,"name":"Jednostki w grze","item":"https:\/\/www.desercik.pl\/tribal-wars-2\/jednostki-w-grze\/"},{"@type":"ListItem","position":3,"name":"Berserker"}]},{"@type":"WebSite","@id":"https:\/\/www.desercik.pl\/tribal-wars-2\/#website","url":"https:\/\/www.desercik.pl\/tribal-wars-2\/","name":"Plemiona 2","description":"","potentialAction":[{"@type":"SearchAction","target":{"@type":"EntryPoint","urlTemplate":"https:\/\/www.desercik.pl\/tribal-wars-2\/?s={search_term_string}"},"query-input":{"@type":"PropertyValueSpecification","valueRequired":true,"valueName":"search_term_string"}}],"inLanguage":"pl-PL"}]}},"_links":{"self":[{"href":"https:\/\/www.desercik.pl\/tribal-wars-2\/wp-json\/wp\/v2\/pages\/167","targetHints":{"allow":["GET"]}}],"collection":[{"href":"https:\/\/www.desercik.pl\/tribal-wars-2\/wp-json\/wp\/v2\/pages"}],"about":[{"href":"https:\/\/www.desercik.pl\/tribal-wars-2\/wp-json\/wp\/v2\/types\/page"}],"author":[{"embeddable":true,"href":"https:\/\/www.desercik.pl\/tribal-wars-2\/wp-json\/wp\/v2\/users\/1"}],"replies":[{"embeddable":true,"href":"https:\/\/www.desercik.pl\/tribal-wars-2\/wp-json\/wp\/v2\/comments?post=167"}],"version-history":[{"count":0,"href":"https:\/\/www.desercik.pl\/tribal-wars-2\/wp-json\/wp\/v2\/pages\/167\/revisions"}],"up":[{"embeddable":true,"href":"https:\/\/www.desercik.pl\/tribal-wars-2\/wp-json\/wp\/v2\/pages\/30"}],"wp:attachment":[{"href":"https:\/\/www.desercik.pl\/tribal-wars-2\/wp-json\/wp\/v2\/media?parent=167"}],"curies":[{"name":"wp","href":"https:\/\/api.w.org\/{rel}","templated":true}]}}