{"id":163,"date":"2014-07-31T22:22:18","date_gmt":"2014-07-31T20:22:18","guid":{"rendered":"http:\/\/www.desercik.pl\/tribal-wars-2\/?page_id=163"},"modified":"2014-07-31T22:23:03","modified_gmt":"2014-07-31T20:23:03","slug":"schlachcic","status":"publish","type":"page","link":"https:\/\/www.desercik.pl\/tribal-wars-2\/jednostki-w-grze\/schlachcic\/","title":{"rendered":"Schlachcic"},"content":{"rendered":"<p>Schlachcic s\u0142u\u017cy w grze jedynie do podbijania nowych wiosek. Potrafi zmniejszy\u0107 lojalno\u015b\u0107 mieszka\u0144c\u00f3w wrogiej osady podczas ka\u017cdego ataku. Dzi\u0119ki odpowiedniej technologii id\u0105c razem z Rycerzem mo\u017ce mie\u0107 zwi\u0119kszon\u0105 skuteczno\u015b\u0107, a normalnie zbija poparcie od 20 do 35 punkt\u00f3w.<\/p>\n<table class=\"tabela\">\n<tbody>\n<tr>\n<td colspan=\"6\"><center><a href=\"https:\/\/www.desercik.pl\/tribal-wars-2\/wp-content\/uploads\/2014\/07\/Nobleman_big.png\"><img loading=\"lazy\" decoding=\"async\" class=\"alignnone size-full wp-image-164\" src=\"https:\/\/www.desercik.pl\/tribal-wars-2\/wp-content\/uploads\/2014\/07\/Nobleman_big.png\" alt=\"Nobleman_big\" width=\"308\" height=\"400\" srcset=\"https:\/\/www.desercik.pl\/tribal-wars-2\/wp-content\/uploads\/2014\/07\/Nobleman_big.png 308w, https:\/\/www.desercik.pl\/tribal-wars-2\/wp-content\/uploads\/2014\/07\/Nobleman_big-231x300.png 231w\" sizes=\"auto, (max-width: 308px) 100vw, 308px\" \/><\/a><\/center><\/td>\n<\/tr>\n<tr>\n<th>Wymagania<\/th>\n<td colspan=\"6\">Poziom 1 Akademii<\/td>\n<\/tr>\n<tr>\n<th>Specjalne umiej\u0119tno\u015bci<\/th>\n<td colspan=\"6\">Redukuje poparcie w atakowanej wiosce o\u00a020-35 punkt\u00f3w.<\/td>\n<\/tr>\n<tr>\n<th>Cena<\/th>\n<td><img loading=\"lazy\" decoding=\"async\" src=\"https:\/\/www.desercik.pl\/tribal-wars-2\/wp-content\/uploads\/2014\/07\/Wood.png\" alt=\"\" width=\"44\" height=\"44\" \/>\u00a040.000<\/td>\n<td><img loading=\"lazy\" decoding=\"async\" src=\"https:\/\/www.desercik.pl\/tribal-wars-2\/wp-content\/uploads\/2014\/07\/Clay.png\" alt=\"\" width=\"44\" height=\"44\" \/>\u00a050.000<\/td>\n<td><img loading=\"lazy\" decoding=\"async\" src=\"https:\/\/www.desercik.pl\/tribal-wars-2\/wp-content\/uploads\/2014\/07\/Iron.png\" alt=\"\" width=\"44\" height=\"44\" \/>\u00a050.000<\/td>\n<td colspan=\"2\"><img loading=\"lazy\" decoding=\"async\" src=\"https:\/\/www.desercik.pl\/tribal-wars-2\/wp-content\/uploads\/2014\/07\/Provisions.png\" alt=\"\" width=\"44\" height=\"44\" \/>\u00a0100<\/td>\n<\/tr>\n<tr>\n<th>Statystyki<\/th>\n<td><img loading=\"lazy\" decoding=\"async\" src=\"https:\/\/www.desercik.pl\/tribal-wars-2\/wp-content\/uploads\/2014\/07\/Attack.png\" alt=\"\" width=\"44\" height=\"44\" \/>\u00a030<\/td>\n<td><img loading=\"lazy\" decoding=\"async\" src=\"https:\/\/www.desercik.pl\/tribal-wars-2\/wp-content\/uploads\/2014\/07\/Defense.png\" alt=\"\" width=\"44\" height=\"44\" \/>\u00a0100<\/td>\n<td><img loading=\"lazy\" decoding=\"async\" src=\"https:\/\/www.desercik.pl\/tribal-wars-2\/wp-content\/uploads\/2014\/07\/Cavalry_defense.png\" alt=\"\" width=\"44\" height=\"44\" \/>\u00a050<\/td>\n<td><img loading=\"lazy\" decoding=\"async\" src=\"https:\/\/www.desercik.pl\/tribal-wars-2\/wp-content\/uploads\/2014\/07\/Archer_defense.png\" alt=\"\" width=\"44\" height=\"44\" \/>\u00a0100<\/td>\n<td><img loading=\"lazy\" decoding=\"async\" src=\"https:\/\/www.desercik.pl\/tribal-wars-2\/wp-content\/uploads\/2014\/07\/Load_capacity.png\" alt=\"\" width=\"44\" height=\"44\" \/>\u00a00<\/td>\n<\/tr>\n<\/tbody>\n<\/table>\n","protected":false},"excerpt":{"rendered":"<p>Schlachcic s\u0142u\u017cy w grze jedynie do podbijania nowych wiosek. Potrafi zmniejszy\u0107 lojalno\u015b\u0107 mieszka\u0144c\u00f3w wrogiej osady podczas ka\u017cdego ataku. Dzi\u0119ki odpowiedniej technologii id\u0105c razem z Rycerzem mo\u017ce mie\u0107 zwi\u0119kszon\u0105 skuteczno\u015b\u0107, a normalnie zbija poparcie od 20 do 35 punkt\u00f3w. Wymagania Poziom&hellip; <a href=\"https:\/\/www.desercik.pl\/tribal-wars-2\/jednostki-w-grze\/schlachcic\/\" class=\"more-link\">Continue Reading <span class=\"meta-nav\">&rarr;<\/span><\/a><\/p>\n","protected":false},"author":1,"featured_media":0,"parent":30,"menu_order":0,"comment_status":"open","ping_status":"open","template":"","meta":{"footnotes":""},"class_list":["post-163","page","type-page","status-publish","hentry"],"yoast_head":"<!-- This site is optimized with the Yoast SEO plugin v27.3 - https:\/\/yoast.com\/product\/yoast-seo-wordpress\/ -->\n<title>Schlachcic - Plemiona 2 - Tribal Wars 2<\/title>\n<meta name=\"description\" content=\"Schlachcic s\u0142u\u017cy w grze jedynie do podbijania nowych wiosek. Potrafi zmniejszy\u0107 lojalno\u015b\u0107 mieszka\u0144c\u00f3w wrogiej osady podczas ka\u017cdego ataku. Dzi\u0119ki odpowiedniej technologii id\u0105c razem z Rycerzem mo\u017ce mie\u0107 zwi\u0119kszon\u0105 skuteczno\u015b\u0107, a normalnie zbija poparcie od 20 do 35 punkt\u00f3w.\" \/>\n<meta name=\"robots\" content=\"index, follow, max-snippet:-1, max-image-preview:large, max-video-preview:-1\" \/>\n<link rel=\"canonical\" href=\"https:\/\/www.desercik.pl\/tribal-wars-2\/jednostki-w-grze\/schlachcic\/\" \/>\n<meta property=\"og:locale\" content=\"pl_PL\" \/>\n<meta property=\"og:type\" content=\"article\" \/>\n<meta property=\"og:title\" content=\"Schlachcic - Plemiona 2 - Tribal Wars 2\" \/>\n<meta property=\"og:description\" content=\"Schlachcic s\u0142u\u017cy w grze jedynie do podbijania nowych wiosek. Potrafi zmniejszy\u0107 lojalno\u015b\u0107 mieszka\u0144c\u00f3w wrogiej osady podczas ka\u017cdego ataku. Dzi\u0119ki odpowiedniej technologii id\u0105c razem z Rycerzem mo\u017ce mie\u0107 zwi\u0119kszon\u0105 skuteczno\u015b\u0107, a normalnie zbija poparcie od 20 do 35 punkt\u00f3w.\" \/>\n<meta property=\"og:url\" content=\"https:\/\/www.desercik.pl\/tribal-wars-2\/jednostki-w-grze\/schlachcic\/\" \/>\n<meta property=\"og:site_name\" content=\"Plemiona 2\" \/>\n<meta property=\"article:modified_time\" content=\"2014-07-31T20:23:03+00:00\" \/>\n<meta property=\"og:image\" content=\"https:\/\/www.desercik.pl\/tribal-wars-2\/wp-content\/uploads\/2014\/07\/Nobleman_big.png\" \/>\n\t<meta property=\"og:image:width\" content=\"308\" \/>\n\t<meta property=\"og:image:height\" content=\"400\" \/>\n\t<meta property=\"og:image:type\" content=\"image\/png\" \/>\n<script type=\"application\/ld+json\" class=\"yoast-schema-graph\">{\"@context\":\"https:\\\/\\\/schema.org\",\"@graph\":[{\"@type\":\"WebPage\",\"@id\":\"https:\\\/\\\/www.desercik.pl\\\/tribal-wars-2\\\/jednostki-w-grze\\\/schlachcic\\\/\",\"url\":\"https:\\\/\\\/www.desercik.pl\\\/tribal-wars-2\\\/jednostki-w-grze\\\/schlachcic\\\/\",\"name\":\"Schlachcic - Plemiona 2 - Tribal Wars 2\",\"isPartOf\":{\"@id\":\"https:\\\/\\\/www.desercik.pl\\\/tribal-wars-2\\\/#website\"},\"primaryImageOfPage\":{\"@id\":\"https:\\\/\\\/www.desercik.pl\\\/tribal-wars-2\\\/jednostki-w-grze\\\/schlachcic\\\/#primaryimage\"},\"image\":{\"@id\":\"https:\\\/\\\/www.desercik.pl\\\/tribal-wars-2\\\/jednostki-w-grze\\\/schlachcic\\\/#primaryimage\"},\"thumbnailUrl\":\"https:\\\/\\\/www.desercik.pl\\\/tribal-wars-2\\\/wp-content\\\/uploads\\\/2014\\\/07\\\/Nobleman_big.png\",\"datePublished\":\"2014-07-31T20:22:18+00:00\",\"dateModified\":\"2014-07-31T20:23:03+00:00\",\"description\":\"Schlachcic s\u0142u\u017cy w grze jedynie do podbijania nowych wiosek. Potrafi zmniejszy\u0107 lojalno\u015b\u0107 mieszka\u0144c\u00f3w wrogiej osady podczas ka\u017cdego ataku. Dzi\u0119ki odpowiedniej technologii id\u0105c razem z Rycerzem mo\u017ce mie\u0107 zwi\u0119kszon\u0105 skuteczno\u015b\u0107, a normalnie zbija poparcie od 20 do 35 punkt\u00f3w.\",\"breadcrumb\":{\"@id\":\"https:\\\/\\\/www.desercik.pl\\\/tribal-wars-2\\\/jednostki-w-grze\\\/schlachcic\\\/#breadcrumb\"},\"inLanguage\":\"pl-PL\",\"potentialAction\":[{\"@type\":\"ReadAction\",\"target\":[\"https:\\\/\\\/www.desercik.pl\\\/tribal-wars-2\\\/jednostki-w-grze\\\/schlachcic\\\/\"]}]},{\"@type\":\"ImageObject\",\"inLanguage\":\"pl-PL\",\"@id\":\"https:\\\/\\\/www.desercik.pl\\\/tribal-wars-2\\\/jednostki-w-grze\\\/schlachcic\\\/#primaryimage\",\"url\":\"https:\\\/\\\/www.desercik.pl\\\/tribal-wars-2\\\/wp-content\\\/uploads\\\/2014\\\/07\\\/Nobleman_big.png\",\"contentUrl\":\"https:\\\/\\\/www.desercik.pl\\\/tribal-wars-2\\\/wp-content\\\/uploads\\\/2014\\\/07\\\/Nobleman_big.png\",\"width\":308,\"height\":400},{\"@type\":\"BreadcrumbList\",\"@id\":\"https:\\\/\\\/www.desercik.pl\\\/tribal-wars-2\\\/jednostki-w-grze\\\/schlachcic\\\/#breadcrumb\",\"itemListElement\":[{\"@type\":\"ListItem\",\"position\":1,\"name\":\"Strona g\u0142\u00f3wna\",\"item\":\"https:\\\/\\\/www.desercik.pl\\\/tribal-wars-2\\\/\"},{\"@type\":\"ListItem\",\"position\":2,\"name\":\"Jednostki w grze\",\"item\":\"https:\\\/\\\/www.desercik.pl\\\/tribal-wars-2\\\/jednostki-w-grze\\\/\"},{\"@type\":\"ListItem\",\"position\":3,\"name\":\"Schlachcic\"}]},{\"@type\":\"WebSite\",\"@id\":\"https:\\\/\\\/www.desercik.pl\\\/tribal-wars-2\\\/#website\",\"url\":\"https:\\\/\\\/www.desercik.pl\\\/tribal-wars-2\\\/\",\"name\":\"Plemiona 2\",\"description\":\"\",\"potentialAction\":[{\"@type\":\"SearchAction\",\"target\":{\"@type\":\"EntryPoint\",\"urlTemplate\":\"https:\\\/\\\/www.desercik.pl\\\/tribal-wars-2\\\/?s={search_term_string}\"},\"query-input\":{\"@type\":\"PropertyValueSpecification\",\"valueRequired\":true,\"valueName\":\"search_term_string\"}}],\"inLanguage\":\"pl-PL\"}]}<\/script>\n<!-- \/ Yoast SEO plugin. -->","yoast_head_json":{"title":"Schlachcic - Plemiona 2 - Tribal Wars 2","description":"Schlachcic s\u0142u\u017cy w grze jedynie do podbijania nowych wiosek. Potrafi zmniejszy\u0107 lojalno\u015b\u0107 mieszka\u0144c\u00f3w wrogiej osady podczas ka\u017cdego ataku. Dzi\u0119ki odpowiedniej technologii id\u0105c razem z Rycerzem mo\u017ce mie\u0107 zwi\u0119kszon\u0105 skuteczno\u015b\u0107, a normalnie zbija poparcie od 20 do 35 punkt\u00f3w.","robots":{"index":"index","follow":"follow","max-snippet":"max-snippet:-1","max-image-preview":"max-image-preview:large","max-video-preview":"max-video-preview:-1"},"canonical":"https:\/\/www.desercik.pl\/tribal-wars-2\/jednostki-w-grze\/schlachcic\/","og_locale":"pl_PL","og_type":"article","og_title":"Schlachcic - Plemiona 2 - Tribal Wars 2","og_description":"Schlachcic s\u0142u\u017cy w grze jedynie do podbijania nowych wiosek. Potrafi zmniejszy\u0107 lojalno\u015b\u0107 mieszka\u0144c\u00f3w wrogiej osady podczas ka\u017cdego ataku. Dzi\u0119ki odpowiedniej technologii id\u0105c razem z Rycerzem mo\u017ce mie\u0107 zwi\u0119kszon\u0105 skuteczno\u015b\u0107, a normalnie zbija poparcie od 20 do 35 punkt\u00f3w.","og_url":"https:\/\/www.desercik.pl\/tribal-wars-2\/jednostki-w-grze\/schlachcic\/","og_site_name":"Plemiona 2","article_modified_time":"2014-07-31T20:23:03+00:00","og_image":[{"width":308,"height":400,"url":"https:\/\/www.desercik.pl\/tribal-wars-2\/wp-content\/uploads\/2014\/07\/Nobleman_big.png","type":"image\/png"}],"schema":{"@context":"https:\/\/schema.org","@graph":[{"@type":"WebPage","@id":"https:\/\/www.desercik.pl\/tribal-wars-2\/jednostki-w-grze\/schlachcic\/","url":"https:\/\/www.desercik.pl\/tribal-wars-2\/jednostki-w-grze\/schlachcic\/","name":"Schlachcic - Plemiona 2 - Tribal Wars 2","isPartOf":{"@id":"https:\/\/www.desercik.pl\/tribal-wars-2\/#website"},"primaryImageOfPage":{"@id":"https:\/\/www.desercik.pl\/tribal-wars-2\/jednostki-w-grze\/schlachcic\/#primaryimage"},"image":{"@id":"https:\/\/www.desercik.pl\/tribal-wars-2\/jednostki-w-grze\/schlachcic\/#primaryimage"},"thumbnailUrl":"https:\/\/www.desercik.pl\/tribal-wars-2\/wp-content\/uploads\/2014\/07\/Nobleman_big.png","datePublished":"2014-07-31T20:22:18+00:00","dateModified":"2014-07-31T20:23:03+00:00","description":"Schlachcic s\u0142u\u017cy w grze jedynie do podbijania nowych wiosek. Potrafi zmniejszy\u0107 lojalno\u015b\u0107 mieszka\u0144c\u00f3w wrogiej osady podczas ka\u017cdego ataku. Dzi\u0119ki odpowiedniej technologii id\u0105c razem z Rycerzem mo\u017ce mie\u0107 zwi\u0119kszon\u0105 skuteczno\u015b\u0107, a normalnie zbija poparcie od 20 do 35 punkt\u00f3w.","breadcrumb":{"@id":"https:\/\/www.desercik.pl\/tribal-wars-2\/jednostki-w-grze\/schlachcic\/#breadcrumb"},"inLanguage":"pl-PL","potentialAction":[{"@type":"ReadAction","target":["https:\/\/www.desercik.pl\/tribal-wars-2\/jednostki-w-grze\/schlachcic\/"]}]},{"@type":"ImageObject","inLanguage":"pl-PL","@id":"https:\/\/www.desercik.pl\/tribal-wars-2\/jednostki-w-grze\/schlachcic\/#primaryimage","url":"https:\/\/www.desercik.pl\/tribal-wars-2\/wp-content\/uploads\/2014\/07\/Nobleman_big.png","contentUrl":"https:\/\/www.desercik.pl\/tribal-wars-2\/wp-content\/uploads\/2014\/07\/Nobleman_big.png","width":308,"height":400},{"@type":"BreadcrumbList","@id":"https:\/\/www.desercik.pl\/tribal-wars-2\/jednostki-w-grze\/schlachcic\/#breadcrumb","itemListElement":[{"@type":"ListItem","position":1,"name":"Strona g\u0142\u00f3wna","item":"https:\/\/www.desercik.pl\/tribal-wars-2\/"},{"@type":"ListItem","position":2,"name":"Jednostki w grze","item":"https:\/\/www.desercik.pl\/tribal-wars-2\/jednostki-w-grze\/"},{"@type":"ListItem","position":3,"name":"Schlachcic"}]},{"@type":"WebSite","@id":"https:\/\/www.desercik.pl\/tribal-wars-2\/#website","url":"https:\/\/www.desercik.pl\/tribal-wars-2\/","name":"Plemiona 2","description":"","potentialAction":[{"@type":"SearchAction","target":{"@type":"EntryPoint","urlTemplate":"https:\/\/www.desercik.pl\/tribal-wars-2\/?s={search_term_string}"},"query-input":{"@type":"PropertyValueSpecification","valueRequired":true,"valueName":"search_term_string"}}],"inLanguage":"pl-PL"}]}},"_links":{"self":[{"href":"https:\/\/www.desercik.pl\/tribal-wars-2\/wp-json\/wp\/v2\/pages\/163","targetHints":{"allow":["GET"]}}],"collection":[{"href":"https:\/\/www.desercik.pl\/tribal-wars-2\/wp-json\/wp\/v2\/pages"}],"about":[{"href":"https:\/\/www.desercik.pl\/tribal-wars-2\/wp-json\/wp\/v2\/types\/page"}],"author":[{"embeddable":true,"href":"https:\/\/www.desercik.pl\/tribal-wars-2\/wp-json\/wp\/v2\/users\/1"}],"replies":[{"embeddable":true,"href":"https:\/\/www.desercik.pl\/tribal-wars-2\/wp-json\/wp\/v2\/comments?post=163"}],"version-history":[{"count":0,"href":"https:\/\/www.desercik.pl\/tribal-wars-2\/wp-json\/wp\/v2\/pages\/163\/revisions"}],"up":[{"embeddable":true,"href":"https:\/\/www.desercik.pl\/tribal-wars-2\/wp-json\/wp\/v2\/pages\/30"}],"wp:attachment":[{"href":"https:\/\/www.desercik.pl\/tribal-wars-2\/wp-json\/wp\/v2\/media?parent=163"}],"curies":[{"name":"wp","href":"https:\/\/api.w.org\/{rel}","templated":true}]}}