{"id":147,"date":"2014-07-31T22:13:27","date_gmt":"2014-07-31T20:13:27","guid":{"rendered":"http:\/\/www.desercik.pl\/tribal-wars-2\/?page_id=147"},"modified":"2014-07-31T22:19:34","modified_gmt":"2014-07-31T20:19:34","slug":"paladyn-rycerz","status":"publish","type":"page","link":"https:\/\/www.desercik.pl\/tribal-wars-2\/jednostki-w-grze\/paladyn-rycerz\/","title":{"rendered":"Paladyn (Rycerz)"},"content":{"rendered":"<p style=\"color: #000000;\">Rycerza mo\u017cemy rekrutowa\u0107 w Piedestale (Statue) i p\u00f3\u017aniej zmieni\u0107 jego imi\u0119 je\u015bli chcemy. Je\u015bli zginie w walce to mo\u017cemy go przywo\u0142a\u0107 na nowo, trwa to ko\u0142o sze\u015bciu godzin. Dzi\u0119ki szerokiemy wachlarzowi wyposa\u017cenia jakie mamy dost\u0119pne w grze wspomaga w walce jak i obronie nasz\u0105 armi\u0119.<\/p>\n<p style=\"color: #000000;\">Paladyn po niekt\u00f3rych badaniach zwi\u0119ksza pr\u0119dko\u015b\u0107 poruszania si\u0119 wojsk, ale tylko gdy wysy\u0142amy go wraz z armi\u0105 jako wsparcie (Badanie Wymuszony Marsz &#8211; Forces March). Rycerz mo\u017ce r\u00f3wnie\u017c przemieszcza\u0107 si\u0119 mi\u0119dzy naszymi wioskami i wspomaga\u0107 armie w innej wiosce ni\u017c pierwotna.<\/p>\n<p style=\"color: #000000;\">Pami\u0119tajcie, \u017ce bez Rycerza wys\u0142anego z armi\u0105 nie dzia\u0142aj\u0105 bonusy od jego broni.<\/p>\n<table class=\"tabela\">\n<tbody>\n<tr>\n<td colspan=\"6\"><center><img loading=\"lazy\" decoding=\"async\" class=\"alignnone size-full wp-image-148\" src=\"https:\/\/www.desercik.pl\/tribal-wars-2\/wp-content\/uploads\/2014\/07\/Paladin_big.png\" alt=\"Paladin_big\" width=\"308\" height=\"400\" srcset=\"https:\/\/www.desercik.pl\/tribal-wars-2\/wp-content\/uploads\/2014\/07\/Paladin_big.png 308w, https:\/\/www.desercik.pl\/tribal-wars-2\/wp-content\/uploads\/2014\/07\/Paladin_big-231x300.png 231w\" sizes=\"auto, (max-width: 308px) 100vw, 308px\" \/><\/center><\/td>\n<\/tr>\n<tr>\n<th>Wymagania<\/th>\n<td colspan=\"6\">Piedesta\u0142 na poziomie 1<\/td>\n<\/tr>\n<tr>\n<th>Specjalne umiej\u0119tno\u015bci<\/th>\n<td colspan=\"6\">Dodaje bonusy wybranym jednostkom je\u015bli u\u017cywa uzbrojenia dost\u0119pnego w grze.<\/td>\n<\/tr>\n<tr>\n<th>Cena<\/th>\n<td><img loading=\"lazy\" decoding=\"async\" src=\"https:\/\/www.desercik.pl\/tribal-wars-2\/wp-content\/uploads\/2014\/07\/Wood.png\" alt=\"\" width=\"44\" height=\"44\" \/>\u00a00<\/td>\n<td><img loading=\"lazy\" decoding=\"async\" src=\"https:\/\/www.desercik.pl\/tribal-wars-2\/wp-content\/uploads\/2014\/07\/Clay.png\" alt=\"\" width=\"44\" height=\"44\" \/>\u00a00<\/td>\n<td><img loading=\"lazy\" decoding=\"async\" src=\"https:\/\/www.desercik.pl\/tribal-wars-2\/wp-content\/uploads\/2014\/07\/Iron.png\" alt=\"\" width=\"44\" height=\"44\" \/>\u00a00<\/td>\n<td colspan=\"2\"><img loading=\"lazy\" decoding=\"async\" src=\"https:\/\/www.desercik.pl\/tribal-wars-2\/wp-content\/uploads\/2014\/07\/Provisions.png\" alt=\"\" width=\"44\" height=\"44\" \/>\u00a01<\/td>\n<\/tr>\n<tr>\n<th>Statystyki<\/th>\n<td><img loading=\"lazy\" decoding=\"async\" src=\"https:\/\/www.desercik.pl\/tribal-wars-2\/wp-content\/uploads\/2014\/07\/Attack.png\" alt=\"\" width=\"44\" height=\"44\" \/>\u00a0150<\/td>\n<td><img loading=\"lazy\" decoding=\"async\" src=\"https:\/\/www.desercik.pl\/tribal-wars-2\/wp-content\/uploads\/2014\/07\/Defense.png\" alt=\"\" width=\"44\" height=\"44\" \/>\u00a0250<\/td>\n<td><img loading=\"lazy\" decoding=\"async\" src=\"https:\/\/www.desercik.pl\/tribal-wars-2\/wp-content\/uploads\/2014\/07\/Cavalry_defense.png\" alt=\"\" width=\"44\" height=\"44\" \/>\u00a0400<\/td>\n<td><img loading=\"lazy\" decoding=\"async\" src=\"https:\/\/www.desercik.pl\/tribal-wars-2\/wp-content\/uploads\/2014\/07\/Archer_defense.png\" alt=\"\" width=\"44\" height=\"44\" \/>\u00a0150<\/td>\n<td><img loading=\"lazy\" decoding=\"async\" src=\"https:\/\/www.desercik.pl\/tribal-wars-2\/wp-content\/uploads\/2014\/07\/Load_capacity.png\" alt=\"\" width=\"44\" height=\"44\" \/>\u00a0100<\/td>\n<\/tr>\n<\/tbody>\n<\/table>\n<h3><\/h3>\n<h3>Dost\u0119pne bronie dla Rycerza w Tribal Wars 2<\/h3>\n<table>\n<tbody>\n<tr>\n<td>Bro\u0144<\/td>\n<td>Jak zdoby\u0107?<\/td>\n<td>Bonus<\/td>\n<\/tr>\n<tr>\n<td><img loading=\"lazy\" decoding=\"async\" class=\"aligncenter\" src=\"https:\/\/www.desercik.pl\/tribal-wars-2\/wp-content\/uploads\/2014\/07\/Halberd.png\" alt=\"\" width=\"120\" height=\"120\" \/>Halberd of Guan Yu<\/td>\n<td>Ilo\u015b\u0107 spl\u0105drowanych surowc\u00f3w<\/td>\n<td>Zwi\u0119ksza atak i obron\u0119 w\u0142\u00f3cznik\u00f3w.<\/td>\n<\/tr>\n<tr>\n<td><img loading=\"lazy\" decoding=\"async\" class=\"aligncenter\" src=\"https:\/\/www.desercik.pl\/tribal-wars-2\/wp-content\/uploads\/2014\/07\/Sword.png\" alt=\"\" width=\"120\" height=\"120\" \/>Paracelsus&#8217; Longsword<\/td>\n<td>Pokonaj okre\u015blon\u0105 ilo\u015b\u0107 jednostek jako obro\u0144ca.<\/td>\n<td>Zwi\u0119ksza atak i obron\u0119 miecznik\u00f3w.<\/td>\n<\/tr>\n<tr>\n<td><img loading=\"lazy\" decoding=\"async\" class=\"aligncenter\" src=\"https:\/\/www.desercik.pl\/tribal-wars-2\/wp-content\/uploads\/2014\/07\/Axe.png\" alt=\"\" width=\"120\" height=\"120\" \/>Thorgard&#8217;s Battle Axe<\/td>\n<td>Atakuj wioski<\/td>\n<td>Zwi\u0119ksza atak i obron\u0119 topornik\u00f3w.<\/td>\n<\/tr>\n<tr>\n<td><img loading=\"lazy\" decoding=\"async\" class=\"aligncenter\" src=\"https:\/\/www.desercik.pl\/tribal-wars-2\/wp-content\/uploads\/2014\/07\/LongBow.png\" alt=\"\" width=\"120\" height=\"120\" \/>Nimrod&#8217;s Longbow<\/td>\n<td>Pokonaj jednostki w walce jako wsparcie.<\/td>\n<td>Zwi\u0119ksza atak i obron\u0119 \u0142ucznik\u00f3w.<\/td>\n<\/tr>\n<tr>\n<td><img loading=\"lazy\" decoding=\"async\" class=\"aligncenter\" src=\"https:\/\/www.desercik.pl\/tribal-wars-2\/wp-content\/uploads\/2014\/07\/Lance.png\" alt=\"\" width=\"120\" height=\"120\" \/>Mieszko&#8217;s Lance<\/td>\n<td>Pokonaj jednostki w ataku<\/td>\n<td>Zwi\u0119ksza atak i obron\u0119 Lekkiej Kawalerii.<\/td>\n<\/tr>\n<tr>\n<td><img loading=\"lazy\" decoding=\"async\" class=\"aligncenter\" src=\"https:\/\/www.desercik.pl\/tribal-wars-2\/wp-content\/uploads\/2014\/07\/CompositeBow.png\" alt=\"\" width=\"120\" height=\"120\" \/>Nimrod&#8217;s Composite Bow<\/td>\n<td>Pokonaj w walce armi\u0119, kt\u00f3ra konsumuje co najmniej 2000 sztuk \u017cywno\u015bci<\/td>\n<td>Zwi\u0119ksza atak i obron\u0119 \u0142ucznik\u00f3w na koniu.<\/td>\n<\/tr>\n<tr>\n<td><img loading=\"lazy\" decoding=\"async\" class=\"aligncenter\" src=\"https:\/\/www.desercik.pl\/tribal-wars-2\/wp-content\/uploads\/2014\/07\/Banner.png\" alt=\"\" width=\"120\" height=\"120\" \/>Baptiste&#8217;s Banner<\/td>\n<td>Pokonaj w walce armi\u0119, kt\u00f3ra konsumuje co najmniej 2000 sztuk \u017cywno\u015bci<\/td>\n<td>Zwi\u0119ksza atak i obron\u0119 ci\u0119\u017ckiej kawalerii.<\/td>\n<\/tr>\n<tr>\n<td><img loading=\"lazy\" decoding=\"async\" class=\"aligncenter\" src=\"https:\/\/www.desercik.pl\/tribal-wars-2\/wp-content\/uploads\/2014\/07\/MorninigStar.png\" alt=\"\" width=\"120\" height=\"120\" \/>Carol&#8217;s Morning Star<\/td>\n<td>Niszcz mury wrogich miast<\/td>\n<td>Zwi\u0119ksza atak i obron\u0119 taran\u00f3w.<\/td>\n<\/tr>\n<tr>\n<td><img loading=\"lazy\" decoding=\"async\" class=\"aligncenter\" src=\"https:\/\/www.desercik.pl\/tribal-wars-2\/wp-content\/uploads\/2014\/07\/Bonfire.png\" alt=\"\" width=\"120\" height=\"120\" \/>Aletheia&#8217;s Bonfire<\/td>\n<td>Niszcz budynki<\/td>\n<td>Zwi\u0119ksza atak i obron\u0119 katapult.<\/td>\n<\/tr>\n<tr>\n<td><img loading=\"lazy\" decoding=\"async\" class=\"aligncenter\" src=\"https:\/\/www.desercik.pl\/tribal-wars-2\/wp-content\/uploads\/2014\/07\/Scepter.png\" alt=\"\" width=\"120\" height=\"120\" \/>Vasco&#8217;s Scepter<\/td>\n<td>Podbijaj wioski<\/td>\n<td>Zwi\u0119ksza efektywno\u015b\u0107 Szlachcica<\/td>\n<\/tr>\n<\/tbody>\n<\/table>\n","protected":false},"excerpt":{"rendered":"<p>Rycerza mo\u017cemy rekrutowa\u0107 w Piedestale (Statue) i p\u00f3\u017aniej zmieni\u0107 jego imi\u0119 je\u015bli chcemy. Je\u015bli zginie w walce to mo\u017cemy go przywo\u0142a\u0107 na nowo, trwa to ko\u0142o sze\u015bciu godzin. Dzi\u0119ki szerokiemy wachlarzowi wyposa\u017cenia jakie mamy dost\u0119pne w grze wspomaga w walce&hellip; <a href=\"https:\/\/www.desercik.pl\/tribal-wars-2\/jednostki-w-grze\/paladyn-rycerz\/\" class=\"more-link\">Continue Reading <span class=\"meta-nav\">&rarr;<\/span><\/a><\/p>\n","protected":false},"author":1,"featured_media":0,"parent":30,"menu_order":0,"comment_status":"open","ping_status":"open","template":"","meta":{"footnotes":""},"class_list":["post-147","page","type-page","status-publish","hentry"],"yoast_head":"<!-- This site is optimized with the Yoast SEO plugin v27.3 - https:\/\/yoast.com\/product\/yoast-seo-wordpress\/ -->\n<title>Paladyn (Rycerz) - Plemiona 2 - Tribal Wars 2<\/title>\n<meta name=\"robots\" content=\"index, follow, max-snippet:-1, max-image-preview:large, max-video-preview:-1\" \/>\n<link rel=\"canonical\" href=\"https:\/\/www.desercik.pl\/tribal-wars-2\/jednostki-w-grze\/paladyn-rycerz\/\" \/>\n<meta property=\"og:locale\" content=\"pl_PL\" \/>\n<meta property=\"og:type\" content=\"article\" \/>\n<meta property=\"og:title\" content=\"Paladyn (Rycerz) - Plemiona 2 - Tribal Wars 2\" \/>\n<meta property=\"og:description\" content=\"Rycerza mo\u017cemy rekrutowa\u0107 w Piedestale (Statue) i p\u00f3\u017aniej zmieni\u0107 jego imi\u0119 je\u015bli chcemy. Je\u015bli zginie w walce to mo\u017cemy go przywo\u0142a\u0107 na nowo, trwa to ko\u0142o sze\u015bciu godzin. Dzi\u0119ki szerokiemy wachlarzowi wyposa\u017cenia jakie mamy dost\u0119pne w grze wspomaga w walce&hellip; Continue Reading &rarr;\" \/>\n<meta property=\"og:url\" content=\"https:\/\/www.desercik.pl\/tribal-wars-2\/jednostki-w-grze\/paladyn-rycerz\/\" \/>\n<meta property=\"og:site_name\" content=\"Plemiona 2\" \/>\n<meta property=\"article:modified_time\" content=\"2014-07-31T20:19:34+00:00\" \/>\n<meta property=\"og:image\" content=\"https:\/\/www.desercik.pl\/tribal-wars-2\/wp-content\/uploads\/2014\/07\/Paladin_big.png\" \/>\n\t<meta property=\"og:image:width\" content=\"308\" \/>\n\t<meta property=\"og:image:height\" content=\"400\" \/>\n\t<meta property=\"og:image:type\" content=\"image\/png\" \/>\n<meta name=\"twitter:label1\" content=\"Szacowany czas czytania\" \/>\n\t<meta name=\"twitter:data1\" content=\"2 minuty\" \/>\n<script type=\"application\/ld+json\" class=\"yoast-schema-graph\">{\"@context\":\"https:\\\/\\\/schema.org\",\"@graph\":[{\"@type\":\"WebPage\",\"@id\":\"https:\\\/\\\/www.desercik.pl\\\/tribal-wars-2\\\/jednostki-w-grze\\\/paladyn-rycerz\\\/\",\"url\":\"https:\\\/\\\/www.desercik.pl\\\/tribal-wars-2\\\/jednostki-w-grze\\\/paladyn-rycerz\\\/\",\"name\":\"Paladyn (Rycerz) - Plemiona 2 - Tribal Wars 2\",\"isPartOf\":{\"@id\":\"https:\\\/\\\/www.desercik.pl\\\/tribal-wars-2\\\/#website\"},\"primaryImageOfPage\":{\"@id\":\"https:\\\/\\\/www.desercik.pl\\\/tribal-wars-2\\\/jednostki-w-grze\\\/paladyn-rycerz\\\/#primaryimage\"},\"image\":{\"@id\":\"https:\\\/\\\/www.desercik.pl\\\/tribal-wars-2\\\/jednostki-w-grze\\\/paladyn-rycerz\\\/#primaryimage\"},\"thumbnailUrl\":\"https:\\\/\\\/www.desercik.pl\\\/tribal-wars-2\\\/wp-content\\\/uploads\\\/2014\\\/07\\\/Paladin_big.png\",\"datePublished\":\"2014-07-31T20:13:27+00:00\",\"dateModified\":\"2014-07-31T20:19:34+00:00\",\"breadcrumb\":{\"@id\":\"https:\\\/\\\/www.desercik.pl\\\/tribal-wars-2\\\/jednostki-w-grze\\\/paladyn-rycerz\\\/#breadcrumb\"},\"inLanguage\":\"pl-PL\",\"potentialAction\":[{\"@type\":\"ReadAction\",\"target\":[\"https:\\\/\\\/www.desercik.pl\\\/tribal-wars-2\\\/jednostki-w-grze\\\/paladyn-rycerz\\\/\"]}]},{\"@type\":\"ImageObject\",\"inLanguage\":\"pl-PL\",\"@id\":\"https:\\\/\\\/www.desercik.pl\\\/tribal-wars-2\\\/jednostki-w-grze\\\/paladyn-rycerz\\\/#primaryimage\",\"url\":\"https:\\\/\\\/www.desercik.pl\\\/tribal-wars-2\\\/wp-content\\\/uploads\\\/2014\\\/07\\\/Paladin_big.png\",\"contentUrl\":\"https:\\\/\\\/www.desercik.pl\\\/tribal-wars-2\\\/wp-content\\\/uploads\\\/2014\\\/07\\\/Paladin_big.png\",\"width\":308,\"height\":400},{\"@type\":\"BreadcrumbList\",\"@id\":\"https:\\\/\\\/www.desercik.pl\\\/tribal-wars-2\\\/jednostki-w-grze\\\/paladyn-rycerz\\\/#breadcrumb\",\"itemListElement\":[{\"@type\":\"ListItem\",\"position\":1,\"name\":\"Strona g\u0142\u00f3wna\",\"item\":\"https:\\\/\\\/www.desercik.pl\\\/tribal-wars-2\\\/\"},{\"@type\":\"ListItem\",\"position\":2,\"name\":\"Jednostki w grze\",\"item\":\"https:\\\/\\\/www.desercik.pl\\\/tribal-wars-2\\\/jednostki-w-grze\\\/\"},{\"@type\":\"ListItem\",\"position\":3,\"name\":\"Paladyn (Rycerz)\"}]},{\"@type\":\"WebSite\",\"@id\":\"https:\\\/\\\/www.desercik.pl\\\/tribal-wars-2\\\/#website\",\"url\":\"https:\\\/\\\/www.desercik.pl\\\/tribal-wars-2\\\/\",\"name\":\"Plemiona 2\",\"description\":\"\",\"potentialAction\":[{\"@type\":\"SearchAction\",\"target\":{\"@type\":\"EntryPoint\",\"urlTemplate\":\"https:\\\/\\\/www.desercik.pl\\\/tribal-wars-2\\\/?s={search_term_string}\"},\"query-input\":{\"@type\":\"PropertyValueSpecification\",\"valueRequired\":true,\"valueName\":\"search_term_string\"}}],\"inLanguage\":\"pl-PL\"}]}<\/script>\n<!-- \/ Yoast SEO plugin. -->","yoast_head_json":{"title":"Paladyn (Rycerz) - Plemiona 2 - Tribal Wars 2","robots":{"index":"index","follow":"follow","max-snippet":"max-snippet:-1","max-image-preview":"max-image-preview:large","max-video-preview":"max-video-preview:-1"},"canonical":"https:\/\/www.desercik.pl\/tribal-wars-2\/jednostki-w-grze\/paladyn-rycerz\/","og_locale":"pl_PL","og_type":"article","og_title":"Paladyn (Rycerz) - Plemiona 2 - Tribal Wars 2","og_description":"Rycerza mo\u017cemy rekrutowa\u0107 w Piedestale (Statue) i p\u00f3\u017aniej zmieni\u0107 jego imi\u0119 je\u015bli chcemy. Je\u015bli zginie w walce to mo\u017cemy go przywo\u0142a\u0107 na nowo, trwa to ko\u0142o sze\u015bciu godzin. Dzi\u0119ki szerokiemy wachlarzowi wyposa\u017cenia jakie mamy dost\u0119pne w grze wspomaga w walce&hellip; Continue Reading &rarr;","og_url":"https:\/\/www.desercik.pl\/tribal-wars-2\/jednostki-w-grze\/paladyn-rycerz\/","og_site_name":"Plemiona 2","article_modified_time":"2014-07-31T20:19:34+00:00","og_image":[{"width":308,"height":400,"url":"https:\/\/www.desercik.pl\/tribal-wars-2\/wp-content\/uploads\/2014\/07\/Paladin_big.png","type":"image\/png"}],"twitter_misc":{"Szacowany czas czytania":"2 minuty"},"schema":{"@context":"https:\/\/schema.org","@graph":[{"@type":"WebPage","@id":"https:\/\/www.desercik.pl\/tribal-wars-2\/jednostki-w-grze\/paladyn-rycerz\/","url":"https:\/\/www.desercik.pl\/tribal-wars-2\/jednostki-w-grze\/paladyn-rycerz\/","name":"Paladyn (Rycerz) - Plemiona 2 - Tribal Wars 2","isPartOf":{"@id":"https:\/\/www.desercik.pl\/tribal-wars-2\/#website"},"primaryImageOfPage":{"@id":"https:\/\/www.desercik.pl\/tribal-wars-2\/jednostki-w-grze\/paladyn-rycerz\/#primaryimage"},"image":{"@id":"https:\/\/www.desercik.pl\/tribal-wars-2\/jednostki-w-grze\/paladyn-rycerz\/#primaryimage"},"thumbnailUrl":"https:\/\/www.desercik.pl\/tribal-wars-2\/wp-content\/uploads\/2014\/07\/Paladin_big.png","datePublished":"2014-07-31T20:13:27+00:00","dateModified":"2014-07-31T20:19:34+00:00","breadcrumb":{"@id":"https:\/\/www.desercik.pl\/tribal-wars-2\/jednostki-w-grze\/paladyn-rycerz\/#breadcrumb"},"inLanguage":"pl-PL","potentialAction":[{"@type":"ReadAction","target":["https:\/\/www.desercik.pl\/tribal-wars-2\/jednostki-w-grze\/paladyn-rycerz\/"]}]},{"@type":"ImageObject","inLanguage":"pl-PL","@id":"https:\/\/www.desercik.pl\/tribal-wars-2\/jednostki-w-grze\/paladyn-rycerz\/#primaryimage","url":"https:\/\/www.desercik.pl\/tribal-wars-2\/wp-content\/uploads\/2014\/07\/Paladin_big.png","contentUrl":"https:\/\/www.desercik.pl\/tribal-wars-2\/wp-content\/uploads\/2014\/07\/Paladin_big.png","width":308,"height":400},{"@type":"BreadcrumbList","@id":"https:\/\/www.desercik.pl\/tribal-wars-2\/jednostki-w-grze\/paladyn-rycerz\/#breadcrumb","itemListElement":[{"@type":"ListItem","position":1,"name":"Strona g\u0142\u00f3wna","item":"https:\/\/www.desercik.pl\/tribal-wars-2\/"},{"@type":"ListItem","position":2,"name":"Jednostki w grze","item":"https:\/\/www.desercik.pl\/tribal-wars-2\/jednostki-w-grze\/"},{"@type":"ListItem","position":3,"name":"Paladyn (Rycerz)"}]},{"@type":"WebSite","@id":"https:\/\/www.desercik.pl\/tribal-wars-2\/#website","url":"https:\/\/www.desercik.pl\/tribal-wars-2\/","name":"Plemiona 2","description":"","potentialAction":[{"@type":"SearchAction","target":{"@type":"EntryPoint","urlTemplate":"https:\/\/www.desercik.pl\/tribal-wars-2\/?s={search_term_string}"},"query-input":{"@type":"PropertyValueSpecification","valueRequired":true,"valueName":"search_term_string"}}],"inLanguage":"pl-PL"}]}},"_links":{"self":[{"href":"https:\/\/www.desercik.pl\/tribal-wars-2\/wp-json\/wp\/v2\/pages\/147","targetHints":{"allow":["GET"]}}],"collection":[{"href":"https:\/\/www.desercik.pl\/tribal-wars-2\/wp-json\/wp\/v2\/pages"}],"about":[{"href":"https:\/\/www.desercik.pl\/tribal-wars-2\/wp-json\/wp\/v2\/types\/page"}],"author":[{"embeddable":true,"href":"https:\/\/www.desercik.pl\/tribal-wars-2\/wp-json\/wp\/v2\/users\/1"}],"replies":[{"embeddable":true,"href":"https:\/\/www.desercik.pl\/tribal-wars-2\/wp-json\/wp\/v2\/comments?post=147"}],"version-history":[{"count":0,"href":"https:\/\/www.desercik.pl\/tribal-wars-2\/wp-json\/wp\/v2\/pages\/147\/revisions"}],"up":[{"embeddable":true,"href":"https:\/\/www.desercik.pl\/tribal-wars-2\/wp-json\/wp\/v2\/pages\/30"}],"wp:attachment":[{"href":"https:\/\/www.desercik.pl\/tribal-wars-2\/wp-json\/wp\/v2\/media?parent=147"}],"curies":[{"name":"wp","href":"https:\/\/api.w.org\/{rel}","templated":true}]}}