{"id":143,"date":"2014-07-31T22:02:16","date_gmt":"2014-07-31T20:02:16","guid":{"rendered":"http:\/\/www.desercik.pl\/tribal-wars-2\/?page_id=143"},"modified":"2014-07-31T22:02:31","modified_gmt":"2014-07-31T20:02:31","slug":"katapulta","status":"publish","type":"page","link":"https:\/\/www.desercik.pl\/tribal-wars-2\/jednostki-w-grze\/katapulta\/","title":{"rendered":"Katapulta"},"content":{"rendered":"<p>Katapulty s\u0142u\u017c\u0105 przede wszystkim do niszczenia budynk\u00f3w w wiosce przeciwnika. Nie zalecam ich u\u017cywa\u0107 je\u015bli planujecie przej\u0105\u0107 wiosk\u0119. Podczas ataku je\u015bli wybieracie i katapulty pojawia si\u0119 dodatkowa opcja wyboru budynk\u00f3w, kt\u00f3ry chcecie, aby atakowa\u0142y.<\/p>\n<table class=\"tabela\">\n<tbody>\n<tr>\n<td colspan=\"6\"><center><a href=\"https:\/\/www.desercik.pl\/tribal-wars-2\/wp-content\/uploads\/2014\/07\/Catapult_big.png\"><img loading=\"lazy\" decoding=\"async\" class=\"alignnone size-full wp-image-144\" src=\"https:\/\/www.desercik.pl\/tribal-wars-2\/wp-content\/uploads\/2014\/07\/Catapult_big.png\" alt=\"Catapult_big\" width=\"308\" height=\"400\" srcset=\"https:\/\/www.desercik.pl\/tribal-wars-2\/wp-content\/uploads\/2014\/07\/Catapult_big.png 308w, https:\/\/www.desercik.pl\/tribal-wars-2\/wp-content\/uploads\/2014\/07\/Catapult_big-231x300.png 231w\" sizes=\"auto, (max-width: 308px) 100vw, 308px\" \/><\/a><\/center><\/td>\n<\/tr>\n<tr>\n<th>Wymagania<\/th>\n<td colspan=\"6\">Koszary na poziomie 17<\/td>\n<\/tr>\n<tr>\n<th>Specjalne umiej\u0119tno\u015bci<\/th>\n<td colspan=\"6\">Mo\u017ce niszczy\u0107 budynki w miastach przeciwnika.<\/td>\n<\/tr>\n<tr>\n<th>Cena<\/th>\n<td><img loading=\"lazy\" decoding=\"async\" src=\"https:\/\/www.desercik.pl\/tribal-wars-2\/wp-content\/uploads\/2014\/07\/Wood.png\" alt=\"\" width=\"44\" height=\"44\" \/>\u00a0320<\/td>\n<td><img loading=\"lazy\" decoding=\"async\" src=\"https:\/\/www.desercik.pl\/tribal-wars-2\/wp-content\/uploads\/2014\/07\/Clay.png\" alt=\"\" width=\"44\" height=\"44\" \/>\u00a0400<\/td>\n<td><img loading=\"lazy\" decoding=\"async\" src=\"https:\/\/www.desercik.pl\/tribal-wars-2\/wp-content\/uploads\/2014\/07\/Iron.png\" alt=\"\" width=\"44\" height=\"44\" \/>\u00a0100<\/td>\n<td colspan=\"2\"><img loading=\"lazy\" decoding=\"async\" src=\"https:\/\/www.desercik.pl\/tribal-wars-2\/wp-content\/uploads\/2014\/07\/Provisions.png\" alt=\"\" width=\"44\" height=\"44\" \/>\u00a08<\/td>\n<\/tr>\n<tr>\n<th>Statystyki<\/th>\n<td><img loading=\"lazy\" decoding=\"async\" src=\"https:\/\/www.desercik.pl\/tribal-wars-2\/wp-content\/uploads\/2014\/07\/Attack.png\" alt=\"\" width=\"44\" height=\"44\" \/>\u00a0100<\/td>\n<td><img loading=\"lazy\" decoding=\"async\" src=\"https:\/\/www.desercik.pl\/tribal-wars-2\/wp-content\/uploads\/2014\/07\/Defense.png\" alt=\"\" width=\"44\" height=\"44\" \/>\u00a0100<\/td>\n<td><img loading=\"lazy\" decoding=\"async\" src=\"https:\/\/www.desercik.pl\/tribal-wars-2\/wp-content\/uploads\/2014\/07\/Cavalry_defense.png\" alt=\"\" width=\"44\" height=\"44\" \/>\u00a050<\/td>\n<td><img loading=\"lazy\" decoding=\"async\" src=\"https:\/\/www.desercik.pl\/tribal-wars-2\/wp-content\/uploads\/2014\/07\/Archer_defense.png\" alt=\"\" width=\"44\" height=\"44\" \/>\u00a0100<\/td>\n<td><img loading=\"lazy\" decoding=\"async\" src=\"https:\/\/www.desercik.pl\/tribal-wars-2\/wp-content\/uploads\/2014\/07\/Load_capacity.png\" alt=\"\" width=\"44\" height=\"44\" \/>\u00a00<\/td>\n<\/tr>\n<\/tbody>\n<\/table>\n","protected":false},"excerpt":{"rendered":"<p>Katapulty s\u0142u\u017c\u0105 przede wszystkim do niszczenia budynk\u00f3w w wiosce przeciwnika. Nie zalecam ich u\u017cywa\u0107 je\u015bli planujecie przej\u0105\u0107 wiosk\u0119. Podczas ataku je\u015bli wybieracie i katapulty pojawia si\u0119 dodatkowa opcja wyboru budynk\u00f3w, kt\u00f3ry chcecie, aby atakowa\u0142y. Wymagania Koszary na poziomie 17 Specjalne&hellip; <a href=\"https:\/\/www.desercik.pl\/tribal-wars-2\/jednostki-w-grze\/katapulta\/\" class=\"more-link\">Continue Reading <span class=\"meta-nav\">&rarr;<\/span><\/a><\/p>\n","protected":false},"author":1,"featured_media":0,"parent":30,"menu_order":0,"comment_status":"open","ping_status":"open","template":"","meta":{"footnotes":""},"class_list":["post-143","page","type-page","status-publish","hentry"],"yoast_head":"<!-- This site is optimized with the Yoast SEO plugin v27.3 - https:\/\/yoast.com\/product\/yoast-seo-wordpress\/ -->\n<title>Katapulta - Plemiona 2 - Tribal Wars 2<\/title>\n<meta name=\"description\" content=\"Katapulty s\u0142u\u017c\u0105 przede wszystkim do niszczenia budynk\u00f3w w wiosce przeciwnika. Nie zalecam ich u\u017cywa\u0107 je\u015bli planujecie przej\u0105\u0107 wiosk\u0119. Podczas ataku je\u015bli wybieracie i katapulty pojawia si\u0119 dodatkowa opcja wyboru budynk\u00f3w, kt\u00f3ry chcecie, aby atakowa\u0142y.\" \/>\n<meta name=\"robots\" content=\"index, follow, max-snippet:-1, max-image-preview:large, max-video-preview:-1\" \/>\n<link rel=\"canonical\" href=\"https:\/\/www.desercik.pl\/tribal-wars-2\/jednostki-w-grze\/katapulta\/\" \/>\n<meta property=\"og:locale\" content=\"pl_PL\" \/>\n<meta property=\"og:type\" content=\"article\" \/>\n<meta property=\"og:title\" content=\"Katapulta - Plemiona 2 - Tribal Wars 2\" \/>\n<meta property=\"og:description\" content=\"Katapulty s\u0142u\u017c\u0105 przede wszystkim do niszczenia budynk\u00f3w w wiosce przeciwnika. Nie zalecam ich u\u017cywa\u0107 je\u015bli planujecie przej\u0105\u0107 wiosk\u0119. Podczas ataku je\u015bli wybieracie i katapulty pojawia si\u0119 dodatkowa opcja wyboru budynk\u00f3w, kt\u00f3ry chcecie, aby atakowa\u0142y.\" \/>\n<meta property=\"og:url\" content=\"https:\/\/www.desercik.pl\/tribal-wars-2\/jednostki-w-grze\/katapulta\/\" \/>\n<meta property=\"og:site_name\" content=\"Plemiona 2\" \/>\n<meta property=\"article:modified_time\" content=\"2014-07-31T20:02:31+00:00\" \/>\n<meta property=\"og:image\" content=\"https:\/\/www.desercik.pl\/tribal-wars-2\/wp-content\/uploads\/2014\/07\/Catapult_big.png\" \/>\n\t<meta property=\"og:image:width\" content=\"308\" \/>\n\t<meta property=\"og:image:height\" content=\"400\" \/>\n\t<meta property=\"og:image:type\" content=\"image\/png\" \/>\n<script type=\"application\/ld+json\" class=\"yoast-schema-graph\">{\"@context\":\"https:\\\/\\\/schema.org\",\"@graph\":[{\"@type\":\"WebPage\",\"@id\":\"https:\\\/\\\/www.desercik.pl\\\/tribal-wars-2\\\/jednostki-w-grze\\\/katapulta\\\/\",\"url\":\"https:\\\/\\\/www.desercik.pl\\\/tribal-wars-2\\\/jednostki-w-grze\\\/katapulta\\\/\",\"name\":\"Katapulta - Plemiona 2 - Tribal Wars 2\",\"isPartOf\":{\"@id\":\"https:\\\/\\\/www.desercik.pl\\\/tribal-wars-2\\\/#website\"},\"primaryImageOfPage\":{\"@id\":\"https:\\\/\\\/www.desercik.pl\\\/tribal-wars-2\\\/jednostki-w-grze\\\/katapulta\\\/#primaryimage\"},\"image\":{\"@id\":\"https:\\\/\\\/www.desercik.pl\\\/tribal-wars-2\\\/jednostki-w-grze\\\/katapulta\\\/#primaryimage\"},\"thumbnailUrl\":\"https:\\\/\\\/www.desercik.pl\\\/tribal-wars-2\\\/wp-content\\\/uploads\\\/2014\\\/07\\\/Catapult_big.png\",\"datePublished\":\"2014-07-31T20:02:16+00:00\",\"dateModified\":\"2014-07-31T20:02:31+00:00\",\"description\":\"Katapulty s\u0142u\u017c\u0105 przede wszystkim do niszczenia budynk\u00f3w w wiosce przeciwnika. Nie zalecam ich u\u017cywa\u0107 je\u015bli planujecie przej\u0105\u0107 wiosk\u0119. Podczas ataku je\u015bli wybieracie i katapulty pojawia si\u0119 dodatkowa opcja wyboru budynk\u00f3w, kt\u00f3ry chcecie, aby atakowa\u0142y.\",\"breadcrumb\":{\"@id\":\"https:\\\/\\\/www.desercik.pl\\\/tribal-wars-2\\\/jednostki-w-grze\\\/katapulta\\\/#breadcrumb\"},\"inLanguage\":\"pl-PL\",\"potentialAction\":[{\"@type\":\"ReadAction\",\"target\":[\"https:\\\/\\\/www.desercik.pl\\\/tribal-wars-2\\\/jednostki-w-grze\\\/katapulta\\\/\"]}]},{\"@type\":\"ImageObject\",\"inLanguage\":\"pl-PL\",\"@id\":\"https:\\\/\\\/www.desercik.pl\\\/tribal-wars-2\\\/jednostki-w-grze\\\/katapulta\\\/#primaryimage\",\"url\":\"https:\\\/\\\/www.desercik.pl\\\/tribal-wars-2\\\/wp-content\\\/uploads\\\/2014\\\/07\\\/Catapult_big.png\",\"contentUrl\":\"https:\\\/\\\/www.desercik.pl\\\/tribal-wars-2\\\/wp-content\\\/uploads\\\/2014\\\/07\\\/Catapult_big.png\",\"width\":308,\"height\":400},{\"@type\":\"BreadcrumbList\",\"@id\":\"https:\\\/\\\/www.desercik.pl\\\/tribal-wars-2\\\/jednostki-w-grze\\\/katapulta\\\/#breadcrumb\",\"itemListElement\":[{\"@type\":\"ListItem\",\"position\":1,\"name\":\"Strona g\u0142\u00f3wna\",\"item\":\"https:\\\/\\\/www.desercik.pl\\\/tribal-wars-2\\\/\"},{\"@type\":\"ListItem\",\"position\":2,\"name\":\"Jednostki w grze\",\"item\":\"https:\\\/\\\/www.desercik.pl\\\/tribal-wars-2\\\/jednostki-w-grze\\\/\"},{\"@type\":\"ListItem\",\"position\":3,\"name\":\"Katapulta\"}]},{\"@type\":\"WebSite\",\"@id\":\"https:\\\/\\\/www.desercik.pl\\\/tribal-wars-2\\\/#website\",\"url\":\"https:\\\/\\\/www.desercik.pl\\\/tribal-wars-2\\\/\",\"name\":\"Plemiona 2\",\"description\":\"\",\"potentialAction\":[{\"@type\":\"SearchAction\",\"target\":{\"@type\":\"EntryPoint\",\"urlTemplate\":\"https:\\\/\\\/www.desercik.pl\\\/tribal-wars-2\\\/?s={search_term_string}\"},\"query-input\":{\"@type\":\"PropertyValueSpecification\",\"valueRequired\":true,\"valueName\":\"search_term_string\"}}],\"inLanguage\":\"pl-PL\"}]}<\/script>\n<!-- \/ Yoast SEO plugin. -->","yoast_head_json":{"title":"Katapulta - Plemiona 2 - Tribal Wars 2","description":"Katapulty s\u0142u\u017c\u0105 przede wszystkim do niszczenia budynk\u00f3w w wiosce przeciwnika. Nie zalecam ich u\u017cywa\u0107 je\u015bli planujecie przej\u0105\u0107 wiosk\u0119. Podczas ataku je\u015bli wybieracie i katapulty pojawia si\u0119 dodatkowa opcja wyboru budynk\u00f3w, kt\u00f3ry chcecie, aby atakowa\u0142y.","robots":{"index":"index","follow":"follow","max-snippet":"max-snippet:-1","max-image-preview":"max-image-preview:large","max-video-preview":"max-video-preview:-1"},"canonical":"https:\/\/www.desercik.pl\/tribal-wars-2\/jednostki-w-grze\/katapulta\/","og_locale":"pl_PL","og_type":"article","og_title":"Katapulta - Plemiona 2 - Tribal Wars 2","og_description":"Katapulty s\u0142u\u017c\u0105 przede wszystkim do niszczenia budynk\u00f3w w wiosce przeciwnika. Nie zalecam ich u\u017cywa\u0107 je\u015bli planujecie przej\u0105\u0107 wiosk\u0119. Podczas ataku je\u015bli wybieracie i katapulty pojawia si\u0119 dodatkowa opcja wyboru budynk\u00f3w, kt\u00f3ry chcecie, aby atakowa\u0142y.","og_url":"https:\/\/www.desercik.pl\/tribal-wars-2\/jednostki-w-grze\/katapulta\/","og_site_name":"Plemiona 2","article_modified_time":"2014-07-31T20:02:31+00:00","og_image":[{"width":308,"height":400,"url":"https:\/\/www.desercik.pl\/tribal-wars-2\/wp-content\/uploads\/2014\/07\/Catapult_big.png","type":"image\/png"}],"schema":{"@context":"https:\/\/schema.org","@graph":[{"@type":"WebPage","@id":"https:\/\/www.desercik.pl\/tribal-wars-2\/jednostki-w-grze\/katapulta\/","url":"https:\/\/www.desercik.pl\/tribal-wars-2\/jednostki-w-grze\/katapulta\/","name":"Katapulta - Plemiona 2 - Tribal Wars 2","isPartOf":{"@id":"https:\/\/www.desercik.pl\/tribal-wars-2\/#website"},"primaryImageOfPage":{"@id":"https:\/\/www.desercik.pl\/tribal-wars-2\/jednostki-w-grze\/katapulta\/#primaryimage"},"image":{"@id":"https:\/\/www.desercik.pl\/tribal-wars-2\/jednostki-w-grze\/katapulta\/#primaryimage"},"thumbnailUrl":"https:\/\/www.desercik.pl\/tribal-wars-2\/wp-content\/uploads\/2014\/07\/Catapult_big.png","datePublished":"2014-07-31T20:02:16+00:00","dateModified":"2014-07-31T20:02:31+00:00","description":"Katapulty s\u0142u\u017c\u0105 przede wszystkim do niszczenia budynk\u00f3w w wiosce przeciwnika. Nie zalecam ich u\u017cywa\u0107 je\u015bli planujecie przej\u0105\u0107 wiosk\u0119. Podczas ataku je\u015bli wybieracie i katapulty pojawia si\u0119 dodatkowa opcja wyboru budynk\u00f3w, kt\u00f3ry chcecie, aby atakowa\u0142y.","breadcrumb":{"@id":"https:\/\/www.desercik.pl\/tribal-wars-2\/jednostki-w-grze\/katapulta\/#breadcrumb"},"inLanguage":"pl-PL","potentialAction":[{"@type":"ReadAction","target":["https:\/\/www.desercik.pl\/tribal-wars-2\/jednostki-w-grze\/katapulta\/"]}]},{"@type":"ImageObject","inLanguage":"pl-PL","@id":"https:\/\/www.desercik.pl\/tribal-wars-2\/jednostki-w-grze\/katapulta\/#primaryimage","url":"https:\/\/www.desercik.pl\/tribal-wars-2\/wp-content\/uploads\/2014\/07\/Catapult_big.png","contentUrl":"https:\/\/www.desercik.pl\/tribal-wars-2\/wp-content\/uploads\/2014\/07\/Catapult_big.png","width":308,"height":400},{"@type":"BreadcrumbList","@id":"https:\/\/www.desercik.pl\/tribal-wars-2\/jednostki-w-grze\/katapulta\/#breadcrumb","itemListElement":[{"@type":"ListItem","position":1,"name":"Strona g\u0142\u00f3wna","item":"https:\/\/www.desercik.pl\/tribal-wars-2\/"},{"@type":"ListItem","position":2,"name":"Jednostki w grze","item":"https:\/\/www.desercik.pl\/tribal-wars-2\/jednostki-w-grze\/"},{"@type":"ListItem","position":3,"name":"Katapulta"}]},{"@type":"WebSite","@id":"https:\/\/www.desercik.pl\/tribal-wars-2\/#website","url":"https:\/\/www.desercik.pl\/tribal-wars-2\/","name":"Plemiona 2","description":"","potentialAction":[{"@type":"SearchAction","target":{"@type":"EntryPoint","urlTemplate":"https:\/\/www.desercik.pl\/tribal-wars-2\/?s={search_term_string}"},"query-input":{"@type":"PropertyValueSpecification","valueRequired":true,"valueName":"search_term_string"}}],"inLanguage":"pl-PL"}]}},"_links":{"self":[{"href":"https:\/\/www.desercik.pl\/tribal-wars-2\/wp-json\/wp\/v2\/pages\/143","targetHints":{"allow":["GET"]}}],"collection":[{"href":"https:\/\/www.desercik.pl\/tribal-wars-2\/wp-json\/wp\/v2\/pages"}],"about":[{"href":"https:\/\/www.desercik.pl\/tribal-wars-2\/wp-json\/wp\/v2\/types\/page"}],"author":[{"embeddable":true,"href":"https:\/\/www.desercik.pl\/tribal-wars-2\/wp-json\/wp\/v2\/users\/1"}],"replies":[{"embeddable":true,"href":"https:\/\/www.desercik.pl\/tribal-wars-2\/wp-json\/wp\/v2\/comments?post=143"}],"version-history":[{"count":0,"href":"https:\/\/www.desercik.pl\/tribal-wars-2\/wp-json\/wp\/v2\/pages\/143\/revisions"}],"up":[{"embeddable":true,"href":"https:\/\/www.desercik.pl\/tribal-wars-2\/wp-json\/wp\/v2\/pages\/30"}],"wp:attachment":[{"href":"https:\/\/www.desercik.pl\/tribal-wars-2\/wp-json\/wp\/v2\/media?parent=143"}],"curies":[{"name":"wp","href":"https:\/\/api.w.org\/{rel}","templated":true}]}}