{"id":122,"date":"2014-07-31T21:44:55","date_gmt":"2014-07-31T19:44:55","guid":{"rendered":"http:\/\/www.desercik.pl\/tribal-wars-2\/?page_id=122"},"modified":"2014-07-31T21:47:36","modified_gmt":"2014-07-31T19:47:36","slug":"ciezki-kawalerzysta","status":"publish","type":"page","link":"https:\/\/www.desercik.pl\/tribal-wars-2\/jednostki-w-grze\/ciezki-kawalerzysta\/","title":{"rendered":"Ci\u0119\u017cki kawalerzysta"},"content":{"rendered":"<p>Ci\u0119\u017cka Kawaleria dzi\u0119ki swojemu uzbrojeniu nadaje si\u0119 do obrony, ale jest nie ekonomiczna, gdy\u017c lepiej utrzyma\u0107 3 miecznik\u00f3w ni\u017c jednego kawalerzyst\u0119. Dobrze sprawuje si\u0119 w obronie przeciwko Lekkiej Kawalerii, ale W\u0142\u00f3cznicy ich szybko zrzucaj\u0105 z koni.<\/p>\n<table class=\"tabela\">\n<tbody>\n<tr>\n<td colspan=\"6\"><center><img loading=\"lazy\" decoding=\"async\" title=\"Ci\u0119\u017cki kawalerzysta\" src=\"https:\/\/www.desercik.pl\/tribal-wars-2\/wp-content\/uploads\/2014\/07\/Heavy_Cavalry_big.png\" alt=\"Ci\u0119\u017cki kawalerzysta\" width=\"308\" height=\"400\" \/><\/center><\/td>\n<\/tr>\n<tr>\n<th>Wymagania<\/th>\n<td colspan=\"6\">Koszary na poziomie 21<\/td>\n<\/tr>\n<tr>\n<th>Specjalne umiej\u0119tno\u015bci<\/th>\n<td colspan=\"6\">Brak<\/td>\n<\/tr>\n<tr>\n<th>Cena<\/th>\n<td><img loading=\"lazy\" decoding=\"async\" src=\"https:\/\/www.desercik.pl\/tribal-wars-2\/wp-content\/uploads\/2014\/07\/Wood.png\" alt=\"\" width=\"44\" height=\"44\" \/>\u00a0200<\/td>\n<td><img loading=\"lazy\" decoding=\"async\" src=\"https:\/\/www.desercik.pl\/tribal-wars-2\/wp-content\/uploads\/2014\/07\/Clay.png\" alt=\"\" width=\"44\" height=\"44\" \/>\u00a0150<\/td>\n<td><img loading=\"lazy\" decoding=\"async\" src=\"https:\/\/www.desercik.pl\/tribal-wars-2\/wp-content\/uploads\/2014\/07\/Iron.png\" alt=\"\" width=\"44\" height=\"44\" \/>\u00a0600<\/td>\n<td colspan=\"2\"><img loading=\"lazy\" decoding=\"async\" src=\"https:\/\/www.desercik.pl\/tribal-wars-2\/wp-content\/uploads\/2014\/07\/Provisions.png\" alt=\"\" width=\"44\" height=\"44\" \/>\u00a06<\/td>\n<\/tr>\n<tr>\n<th>Statystyki<\/th>\n<td><img loading=\"lazy\" decoding=\"async\" src=\"https:\/\/www.desercik.pl\/tribal-wars-2\/wp-content\/uploads\/2014\/07\/Attack.png\" alt=\"\" width=\"44\" height=\"44\" \/>\u00a0150<\/td>\n<td><img loading=\"lazy\" decoding=\"async\" src=\"https:\/\/www.desercik.pl\/tribal-wars-2\/wp-content\/uploads\/2014\/07\/Defense.png\" alt=\"\" width=\"44\" height=\"44\" \/>\u00a0200<\/td>\n<td><img loading=\"lazy\" decoding=\"async\" src=\"https:\/\/www.desercik.pl\/tribal-wars-2\/wp-content\/uploads\/2014\/07\/Cavalry_defense.png\" alt=\"\" width=\"44\" height=\"44\" \/>\u00a080<\/td>\n<td><img loading=\"lazy\" decoding=\"async\" src=\"https:\/\/www.desercik.pl\/tribal-wars-2\/wp-content\/uploads\/2014\/07\/Archer_defense.png\" alt=\"\" width=\"44\" height=\"44\" \/>\u00a0180<\/td>\n<td><img loading=\"lazy\" decoding=\"async\" src=\"https:\/\/www.desercik.pl\/tribal-wars-2\/wp-content\/uploads\/2014\/07\/Load_capacity.png\" alt=\"\" width=\"44\" height=\"44\" \/>\u00a050<\/td>\n<\/tr>\n<\/tbody>\n<\/table>\n","protected":false},"excerpt":{"rendered":"<p>Ci\u0119\u017cka Kawaleria dzi\u0119ki swojemu uzbrojeniu nadaje si\u0119 do obrony, ale jest nie ekonomiczna, gdy\u017c lepiej utrzyma\u0107 3 miecznik\u00f3w ni\u017c jednego kawalerzyst\u0119. Dobrze sprawuje si\u0119 w obronie przeciwko Lekkiej Kawalerii, ale W\u0142\u00f3cznicy ich szybko zrzucaj\u0105 z koni. Wymagania Koszary na poziomie&hellip; <a href=\"https:\/\/www.desercik.pl\/tribal-wars-2\/jednostki-w-grze\/ciezki-kawalerzysta\/\" class=\"more-link\">Continue Reading <span class=\"meta-nav\">&rarr;<\/span><\/a><\/p>\n","protected":false},"author":1,"featured_media":0,"parent":30,"menu_order":0,"comment_status":"open","ping_status":"open","template":"","meta":{"footnotes":""},"class_list":["post-122","page","type-page","status-publish","hentry"],"yoast_head":"<!-- This site is optimized with the Yoast SEO plugin v27.3 - https:\/\/yoast.com\/product\/yoast-seo-wordpress\/ -->\n<title>Ci\u0119\u017cki kawalerzysta - Plemiona 2 - Tribal Wars 2<\/title>\n<meta name=\"description\" content=\"Ci\u0119\u017cka Kawaleria dzi\u0119ki swojemu uzbrojeniu nadaje si\u0119 do obrony, ale jest nie ekonomiczna, gdy\u017c lepiej utrzyma\u0107 3 miecznik\u00f3w ni\u017c jednego kawalerzyst\u0119.\" \/>\n<meta name=\"robots\" content=\"index, follow, max-snippet:-1, max-image-preview:large, max-video-preview:-1\" \/>\n<link rel=\"canonical\" href=\"https:\/\/www.desercik.pl\/tribal-wars-2\/jednostki-w-grze\/ciezki-kawalerzysta\/\" \/>\n<meta property=\"og:locale\" content=\"pl_PL\" \/>\n<meta property=\"og:type\" content=\"article\" \/>\n<meta property=\"og:title\" content=\"Ci\u0119\u017cki kawalerzysta - Plemiona 2 - Tribal Wars 2\" \/>\n<meta property=\"og:description\" content=\"Ci\u0119\u017cka Kawaleria dzi\u0119ki swojemu uzbrojeniu nadaje si\u0119 do obrony, ale jest nie ekonomiczna, gdy\u017c lepiej utrzyma\u0107 3 miecznik\u00f3w ni\u017c jednego kawalerzyst\u0119.\" \/>\n<meta property=\"og:url\" content=\"https:\/\/www.desercik.pl\/tribal-wars-2\/jednostki-w-grze\/ciezki-kawalerzysta\/\" \/>\n<meta property=\"og:site_name\" content=\"Plemiona 2\" \/>\n<meta property=\"article:modified_time\" content=\"2014-07-31T19:47:36+00:00\" \/>\n<meta property=\"og:image\" content=\"https:\/\/www.desercik.pl\/tribal-wars-2\/wp-content\/uploads\/2014\/07\/Heavy_Cavalry_big.png\" \/>\n<script type=\"application\/ld+json\" class=\"yoast-schema-graph\">{\"@context\":\"https:\\\/\\\/schema.org\",\"@graph\":[{\"@type\":\"WebPage\",\"@id\":\"https:\\\/\\\/www.desercik.pl\\\/tribal-wars-2\\\/jednostki-w-grze\\\/ciezki-kawalerzysta\\\/\",\"url\":\"https:\\\/\\\/www.desercik.pl\\\/tribal-wars-2\\\/jednostki-w-grze\\\/ciezki-kawalerzysta\\\/\",\"name\":\"Ci\u0119\u017cki kawalerzysta - Plemiona 2 - Tribal Wars 2\",\"isPartOf\":{\"@id\":\"https:\\\/\\\/www.desercik.pl\\\/tribal-wars-2\\\/#website\"},\"primaryImageOfPage\":{\"@id\":\"https:\\\/\\\/www.desercik.pl\\\/tribal-wars-2\\\/jednostki-w-grze\\\/ciezki-kawalerzysta\\\/#primaryimage\"},\"image\":{\"@id\":\"https:\\\/\\\/www.desercik.pl\\\/tribal-wars-2\\\/jednostki-w-grze\\\/ciezki-kawalerzysta\\\/#primaryimage\"},\"thumbnailUrl\":\"https:\\\/\\\/www.desercik.pl\\\/tribal-wars-2\\\/wp-content\\\/uploads\\\/2014\\\/07\\\/Heavy_Cavalry_big.png\",\"datePublished\":\"2014-07-31T19:44:55+00:00\",\"dateModified\":\"2014-07-31T19:47:36+00:00\",\"description\":\"Ci\u0119\u017cka Kawaleria dzi\u0119ki swojemu uzbrojeniu nadaje si\u0119 do obrony, ale jest nie ekonomiczna, gdy\u017c lepiej utrzyma\u0107 3 miecznik\u00f3w ni\u017c jednego kawalerzyst\u0119.\",\"breadcrumb\":{\"@id\":\"https:\\\/\\\/www.desercik.pl\\\/tribal-wars-2\\\/jednostki-w-grze\\\/ciezki-kawalerzysta\\\/#breadcrumb\"},\"inLanguage\":\"pl-PL\",\"potentialAction\":[{\"@type\":\"ReadAction\",\"target\":[\"https:\\\/\\\/www.desercik.pl\\\/tribal-wars-2\\\/jednostki-w-grze\\\/ciezki-kawalerzysta\\\/\"]}]},{\"@type\":\"ImageObject\",\"inLanguage\":\"pl-PL\",\"@id\":\"https:\\\/\\\/www.desercik.pl\\\/tribal-wars-2\\\/jednostki-w-grze\\\/ciezki-kawalerzysta\\\/#primaryimage\",\"url\":\"https:\\\/\\\/www.desercik.pl\\\/tribal-wars-2\\\/wp-content\\\/uploads\\\/2014\\\/07\\\/Heavy_Cavalry_big.png\",\"contentUrl\":\"https:\\\/\\\/www.desercik.pl\\\/tribal-wars-2\\\/wp-content\\\/uploads\\\/2014\\\/07\\\/Heavy_Cavalry_big.png\",\"width\":308,\"height\":400},{\"@type\":\"BreadcrumbList\",\"@id\":\"https:\\\/\\\/www.desercik.pl\\\/tribal-wars-2\\\/jednostki-w-grze\\\/ciezki-kawalerzysta\\\/#breadcrumb\",\"itemListElement\":[{\"@type\":\"ListItem\",\"position\":1,\"name\":\"Strona g\u0142\u00f3wna\",\"item\":\"https:\\\/\\\/www.desercik.pl\\\/tribal-wars-2\\\/\"},{\"@type\":\"ListItem\",\"position\":2,\"name\":\"Jednostki w grze\",\"item\":\"https:\\\/\\\/www.desercik.pl\\\/tribal-wars-2\\\/jednostki-w-grze\\\/\"},{\"@type\":\"ListItem\",\"position\":3,\"name\":\"Ci\u0119\u017cki kawalerzysta\"}]},{\"@type\":\"WebSite\",\"@id\":\"https:\\\/\\\/www.desercik.pl\\\/tribal-wars-2\\\/#website\",\"url\":\"https:\\\/\\\/www.desercik.pl\\\/tribal-wars-2\\\/\",\"name\":\"Plemiona 2\",\"description\":\"\",\"potentialAction\":[{\"@type\":\"SearchAction\",\"target\":{\"@type\":\"EntryPoint\",\"urlTemplate\":\"https:\\\/\\\/www.desercik.pl\\\/tribal-wars-2\\\/?s={search_term_string}\"},\"query-input\":{\"@type\":\"PropertyValueSpecification\",\"valueRequired\":true,\"valueName\":\"search_term_string\"}}],\"inLanguage\":\"pl-PL\"}]}<\/script>\n<!-- \/ Yoast SEO plugin. -->","yoast_head_json":{"title":"Ci\u0119\u017cki kawalerzysta - Plemiona 2 - Tribal Wars 2","description":"Ci\u0119\u017cka Kawaleria dzi\u0119ki swojemu uzbrojeniu nadaje si\u0119 do obrony, ale jest nie ekonomiczna, gdy\u017c lepiej utrzyma\u0107 3 miecznik\u00f3w ni\u017c jednego kawalerzyst\u0119.","robots":{"index":"index","follow":"follow","max-snippet":"max-snippet:-1","max-image-preview":"max-image-preview:large","max-video-preview":"max-video-preview:-1"},"canonical":"https:\/\/www.desercik.pl\/tribal-wars-2\/jednostki-w-grze\/ciezki-kawalerzysta\/","og_locale":"pl_PL","og_type":"article","og_title":"Ci\u0119\u017cki kawalerzysta - Plemiona 2 - Tribal Wars 2","og_description":"Ci\u0119\u017cka Kawaleria dzi\u0119ki swojemu uzbrojeniu nadaje si\u0119 do obrony, ale jest nie ekonomiczna, gdy\u017c lepiej utrzyma\u0107 3 miecznik\u00f3w ni\u017c jednego kawalerzyst\u0119.","og_url":"https:\/\/www.desercik.pl\/tribal-wars-2\/jednostki-w-grze\/ciezki-kawalerzysta\/","og_site_name":"Plemiona 2","article_modified_time":"2014-07-31T19:47:36+00:00","og_image":[{"url":"https:\/\/www.desercik.pl\/tribal-wars-2\/wp-content\/uploads\/2014\/07\/Heavy_Cavalry_big.png","type":"","width":"","height":""}],"schema":{"@context":"https:\/\/schema.org","@graph":[{"@type":"WebPage","@id":"https:\/\/www.desercik.pl\/tribal-wars-2\/jednostki-w-grze\/ciezki-kawalerzysta\/","url":"https:\/\/www.desercik.pl\/tribal-wars-2\/jednostki-w-grze\/ciezki-kawalerzysta\/","name":"Ci\u0119\u017cki kawalerzysta - Plemiona 2 - Tribal Wars 2","isPartOf":{"@id":"https:\/\/www.desercik.pl\/tribal-wars-2\/#website"},"primaryImageOfPage":{"@id":"https:\/\/www.desercik.pl\/tribal-wars-2\/jednostki-w-grze\/ciezki-kawalerzysta\/#primaryimage"},"image":{"@id":"https:\/\/www.desercik.pl\/tribal-wars-2\/jednostki-w-grze\/ciezki-kawalerzysta\/#primaryimage"},"thumbnailUrl":"https:\/\/www.desercik.pl\/tribal-wars-2\/wp-content\/uploads\/2014\/07\/Heavy_Cavalry_big.png","datePublished":"2014-07-31T19:44:55+00:00","dateModified":"2014-07-31T19:47:36+00:00","description":"Ci\u0119\u017cka Kawaleria dzi\u0119ki swojemu uzbrojeniu nadaje si\u0119 do obrony, ale jest nie ekonomiczna, gdy\u017c lepiej utrzyma\u0107 3 miecznik\u00f3w ni\u017c jednego kawalerzyst\u0119.","breadcrumb":{"@id":"https:\/\/www.desercik.pl\/tribal-wars-2\/jednostki-w-grze\/ciezki-kawalerzysta\/#breadcrumb"},"inLanguage":"pl-PL","potentialAction":[{"@type":"ReadAction","target":["https:\/\/www.desercik.pl\/tribal-wars-2\/jednostki-w-grze\/ciezki-kawalerzysta\/"]}]},{"@type":"ImageObject","inLanguage":"pl-PL","@id":"https:\/\/www.desercik.pl\/tribal-wars-2\/jednostki-w-grze\/ciezki-kawalerzysta\/#primaryimage","url":"https:\/\/www.desercik.pl\/tribal-wars-2\/wp-content\/uploads\/2014\/07\/Heavy_Cavalry_big.png","contentUrl":"https:\/\/www.desercik.pl\/tribal-wars-2\/wp-content\/uploads\/2014\/07\/Heavy_Cavalry_big.png","width":308,"height":400},{"@type":"BreadcrumbList","@id":"https:\/\/www.desercik.pl\/tribal-wars-2\/jednostki-w-grze\/ciezki-kawalerzysta\/#breadcrumb","itemListElement":[{"@type":"ListItem","position":1,"name":"Strona g\u0142\u00f3wna","item":"https:\/\/www.desercik.pl\/tribal-wars-2\/"},{"@type":"ListItem","position":2,"name":"Jednostki w grze","item":"https:\/\/www.desercik.pl\/tribal-wars-2\/jednostki-w-grze\/"},{"@type":"ListItem","position":3,"name":"Ci\u0119\u017cki kawalerzysta"}]},{"@type":"WebSite","@id":"https:\/\/www.desercik.pl\/tribal-wars-2\/#website","url":"https:\/\/www.desercik.pl\/tribal-wars-2\/","name":"Plemiona 2","description":"","potentialAction":[{"@type":"SearchAction","target":{"@type":"EntryPoint","urlTemplate":"https:\/\/www.desercik.pl\/tribal-wars-2\/?s={search_term_string}"},"query-input":{"@type":"PropertyValueSpecification","valueRequired":true,"valueName":"search_term_string"}}],"inLanguage":"pl-PL"}]}},"_links":{"self":[{"href":"https:\/\/www.desercik.pl\/tribal-wars-2\/wp-json\/wp\/v2\/pages\/122","targetHints":{"allow":["GET"]}}],"collection":[{"href":"https:\/\/www.desercik.pl\/tribal-wars-2\/wp-json\/wp\/v2\/pages"}],"about":[{"href":"https:\/\/www.desercik.pl\/tribal-wars-2\/wp-json\/wp\/v2\/types\/page"}],"author":[{"embeddable":true,"href":"https:\/\/www.desercik.pl\/tribal-wars-2\/wp-json\/wp\/v2\/users\/1"}],"replies":[{"embeddable":true,"href":"https:\/\/www.desercik.pl\/tribal-wars-2\/wp-json\/wp\/v2\/comments?post=122"}],"version-history":[{"count":0,"href":"https:\/\/www.desercik.pl\/tribal-wars-2\/wp-json\/wp\/v2\/pages\/122\/revisions"}],"up":[{"embeddable":true,"href":"https:\/\/www.desercik.pl\/tribal-wars-2\/wp-json\/wp\/v2\/pages\/30"}],"wp:attachment":[{"href":"https:\/\/www.desercik.pl\/tribal-wars-2\/wp-json\/wp\/v2\/media?parent=122"}],"curies":[{"name":"wp","href":"https:\/\/api.w.org\/{rel}","templated":true}]}}